{"id":10045,"date":"2019-03-03T01:39:03","date_gmt":"2019-03-03T00:39:03","guid":{"rendered":"https:\/\/www.cirkuseros.nu\/?page_id=10045"},"modified":"2024-08-16T13:58:21","modified_gmt":"2024-08-16T11:58:21","slug":"ljud","status":"publish","type":"page","link":"https:\/\/www.cirkuseros.nu\/index.php\/text\/ljud\/","title":{"rendered":"Ljud"},"content":{"rendered":"<p><img decoding=\"async\" loading=\"lazy\" src=\"https:\/\/i1.wp.com\/www.cirkuseros.nu\/app\/uploads\/2019\/03\/sidtoppvinjett_ljud.jpg?resize=584%2C111&#038;ssl=1\" alt=\"Ljud\"  data-recalc-dims=\"1\"><br \/>\n<strong>H\u00e4r hittar du ljudfiler&nbsp;<\/strong>\u2013 det&nbsp;kan vara v\u00e5ra egna inspelningar, med tankar, artiklar, fr\u00e5gor och svar \u2013 det kan \u00e4ven vara intervjuer som andra gjort med oss, radioprogram, poddar och andra inspelningar.<\/p>\n<p><strong>Detta \u00e4r en alldeles ny sida<\/strong>, och d\u00e4rf\u00f6r finns det \u00e4n s\u00e5 l\u00e4nge inte s\u00e5 m\u00e5nga ljudfiler h\u00e4r. V\u00e5r f\u00f6rhoppning \u00e4r f\u00f6rst\u00e5s att det ska bli fler.<\/p>\n<p><strong>Mina noveller finns ocks\u00e5 att lyssna p\u00e5<\/strong> som ljudb\u00f6cker, men d\u00e5 som nedladdningsbara filer p\u00e5 Storytel (och n\u00e5gra andra leverant\u00f6rer av ljudb\u00f6cker).<br \/>\n<strong>Mer om dessa kan du l\u00e4sa om p\u00e5 <a href=\"https:\/\/www.cirkuseros.nu\/index.php\/text\/ljudbocker\/\">sidan Ljudb\u00f6cker \u00bb<\/a><\/strong><\/p>\n<p><img decoding=\"async\" loading=\"lazy\" src=\"https:\/\/i0.wp.com\/www.cirkuseros.nu\/app\/uploads\/2017\/01\/heartline_584.gif?resize=584%2C20&#038;ssl=1\" alt=\"Heartline\"  data-recalc-dims=\"1\"><br \/>\n<span style=\"font-family: AGaramond, Garamond, Jenson, serif; font-size: x-large;\"><span style=\"color: #800000;\"><strong>Ljudfiler:<\/strong><\/span><\/span><br \/>\n<img decoding=\"async\" loading=\"lazy\" src=\"https:\/\/cirkuseros.files.wordpress.com\/2016\/11\/tunnlinjeoriginal_584.gif?resize=584%2C8\" alt=\"tunnlinjeoriginal_584\"  data-recalc-dims=\"1\"><br \/>\n<span style=\"color: #800000;\"><strong><span style=\"font-family: Verdana, Geneva, Arial, Helvetica, Sans serif; font-size: large;\">Livspusslet g\u00f6r att vi inte f\u00e5r tid f\u00f6r sex<\/span><\/strong><\/span><br \/>\n<strong>Mikael Ekeneld har en verksamhet han kallar B\u00e4ttre relationer<\/strong>, och spelar in intervjuer med folk som jobbar med just b\u00e4ttre relationer.<br \/>\nS\u00e5 jag blev intervjuad om sex och relationer, vilket resulterade i denna trevliga intervju.<br \/>\n<a href=\"https:\/\/www.battrerelationer.se\/\" target=\"_blank\" rel=\"noopener noreferrer\"><strong>Bes\u00f6k g\u00e4rna Mikaels hemsida B\u00e4ttre Relationer \u00bb<\/strong><\/a><\/p>\n<p><iframe loading=\"lazy\" title=\"Livspusslet g\u00f6r att vi inte f\u00e5r tid f\u00f6r sex by Cirkus Eros\" width=\"584\" height=\"400\" scrolling=\"no\" frameborder=\"no\" src=\"https:\/\/w.soundcloud.com\/player\/?visual=true&#038;url=https%3A%2F%2Fapi.soundcloud.com%2Ftracks%2F583978875&#038;show_artwork=true&#038;maxheight=876&#038;maxwidth=584\"><\/iframe><\/p>\n<p><img decoding=\"async\" loading=\"lazy\" src=\"https:\/\/cirkuseros.files.wordpress.com\/2016\/11\/tunnlinjeoriginal_584.gif?resize=584%2C8\" alt=\"tunnlinjeoriginal_584\"  data-recalc-dims=\"1\"><br \/>\n<span style=\"color: #800000;\"><strong><span style=\"font-family: Verdana, Geneva, Arial, Helvetica, Sans serif; font-size: large;\">100% \u2013 Charlottes podd \u2013 Calle Rehbinder<\/span><\/strong><\/span><br \/>\n<strong>Charlotte Cronquist driver en blogg<\/strong> d\u00e4r hon ocks\u00e5 l\u00e4gger upp poddavsnitt med intervjuer, och d\u00e4r har vi b\u00e5da blivit intervjuade. H\u00e4r \u00e4r intervjun med Calle, den 16 september 2015.<br \/>\n<a href=\"https:\/\/lustochliv.blogspot.com\/\" target=\"_blank\" rel=\"noopener noreferrer\"><strong>Bes\u00f6k g\u00e4rna bloggen 100% Charlotte Cronquist &#8211; k\u00e4rlekskrigaren \u00bb<br \/>\n<\/strong><\/a><a href=\"https:\/\/lustochliv.blogspot.com\/2015\/09\/15-100-podden-moter-calle-rehbinder.html\" target=\"_blank\" rel=\"noopener noreferrer\"><strong>H\u00e4r \u00e4r direktl\u00e4nken till Charlottes podd med Calle&nbsp;\u00bb<\/strong><\/a><a href=\"https:\/\/lustochliv.blogspot.com\/\" target=\"_blank\" rel=\"noopener noreferrer\"><strong><br \/>\n<\/strong><\/a><\/p>\n<p><iframe loading=\"lazy\" title=\"100% \u2013 Charlottes podd \u2013 Calle Rehbinder by Cirkus Eros\" width=\"584\" height=\"400\" scrolling=\"no\" frameborder=\"no\" src=\"https:\/\/w.soundcloud.com\/player\/?visual=true&#038;url=https%3A%2F%2Fapi.soundcloud.com%2Ftracks%2F584303409&#038;show_artwork=true&#038;maxheight=876&#038;maxwidth=584\"><\/iframe><\/p>\n<p><img decoding=\"async\" loading=\"lazy\" src=\"https:\/\/cirkuseros.files.wordpress.com\/2016\/11\/tunnlinjeoriginal_584.gif?resize=584%2C8\" alt=\"tunnlinjeoriginal_584\"  data-recalc-dims=\"1\"><br \/>\n<span style=\"color: #800000;\"><strong><span style=\"font-family: Verdana, Geneva, Arial, Helvetica, Sans serif; font-size: large;\">100% \u2013 Charlottes podd \u2013 Jennie Rehbinder<\/span><\/strong><\/span><br \/>\n<strong>Charlotte Cronquist driver en blogg<\/strong> d\u00e4r hon ocks\u00e5 l\u00e4gger upp poddavsnitt med intervjuer, och d\u00e4r har vi b\u00e5da blivit intervjuade. F\u00f6rst ut var Jennie, den 24 juni 2015.<br \/>\n<strong><a href=\"https:\/\/lustochliv.blogspot.com\/\" target=\"_blank\" rel=\"noopener noreferrer\">Bes\u00f6k g\u00e4rna bloggen 100% Charlotte Cronquist &#8211; k\u00e4rlekskrigaren \u00bb<br \/>\n<\/a><\/strong><a href=\"https:\/\/lustochliv.blogspot.com\/2015\/06\/3-100-podden-moter-jennie-rehbinder.html\" target=\"_blank\" rel=\"noopener noreferrer\"><strong>H\u00e4r \u00e4r direktl\u00e4nken till Charlottes podd med Jennie \u00bb<\/strong><\/a><\/p>\n<p><iframe loading=\"lazy\" title=\"100% \u2013 Charlottes podd \u2013 Jennie Rehbinder by Cirkus Eros\" width=\"584\" height=\"400\" scrolling=\"no\" frameborder=\"no\" src=\"https:\/\/w.soundcloud.com\/player\/?visual=true&#038;url=https%3A%2F%2Fapi.soundcloud.com%2Ftracks%2F584300835&#038;show_artwork=true&#038;maxheight=876&#038;maxwidth=584\"><\/iframe><\/p>\n<p><img decoding=\"async\" loading=\"lazy\" src=\"https:\/\/cirkuseros.files.wordpress.com\/2016\/11\/tunnlinjeoriginal_584.gif?resize=584%2C8\" alt=\"tunnlinjeoriginal_584\"  data-recalc-dims=\"1\"><br \/>\n<span style=\"color: #800000;\"><strong><span style=\"font-family: Verdana, Geneva, Arial, Helvetica, Sans serif; font-size: large;\">Midsommar och det Heliga Br\u00f6llopet<\/span><\/strong><\/span><br \/>\n<strong>Ett morgonradioprogram om hedniskt midsommarfirande<\/strong> och helig sexualitet, skrivet och uppl\u00e4st av Carl Johan Rehbinder<br \/>\nMorgonradio \u201dVid dagens b\u00f6rjan\u201d \u2013 P1, den 26 juni 2004.<br \/>\n<a href=\"https:\/\/www.cirkuseros.nu\/index.php\/text\/artiklar\/artiklar-erotik-inspiration\/midsommar-det-heliga-brollopet\/\"><strong>Texten finns ocks\u00e5 att l\u00e4sa h\u00e4r \u00bb<\/strong><\/a><\/p>\n<p><iframe loading=\"lazy\" title=\"Morgonradio - 040626 - Midsommar och det Heliga Br\u00f6llopet by Cirkus Eros\" width=\"584\" height=\"400\" scrolling=\"no\" frameborder=\"no\" src=\"https:\/\/w.soundcloud.com\/player\/?visual=true&#038;url=https%3A%2F%2Fapi.soundcloud.com%2Ftracks%2F584012514&#038;show_artwork=true&#038;maxheight=876&#038;maxwidth=584\"><\/iframe><\/p>\n<p><img decoding=\"async\" loading=\"lazy\" src=\"https:\/\/cirkuseros.files.wordpress.com\/2016\/11\/tunnlinjeoriginal_584.gif?resize=584%2C8\" alt=\"tunnlinjeoriginal_584\"  data-recalc-dims=\"1\"><br \/>\n<span style=\"color: #800000;\"><strong><span style=\"font-family: Verdana, Geneva, Arial, Helvetica, Sans serif; font-size: large;\">Att \u00e4lska fler \u00e4n en \u2013 och gifta sig med allihop!<\/span><\/strong><\/span><br \/>\n<strong>Om friheten och ansvaret att v\u00e4lja<\/strong> den familjeform man sj\u00e4lv tycker passar b\u00e4st.<br \/>\nPublicerad i Kvinnors Aff\u00e4rer 1997 och den norska tidskriften Lek 1998.<br \/>\nInspelad som ljudfil till TantraBlog 2010<br \/>\n<a href=\"https:\/\/www.cirkuseros.nu\/index.php\/text\/artiklar\/artiklar-av-calle-rehbinder\/att-alska-fler-an-en-och-gifta-sig-med-allihop\/\"><strong>Texten finns ocks\u00e5 att l\u00e4sa h\u00e4r \u00bb<\/strong><\/a><\/p>\n<p><iframe loading=\"lazy\" title=\"Att \u00e4lska fler \u00e4n en \u2013 och gifta sig med allihop by Cirkus Eros\" width=\"584\" height=\"400\" scrolling=\"no\" frameborder=\"no\" src=\"https:\/\/w.soundcloud.com\/player\/?visual=true&#038;url=https%3A%2F%2Fapi.soundcloud.com%2Ftracks%2F583999248&#038;show_artwork=true&#038;maxheight=876&#038;maxwidth=584\"><\/iframe><\/p>\n<p><img decoding=\"async\" loading=\"lazy\" src=\"https:\/\/i0.wp.com\/www.cirkuseros.nu\/app\/uploads\/2017\/01\/heartline_584.gif?resize=584%2C20&#038;ssl=1\" alt=\"Heartline\"  data-recalc-dims=\"1\"><\/p>\n<p><img decoding=\"async\" loading=\"lazy\" src=\"https:\/\/i2.wp.com\/www.cirkuseros.nu\/app\/uploads\/2016\/10\/fri_kursbanner_ani.gif?resize=584%2C140&#038;ssl=1\" alt=\"Cirkus Eros - erotik f\u00f6r finsmakare\"  data-recalc-dims=\"1\"><\/p>\n","protected":false},"excerpt":{"rendered":"<p>H\u00e4r hittar du ljudfiler&nbsp;\u2013 det&nbsp;kan vara v\u00e5ra egna inspelningar, med tankar, artiklar, fr\u00e5gor och svar \u2013 det kan \u00e4ven vara intervjuer som andra gjort med oss, radioprogram, poddar och andra inspelningar. Detta \u00e4r en alldeles ny sida, och d\u00e4rf\u00f6r finns &hellip; <a href=\"https:\/\/www.cirkuseros.nu\/index.php\/text\/ljud\/\">Forts\u00e4tt l\u00e4sa <span class=\"meta-nav\">&rarr;<\/span><\/a><\/p>\n","protected":false},"author":1,"featured_media":0,"parent":36,"menu_order":7,"comment_status":"closed","ping_status":"closed","template":"sidebar-page.php","meta":[],"_links":{"self":[{"href":"https:\/\/www.cirkuseros.nu\/index.php\/wp-json\/wp\/v2\/pages\/10045"}],"collection":[{"href":"https:\/\/www.cirkuseros.nu\/index.php\/wp-json\/wp\/v2\/pages"}],"about":[{"href":"https:\/\/www.cirkuseros.nu\/index.php\/wp-json\/wp\/v2\/types\/page"}],"author":[{"embeddable":true,"href":"https:\/\/www.cirkuseros.nu\/index.php\/wp-json\/wp\/v2\/users\/1"}],"replies":[{"embeddable":true,"href":"https:\/\/www.cirkuseros.nu\/index.php\/wp-json\/wp\/v2\/comments?post=10045"}],"version-history":[{"count":12,"href":"https:\/\/www.cirkuseros.nu\/index.php\/wp-json\/wp\/v2\/pages\/10045\/revisions"}],"predecessor-version":[{"id":13791,"href":"https:\/\/www.cirkuseros.nu\/index.php\/wp-json\/wp\/v2\/pages\/10045\/revisions\/13791"}],"up":[{"embeddable":true,"href":"https:\/\/www.cirkuseros.nu\/index.php\/wp-json\/wp\/v2\/pages\/36"}],"wp:attachment":[{"href":"https:\/\/www.cirkuseros.nu\/index.php\/wp-json\/wp\/v2\/media?parent=10045"}],"curies":[{"name":"wp","href":"https:\/\/api.w.org\/{rel}","templated":true}]}}