{"id":10134,"date":"2019-08-29T02:23:37","date_gmt":"2019-08-29T00:23:37","guid":{"rendered":"https:\/\/www.cirkuseros.nu\/?page_id=10134"},"modified":"2023-09-06T08:15:22","modified_gmt":"2023-09-06T06:15:22","slug":"makten-over-din-egen-kropp","status":"publish","type":"page","link":"https:\/\/www.cirkuseros.nu\/index.php\/text\/artiklar\/artiklar-av-gastartister-andra-skribenter\/makten-over-din-egen-kropp\/","title":{"rendered":"Makten \u00f6ver din egen kropp"},"content":{"rendered":"<p><img decoding=\"async\" loading=\"lazy\" src=\"https:\/\/i1.wp.com\/www.cirkuseros.nu\/app\/uploads\/2019\/08\/cecilia_sexarbetare_230.jpg?resize=230%2C312&#038;ssl=1\" alt=\"Cecilia sexarbetare\" align=\"right\" data-recalc-dims=\"1\" \/><strong>Folk har s\u00e5 mycket \u00e5sikter om kvinnokroppen<\/strong> att m\u00e5nga kvinnor blir os\u00e4kra p\u00e5 om de \u00e4ger sin kropp, eller om andras vilja \u00e4r viktigare \u00e4n deras egen. Detta kan tyv\u00e4rr ocks\u00e5 leda till att\u00a0tjejer blir s\u00e4mre p\u00e5 att s\u00e4tta gr\u00e4nser.<\/p>\n<p><strong>L\u00f6sningen p\u00e5 detta<\/strong> \u00e4r inte samtyckeslagen, som i praktiken s\u00e4ger att m\u00e4n ska ansvara f\u00f6r kvinnors kommunikation. Vi m\u00e5ste k\u00e4mpa f\u00f6r kvinnors r\u00e4tt till ansvar \u00f6ver sin egen sexualitet! Vi \u00e4r inte barn som ska infantiliseras. Vi vill vara aktiva, ta ansvar \u2013 inte vara passiva offer. M\u00e5nga\u00a0tycker att &#8221;det \u00e4r sv\u00e5rt att bevisa samtycke i r\u00e4tten, men lagen s\u00e4nder ju ut ett bra budskap&#8221;. Men g\u00f6r den verkligen det? \u00c4r det ett bra budskap? Mitt svar p\u00e5 det \u00e4r att vi m\u00e5ste g\u00e5 den h\u00e5rda v\u00e4gen och l\u00e4ra oss s\u00e4tta gr\u00e4nser igen. M\u00e5nga tjejer \u00e4r bra p\u00e5 det som barn men med tiden\u00a0m\u00e4rker man alltmer hur mycket \u00e5sikter folk har om ens kropp, blir p\u00e5verkad, och s\u00e5\u00a0blir vi l\u00e4tt s\u00e4mre p\u00e5 att s\u00e4tta gr\u00e4nser.<\/p>\n<p><strong>Hur g\u00f6r man det d\u00e5? Mina tips \u00e4r:<\/strong><\/p>\n<p><strong>1) Se sex som ett utforskande och ett verktyg f\u00f6r personlig utveckling.<\/strong> Utv\u00e4rdera f\u00f6r dig sj\u00e4lv vad du gillade och inte. Kommunicera det till din sexpartner om ni ska ligga igen. K\u00e4nns n\u00e5got skamfyllt att s\u00e4ga \u00e4r det \u00e4nnu viktigare att s\u00e4ga det. Annars demonstrerar du\u00a0f\u00f6r dig sj\u00e4lv att du\u00a0inte \u00e4r v\u00e4rd att ta plats. Fr\u00e5ga hellre dig sj\u00e4lv hur du sj\u00e4lv kan ansvara f\u00f6r att det blir b\u00e4ttre f\u00f6r dig n\u00e4sta g\u00e5ng?<\/p>\n<p><strong>2) \u00c4ndra din syn p\u00e5 d\u00e5ligt sex.<\/strong> Om sexet var d\u00e5ligt: det var fortfarande ett utforskande. Om du inte gick in i sexet med ett utforskande fokus kan du \u00e4nd\u00e5 l\u00e4ra dig n\u00e5got i\u00a0efterhand. Man blir inte f\u00f6rst\u00f6rd av d\u00e5ligt sex. Men du f\u00f6rtj\u00e4nar s\u00e5klart b\u00e4ttre. S\u00e5 utv\u00e4rdera f\u00f6r dig sj\u00e4lv, kom med id\u00e9er hur det kan bli b\u00e4ttre n\u00e4sta g\u00e5ng du \u00e4r i samma situation, eller hur du kan undvika den situationen. Det kanske handlar om att du m\u00e5ste onanera mer och l\u00e4ra dig vad du sj\u00e4lv tycker \u00e4r sk\u00f6nt. Eller kommunicera detta till en partner. F\u00f6rs\u00f6k agera p\u00e5 det du kommer fram till men l\u00e4gg inte skuld p\u00e5 dig sj\u00e4lv om du missar\u00a0det n\u00e5n g\u00e5ng. Du \u00e4r bara m\u00e4nniska och vi kan inte g\u00f6ra allt perfekt alltid. <em>Du \u00e4r s\u00e5 j\u00e4kla bra \u00e4nd\u00e5.<\/em> Sexet \u00e4r inte det som definierar dig.<\/p>\n<p><strong>3) Om n\u00e5gon g\u00e5r \u00f6ver en gr\u00e4ns du satt<\/strong> (du sj\u00e4lv eller n\u00e5gon annan) \u2013 l\u00e4gg inte skuld p\u00e5 dig sj\u00e4lv. Ge dig sj\u00e4lv en healing: varmt bad, meditera och f\u00f6rest\u00e4ll dig att din kropp fylls av ren och fin energi. Du kan exempelvis visualisera att n\u00e5got m\u00f6rkt och d\u00e5ligt str\u00f6mmar ur kroppen. Sorry f\u00f6r &#8221;flum&#8221;, men jag tror p\u00e5 visualisering, och placebo. Det funkar.<br \/>\nSt\u00e4mpla inte dig sj\u00e4lv som trasig\/offer\/annat. Du \u00e4r komplex, f\u00f6r\u00e4nderlig, en stor m\u00e4nniska och du \u00e4r under en process. Detta h\u00e4nde i ditt liv. Det var inte O.K.<br \/>\nS\u00e5 vad kan du g\u00f6ra f\u00f6r att v\u00e4nda\u00a0denna h\u00e4ndelse till n\u00e5got positivt? Du kan anv\u00e4nda det kreativt. Ta tillbaka det. Om det var ett j\u00e4ttejobbigt \u00f6vergrepp kan du se det som att &#8221;t.o.m. ett jobbigt \u00f6vergrepp kommer inte sl\u00e5 ner mig \u2013 jag kommer ta tillbaka det som h\u00e4nde genom att g\u00f6ra n\u00e5got fint av det.&#8221;<br \/>\nDu kan bli tydligare f\u00f6r dig sj\u00e4lv\u00a0med gr\u00e4nss\u00e4ttande (det kan ju bli rubbat efter en obehaglig\u00a0h\u00e4ndelse) \u2013 men om du\u00a0lyckas l\u00e4ra sig det igen efter n\u00e5got s\u00e5nt s\u00e5 har du\u00a0blivit \u00e4nnu mer orubblig. Det kanske l\u00e5ter sjukt att den utsatta ska ta ansvar och g\u00f6ra n\u00e5got av den jobbiga situationen, men alternativet \u00e4r att bli ett passivt offer \u2013\u00a0du f\u00f6rtj\u00e4nar b\u00e4ttre \u00e4n s\u00e5.<\/p>\n<p><strong>Systemet g\u00f6r det sv\u00e5rt att f\u00e4lla n\u00e5n som beg\u00e5tt en v\u00e5ldt\u00e4kt.<\/strong>\u00a0Mitt svar p\u00e5 det \u00e4r \u2013 <em>g\u00f6r dig inte beroende av att systemet ska bekr\u00e4fta att det var en v\u00e5ldt\u00e4kt.<\/em>\u00a0Det l\u00e5ter helt sjukt att s\u00e4ga, ja. Men det \u00e4r s\u00e5 h\u00e4r systemet ser ut. Bevisning \u00e4r sv\u00e5rt, och <em>det \u00e4r aldrig bra att l\u00e5ta ens gr\u00e4nser definieras av n\u00e5gon annan<\/em>.<br \/>\nAnm\u00e4l om du vill. Det \u00e4r starkt och bra. Men dina gr\u00e4nser best\u00e4mmer DU. Inte systemet. I\u00a0systemet \u00e4r det systemet som best\u00e4mmer det. Bl\u00e4. Men g\u00f6r inte din healingprocess beroende av systemets bekr\u00e4ftelse. Kan du g\u00f6ra detta trots systemet kommer du bli s\u00e5\u00e5\u00e5 stark. Oaktsamhetsrekvisiten som inf\u00f6rdes med samtyckeslagen verkar i alla fall\u00a0kunna g\u00f6ra en viss\u00a0f\u00f6r\u00e4ndring juridiskt. Men n\u00e5gon m\u00e5ste inte f\u00e4llas f\u00f6r att du ska kunna utveckla ett v\u00e4lm\u00e5ende. G\u00f6r inte ditt v\u00e4lm\u00e5ende beroende av en f\u00e4llande dom.<\/p>\n<p><strong>Du f\u00f6rtj\u00e4nar b\u00e4ttre.<\/strong><\/p>\n<p>Text &amp; bilder \u2022\u00a0\u00a0Zecilia Freja 2019<\/p>\n<p><img decoding=\"async\" loading=\"lazy\" src=\"https:\/\/i1.wp.com\/www.cirkuseros.nu\/app\/uploads\/2019\/08\/sexarbetare_teckning.jpg?resize=584%2C366&#038;ssl=1\" alt=\"Ridande kvinna\" data-recalc-dims=\"1\" \/><\/p>\n<p><img decoding=\"async\" loading=\"lazy\" src=\"https:\/\/i1.wp.com\/www.cirkuseros.nu\/app\/uploads\/2016\/11\/tunnlinjeoriginal_584.gif?resize=584%2C8&#038;ssl=1\" alt=\"linje\" data-recalc-dims=\"1\" \/><\/p>\n<p><span style=\"font-size: small;\"><strong><span style=\"color: #330000; font-family: Courier, Typewriter, Verdana, 'Sans Serif';\">Zecilia \u00e4r 26 \u00e5r och har sexarbetat i 4 \u00e5r, dels p\u00e5 grund av hennes intresse f\u00f6r sex och m\u00e4nniskor, dels p.g.a. h\u00f6gk\u00e4nslighet och en historia med stressproblem som g\u00f6r att hon k\u00e4nner att hon m\u00e5ste ha tid f\u00f6r \u00e5terh\u00e4mtning i sitt liv. Hon ser sexarbetet som ett j\u00e4ttebra verktyg f\u00f6r att f\u00e5 mer tid med bibeh\u00e5llen ekonomi.<br \/>\n<\/span><\/strong><\/span><\/p>\n<p><img decoding=\"async\" loading=\"lazy\" src=\"https:\/\/i1.wp.com\/www.cirkuseros.nu\/app\/uploads\/2016\/11\/tunnlinjeoriginal_584.gif?resize=584%2C8&#038;ssl=1\" alt=\"linje\" data-recalc-dims=\"1\" \/><br \/>\n<a href=\"https:\/\/www.cirkuseros.nu\/index.php\/text\/artiklar\/artiklar-av-gastartister-andra-skribenter\/\"><strong><span style=\"font-family: Verdana, Geneva, Arial, Helvetica, Sans serif; font-size: small;\">Tillbaka till\u00a0Artiklar av g\u00e4startister \u00bb<\/span><\/strong><\/a><br \/>\n<img decoding=\"async\" loading=\"lazy\" src=\"https:\/\/i0.wp.com\/www.cirkuseros.nu\/app\/uploads\/2017\/01\/heartline_584.gif?resize=584%2C20&#038;ssl=1\" alt=\"Heartline\" data-recalc-dims=\"1\" \/><\/p>\n<p><img decoding=\"async\" loading=\"lazy\" src=\"https:\/\/i2.wp.com\/www.cirkuseros.nu\/app\/uploads\/2016\/10\/fri_kursbanner_ani.gif?resize=584%2C140&#038;ssl=1\" alt=\"Cirkus Eros - erotik f\u00f6r finsmakare\" data-recalc-dims=\"1\" \/><\/p>\n","protected":false},"excerpt":{"rendered":"<p>Folk har s\u00e5 mycket \u00e5sikter om kvinnokroppen att m\u00e5nga kvinnor blir os\u00e4kra p\u00e5 om de \u00e4ger sin kropp, eller om andras vilja \u00e4r viktigare \u00e4n deras egen. Detta kan tyv\u00e4rr ocks\u00e5 leda till att\u00a0tjejer blir s\u00e4mre p\u00e5 att s\u00e4tta gr\u00e4nser. &hellip; <a href=\"https:\/\/www.cirkuseros.nu\/index.php\/text\/artiklar\/artiklar-av-gastartister-andra-skribenter\/makten-over-din-egen-kropp\/\">Forts\u00e4tt l\u00e4sa <span class=\"meta-nav\">&rarr;<\/span><\/a><\/p>\n","protected":false},"author":1,"featured_media":0,"parent":1022,"menu_order":0,"comment_status":"closed","ping_status":"closed","template":"sidebar-page.php","meta":[],"_links":{"self":[{"href":"https:\/\/www.cirkuseros.nu\/index.php\/wp-json\/wp\/v2\/pages\/10134"}],"collection":[{"href":"https:\/\/www.cirkuseros.nu\/index.php\/wp-json\/wp\/v2\/pages"}],"about":[{"href":"https:\/\/www.cirkuseros.nu\/index.php\/wp-json\/wp\/v2\/types\/page"}],"author":[{"embeddable":true,"href":"https:\/\/www.cirkuseros.nu\/index.php\/wp-json\/wp\/v2\/users\/1"}],"replies":[{"embeddable":true,"href":"https:\/\/www.cirkuseros.nu\/index.php\/wp-json\/wp\/v2\/comments?post=10134"}],"version-history":[{"count":9,"href":"https:\/\/www.cirkuseros.nu\/index.php\/wp-json\/wp\/v2\/pages\/10134\/revisions"}],"predecessor-version":[{"id":13084,"href":"https:\/\/www.cirkuseros.nu\/index.php\/wp-json\/wp\/v2\/pages\/10134\/revisions\/13084"}],"up":[{"embeddable":true,"href":"https:\/\/www.cirkuseros.nu\/index.php\/wp-json\/wp\/v2\/pages\/1022"}],"wp:attachment":[{"href":"https:\/\/www.cirkuseros.nu\/index.php\/wp-json\/wp\/v2\/media?parent=10134"}],"curies":[{"name":"wp","href":"https:\/\/api.w.org\/{rel}","templated":true}]}}