{"id":1098,"date":"2016-11-20T23:38:06","date_gmt":"2016-11-20T22:38:06","guid":{"rendered":"https:\/\/cirkuseros.wordpress.com\/?page_id=1098"},"modified":"2017-02-04T05:33:12","modified_gmt":"2017-02-04T04:33:12","slug":"frageladan-fraga-svar-6","status":"publish","type":"page","link":"https:\/\/www.cirkuseros.nu\/index.php\/text\/frageladan\/frageladan-fraga-svar-6\/","title":{"rendered":"Fr\u00e5gel\u00e5dan &#8211; fr\u00e5ga &#038; svar:"},"content":{"rendered":"<p><img decoding=\"async\" loading=\"lazy\" src=\"https:\/\/i0.wp.com\/www.cirkuseros.nu\/app\/uploads\/2017\/01\/heartline_584.gif?resize=584%2C20&#038;ssl=1\" alt=\"Heartline\" data-recalc-dims=\"1\" \/><br \/>\n<span style=\"color: #800000;\"><strong><span style=\"font-family: Verdana, Geneva, Arial, Helvetica, Sans serif; font-size: large;\">F\u00f6r tidig utl\u00f6sning!<\/span><\/strong><\/span><br \/>\n<img decoding=\"async\" loading=\"lazy\" src=\"https:\/\/i1.wp.com\/www.cirkuseros.nu\/app\/uploads\/2016\/11\/tunnlinjeoriginal_584.gif?resize=584%2C8&#038;ssl=1\" alt=\"linje\" data-recalc-dims=\"1\" \/><br \/>\n<span style=\"font-family: AGaramond, Garamond, Jenson, serif; font-size: x-large;\"><strong>Fr\u00e5ga:<\/strong><\/span><br \/>\nJag \u00e4r en kille p\u00e5 25 \u00e5r och jag \u00e4r tillsammans med v\u00e4rldens underbaraste flickv\u00e4n.<br \/>\nDen senaste tiden k\u00e4nns det som om v\u00e5rt sexliv helt har g\u00e5tt \u00e5t skogen, det \u00e4r n\u00e4mligen s\u00e5 att jag har extremt sv\u00e5rt att h\u00e5lla tillbaka orgasmen vilket leder till all det g\u00e5r f\u00f6r mej redan efter ett par minuter.<br \/>\nMin flickv\u00e4n k\u00e4nner sej otillfredst\u00e4lld och besviken p\u00e5 mej, och jag k\u00e4nner mej lessen och som en stor f\u00f6rlorare.<br \/>\nVad ska jag g\u00f6ra \u00e5t saken?<\/p>\n<p><img decoding=\"async\" loading=\"lazy\" src=\"https:\/\/i0.wp.com\/www.cirkuseros.nu\/app\/uploads\/2016\/11\/utlosning.jpg?resize=584%2C319&#038;ssl=1\" alt=\"utlosning\" data-recalc-dims=\"1\" \/><br \/>\n<img decoding=\"async\" loading=\"lazy\" src=\"https:\/\/i1.wp.com\/www.cirkuseros.nu\/app\/uploads\/2016\/11\/tunnlinjeoriginal_584.gif?resize=584%2C8&#038;ssl=1\" alt=\"linje\" data-recalc-dims=\"1\" \/><br \/>\n<span style=\"font-family: AGaramond, Garamond, Jenson, serif; font-size: x-large;\"><strong>Svar:<\/strong><\/span><br \/>\nDetta \u00e4r ett mycket vanligt problem, och det kommer sig av att vi killar fr\u00e5n b\u00f6rjan har tr\u00e4nat p\u00e5 helt fel s\u00e4tt.<\/p>\n<p>Allt som man vill bli bra p\u00e5 beh\u00f6ver man tr\u00e4na p\u00e5, \u00f6va och skaffa sig kunskap om.<\/p>\n<p>Problemet \u00e4r att vi sedan tidiga ton\u00e5ren tr\u00e4nat p\u00e5 att f\u00e5 orgasm s\u00e5 fort som m\u00f6jligt, eftersom onani vanligen \u00e4r n\u00e5got man sysslar med i smyg, och s\u00e5 snabbt som m\u00f6jligt, s\u00e5 att man inte ska bli uppt\u00e4ckt. Som om onani vore brottsligt.<\/p>\n<p>Men p\u00e5 samma s\u00e4tt som vi har tr\u00e4nat oss i f\u00f6r tidig utl\u00f6sning, kan vi programmera om oss och tr\u00e4na \u00e5t andra h\u00e5llet. F\u00f6r det handlar om tr\u00e4ning. Tr\u00e4ning, tr\u00e4ning, tr\u00e4ning &#8211; f\u00f6rst p\u00e5 egen hand, och sen tillsammans med sin partner.<\/p>\n<p>Det klassiska \u00e4r &#8221;start-stopp-\u00f6vningar&#8221;, d\u00e5 du onanerar l\u00e4nge (minst en timme), med m\u00e5let att h\u00e5lla dig n\u00e4ra klimax, men aldrig g\u00e5 \u00f6ver gr\u00e4nsen till ejakulation. S\u00e5 fort du k\u00e4nner att &#8221;nu kommer jag&#8221;, eller snarare alldeles innan det, s\u00e5 ska du stanna upp, andas djupt och l\u00e5ngsamt, slappna av i l\u00e5ren, och v\u00e4nta tills &#8221;faran \u00e4r \u00f6ver&#8221;, och sen forts\u00e4tter du att stimulera.<br \/>\nHar du med dig en flaska olja (olivolja g\u00e5r alldeles utm\u00e4rkt) s\u00e5 kan du ha bra glid, och hitta fler s\u00e4tt att stimulera dig sj\u00e4lv, massera, gnugga, dra och kn\u00e5da &#8211; utan att det blir f\u00f6r mycket friktion. Och du kan dessutom h\u00e5lla p\u00e5 l\u00e4nge utan att f\u00e5 skavs\u00e5r.<\/p>\n<p>Allt detta \u00e4r taoistiska och tantriska tekniker p\u00e5 basniv\u00e5, och sen kan man tr\u00e4na vidare med andning och v\u00e4xelvis ansp\u00e4nning\/avslappning i b\u00e4ckenbottenmuskulaturen, samt viljestyrda energistr\u00f6mmar i kroppen.<\/p>\n<p>En bra bok \u00e4r &#8221;V\u00e4gen till orgasm&#8221;, en svensk \u00f6vers\u00e4ttning av &#8221;The multi-orgasmic couple&#8221;av Mantak Chia och Douglas Abrams. Om du kan t\u00e4nka dig att l\u00e4sa p\u00e5 engelska finns det \u00e4ven en bok som heter &#8221;The multi-orgasmic man&#8221;, av samma f\u00f6rfattare, som riktar sig specifikt till m\u00e4n.<\/p>\n<p>Dessa tekniker g\u00e5r vi \u00e4ven genom p\u00e5 v\u00e5ra k\u00e4rlekskurser f\u00f6r par.<br \/>\nKanske n\u00e5got att fundera p\u00e5?<\/p>\n<p>Prata g\u00e4rna med din partner, ber\u00e4tta att du ska tr\u00e4na p\u00e5 detta med uth\u00e5lligheten, s\u00e5 att hon faktiskt blir delaktig i processen, och kan hj\u00e4lpa dig. Det kan bli ett roligt och inspirerande gemensamt projekt. Om du tycker att det verkar alldeles f\u00f6r pinsamt &#8211; sl\u00e4pp det bara. Saker blir bara pinsamma om man v\u00e4ljer att tycka att det \u00e4r pinsamt. Var lekfull och nyfiken i st\u00e4llet.<\/p>\n<p><img decoding=\"async\" loading=\"lazy\" src=\"https:\/\/i1.wp.com\/www.cirkuseros.nu\/app\/uploads\/2016\/11\/tunnlinjeoriginal_584.gif?resize=584%2C8&#038;ssl=1\" alt=\"linje\" data-recalc-dims=\"1\" \/><br \/>\n<strong><a href=\"https:\/\/www.cirkuseros.nu\/index.php\/text\/frageladan\/\">Tillbaka till Fr\u00e5gel\u00e5dan \u00bb<\/a><\/strong><\/p>\n<p><img decoding=\"async\" loading=\"lazy\" src=\"https:\/\/i0.wp.com\/www.cirkuseros.nu\/app\/uploads\/2017\/01\/heartline_584.gif?resize=584%2C20&#038;ssl=1\" alt=\"Heartline\" data-recalc-dims=\"1\" \/><\/p>\n<p><img decoding=\"async\" loading=\"lazy\" src=\"https:\/\/i2.wp.com\/www.cirkuseros.nu\/app\/uploads\/2016\/10\/fri_kursbanner_ani.gif?resize=584%2C140&#038;ssl=1\" alt=\"Cirkus Eros - erotik f\u00f6r finsmakare\" data-recalc-dims=\"1\" \/><\/p>\n","protected":false},"excerpt":{"rendered":"<p>F\u00f6r tidig utl\u00f6sning! Fr\u00e5ga: Jag \u00e4r en kille p\u00e5 25 \u00e5r och jag \u00e4r tillsammans med v\u00e4rldens underbaraste flickv\u00e4n. Den senaste tiden k\u00e4nns det som om v\u00e5rt sexliv helt har g\u00e5tt \u00e5t skogen, det \u00e4r n\u00e4mligen s\u00e5 att jag har &hellip; <a href=\"https:\/\/www.cirkuseros.nu\/index.php\/text\/frageladan\/frageladan-fraga-svar-6\/\">Forts\u00e4tt l\u00e4sa <span class=\"meta-nav\">&rarr;<\/span><\/a><\/p>\n","protected":false},"author":2,"featured_media":0,"parent":51,"menu_order":6,"comment_status":"closed","ping_status":"closed","template":"sidebar-page.php","meta":[],"_links":{"self":[{"href":"https:\/\/www.cirkuseros.nu\/index.php\/wp-json\/wp\/v2\/pages\/1098"}],"collection":[{"href":"https:\/\/www.cirkuseros.nu\/index.php\/wp-json\/wp\/v2\/pages"}],"about":[{"href":"https:\/\/www.cirkuseros.nu\/index.php\/wp-json\/wp\/v2\/types\/page"}],"author":[{"embeddable":true,"href":"https:\/\/www.cirkuseros.nu\/index.php\/wp-json\/wp\/v2\/users\/2"}],"replies":[{"embeddable":true,"href":"https:\/\/www.cirkuseros.nu\/index.php\/wp-json\/wp\/v2\/comments?post=1098"}],"version-history":[{"count":3,"href":"https:\/\/www.cirkuseros.nu\/index.php\/wp-json\/wp\/v2\/pages\/1098\/revisions"}],"predecessor-version":[{"id":6673,"href":"https:\/\/www.cirkuseros.nu\/index.php\/wp-json\/wp\/v2\/pages\/1098\/revisions\/6673"}],"up":[{"embeddable":true,"href":"https:\/\/www.cirkuseros.nu\/index.php\/wp-json\/wp\/v2\/pages\/51"}],"wp:attachment":[{"href":"https:\/\/www.cirkuseros.nu\/index.php\/wp-json\/wp\/v2\/media?parent=1098"}],"curies":[{"name":"wp","href":"https:\/\/api.w.org\/{rel}","templated":true}]}}