{"id":1127,"date":"2016-11-21T00:27:28","date_gmt":"2016-11-20T23:27:28","guid":{"rendered":"https:\/\/cirkuseros.wordpress.com\/?page_id=1127"},"modified":"2017-02-04T05:32:19","modified_gmt":"2017-02-04T04:32:19","slug":"frageladan-fraga-svar-8","status":"publish","type":"page","link":"https:\/\/www.cirkuseros.nu\/index.php\/text\/frageladan\/frageladan-fraga-svar-8\/","title":{"rendered":"Fr\u00e5gel\u00e5dan &#8211; fr\u00e5ga &#038; svar:"},"content":{"rendered":"<p><img decoding=\"async\" loading=\"lazy\" src=\"https:\/\/i0.wp.com\/www.cirkuseros.nu\/app\/uploads\/2017\/01\/heartline_584.gif?resize=584%2C20&#038;ssl=1\" alt=\"Heartline\" data-recalc-dims=\"1\" \/><br \/>\n<span style=\"color: #800000;\"><strong><span style=\"font-family: Verdana, Geneva, Arial, Helvetica, Sans serif; font-size: large;\">Jag gillar h\u00e5rda tag!<\/span><\/strong><\/span><br \/>\n<img decoding=\"async\" loading=\"lazy\" src=\"https:\/\/i1.wp.com\/www.cirkuseros.nu\/app\/uploads\/2016\/11\/tunnlinjeoriginal_584.gif?resize=584%2C8&#038;ssl=1\" alt=\"linje\" data-recalc-dims=\"1\" \/><br \/>\n<span style=\"font-family: AGaramond, Garamond, Jenson, serif; font-size: x-large;\"><strong>Fr\u00e5ga:<\/strong><\/span><br \/>\nJag t\u00e4nder p\u00e5 r\u00e4tt h\u00e5rda tag. Jag skulle vilja testa att ge min tjej en \u00f6rfil i s\u00e4ngen, eller kanske binda fast henne j\u00e4tteh\u00e5rt och piska henne med en kedja eller tejpa fast henne i en stol med gaffatejp.<\/p>\n<p>Jag \u00e4r lite r\u00e4dd f\u00f6r de h\u00e4r fantasierna. \u00c4r det okej att vilja g\u00f6ra s\u00e5dana h\u00e4r grejer?<\/p>\n<p>Sign \u201dSlagkraftigt\u201d<br \/>\n<img decoding=\"async\" loading=\"lazy\" src=\"https:\/\/i1.wp.com\/www.cirkuseros.nu\/app\/uploads\/2016\/11\/tunnlinjeoriginal_584.gif?resize=584%2C8&#038;ssl=1\" alt=\"linje\" data-recalc-dims=\"1\" \/><br \/>\n<span style=\"font-family: AGaramond, Garamond, Jenson, serif; font-size: x-large;\"><strong>Svar:<\/strong><\/span><br \/>\nAllt som vuxna m\u00e4nniskor kommer \u00f6verens om, p\u00e5 egna villkor och egen vilja &#8211; \u00e4r O.K. i min bok. S\u00e5 om din tjej gillar lite h\u00e5rda tag, s\u00e5 kan det s\u00e4kert g\u00e5 att leka h\u00e5rdare lekar.<\/p>\n<p>Kom ih\u00e5g att det ALLTID \u00e4r den till synes underordnade som faktiskt best\u00e4mmer gr\u00e4nserna &#8211; hela tiden &#8211; med hj\u00e4lp av f\u00f6rh\u00e5llningsregler och \u00f6verenskomna signalord. De klassiska signalorden \u00e4r gr\u00f6nt, gult och r\u00f6tt &#8211; precis som trafiksignalerna.<\/p>\n<p>Gr\u00f6nt = k\u00f6r p\u00e5!<br \/>\nGult = p\u00e5 gr\u00e4nsen, ta det lite lugnare!<br \/>\nR\u00f6tt = sluta nu!<\/p>\n<p>Piska med en kedja l\u00e5ter lite v\u00e4l h\u00e5rt &#8211; risken finns ju faktiskt att man kan bli skadad p\u00e5 riktigt. Tejpa med gaffatejp l\u00e5ter r\u00e4tt brutalt ocks\u00e5 &#8211; men det finns de som gillar det ocks\u00e5.<\/p>\n<p>S\u00e5 fort det finns risker inblandade i n\u00e5got vi g\u00f6r, oavsett om det \u00e4r p\u00e5 arbetsplatsen eller i en fritidssyssels\u00e4ttning, som t.ex. bergskl\u00e4ttring eller fallsk\u00e4rmshoppning &#8211; eller f\u00f6r den delen BDSM-sex &#8211; s\u00e5 m\u00e5ste man ha \u00f6verenskommelser och regler, s\u00e5 att man inte g\u00f6r sig sj\u00e4lv eller varandra illa.<br \/>\nPrata mycket med varandra, pr\u00f6va er fram.<\/p>\n<p>Ni kan b\u00f6rja med att k\u00f6pa en piska eller andra smiskmoj\u00e4nger p\u00e5 n\u00e5gon l\u00e4derbutik som har s\u00e5dant, eller via Internet. Smiska med handen \u00e4r en n\u00f6dv\u00e4ndig och bra b\u00f6rjan, alltid.<\/p>\n<p>Att binda fast j\u00e4tteh\u00e5rt kan vara skadligt, s\u00e5 hitta helst varianter som ger \u00f6nskad effekt &#8211; utan alltf\u00f6r stora risker. Att tejpa fast varandra kan ocks\u00e5 vara sp\u00e4nnande, men kolla att det inte blir alltf\u00f6r sm\u00e4rtsamt att dra bort tejpen sen &#8211; \u00e4ven d\u00e4r handlar det om att pr\u00f6va sig fram och att kommunicera tydligt med sin partner.<\/p>\n<p>Och &#8211; det \u00e4r ABSOLUT INTE O.K. att g\u00f6ra n\u00e5got mot en annans vilja. N\u00e5gonsin.<\/p>\n<p><img decoding=\"async\" loading=\"lazy\" src=\"https:\/\/i1.wp.com\/www.cirkuseros.nu\/app\/uploads\/2016\/11\/tunnlinjeoriginal_584.gif?resize=584%2C8&#038;ssl=1\" alt=\"linje\" data-recalc-dims=\"1\" \/><br \/>\n<strong><a href=\"https:\/\/www.cirkuseros.nu\/index.php\/text\/frageladan\/\">Tillbaka till Fr\u00e5gel\u00e5dan \u00bb<\/a><\/strong><\/p>\n<p><img decoding=\"async\" loading=\"lazy\" src=\"https:\/\/i0.wp.com\/www.cirkuseros.nu\/app\/uploads\/2017\/01\/heartline_584.gif?resize=584%2C20&#038;ssl=1\" alt=\"Heartline\" data-recalc-dims=\"1\" \/><\/p>\n<p><img decoding=\"async\" loading=\"lazy\" src=\"https:\/\/i2.wp.com\/www.cirkuseros.nu\/app\/uploads\/2016\/10\/fri_kursbanner_ani.gif?resize=584%2C140&#038;ssl=1\" alt=\"Cirkus Eros - erotik f\u00f6r finsmakare\" data-recalc-dims=\"1\" \/><\/p>\n","protected":false},"excerpt":{"rendered":"<p>Jag gillar h\u00e5rda tag! Fr\u00e5ga: Jag t\u00e4nder p\u00e5 r\u00e4tt h\u00e5rda tag. Jag skulle vilja testa att ge min tjej en \u00f6rfil i s\u00e4ngen, eller kanske binda fast henne j\u00e4tteh\u00e5rt och piska henne med en kedja eller tejpa fast henne i &hellip; <a href=\"https:\/\/www.cirkuseros.nu\/index.php\/text\/frageladan\/frageladan-fraga-svar-8\/\">Forts\u00e4tt l\u00e4sa <span class=\"meta-nav\">&rarr;<\/span><\/a><\/p>\n","protected":false},"author":2,"featured_media":0,"parent":51,"menu_order":8,"comment_status":"closed","ping_status":"closed","template":"sidebar-page.php","meta":[],"_links":{"self":[{"href":"https:\/\/www.cirkuseros.nu\/index.php\/wp-json\/wp\/v2\/pages\/1127"}],"collection":[{"href":"https:\/\/www.cirkuseros.nu\/index.php\/wp-json\/wp\/v2\/pages"}],"about":[{"href":"https:\/\/www.cirkuseros.nu\/index.php\/wp-json\/wp\/v2\/types\/page"}],"author":[{"embeddable":true,"href":"https:\/\/www.cirkuseros.nu\/index.php\/wp-json\/wp\/v2\/users\/2"}],"replies":[{"embeddable":true,"href":"https:\/\/www.cirkuseros.nu\/index.php\/wp-json\/wp\/v2\/comments?post=1127"}],"version-history":[{"count":3,"href":"https:\/\/www.cirkuseros.nu\/index.php\/wp-json\/wp\/v2\/pages\/1127\/revisions"}],"predecessor-version":[{"id":6671,"href":"https:\/\/www.cirkuseros.nu\/index.php\/wp-json\/wp\/v2\/pages\/1127\/revisions\/6671"}],"up":[{"embeddable":true,"href":"https:\/\/www.cirkuseros.nu\/index.php\/wp-json\/wp\/v2\/pages\/51"}],"wp:attachment":[{"href":"https:\/\/www.cirkuseros.nu\/index.php\/wp-json\/wp\/v2\/media?parent=1127"}],"curies":[{"name":"wp","href":"https:\/\/api.w.org\/{rel}","templated":true}]}}