{"id":1416,"date":"2016-11-21T22:41:56","date_gmt":"2016-11-21T21:41:56","guid":{"rendered":"https:\/\/cirkuseros.wordpress.com\/?page_id=1416"},"modified":"2023-09-27T01:45:07","modified_gmt":"2023-09-26T23:45:07","slug":"namas-te-guden-i-mig-ser-gudinnan-i-dig","status":"publish","type":"page","link":"https:\/\/www.cirkuseros.nu\/index.php\/text\/artiklar\/artiklar-erotik-inspiration\/namas-te-guden-i-mig-ser-gudinnan-i-dig\/","title":{"rendered":"Namas te \u2013 Guden i mig ser Gudinnan i dig"},"content":{"rendered":"<p><img decoding=\"async\" loading=\"lazy\" src=\"https:\/\/i1.wp.com\/www.cirkuseros.nu\/app\/uploads\/2016\/11\/attarmad_gudinna_altare.jpg?resize=584%2C481&#038;ssl=1\" alt=\"attarmad_gudinna_altare\" data-recalc-dims=\"1\" \/><\/p>\n<p><strong>Det finns en h\u00e4lsningsfras i Indien<\/strong> &#8211; ja, det finns f\u00f6rst\u00e5s tusen och \u00e5ter tusen olika h\u00e4lsningsfraser i Indien &#8211; men det finns en som jag h\u00e5ller som alldeles s\u00e4rskilt vacker. Den \u00e4r enkel &#8211; Namas te. Denna h\u00e4lsningsfras har sitt ursprung i ett tantriskt t\u00e4nkande, och betyder ungef\u00e4r \u201cdet gudomliga i mig ser och v\u00f6rdar det gudomliga i dig\u201d. Sj\u00e4lva inneb\u00f6rden i, och meningen med en s\u00e5dan h\u00e4lsningsfras, \u00e4r att alltid bem\u00f6ta varje individ med fullkomlig respekt och v\u00f6rdnad. Det tycker jag \u00e4r oerh\u00f6rt vackert.<\/p>\n<p><strong>Naturligtvis f\u00e5r man r\u00e4kna med en f\u00f6rflackning<\/strong> av spr\u00e5ket, \u00e4ven i Indien. Alla som h\u00e4lsar med frasen Namas Te t\u00e4nker kanske inte p\u00e5 inneb\u00f6rden, utan ser det bara som ett \u201cgoddag\u201d eller \u201ctjena mors\u201d som vilket annat som helst. Hur m\u00e5nga t\u00e4nker t.ex. p\u00e5 att den gamla fina h\u00e4lsningsfrasen \u201cjag \u00e4r eder \u00f6dmjuke tj\u00e4nare\u201d har f\u00f6rkortats till bara \u201ctjenare\u201d, och sen till \u201ctjena\u201d, och slutligen till \u201ctja\u201d? Med andra ord, det \u00e4r inte alldeles s\u00e4kert att alla som anv\u00e4nder sig av h\u00e4lsningsfrasen \u201cnamas te\u201d faktiskt kontemplerar den djupare meningen i den.<\/p>\n<p><strong>Men om man nu g\u00f6r det, s\u00e5 \u00f6ppnar sig helt nya perspektiv.<\/strong><\/p>\n<p><img decoding=\"async\" loading=\"lazy\" src=\"https:\/\/i2.wp.com\/www.cirkuseros.nu\/app\/uploads\/2016\/11\/lotusflower.jpg?resize=584%2C402&#038;ssl=1\" alt=\"lotusflower\" data-recalc-dims=\"1\" \/><\/p>\n<p><strong>Rent psykologiskt<\/strong> s\u00e5 kan effekten av att se sina medm\u00e4nniskor &#8211; och sig sj\u00e4lv &#8211; som gudomliga, bli en \u00f6kad v\u00f6rdnad och respekt, en f\u00f6rdjupad uppskattning och lyh\u00f6rdhet f\u00f6r de fina nyanserna, en st\u00f6rre k\u00e4rlek, tolerans och acceptans inf\u00f6r sin omgivning. Och verkligt stora effekter kan man f\u00f6rst\u00e5s se direkt i intimare relationer, mellan \u00e4lskande. D\u00e4r kommer det tantriska in med full kraft.<\/p>\n<p><strong>Tantra erbjuder en ceremoniell syn p\u00e5 sex<\/strong>, p\u00e5 s\u00e5 s\u00e4tt att vi genom att dyrka varandra som Gud och Gudinna, kommer mycket n\u00e4rmare varandra. I den tantriska k\u00e4rleksritualen skapar vi en innerlig bubbla vari gr\u00e4nserna mellan oss suddas ut, och vi blir fullkomligt nakna inf\u00f6r varandra, fysiskt, emotionellt, intellektuellt och sj\u00e4lsligt.<\/p>\n<p><strong>Tantra handlar om att se att allt h\u00e4nger samman<\/strong>, i livets v\u00e4v (som Urdav\u00e4ven i nordisk mytologi) \u2013 att allt \u00e4r kopplat till allting annat. En v\u00e4g bortom dualiteter, bortom gott och ont, bortom fel och r\u00e4tt, bortom d\u00f6mande. Tantra inneh\u00e5ller ocks\u00e5 en m\u00e4ngd tekniker och attityder man kan anv\u00e4nda sig av f\u00f6r att skapa harmoni mellan kropp och sj\u00e4l, mellan individ och helhet.<\/p>\n<p><strong>Ett centralt m\u00e5l i tantra<\/strong> \u00e4r just sj\u00e4larnas sammansm\u00e4ltande, mellan manligt och kvinnligt, Shiva-shakti, Purusa-shakti, b\u00e5de inom varje individ och mellan individen och helheten \u2013 s\u00e4rskilt effektivt fungerar detta i k\u00e4rleksakten. D\u00e5 blir vi Shiva &amp; Shakti f\u00f6rkroppsligade, Guden &amp; Gudinnan. Viktigt \u00e4r att inte fastna i hj\u00e4rnan, i intellektet, i d\u00f6mandet och analyserandet. Tanken \u00e4r att vi ska uppleva, fullt ut, med hela kroppen, hela v\u00e5r ande, hela v\u00e5rt v\u00e4sen.<\/p>\n<p><img decoding=\"async\" loading=\"lazy\" src=\"https:\/\/i0.wp.com\/www.cirkuseros.nu\/app\/uploads\/2016\/11\/tantrasejd.jpg?resize=584%2C349&#038;ssl=1\" alt=\"tantrasejd\" data-recalc-dims=\"1\" \/><\/p>\n<p><strong>Som nordiska hedningar<\/strong> s\u00e4ger min hustru och jag g\u00e4rna \u201cFrej i mig ser Freja i dig\u201d, och \u201cFreja i mig ser Frej i dig\u201d &#8211; det \u00e4r naturligtvis fullkomligt egalt, och man kan f\u00f6rst\u00e5s v\u00e4lja de attribut som man sj\u00e4lv k\u00e4nner sig bekv\u00e4m med. Det Gudomliga i mig ser det Gudomliga i dig, Shiva i mig ser Shakti i dig, K\u00e4rleken i mig ser K\u00e4rleken i dig, det fantastiska i mig ser det fantastiska i dig, sexguden i mig ser sexgudinnan i dig, och s\u00e5 vidare. Det finns inget fel eller r\u00e4tt h\u00e4r, annat \u00e4n hj\u00e4rtats klara budskap.<\/p>\n<p><strong>Du beh\u00f6ver allts\u00e5 inte ens tro p\u00e5 Gud<\/strong>, oavsett vad du nu har f\u00f6r en gudsbild som du tror p\u00e5 eller inte. Det handlar inte om det. Tantra \u00e4r inte en religion, p\u00e5 s\u00e5 s\u00e4tt att man f\u00f6ljer dogmer och dyrkar en gudom utanf\u00f6r sig sj\u00e4lv. De aspekterna finns f\u00f6r dem som s\u00e5 \u00f6nskar, men lika v\u00e4l som man kan dyrka en gud i form av en tr\u00e4gubbe eller en stenfigur p\u00e5 ett altare, kan man naturligtvis dyrka det gudomliga i v\u00e4rlden genom sin partner.<\/p>\n<p style=\"padding-left:60px;\"><em>\u201dBuddhatvam yosityoni samasritam\u201d<\/em><br \/>\n[Upplysningen finns i kvinnans sk\u00f6te]<\/p>\n<p><strong>Och det g\u00f6r jag. Jag dyrkar min hustru.<\/strong> Hon \u00e4r min gudinna. Bokstavligen, inte metaforiskt. Denna dyrkan \u00e4r inte ett sj\u00e4lv\u00e4ndam\u00e5l. Det finns beskrivningar i s\u00e5v\u00e4l tibetansk, buddhistisk tantra som indisk, hinduisk tantra, hur mannen och kvinnan kan uppn\u00e5 fullkomig extas och lycksalighet, och andlig fullkomning, genom att f\u00f6rh\u00e5lla sig p\u00e5 detta s\u00e4tt. I tantra beskrivs hur mannen dyrkar kvinnan som gudinna, och s\u00e4rskilt hennes k\u00f6n, som ursprunget till allt liv, och hur kvinnan dyrkar mannen som en gud, med hans lem som den livgivande gnistan, fr\u00f6et till livet i hennes sk\u00f6te.<\/p>\n<p><img decoding=\"async\" loading=\"lazy\" src=\"https:\/\/i1.wp.com\/www.cirkuseros.nu\/app\/uploads\/2016\/11\/yabyum_sculpture.gif?resize=440%2C571&#038;ssl=1\" alt=\"yabyum_sculpture\" align=\"middle\" data-recalc-dims=\"1\" \/><\/p>\n<p><strong>H\u00e4ngivenhet \u00e4r v\u00e4gen till framg\u00e5ng<\/strong>, vilket omr\u00e5de du \u00e4n riktar in dig p\u00e5. S\u00e5 ocks\u00e5 k\u00e4rleken. Om du kan ge dig h\u00e4n till 100 %, s\u00e5 \u00e4r ocks\u00e5 framg\u00e5ngspotentialen mycket h\u00f6g. Om du \u00e5 andra sidan inte ger dig h\u00e4n, utan bara ger en del av dig sj\u00e4lv, och h\u00e5ller dig sj\u00e4lv tillbaka, s\u00e5 \u00e4r din framg\u00e5ngspotential garanterat 0 %. Ingen extas d\u00e4r. Att vara h\u00e4ngiven \u00e4r att vara 100 % n\u00e4rvarande, och bejaka varje \u00f6gonblick, varje m\u00f6te, varje k\u00e4nsla. Om du ser det gudomliga i dig sj\u00e4lv, s\u00e5 kan du ocks\u00e5 se ditt eget v\u00e4rde, att du faktiskt \u00e4r en ov\u00e4rderlig k\u00e4rleksg\u00e5va. Om du har detta med dig i din sj\u00e4lvbild, kommer ocks\u00e5 omgivningen att uppfatta dig just s\u00e5.<\/p>\n<p style=\"padding-left:60px;\"><em>Mannen ser kvinnan som gudinna<\/em><br \/>\n<em> Kvinnan ser mannen som gud<\/em><br \/>\n<em> I f\u00f6renandet av diamantstav och lotusblomma<\/em><br \/>\n<em> Ger de sig i g\u00e5va till varandra<\/em><br \/>\n<em> Det finns ingen annan dyrkan \u00e4n denna<\/em><\/p>\n<p style=\"padding-left:60px;\">\u2013 Candamaharosana-tantra<\/p>\n<p><strong>Jag kan intyga att det fungerar.<\/strong> Jag har i hela mitt liv varit en andlig s\u00f6kare, och g\u00e5tt in med hull och h\u00e5r i mer \u00e4n en andlig tradition, och \u00e4ven l\u00e5tit mig inspireras av fler \u00e4n s\u00e5, och inget har givit mig s\u00e5 oerh\u00f6rt mycket som den tantriska v\u00e4gen, tillsammans med min k\u00e4ra hustru Jennie. Att praktisera tantriska andningstekniker, gemensamma chakrameditationer, energifl\u00f6den och totalt fokus, har gjort att v\u00e5r relation \u00e4r l\u00e5ngt bortom allt jag n\u00e5gonsin upplevt i mitt liv, i form av fl\u00f6dande k\u00e4rlek, extas och gl\u00e4dje. Min \u00f6versvallande k\u00e4nsla av total samklang med min kvinna, och d\u00e4rigenom med alltet, v\u00e4rlden, universum, allt levande, Guden\/Gudinnan\/den stora anden, \u00e4r st\u00f6rre \u00e4n n\u00e5gonsin.<\/p>\n<p>Jag \u00e4r kort sagt en mycket lyckligare m\u00e4nniska \u00e4n jag n\u00e5gonsin tidigare varit.<\/p>\n<p><em><strong>Namas te&#8230;!<\/strong><\/em><\/p>\n<p>Carl Johan Rehbinder 2009<\/p>\n<p><img decoding=\"async\" loading=\"lazy\" src=\"https:\/\/i1.wp.com\/www.cirkuseros.nu\/app\/uploads\/2016\/11\/tunnlinjeoriginal_584.gif?resize=584%2C8&#038;ssl=1\" alt=\"\" data-recalc-dims=\"1\" \/><a href=\"https:\/\/www.cirkuseros.nu\/index.php\/text\/artiklar\/artiklar-erotik-inspiration\/\"><strong>Tillbaka till Artiklar \u2022 Erotik &amp; inspiration \u00bb<\/strong><\/a><\/p>\n<p><img decoding=\"async\" loading=\"lazy\" src=\"https:\/\/i0.wp.com\/www.cirkuseros.nu\/app\/uploads\/2017\/01\/heartline_584.gif?resize=584%2C20&#038;ssl=1\" alt=\"Heartline\" data-recalc-dims=\"1\" \/><\/p>\n<p><img decoding=\"async\" loading=\"lazy\" src=\"https:\/\/i2.wp.com\/www.cirkuseros.nu\/app\/uploads\/2016\/10\/fri_kursbanner_ani.gif?resize=584%2C140&#038;ssl=1\" alt=\"\" data-recalc-dims=\"1\" \/><\/p>\n","protected":false},"excerpt":{"rendered":"<p>Det finns en h\u00e4lsningsfras i Indien &#8211; ja, det finns f\u00f6rst\u00e5s tusen och \u00e5ter tusen olika h\u00e4lsningsfraser i Indien &#8211; men det finns en som jag h\u00e5ller som alldeles s\u00e4rskilt vacker. Den \u00e4r enkel &#8211; Namas te. Denna h\u00e4lsningsfras har &hellip; <a href=\"https:\/\/www.cirkuseros.nu\/index.php\/text\/artiklar\/artiklar-erotik-inspiration\/namas-te-guden-i-mig-ser-gudinnan-i-dig\/\">Forts\u00e4tt l\u00e4sa <span class=\"meta-nav\">&rarr;<\/span><\/a><\/p>\n","protected":false},"author":2,"featured_media":0,"parent":6548,"menu_order":24,"comment_status":"closed","ping_status":"closed","template":"sidebar-page.php","meta":[],"_links":{"self":[{"href":"https:\/\/www.cirkuseros.nu\/index.php\/wp-json\/wp\/v2\/pages\/1416"}],"collection":[{"href":"https:\/\/www.cirkuseros.nu\/index.php\/wp-json\/wp\/v2\/pages"}],"about":[{"href":"https:\/\/www.cirkuseros.nu\/index.php\/wp-json\/wp\/v2\/types\/page"}],"author":[{"embeddable":true,"href":"https:\/\/www.cirkuseros.nu\/index.php\/wp-json\/wp\/v2\/users\/2"}],"replies":[{"embeddable":true,"href":"https:\/\/www.cirkuseros.nu\/index.php\/wp-json\/wp\/v2\/comments?post=1416"}],"version-history":[{"count":3,"href":"https:\/\/www.cirkuseros.nu\/index.php\/wp-json\/wp\/v2\/pages\/1416\/revisions"}],"predecessor-version":[{"id":13336,"href":"https:\/\/www.cirkuseros.nu\/index.php\/wp-json\/wp\/v2\/pages\/1416\/revisions\/13336"}],"up":[{"embeddable":true,"href":"https:\/\/www.cirkuseros.nu\/index.php\/wp-json\/wp\/v2\/pages\/6548"}],"wp:attachment":[{"href":"https:\/\/www.cirkuseros.nu\/index.php\/wp-json\/wp\/v2\/media?parent=1416"}],"curies":[{"name":"wp","href":"https:\/\/api.w.org\/{rel}","templated":true}]}}