{"id":1436,"date":"2016-11-22T01:46:32","date_gmt":"2016-11-22T00:46:32","guid":{"rendered":"https:\/\/cirkuseros.wordpress.com\/?page_id=1436"},"modified":"2023-09-27T11:23:53","modified_gmt":"2023-09-27T09:23:53","slug":"hemma-porren-ar-den-nya-sexuella-revolutionen","status":"publish","type":"page","link":"https:\/\/www.cirkuseros.nu\/index.php\/text\/artiklar\/artiklar-av-calle-rehbinder\/hemma-porren-ar-den-nya-sexuella-revolutionen\/","title":{"rendered":"Hemma-porren \u00e4r den nya sexuella revolutionen"},"content":{"rendered":"<p><img decoding=\"async\" loading=\"lazy\" src=\"https:\/\/i1.wp.com\/www.cirkuseros.nu\/app\/uploads\/2017\/02\/newsmill_mars_2009.jpg?resize=584%2C424&#038;ssl=1\" alt=\"Newsmill mars 2009\" data-recalc-dims=\"1\" \/><\/p>\n<p><strong>Jag blev ombedd att yttra mig<\/strong> i form av en debattartikel p\u00e5 NEWSMILL, och \u00e4mnet f\u00f6r dagen var porr och sexualpolitik. Artikeln var en replik p\u00e5 artiklar av filmaren Alexa Wolf samt straffr\u00e4ttsprofessorn Madeleine Leijonhufvud. Jag tycker naturligtvis att de b\u00e5da \u00e4r ute och cyklar rej\u00e4lt, men det kan du sj\u00e4lv se om du l\u00e4ser artikeln!<\/p>\n<p><img decoding=\"async\" loading=\"lazy\" src=\"https:\/\/i0.wp.com\/www.cirkuseros.nu\/app\/uploads\/2017\/01\/heartline_584.gif?resize=584%2C20&#038;ssl=1\" alt=\"Heartline\" data-recalc-dims=\"1\" \/><\/p>\n<p><img decoding=\"async\" loading=\"lazy\" src=\"https:\/\/i1.wp.com\/www.cirkuseros.nu\/app\/uploads\/2016\/11\/pornhub_1.jpg?resize=584%2C368&#038;ssl=1\" alt=\"pornhub_1\" data-recalc-dims=\"1\" \/><\/p>\n<p><strong>Det p\u00e5g\u00e5r en sexuell revolution.<\/strong> Ett sexualmoraliskt paradigmskifte som inte fr\u00e4mst drivs fram av medelklassintellektuella akademiker. En frihetlig understr\u00f6m av n\u00e4tdejting, webcam, sexbloggar, swingersklubbar och amat\u00f6rporr. Detta \u00e5terspeglas i mainstreamkulturen, med onaniredskap p\u00e5 apoteken, sexkurser f\u00f6r par och singlar, samt utf\u00f6rlig sexr\u00e5dgivning i allehanda media. Framf\u00f6r allt har det bivit l\u00e4ttare att prata \u00f6ppet om sex, utan skam och d\u00f6manden. I egenskap av sexualupplysare och d\u00e4rtill konstn\u00e4r med inriktning p\u00e5 erotik tycker jag naturligtvis att det \u00e4r en positiv utveckling som jag uppmuntrar, och \u00e4ven deltar i. Det blir dock allt mer uppenbart hur l\u00e5ngt ifr\u00e5n varandra det intellektuella etablissemanget och \u201cvanligt folk\u201d \u00e4r i sin syn p\u00e5 sex.<\/p>\n<p><strong>P\u00e5 1960- och 1970-talet var det v\u00e4nsterintellektuella<\/strong> och liberaler som var de mest sexpositiva och relationsradikala, men sedan dess har pendeln sv\u00e4ngt ordentligt. Nu \u00e4r det r\u00f6rmokare, butiksbitr\u00e4den, bibliotekarier, taxichauff\u00f6rer och revisorer som leker glada sexlekar med varandra, medan de politiskt engagerade f\u00f6rst\u00e5sigp\u00e5arna varnar f\u00f6r omoralen. Ett exempel p\u00e5 denna subkultur som blivit mer och mer mainstream \u00e4r den \u00f6kande floran av amat\u00f6rporr p\u00e5 n\u00e4tet, i form av erotiska YouTube-kloner som RedTube och XTube. Detta har f\u00f6rst\u00e5s genererat ett stort intresse fr\u00e5n kl\u00e5fingriga f\u00f6rst\u00e5sigp\u00e5are som nu m\u00e5ste f\u00f6rklara detta m\u00e4rkliga fenomen, som ju fullkomligt strider mot den nypuritanistiska sexualsynen, i vilken porren bara handlar om exploatering och girigt utnyttjande. Vanliga m\u00e4nniskor visar upp sitt sexliv p\u00e5 Internet, fritt och skaml\u00f6st, utan ekonomisk vinst.<\/p>\n<p><img decoding=\"async\" loading=\"lazy\" src=\"https:\/\/i0.wp.com\/www.cirkuseros.nu\/app\/uploads\/2016\/11\/fullfart.jpg?resize=584%2C418&#038;ssl=1\" alt=\"fullfart\" data-recalc-dims=\"1\" \/><\/p>\n<p><strong>En allm\u00e4nt spridd uppfattning<\/strong>, som l\u00e4gger grunden f\u00f6r denna puritanism, \u00e4r att s\u00e5 kallad \u201csexualisering\u201d alltid \u00e4r av ondo. S\u00e5 fort man anv\u00e4nder sig av begreppet sexualisering, s\u00e5 \u00e4r det alltid i negativ kontext. Det kan t.ex. handla om \u201csexualiseringen av det offentliga rummet\u201d en absurd teori, eftersom samh\u00e4llet s\u00e4llan har varit s\u00e5 avsexualiserat som nu. Men varf\u00f6r \u00e4r sexualisering s\u00e5 hemskt? Det m\u00e5ste ju betyda att sex i sig \u00e4r d\u00e5ligt och farligt. Och vilka fakta, vilka r\u00f6n ligger bakom denna synvinkel? Historiskt sett \u00e4r de mest sexualiserade kulturerna de mest fredliga och harmoniska, och i kontrast \u00e4r de mest sexnegativa kulturerna ocks\u00e5 de mest krigiska, f\u00f6rtryckande och v\u00e5ldsamma. S\u00e5 till vilken nytta h\u00e5ller vi liv i sexskr\u00e4cken?<\/p>\n<p><img decoding=\"async\" loading=\"lazy\" src=\"https:\/\/i0.wp.com\/www.cirkuseros.nu\/app\/uploads\/2016\/11\/xvideos.jpg?resize=584%2C369&#038;ssl=1\" alt=\"xvideos\" data-recalc-dims=\"1\" \/><\/p>\n<p><strong>Alexa Wolf \u00e4r en av de som totalt missbed\u00f6mt l\u00e4get<\/strong>, eftersom hon \u00e5 ena sidan p\u00e5st\u00e5r att amat\u00f6rporren kommer att sl\u00e5 ut den kommersiella porren, \u00e5 andra sidan teoretiserar hon utifr\u00e5n ett klassperspektiv och ifr\u00e5gas\u00e4tter frivilligheten i amat\u00f6rporren ett nedl\u00e5tande von oben-perspektiv med vilket hon i praktiken d\u00f6mer ut de l\u00e4gre samh\u00e4llsklasserna som of\u00f6rm\u00f6gna att fatta beslut om sina egna sexualvanor.<\/p>\n<p><strong>Straffr\u00e4ttsprofessorn Madeleine Leijonhufvud<\/strong> g\u00f6r en motsatt analys, och anser att hemma-porren tv\u00e4rtom st\u00e4rker \u201csexindustrin\u201d. Dock \u00e4r hon minst lika sexnegativ som Alexa Wolf. Leijonhufvud anser att all produktion av pornografi b\u00f6r f\u00f6rbjudas, och svamlar okontrollerat om hallickar, \u201cfeta porrfilmsdirekt\u00f6rer\u201d, n\u00f6dv\u00e4ndig inskr\u00e4nkning av yttrandefriheten, trafficking och m\u00e4nniskohandel i en (o)salig r\u00f6ra.<\/p>\n<p><strong>Att dylika f\u00f6rbud knappast skulle komma att efterlevas<\/strong>, utan snarare bara skapa en svart marknad och en \u00e4n mer urholkad respekt f\u00f6r lagen, det kan professor Leijonhufvud uppenbarligen till\u00e5ta sig att strunta i. Och vad det kan leda vidare till, i form av f\u00f6rbud mot all publicering och spridning av pornografi, och slutligen f\u00f6rbud mot innehav, vill hon f\u00f6rst\u00e5s inte f\u00f6rdjupa sig i. Riktigt kr\u00e5ngligt blir det f\u00f6rst\u00e5s n\u00e4r man ska definiera vad som \u00e4r pornografi, och vad som inte \u00e4r det. Vad ska till\u00e5tas, och vad ska f\u00f6rbjudas? Zorn? Ingres? Ana\u00efs Nin? Robert Mapplethorpe?<\/p>\n<p><strong>Arrogansen och dumheten<\/strong> hos vissa delar av den intellektuella eliten \u00e4r uppenbarligen gr\u00e4nsl\u00f6s.<\/p>\n<p><img decoding=\"async\" loading=\"lazy\" src=\"https:\/\/i1.wp.com\/www.cirkuseros.nu\/app\/uploads\/2016\/11\/redtube_gay.jpg?resize=584%2C455&#038;ssl=1\" alt=\"redtube_gay\" data-recalc-dims=\"1\" \/><\/p>\n<p><strong>Vi kommer inte \u00e5t kvinnof\u00f6rtrycket<\/strong> genom att f\u00f6rbjuda porr. F\u00f6rtrycket finns f\u00f6rst i det samh\u00e4lle som porren skapas i. S\u00e5 om vi vill ha mer j\u00e4mst\u00e4lld porr, f\u00e5r vi helt enkelt \u00e4ndra p\u00e5 v\u00e5r attityd generellt, i samh\u00e4llet, i v\u00e5ra m\u00f6ten med andra m\u00e4nniskor. Vi \u00e4ndrar inget genom att skjuta budb\u00e4raren.<\/p>\n<p><strong>Konsten speglar verkligheten, inte tv\u00e4rtom.<\/strong> Och p\u00e5 samma s\u00e4tt som kommunala musikskolan och amat\u00f6rband i varje garage och k\u00e4llare har genererat en fantastisk m\u00e4ngd internationellt framg\u00e5ngsrika musiker, f\u00f6r att inte tala om alla sk\u00e5despelare som har b\u00f6rjat i amat\u00f6rteatergrupper, kommer amat\u00f6rporren ocks\u00e5 p\u00e5 sikt generera h\u00f6gkvalitativ och engagerande porr, gjord av m\u00e4nniskor som verkligen gillar det de g\u00f6r. Och i samma grad som amat\u00f6rporren blir accepterad som en naturlig del av mainstream-kulturen, s\u00e5 kommer \u00e4ven den kommersiella porren blomstra med allt vad det inneb\u00e4r, i form av b\u00e4ttre kvalitet och b\u00e4ttre f\u00f6rh\u00e5llanden f\u00f6r de som arbetar i produktionen.<\/p>\n<p><strong>Marknaden kommer att f\u00f6rv\u00e4nta sig det<\/strong>, och producenterna kommer att tillhandah\u00e5lla det som kunderna vill ha.<\/p>\n<p>Carl Johan Rehbinder 2009<\/p>\n<p><img decoding=\"async\" loading=\"lazy\" src=\"https:\/\/i1.wp.com\/www.cirkuseros.nu\/app\/uploads\/2016\/11\/tunnlinjeoriginal_584.gif?resize=584%2C8&#038;ssl=1\" alt=\"\" data-recalc-dims=\"1\" \/><a href=\"https:\/\/www.cirkuseros.nu\/index.php\/text\/artiklar\/artiklar-av-calle-rehbinder\/\"><strong>Tillbaka till Artiklar \u2022 Politik &amp; debatt \u00bb<\/strong><\/a><\/p>\n<p><img decoding=\"async\" loading=\"lazy\" src=\"https:\/\/i0.wp.com\/www.cirkuseros.nu\/app\/uploads\/2017\/01\/heartline_584.gif?resize=584%2C20&#038;ssl=1\" alt=\"Heartline\" data-recalc-dims=\"1\" \/><\/p>\n<p><img decoding=\"async\" loading=\"lazy\" src=\"https:\/\/i2.wp.com\/www.cirkuseros.nu\/app\/uploads\/2016\/10\/fri_kursbanner_ani.gif?resize=584%2C140&#038;ssl=1\" alt=\"\" data-recalc-dims=\"1\" \/><\/p>\n","protected":false},"excerpt":{"rendered":"<p>Jag blev ombedd att yttra mig i form av en debattartikel p\u00e5 NEWSMILL, och \u00e4mnet f\u00f6r dagen var porr och sexualpolitik. Artikeln var en replik p\u00e5 artiklar av filmaren Alexa Wolf samt straffr\u00e4ttsprofessorn Madeleine Leijonhufvud. Jag tycker naturligtvis att de &hellip; <a href=\"https:\/\/www.cirkuseros.nu\/index.php\/text\/artiklar\/artiklar-av-calle-rehbinder\/hemma-porren-ar-den-nya-sexuella-revolutionen\/\">Forts\u00e4tt l\u00e4sa <span class=\"meta-nav\">&rarr;<\/span><\/a><\/p>\n","protected":false},"author":2,"featured_media":0,"parent":1021,"menu_order":23,"comment_status":"closed","ping_status":"closed","template":"sidebar-page.php","meta":[],"_links":{"self":[{"href":"https:\/\/www.cirkuseros.nu\/index.php\/wp-json\/wp\/v2\/pages\/1436"}],"collection":[{"href":"https:\/\/www.cirkuseros.nu\/index.php\/wp-json\/wp\/v2\/pages"}],"about":[{"href":"https:\/\/www.cirkuseros.nu\/index.php\/wp-json\/wp\/v2\/types\/page"}],"author":[{"embeddable":true,"href":"https:\/\/www.cirkuseros.nu\/index.php\/wp-json\/wp\/v2\/users\/2"}],"replies":[{"embeddable":true,"href":"https:\/\/www.cirkuseros.nu\/index.php\/wp-json\/wp\/v2\/comments?post=1436"}],"version-history":[{"count":3,"href":"https:\/\/www.cirkuseros.nu\/index.php\/wp-json\/wp\/v2\/pages\/1436\/revisions"}],"predecessor-version":[{"id":13378,"href":"https:\/\/www.cirkuseros.nu\/index.php\/wp-json\/wp\/v2\/pages\/1436\/revisions\/13378"}],"up":[{"embeddable":true,"href":"https:\/\/www.cirkuseros.nu\/index.php\/wp-json\/wp\/v2\/pages\/1021"}],"wp:attachment":[{"href":"https:\/\/www.cirkuseros.nu\/index.php\/wp-json\/wp\/v2\/media?parent=1436"}],"curies":[{"name":"wp","href":"https:\/\/api.w.org\/{rel}","templated":true}]}}