{"id":14471,"date":"2026-01-05T14:26:42","date_gmt":"2026-01-05T13:26:42","guid":{"rendered":"https:\/\/www.cirkuseros.nu\/?page_id=14471"},"modified":"2026-01-05T14:26:42","modified_gmt":"2026-01-05T13:26:42","slug":"gastgalleri-nipplepain","status":"publish","type":"page","link":"https:\/\/www.cirkuseros.nu\/index.php\/bild\/andras-bilder\/gastgalleri-nipplepain\/","title":{"rendered":"G\u00e4stgalleri \u2022 Nipplepain"},"content":{"rendered":"<p><span style=\"font-family: AGaramond, Garamond, Jenson, serif; font-size: x-large;\"><span style=\"color: #800000;\"><strong>Kukbondage<\/strong><\/span><\/span><br \/>\n<span style=\"font-family: Verdana, Geneva, Arial, Helvetica, Sans serif; font-size: small;\"><strong>Nipplepain \u00e4r f\u00f6rst\u00e5s en pseudonym <\/strong>\u2013 f\u00f6r en god v\u00e4n, en bildskapare som gillar att utforska allehanda aspekter av sexualiteten, b\u00e5de handgripligen och i bild. Just detta galleri \u00e4r en session d\u00e4r en person \u00e4gnar sig \u00e5t kinbaku \u2013 konstn\u00e4rligt bindande \u2013 med fokus p\u00e5 k\u00f6net. Min v\u00e4n tyckte att det var sp\u00e4nnande, och fr\u00e5gade om det var OK att fotografera. B\u00e5de modellen och den som band tyckte att det gick bra. Detta \u00e4r resultatet.\u00a0<\/span><br \/>\n<img decoding=\"async\" loading=\"lazy\" src=\"https:\/\/i1.wp.com\/www.cirkuseros.nu\/app\/uploads\/2016\/11\/tunnlinjeoriginal_584.gif?resize=584%2C8&#038;ssl=1\" alt=\"linje\" data-recalc-dims=\"1\" \/><br \/>\n<a href=\"https:\/\/www.cirkuseros.nu\/index.php\/bild\/andras-bilder\/\"><strong><span style=\"font-family: Verdana, Geneva, Arial, Helvetica, Sans serif; font-size: small;\">Tillbaka till Andras bilder \u2013 g\u00e4startister \u00bb<\/span><\/strong><\/a><\/p>\n<div class=\"tiled-gallery type-rectangular tiled-gallery-unresized\" data-original-width=\"584\" data-carousel-extra='{&quot;blog_id&quot;:1,&quot;permalink&quot;:&quot;https:\\\/\\\/www.cirkuseros.nu\\\/index.php\\\/bild\\\/andras-bilder\\\/gastgalleri-nipplepain\\\/&quot;,&quot;likes_blog_id&quot;:124287572}' itemscope itemtype=\"http:\/\/schema.org\/ImageGallery\" > <div class=\"gallery-row\" style=\"width: 584px; height: 482px;\" data-original-width=\"584\" data-original-height=\"482\" > <div class=\"gallery-group images-1\" style=\"width: 362px; height: 482px;\" data-original-width=\"362\" data-original-height=\"482\" > <div class=\"tiled-gallery-item tiled-gallery-item-large\" itemprop=\"associatedMedia\" itemscope itemtype=\"http:\/\/schema.org\/ImageObject\"> <a href=\"https:\/\/www.cirkuseros.nu\/index.php\/bild\/andras-bilder\/gastgalleri-nipplepain\/kukbondage_01\/\" border=\"0\" itemprop=\"url\"> <meta itemprop=\"width\" content=\"358\"> <meta itemprop=\"height\" content=\"478\"> <img data-attachment-id=\"14472\" data-orig-file=\"https:\/\/www.cirkuseros.nu\/app\/uploads\/2026\/01\/kukbondage_01.jpg\" data-orig-size=\"1200,1600\" data-comments-opened=\"1\" data-image-meta=\"{&quot;aperture&quot;:&quot;0&quot;,&quot;credit&quot;:&quot;&quot;,&quot;camera&quot;:&quot;&quot;,&quot;caption&quot;:&quot;&quot;,&quot;created_timestamp&quot;:&quot;0&quot;,&quot;copyright&quot;:&quot;&quot;,&quot;focal_length&quot;:&quot;0&quot;,&quot;iso&quot;:&quot;0&quot;,&quot;shutter_speed&quot;:&quot;0&quot;,&quot;title&quot;:&quot;&quot;,&quot;orientation&quot;:&quot;1&quot;}\" data-image-title=\"kukbondage_01\" data-image-description=\"\" data-medium-file=\"https:\/\/i1.wp.com\/www.cirkuseros.nu\/app\/uploads\/2026\/01\/kukbondage_01.jpg?fit=225%2C300&#038;ssl=1\" data-large-file=\"https:\/\/i1.wp.com\/www.cirkuseros.nu\/app\/uploads\/2026\/01\/kukbondage_01.jpg?fit=584%2C779&#038;ssl=1\" src=\"https:\/\/i1.wp.com\/www.cirkuseros.nu\/app\/uploads\/2026\/01\/kukbondage_01.jpg?resize=358%2C478&#038;ssl=1\" width=\"358\" height=\"478\" data-original-width=\"358\" data-original-height=\"478\" itemprop=\"http:\/\/schema.org\/image\" title=\"kukbondage_01\" alt=\"kukbondage_01\" style=\"width: 358px; height: 478px;\" \/> <\/a> <\/div> <\/div> <!-- close group --> <div class=\"gallery-group images-2\" style=\"width: 222px; height: 482px;\" data-original-width=\"222\" data-original-height=\"482\" > <div class=\"tiled-gallery-item tiled-gallery-item-small\" itemprop=\"associatedMedia\" itemscope itemtype=\"http:\/\/schema.org\/ImageObject\"> <a href=\"https:\/\/www.cirkuseros.nu\/index.php\/bild\/andras-bilder\/gastgalleri-nipplepain\/kukbondage_02\/\" border=\"0\" itemprop=\"url\"> <meta itemprop=\"width\" content=\"218\"> <meta itemprop=\"height\" content=\"233\"> <img data-attachment-id=\"14473\" data-orig-file=\"https:\/\/www.cirkuseros.nu\/app\/uploads\/2026\/01\/kukbondage_02.jpg\" data-orig-size=\"1492,1600\" data-comments-opened=\"1\" data-image-meta=\"{&quot;aperture&quot;:&quot;0&quot;,&quot;credit&quot;:&quot;&quot;,&quot;camera&quot;:&quot;&quot;,&quot;caption&quot;:&quot;&quot;,&quot;created_timestamp&quot;:&quot;0&quot;,&quot;copyright&quot;:&quot;&quot;,&quot;focal_length&quot;:&quot;0&quot;,&quot;iso&quot;:&quot;0&quot;,&quot;shutter_speed&quot;:&quot;0&quot;,&quot;title&quot;:&quot;&quot;,&quot;orientation&quot;:&quot;1&quot;}\" data-image-title=\"kukbondage_02\" data-image-description=\"\" data-medium-file=\"https:\/\/i1.wp.com\/www.cirkuseros.nu\/app\/uploads\/2026\/01\/kukbondage_02.jpg?fit=280%2C300&#038;ssl=1\" data-large-file=\"https:\/\/i1.wp.com\/www.cirkuseros.nu\/app\/uploads\/2026\/01\/kukbondage_02.jpg?fit=584%2C626&#038;ssl=1\" src=\"https:\/\/i1.wp.com\/www.cirkuseros.nu\/app\/uploads\/2026\/01\/kukbondage_02.jpg?resize=218%2C233&#038;ssl=1\" width=\"218\" height=\"233\" data-original-width=\"218\" data-original-height=\"233\" itemprop=\"http:\/\/schema.org\/image\" title=\"kukbondage_02\" alt=\"kukbondage_02\" style=\"width: 218px; height: 233px;\" \/> <\/a> <\/div> <div class=\"tiled-gallery-item tiled-gallery-item-small\" itemprop=\"associatedMedia\" itemscope itemtype=\"http:\/\/schema.org\/ImageObject\"> <a href=\"https:\/\/www.cirkuseros.nu\/index.php\/bild\/andras-bilder\/gastgalleri-nipplepain\/kukbondage_06\/\" border=\"0\" itemprop=\"url\"> <meta itemprop=\"width\" content=\"218\"> <meta itemprop=\"height\" content=\"241\"> <img data-attachment-id=\"14476\" data-orig-file=\"https:\/\/www.cirkuseros.nu\/app\/uploads\/2026\/01\/kukbondage_06.jpg\" data-orig-size=\"1448,1600\" data-comments-opened=\"1\" data-image-meta=\"{&quot;aperture&quot;:&quot;0&quot;,&quot;credit&quot;:&quot;&quot;,&quot;camera&quot;:&quot;&quot;,&quot;caption&quot;:&quot;&quot;,&quot;created_timestamp&quot;:&quot;0&quot;,&quot;copyright&quot;:&quot;&quot;,&quot;focal_length&quot;:&quot;0&quot;,&quot;iso&quot;:&quot;0&quot;,&quot;shutter_speed&quot;:&quot;0&quot;,&quot;title&quot;:&quot;&quot;,&quot;orientation&quot;:&quot;1&quot;}\" data-image-title=\"kukbondage_06\" data-image-description=\"\" data-medium-file=\"https:\/\/i2.wp.com\/www.cirkuseros.nu\/app\/uploads\/2026\/01\/kukbondage_06.jpg?fit=272%2C300&#038;ssl=1\" data-large-file=\"https:\/\/i2.wp.com\/www.cirkuseros.nu\/app\/uploads\/2026\/01\/kukbondage_06.jpg?fit=584%2C645&#038;ssl=1\" src=\"https:\/\/i2.wp.com\/www.cirkuseros.nu\/app\/uploads\/2026\/01\/kukbondage_06.jpg?resize=218%2C241&#038;ssl=1\" width=\"218\" height=\"241\" data-original-width=\"218\" data-original-height=\"241\" itemprop=\"http:\/\/schema.org\/image\" title=\"kukbondage_06\" alt=\"kukbondage_06\" style=\"width: 218px; height: 241px;\" \/> <\/a> <\/div> <\/div> <!-- close group --> <\/div> <!-- close row --> <div class=\"gallery-row\" style=\"width: 584px; height: 266px;\" data-original-width=\"584\" data-original-height=\"266\" > <div class=\"gallery-group images-1\" style=\"width: 196px; height: 266px;\" data-original-width=\"196\" data-original-height=\"266\" > <div class=\"tiled-gallery-item tiled-gallery-item-small\" itemprop=\"associatedMedia\" itemscope itemtype=\"http:\/\/schema.org\/ImageObject\"> <a href=\"https:\/\/www.cirkuseros.nu\/index.php\/bild\/andras-bilder\/gastgalleri-nipplepain\/kukbondage_07\/\" border=\"0\" itemprop=\"url\"> <meta itemprop=\"width\" content=\"192\"> <meta itemprop=\"height\" content=\"262\"> <img data-attachment-id=\"14477\" data-orig-file=\"https:\/\/www.cirkuseros.nu\/app\/uploads\/2026\/01\/kukbondage_07.jpg\" data-orig-size=\"1170,1600\" data-comments-opened=\"1\" data-image-meta=\"{&quot;aperture&quot;:&quot;0&quot;,&quot;credit&quot;:&quot;&quot;,&quot;camera&quot;:&quot;&quot;,&quot;caption&quot;:&quot;&quot;,&quot;created_timestamp&quot;:&quot;0&quot;,&quot;copyright&quot;:&quot;&quot;,&quot;focal_length&quot;:&quot;0&quot;,&quot;iso&quot;:&quot;0&quot;,&quot;shutter_speed&quot;:&quot;0&quot;,&quot;title&quot;:&quot;&quot;,&quot;orientation&quot;:&quot;1&quot;}\" data-image-title=\"kukbondage_07\" data-image-description=\"\" data-medium-file=\"https:\/\/i1.wp.com\/www.cirkuseros.nu\/app\/uploads\/2026\/01\/kukbondage_07.jpg?fit=219%2C300&#038;ssl=1\" data-large-file=\"https:\/\/i1.wp.com\/www.cirkuseros.nu\/app\/uploads\/2026\/01\/kukbondage_07.jpg?fit=584%2C798&#038;ssl=1\" src=\"https:\/\/i1.wp.com\/www.cirkuseros.nu\/app\/uploads\/2026\/01\/kukbondage_07.jpg?resize=192%2C262&#038;ssl=1\" width=\"192\" height=\"262\" data-original-width=\"192\" data-original-height=\"262\" itemprop=\"http:\/\/schema.org\/image\" title=\"kukbondage_07\" alt=\"kukbondage_07\" style=\"width: 192px; height: 262px;\" \/> <\/a> <\/div> <\/div> <!-- close group --> <div class=\"gallery-group images-1\" style=\"width: 188px; height: 266px;\" data-original-width=\"188\" data-original-height=\"266\" > <div class=\"tiled-gallery-item tiled-gallery-item-small\" itemprop=\"associatedMedia\" itemscope itemtype=\"http:\/\/schema.org\/ImageObject\"> <a href=\"https:\/\/www.cirkuseros.nu\/index.php\/bild\/andras-bilder\/gastgalleri-nipplepain\/kukbondage_10\/\" border=\"0\" itemprop=\"url\"> <meta itemprop=\"width\" content=\"184\"> <meta itemprop=\"height\" content=\"262\"> <img data-attachment-id=\"14479\" data-orig-file=\"https:\/\/www.cirkuseros.nu\/app\/uploads\/2026\/01\/kukbondage_10.jpg\" data-orig-size=\"1123,1600\" data-comments-opened=\"1\" data-image-meta=\"{&quot;aperture&quot;:&quot;0&quot;,&quot;credit&quot;:&quot;&quot;,&quot;camera&quot;:&quot;&quot;,&quot;caption&quot;:&quot;&quot;,&quot;created_timestamp&quot;:&quot;0&quot;,&quot;copyright&quot;:&quot;&quot;,&quot;focal_length&quot;:&quot;0&quot;,&quot;iso&quot;:&quot;0&quot;,&quot;shutter_speed&quot;:&quot;0&quot;,&quot;title&quot;:&quot;&quot;,&quot;orientation&quot;:&quot;1&quot;}\" data-image-title=\"kukbondage_10\" data-image-description=\"\" data-medium-file=\"https:\/\/i0.wp.com\/www.cirkuseros.nu\/app\/uploads\/2026\/01\/kukbondage_10.jpg?fit=211%2C300&#038;ssl=1\" data-large-file=\"https:\/\/i0.wp.com\/www.cirkuseros.nu\/app\/uploads\/2026\/01\/kukbondage_10.jpg?fit=584%2C832&#038;ssl=1\" src=\"https:\/\/i0.wp.com\/www.cirkuseros.nu\/app\/uploads\/2026\/01\/kukbondage_10.jpg?resize=184%2C262&#038;ssl=1\" width=\"184\" height=\"262\" data-original-width=\"184\" data-original-height=\"262\" itemprop=\"http:\/\/schema.org\/image\" title=\"kukbondage_10\" alt=\"kukbondage_10\" style=\"width: 184px; height: 262px;\" \/> <\/a> <\/div> <\/div> <!-- close group --> <div class=\"gallery-group images-1\" style=\"width: 200px; height: 266px;\" data-original-width=\"200\" data-original-height=\"266\" > <div class=\"tiled-gallery-item tiled-gallery-item-small\" itemprop=\"associatedMedia\" itemscope itemtype=\"http:\/\/schema.org\/ImageObject\"> <a href=\"https:\/\/www.cirkuseros.nu\/index.php\/bild\/andras-bilder\/gastgalleri-nipplepain\/kukbondage_04\/\" border=\"0\" itemprop=\"url\"> <meta itemprop=\"width\" content=\"196\"> <meta itemprop=\"height\" content=\"262\"> <img data-attachment-id=\"14474\" data-orig-file=\"https:\/\/www.cirkuseros.nu\/app\/uploads\/2026\/01\/kukbondage_04.jpg\" data-orig-size=\"1200,1600\" data-comments-opened=\"1\" data-image-meta=\"{&quot;aperture&quot;:&quot;0&quot;,&quot;credit&quot;:&quot;&quot;,&quot;camera&quot;:&quot;&quot;,&quot;caption&quot;:&quot;&quot;,&quot;created_timestamp&quot;:&quot;0&quot;,&quot;copyright&quot;:&quot;&quot;,&quot;focal_length&quot;:&quot;0&quot;,&quot;iso&quot;:&quot;0&quot;,&quot;shutter_speed&quot;:&quot;0&quot;,&quot;title&quot;:&quot;&quot;,&quot;orientation&quot;:&quot;1&quot;}\" data-image-title=\"kukbondage_04\" data-image-description=\"\" data-medium-file=\"https:\/\/i0.wp.com\/www.cirkuseros.nu\/app\/uploads\/2026\/01\/kukbondage_04.jpg?fit=225%2C300&#038;ssl=1\" data-large-file=\"https:\/\/i0.wp.com\/www.cirkuseros.nu\/app\/uploads\/2026\/01\/kukbondage_04.jpg?fit=584%2C779&#038;ssl=1\" src=\"https:\/\/i0.wp.com\/www.cirkuseros.nu\/app\/uploads\/2026\/01\/kukbondage_04.jpg?resize=196%2C262&#038;ssl=1\" width=\"196\" height=\"262\" data-original-width=\"196\" data-original-height=\"262\" itemprop=\"http:\/\/schema.org\/image\" title=\"kukbondage_04\" alt=\"kukbondage_04\" style=\"width: 196px; height: 262px;\" \/> <\/a> <\/div> <\/div> <!-- close group --> <\/div> <!-- close row --> <div class=\"gallery-row\" style=\"width: 584px; height: 277px;\" data-original-width=\"584\" data-original-height=\"277\" > <div class=\"gallery-group images-1\" style=\"width: 361px; height: 277px;\" data-original-width=\"361\" data-original-height=\"277\" > <div class=\"tiled-gallery-item tiled-gallery-item-large\" itemprop=\"associatedMedia\" itemscope itemtype=\"http:\/\/schema.org\/ImageObject\"> <a href=\"https:\/\/www.cirkuseros.nu\/index.php\/bild\/andras-bilder\/gastgalleri-nipplepain\/kukbondage_05\/\" border=\"0\" itemprop=\"url\"> <meta itemprop=\"width\" content=\"357\"> <meta itemprop=\"height\" content=\"273\"> <img data-attachment-id=\"14475\" data-orig-file=\"https:\/\/www.cirkuseros.nu\/app\/uploads\/2026\/01\/kukbondage_05.jpg\" data-orig-size=\"1600,1222\" data-comments-opened=\"1\" data-image-meta=\"{&quot;aperture&quot;:&quot;0&quot;,&quot;credit&quot;:&quot;&quot;,&quot;camera&quot;:&quot;&quot;,&quot;caption&quot;:&quot;&quot;,&quot;created_timestamp&quot;:&quot;0&quot;,&quot;copyright&quot;:&quot;&quot;,&quot;focal_length&quot;:&quot;0&quot;,&quot;iso&quot;:&quot;0&quot;,&quot;shutter_speed&quot;:&quot;0&quot;,&quot;title&quot;:&quot;&quot;,&quot;orientation&quot;:&quot;1&quot;}\" data-image-title=\"kukbondage_05\" data-image-description=\"\" data-medium-file=\"https:\/\/i0.wp.com\/www.cirkuseros.nu\/app\/uploads\/2026\/01\/kukbondage_05.jpg?fit=300%2C229&#038;ssl=1\" data-large-file=\"https:\/\/i0.wp.com\/www.cirkuseros.nu\/app\/uploads\/2026\/01\/kukbondage_05.jpg?fit=584%2C446&#038;ssl=1\" src=\"https:\/\/i0.wp.com\/www.cirkuseros.nu\/app\/uploads\/2026\/01\/kukbondage_05.jpg?resize=357%2C273&#038;ssl=1\" width=\"357\" height=\"273\" data-original-width=\"357\" data-original-height=\"273\" itemprop=\"http:\/\/schema.org\/image\" title=\"kukbondage_05\" alt=\"kukbondage_05\" style=\"width: 357px; height: 273px;\" \/> <\/a> <\/div> <\/div> <!-- close group --> <div class=\"gallery-group images-1\" style=\"width: 223px; height: 277px;\" data-original-width=\"223\" data-original-height=\"277\" > <div class=\"tiled-gallery-item tiled-gallery-item-small\" itemprop=\"associatedMedia\" itemscope itemtype=\"http:\/\/schema.org\/ImageObject\"> <a href=\"https:\/\/www.cirkuseros.nu\/index.php\/bild\/andras-bilder\/gastgalleri-nipplepain\/kukbondage_09\/\" border=\"0\" itemprop=\"url\"> <meta itemprop=\"width\" content=\"219\"> <meta itemprop=\"height\" content=\"273\"> <img data-attachment-id=\"14478\" data-orig-file=\"https:\/\/www.cirkuseros.nu\/app\/uploads\/2026\/01\/kukbondage_09.jpg\" data-orig-size=\"1282,1600\" data-comments-opened=\"1\" data-image-meta=\"{&quot;aperture&quot;:&quot;0&quot;,&quot;credit&quot;:&quot;&quot;,&quot;camera&quot;:&quot;&quot;,&quot;caption&quot;:&quot;&quot;,&quot;created_timestamp&quot;:&quot;0&quot;,&quot;copyright&quot;:&quot;&quot;,&quot;focal_length&quot;:&quot;0&quot;,&quot;iso&quot;:&quot;0&quot;,&quot;shutter_speed&quot;:&quot;0&quot;,&quot;title&quot;:&quot;&quot;,&quot;orientation&quot;:&quot;1&quot;}\" data-image-title=\"kukbondage_09\" data-image-description=\"\" data-medium-file=\"https:\/\/i2.wp.com\/www.cirkuseros.nu\/app\/uploads\/2026\/01\/kukbondage_09.jpg?fit=240%2C300&#038;ssl=1\" data-large-file=\"https:\/\/i2.wp.com\/www.cirkuseros.nu\/app\/uploads\/2026\/01\/kukbondage_09.jpg?fit=584%2C729&#038;ssl=1\" src=\"https:\/\/i2.wp.com\/www.cirkuseros.nu\/app\/uploads\/2026\/01\/kukbondage_09.jpg?resize=219%2C273&#038;ssl=1\" width=\"219\" height=\"273\" data-original-width=\"219\" data-original-height=\"273\" itemprop=\"http:\/\/schema.org\/image\" title=\"kukbondage_09\" alt=\"kukbondage_09\" style=\"width: 219px; height: 273px;\" \/> <\/a> <\/div> <\/div> <!-- close group --> <\/div> <!-- close row --> <\/div>\n<p><img decoding=\"async\" loading=\"lazy\" src=\"https:\/\/i1.wp.com\/www.cirkuseros.nu\/app\/uploads\/2016\/11\/tunnlinjeoriginal_584.gif?resize=584%2C8&#038;ssl=1\" alt=\"linje\" data-recalc-dims=\"1\" \/><br \/>\n<a href=\"https:\/\/www.cirkuseros.nu\/index.php\/bild\/andras-bilder\/\"><strong><span style=\"font-family: Verdana, Geneva, Arial, Helvetica, Sans serif; font-size: small;\">Tillbaka till Andras bilder \u2013 g\u00e4startister \u00bb<\/span><\/strong><\/a><br \/>\n<img decoding=\"async\" loading=\"lazy\" src=\"https:\/\/i0.wp.com\/www.cirkuseros.nu\/app\/uploads\/2017\/01\/heartline_584.gif?resize=584%2C20&#038;ssl=1\" alt=\"Heartline\" data-recalc-dims=\"1\" \/><\/p>\n<p><img decoding=\"async\" loading=\"lazy\" src=\"https:\/\/i2.wp.com\/www.cirkuseros.nu\/app\/uploads\/2016\/10\/fri_kursbanner_ani.gif?resize=584%2C140&#038;ssl=1\" alt=\"Cirkus Eros - erotik f\u00f6r finsmakare\" data-recalc-dims=\"1\" \/><\/p>\n","protected":false},"excerpt":{"rendered":"<p>Kukbondage Nipplepain \u00e4r f\u00f6rst\u00e5s en pseudonym \u2013 f\u00f6r en god v\u00e4n, en bildskapare som gillar att utforska allehanda aspekter av sexualiteten, b\u00e5de handgripligen och i bild. Just detta galleri \u00e4r en session d\u00e4r en person \u00e4gnar sig \u00e5t kinbaku \u2013 &hellip; <a href=\"https:\/\/www.cirkuseros.nu\/index.php\/bild\/andras-bilder\/gastgalleri-nipplepain\/\">Forts\u00e4tt l\u00e4sa <span class=\"meta-nav\">&rarr;<\/span><\/a><\/p>\n","protected":false},"author":1,"featured_media":0,"parent":42,"menu_order":3,"comment_status":"closed","ping_status":"closed","template":"sidebar-page.php","meta":[],"_links":{"self":[{"href":"https:\/\/www.cirkuseros.nu\/index.php\/wp-json\/wp\/v2\/pages\/14471"}],"collection":[{"href":"https:\/\/www.cirkuseros.nu\/index.php\/wp-json\/wp\/v2\/pages"}],"about":[{"href":"https:\/\/www.cirkuseros.nu\/index.php\/wp-json\/wp\/v2\/types\/page"}],"author":[{"embeddable":true,"href":"https:\/\/www.cirkuseros.nu\/index.php\/wp-json\/wp\/v2\/users\/1"}],"replies":[{"embeddable":true,"href":"https:\/\/www.cirkuseros.nu\/index.php\/wp-json\/wp\/v2\/comments?post=14471"}],"version-history":[{"count":1,"href":"https:\/\/www.cirkuseros.nu\/index.php\/wp-json\/wp\/v2\/pages\/14471\/revisions"}],"predecessor-version":[{"id":14480,"href":"https:\/\/www.cirkuseros.nu\/index.php\/wp-json\/wp\/v2\/pages\/14471\/revisions\/14480"}],"up":[{"embeddable":true,"href":"https:\/\/www.cirkuseros.nu\/index.php\/wp-json\/wp\/v2\/pages\/42"}],"wp:attachment":[{"href":"https:\/\/www.cirkuseros.nu\/index.php\/wp-json\/wp\/v2\/media?parent=14471"}],"curies":[{"name":"wp","href":"https:\/\/api.w.org\/{rel}","templated":true}]}}