{"id":1484,"date":"2016-11-22T02:26:45","date_gmt":"2016-11-22T01:26:45","guid":{"rendered":"https:\/\/cirkuseros.wordpress.com\/?page_id=1484"},"modified":"2017-02-09T02:03:04","modified_gmt":"2017-02-09T01:03:04","slug":"din-sexuella-energi-ar-omnipotent","status":"publish","type":"page","link":"https:\/\/www.cirkuseros.nu\/index.php\/text\/artiklar\/artiklar-av-gastartister-andra-skribenter\/din-sexuella-energi-ar-omnipotent\/","title":{"rendered":"Din sexuella energi \u00e4r omnipotent"},"content":{"rendered":"<p><img decoding=\"async\" loading=\"lazy\" src=\"https:\/\/i2.wp.com\/www.cirkuseros.nu\/app\/uploads\/2016\/11\/jennie_garreau_komp.jpg?resize=584%2C312&#038;ssl=1\" alt=\"jennie_garreau_komp\" data-recalc-dims=\"1\" \/><\/p>\n<p><strong>Din sexuella energi \u00e4r omnipotent.<\/strong> Din sexuella energi har inga preferenser om k\u00f6n, l\u00e5ng eller kort, muskelberg eller gosigt mullig, stora eller sm\u00e5 br\u00f6st, starka armmuskler eller skarpt huvud.<\/p>\n<p><strong>Om du blir t\u00e4nd p\u00e5 en kvinna med stora br\u00f6st<\/strong> eller sm\u00e5 toppiga eller en man med tv\u00e4ttbr\u00e4da eller en l\u00e5ng och slank s\u00e5 \u00e4r det kopplat till dina personliga preferenser, det du spontant blir sexuellt och romantiskt triggad av.<\/p>\n<p><strong>N\u00e4r man idag f\u00f6rs\u00f6ker definiera sexualitet<\/strong>, s\u00e5 anv\u00e4nder vi ord som heterosexuell, bisexuell, homosexuell och dessa \u00e4r kopplat till k\u00f6n och \u00e4r personliga preferenser. M\u00e5nga k\u00e4nner sig begr\u00e4nsade av att t\u00e4nka p\u00e5 detta s\u00e4tt och f\u00f6rklaringen \u00e4r att vi mer komplexa \u00e4n s\u00e5. Vi har en personlighet som \u00e4r pr\u00e4glad av uppfostran, genetiskt arv, socialt arv, milj\u00f6, medvetna och omedvetna val&#8230;.och upplevelser i livet skapar k\u00e4nslor som blir triggers f\u00f6r andra upplevelser.<\/p>\n<p><strong>Men din sexuella energi<\/strong> som har sin boning i b\u00e4ckenbotten och som kan fl\u00f6da fritt i kroppen, har inga specifika \u00f6nskem\u00e5l. Den bara \u00e4r och p\u00e5verkas av hur du r\u00f6r din kropp, din attityd till dig sj\u00e4lv och andra, livet, om du andas med hela lungkapaciteten eller inte&#8230;hur fri du \u00e4r i kroppen och livet.<\/p>\n<p><strong>Din sexuella energi \u00e4r inte ens n\u00f6dv\u00e4ndigtvis<\/strong> direkt kopplad till explicit sexuell aktivitet. Din sexuell energi kan p\u00e5verkas av att k\u00e4nna sj\u00f6vatten mot naken hud, en kattunge som vilar sig i solen, mat som ser och smakar fanstastisk gott, barn som skrattar lyckligt, ett glatt leende fr\u00e5n en v\u00e4n \u2013 och allt detta vet du egentligen. Fr\u00e5gan \u00e4r bara om du har kopplat ihop det med att det \u00e4r samma energi som n\u00e4r du \u00e4r k\u00e5t? Du kan naturligtvis uppleva den som annorlunda och det beror p\u00e5 att din sexuella energi k\u00e4nns annorlunda beroende p\u00e5 var i kroppen den fl\u00f6dar och \u00e4r som starkast, med vilka k\u00e4nslor som du har samtidigt och vad du till\u00e5ter dig att uppleva utan att ha vare sig f\u00f6rv\u00e4ntningar eller \u00f6nskningar.<\/p>\n<p><strong>Vi begr\u00e4nsar oss \u00e4ven inom sexuella aktiviteter<\/strong> \u2013 f\u00f6rest\u00e4ll dig som heterosexuell man att din kvinna f\u00f6resl\u00e5r att din homosexuella kompis som \u00e4r man och j\u00e4ttebra p\u00e5 att suga kuk ska smaka p\u00e5 dig. Att du blir t\u00e4nd eller inte kommer att bero p\u00e5 din attityd till att ha sexuella upplevelser utanf\u00f6r dina sexuella preferensramar. Din sexuella energi kan h\u00f6jas och fl\u00f6da lika mycket oberoende p\u00e5 om det \u00e4r en man eller kvinna som ber\u00f6r din kuk. Det enda som hindrar den sexuella energin fr\u00e5n att fl\u00f6da skulle kunna vara din attityd av att det skulle vara \u00e4ckligt eller konstigt. Detta betyder inte att det \u00e4r fel eller dumt med att ha personliga preferenser f\u00f6r att de kan begr\u00e4nsa. Det handlar snarare om du kanske omedvetet begr\u00e4nsar din njutning och energi i on\u00f6dan.<\/p>\n<p><strong>Din sexuella energi p\u00e5verkar du med din attityd<\/strong> och dina personliga preferenser och n\u00e4r du f\u00f6r\u00e4ndrar dessa p\u00e5verkas ocks\u00e5 ditt sexuella fl\u00f6de i kroppen.<\/p>\n<p><strong>Din attityd p\u00e5verkar ditt liv mer \u00e4n du tror.<\/strong> En d\u00e5lig sj\u00e4lvk\u00e4nsla skapar ett r\u00f6relseschema som \u00e4r litet och tr\u00e5ngt, som g\u00f6r att du bara tar sm\u00e5 andetag och pratar l\u00e4gre. Kanske r\u00f6r du bara h\u00e4nderna n\u00e4r du pratar. Ansiktet \u00e4r till synes ober\u00f6rt av k\u00e4nslor. Du blir liten och den sexuella energin somnar.<\/p>\n<p><strong>Din sexuella energi vill<\/strong> att du b\u00e5de andas och r\u00f6r dig stort. Se p\u00e5 sm\u00e5 barn n\u00e4r de leker \u2013 de pratar och gormar h\u00f6gt \u2013 anv\u00e4nder ljud p\u00e5 de mest kreativa s\u00e4tt, och r\u00f6r sina kroppar fritt och levande. Som vuxna blir vi mindre och svagare, eller l\u00e5ter oss bli mindre, i ett f\u00f6rs\u00f6k av att anpassa oss, vara lik den andra, inte sticka ut&#8230;..<\/p>\n<p><strong>S\u00e5 fundera p\u00e5 hur du kan expandera din k\u00e4nsla<\/strong> av LIV i ditt liv och kropp, hur du medvetet kan l\u00e5ta dig p\u00e5verkas av din omgivning, andra m\u00e4nniskor och m\u00f6ten p\u00e5 ett s\u00e4tt som f\u00e5r dina sexuella energier att r\u00f6ra sig med mera fl\u00f6de i kroppen. Med mera fl\u00f6de kommer inte bara en p\u00e5tagligare sexuell lust utan ocks\u00e5 starkare livsgl\u00e4dje, kreativitet och starkare k\u00e4nslor.<\/p>\n<p><strong>Mera LIV.<\/strong><\/p>\n<p>Jennie Rehbinder 2009<\/p>\n<p><img decoding=\"async\" loading=\"lazy\" src=\"https:\/\/i1.wp.com\/www.cirkuseros.nu\/app\/uploads\/2016\/11\/tunnlinjeoriginal_584.gif?resize=584%2C8&#038;ssl=1\" alt=\"linje\" data-recalc-dims=\"1\" \/><br \/>\n<a href=\"https:\/\/www.cirkuseros.nu\/index.php\/text\/artiklar\/artiklar-av-gastartister-andra-skribenter\/\"><strong><span style=\"font-family: Verdana, Geneva, Arial, Helvetica, Sans serif; font-size: small;\">Tillbaka till Artiklar av g\u00e4startister \u00bb<\/span><\/strong><\/a><br \/>\n<img decoding=\"async\" loading=\"lazy\" src=\"https:\/\/i0.wp.com\/www.cirkuseros.nu\/app\/uploads\/2017\/01\/heartline_584.gif?resize=584%2C20&#038;ssl=1\" alt=\"Heartline\" data-recalc-dims=\"1\" \/><\/p>\n<p><img decoding=\"async\" loading=\"lazy\" src=\"https:\/\/i2.wp.com\/www.cirkuseros.nu\/app\/uploads\/2016\/10\/fri_kursbanner_ani.gif?resize=584%2C140&#038;ssl=1\" alt=\"Cirkus Eros - erotik f\u00f6r finsmakare\" data-recalc-dims=\"1\" \/><\/p>\n","protected":false},"excerpt":{"rendered":"<p>Din sexuella energi \u00e4r omnipotent. Din sexuella energi har inga preferenser om k\u00f6n, l\u00e5ng eller kort, muskelberg eller gosigt mullig, stora eller sm\u00e5 br\u00f6st, starka armmuskler eller skarpt huvud. Om du blir t\u00e4nd p\u00e5 en kvinna med stora br\u00f6st eller &hellip; <a href=\"https:\/\/www.cirkuseros.nu\/index.php\/text\/artiklar\/artiklar-av-gastartister-andra-skribenter\/din-sexuella-energi-ar-omnipotent\/\">Forts\u00e4tt l\u00e4sa <span class=\"meta-nav\">&rarr;<\/span><\/a><\/p>\n","protected":false},"author":2,"featured_media":0,"parent":1022,"menu_order":21,"comment_status":"closed","ping_status":"closed","template":"sidebar-page.php","meta":[],"_links":{"self":[{"href":"https:\/\/www.cirkuseros.nu\/index.php\/wp-json\/wp\/v2\/pages\/1484"}],"collection":[{"href":"https:\/\/www.cirkuseros.nu\/index.php\/wp-json\/wp\/v2\/pages"}],"about":[{"href":"https:\/\/www.cirkuseros.nu\/index.php\/wp-json\/wp\/v2\/types\/page"}],"author":[{"embeddable":true,"href":"https:\/\/www.cirkuseros.nu\/index.php\/wp-json\/wp\/v2\/users\/2"}],"replies":[{"embeddable":true,"href":"https:\/\/www.cirkuseros.nu\/index.php\/wp-json\/wp\/v2\/comments?post=1484"}],"version-history":[{"count":1,"href":"https:\/\/www.cirkuseros.nu\/index.php\/wp-json\/wp\/v2\/pages\/1484\/revisions"}],"predecessor-version":[{"id":7083,"href":"https:\/\/www.cirkuseros.nu\/index.php\/wp-json\/wp\/v2\/pages\/1484\/revisions\/7083"}],"up":[{"embeddable":true,"href":"https:\/\/www.cirkuseros.nu\/index.php\/wp-json\/wp\/v2\/pages\/1022"}],"wp:attachment":[{"href":"https:\/\/www.cirkuseros.nu\/index.php\/wp-json\/wp\/v2\/media?parent=1484"}],"curies":[{"name":"wp","href":"https:\/\/api.w.org\/{rel}","templated":true}]}}