{"id":1494,"date":"2016-11-22T02:40:23","date_gmt":"2016-11-22T01:40:23","guid":{"rendered":"https:\/\/cirkuseros.wordpress.com\/?page_id=1494"},"modified":"2017-02-09T02:03:59","modified_gmt":"2017-02-09T01:03:59","slug":"orgasmens-olika-faktorer","status":"publish","type":"page","link":"https:\/\/www.cirkuseros.nu\/index.php\/text\/artiklar\/artiklar-av-gastartister-andra-skribenter\/orgasmens-olika-faktorer\/","title":{"rendered":"Orgasmens olika faktorer"},"content":{"rendered":"<p><img decoding=\"async\" loading=\"lazy\" src=\"https:\/\/i2.wp.com\/www.cirkuseros.nu\/app\/uploads\/2016\/11\/solosex_1.jpg?resize=584%2C354&#038;ssl=1\" alt=\"solosex_1\" data-recalc-dims=\"1\" \/><\/p>\n<p><strong>Mycket kortfattat vilka faktorer som p\u00e5verkar orgasmen:<\/strong><\/p>\n<p><strong>Jag fokuserar helt och h\u00e5llet p\u00e5 kvinnans orgasm<\/strong>, men ibland \u00e4r faktorerna desamma p\u00e5 m\u00e4n och ibland inte. Livet \u00e4r or\u00e4ttvist! =) Jag kommer att skriva ett inl\u00e4gg om varje enskild faktor och utveckla dessa, genom att ber\u00e4tta hur den anv\u00e4nds och vad den g\u00f6r i kroppen f\u00f6r orgasmen. Om du kommer p\u00e5 n\u00e5gon som jag inte har tagit med men som du sj\u00e4lv anser p\u00e5verkar din orgasm, s\u00e5 kommentera.<\/p>\n<p>De \u00e4r INTE skrivna i n\u00e5gon slags ordning, d\u00e4r f\u00f6rst eller sist \u00e4r viktigast.<\/p>\n<p><img decoding=\"async\" loading=\"lazy\" src=\"https:\/\/i1.wp.com\/www.cirkuseros.nu\/app\/uploads\/2016\/11\/tunnlinjeoriginal_584.gif?resize=584%2C8&#038;ssl=1\" alt=\"tunnlinjeoriginal_584\" data-recalc-dims=\"1\" \/><\/p>\n<p><strong>Sensuell ber\u00f6ring<\/strong> (det man ibland dumt nog kallar f\u00f6rspel, som liksom syftar p\u00e5 att sensuell ber\u00f6ring skulle vara n\u00e5gon slags transportstr\u00e4cka till penetration \u2013 s\u00e5 fel det kan bli!)<\/p>\n<p><strong>Erotisk ber\u00f6ring<\/strong> \u2013 egentligen \u00e4r m\u00e5nga av faktorerna erotisk ber\u00f6ring, men de \u00e4r s\u00e5 viktiga \u2013 se klitoris exempelvis. I erotisk ber\u00f6ring finns det plats f\u00f6r resten av kroppen och dess erogena zoner.<\/p>\n<p><strong>Klitorisstimulering<\/strong> \u2013 VIKTIG!<\/p>\n<p><strong>G-punkten<\/strong> &#8211; ett omr\u00e5de som tydligen f\u00f6rbryllar en del forskare och kvinnor f\u00f6r den delen, men f\u00f6r de som har hittat den \u00e4r den en hit!<\/p>\n<p><strong>A-punkten<\/strong> \u2013 ligger l\u00e4ngre in vid livmodertappen och \u00e4r v\u00e4ldans sk\u00f6n.<\/p>\n<p><strong>Triangeln<\/strong> \u2013 att ber\u00f6ra minst tre kroppsdelar samtidigt.<\/p>\n<p><strong>PC-muskeln\/b\u00e4ckenbottenmuskulaturen<\/strong> \u2013 en stark och aktiv pc-muskel tar dig till nya orgasmniv\u00e5er. Tr\u00e4na den dagligen genom att sp\u00e4nna\/slappna av, sp\u00e4nna\/slappna av&#8230;.<\/p>\n<p><strong>Ljud<\/strong> \u2013 japp, vill du f\u00e5 helkroppsorgasmer och k\u00e4nna hur huvudet, armar, ben, hela du sk\u00f6ljs av orgasmv\u00e5gor, s\u00e5 \u00e4r det ibland viktigt att strunta i vad grannarna kommer att tycka och bara l\u00e5ta. =)<\/p>\n<p><strong>R\u00f6relse\/lita p\u00e5 kroppen<\/strong> &#8211; Vi t\u00e4nker alldeles f\u00f6r mycket. Kroppen vet hur den ska njuta. Du beh\u00f6ver l\u00e4ra dig att lyssna p\u00e5 kroppen och att VARA i kroppen.<\/p>\n<p><strong>B\u00e4ckenbottenr\u00f6relse<\/strong> &#8211; p\u00e5verkar orgasmenergin upp i kroppen, och dessa r\u00f6relser g\u00f6r du ofta spontant utan att fundera s\u00e5 mycket. Och det \u00e4r bra. L\u00e4gg m\u00e4rke till hur du r\u00f6r din kropp under upphetsningsfasen.<\/p>\n<p><strong>Andning p\u00e5 olika s\u00e4tt<\/strong> &#8211; utforska olika s\u00e4tt att andas \u2013 mer dynamiskt, snabbt, djupare&#8230;.oj, oj, oj, vad andningen kan g\u00f6ra f\u00f6r din sexuella upplevelse! En mycket viktig faktor!<\/p>\n<p><strong>Tiden<\/strong> \u2013 ju l\u00e4ngre desto b\u00e4ttre, oftast.<\/p>\n<p><strong>Hj\u00e4rnan\/Attityd<\/strong> &#8211; h\u00e4r finns det mycket att skriva om och kanske delas den upp i flera punkter\/inl\u00e4gg \u2013 ansvar, lekfullhet, k\u00e4nslor, h\u00e4ngivenhet&#8230;liknande.<\/p>\n<p><strong>N\u00e4rvaro<\/strong> \u2013 hur n\u00e4rvarande \u00e4r du i kroppen? Hur n\u00e4rvarande \u00e4r du i ditt k\u00f6n? Kan du k\u00e4nna henne nu? Din n\u00e4rvaro p\u00e5verkas av ditt dagshum\u00f6r (samt f\u00f6rm\u00e5ga att f\u00f6r\u00e4ndra ditt hum\u00f6r), och stressniv\u00e5\/f\u00f6rm\u00e5ga till avslappning. Det \u00e4r viktigt att l\u00e4ra sig metoder\/verktyg som kan ta dig till n\u00e4rvaro\/h\u00e4r och nu.<\/p>\n<p><strong>Sj\u00e4lvbild<\/strong> \u2013 hur mycket du \u00e4lskar dig sj\u00e4lv p\u00e5verkar hur mycket du njuter. En \u00e4lskad kropp njuter mer \u00e4n en som inte \u00e4r det. S\u00e5 odla en positiv sj\u00e4lvbild.<\/p>\n<p><strong>Fantasier<\/strong> &#8211; kan vara skillnaden mellan att komma till klimax eller inte. NJUT av bilderna som skapas i ditt huvud och h\u00f6jer din sexuella energi! =)<\/p>\n<p><strong>Sexleksaker<\/strong> &#8211; \u00e5h, vad glad jag \u00e4r att det finns batterier. Nu slipper man f\u00e5 tr\u00e4ningsverk i handen. Det finns uppladdningsbara klitorisvibratorer med en batteritid p\u00e5 sju timmar! Yippie!<\/p>\n<p><strong>Intimitet<\/strong> \u2013 n\u00e4rheten till en partner p\u00e5verkar oftast orgasmen till mer k\u00e4rlek och fl\u00f6dande k\u00e4nslor \u2013 och \u00e4nnu mer intimitet. Andas medvetet upp den sexuella energin till hj\u00e4rtat f\u00f6r att skapa mer k\u00e4rlek och intimitet er emellan.<\/p>\n<p><img decoding=\"async\" loading=\"lazy\" src=\"https:\/\/i1.wp.com\/www.cirkuseros.nu\/app\/uploads\/2016\/11\/tunnlinjeoriginal_584.gif?resize=584%2C8&#038;ssl=1\" alt=\"tunnlinjeoriginal_584\" data-recalc-dims=\"1\" \/><\/p>\n<p>F\u00f6r somliga kvinnor \u00e4r font\u00e4norgasmer n\u00e5got som h\u00f6r till och f\u00f6rh\u00f6jer k\u00e4nslan. Jag kommer att skriva om kvinnlig ejakulation ocks\u00e5.<\/p>\n<p>Ja, det var ett smakprov p\u00e5 vad som komma skall.<\/p>\n<p>Jennie Rehbinder 2009<\/p>\n<p><img decoding=\"async\" loading=\"lazy\" src=\"https:\/\/i0.wp.com\/www.cirkuseros.nu\/app\/uploads\/2016\/11\/efter_orgasmen.jpg?resize=584%2C289&#038;ssl=1\" alt=\"efter_orgasmen\" data-recalc-dims=\"1\" \/><\/p>\n<p><img decoding=\"async\" loading=\"lazy\" src=\"https:\/\/i1.wp.com\/www.cirkuseros.nu\/app\/uploads\/2016\/11\/tunnlinjeoriginal_584.gif?resize=584%2C8&#038;ssl=1\" alt=\"linje\" data-recalc-dims=\"1\" \/><br \/>\n<a href=\"https:\/\/www.cirkuseros.nu\/index.php\/text\/artiklar\/artiklar-av-gastartister-andra-skribenter\/\"><strong><span style=\"font-family: Verdana, Geneva, Arial, Helvetica, Sans serif; font-size: small;\">Tillbaka till Artiklar av g\u00e4startister \u00bb<\/span><\/strong><\/a><br \/>\n<img decoding=\"async\" loading=\"lazy\" src=\"https:\/\/i0.wp.com\/www.cirkuseros.nu\/app\/uploads\/2017\/01\/heartline_584.gif?resize=584%2C20&#038;ssl=1\" alt=\"Heartline\" data-recalc-dims=\"1\" \/><\/p>\n<p><img decoding=\"async\" loading=\"lazy\" src=\"https:\/\/i2.wp.com\/www.cirkuseros.nu\/app\/uploads\/2016\/10\/fri_kursbanner_ani.gif?resize=584%2C140&#038;ssl=1\" alt=\"Cirkus Eros - erotik f\u00f6r finsmakare\" data-recalc-dims=\"1\" \/><\/p>\n","protected":false},"excerpt":{"rendered":"<p>Mycket kortfattat vilka faktorer som p\u00e5verkar orgasmen: Jag fokuserar helt och h\u00e5llet p\u00e5 kvinnans orgasm, men ibland \u00e4r faktorerna desamma p\u00e5 m\u00e4n och ibland inte. Livet \u00e4r or\u00e4ttvist! =) Jag kommer att skriva ett inl\u00e4gg om varje enskild faktor och &hellip; <a href=\"https:\/\/www.cirkuseros.nu\/index.php\/text\/artiklar\/artiklar-av-gastartister-andra-skribenter\/orgasmens-olika-faktorer\/\">Forts\u00e4tt l\u00e4sa <span class=\"meta-nav\">&rarr;<\/span><\/a><\/p>\n","protected":false},"author":2,"featured_media":0,"parent":1022,"menu_order":20,"comment_status":"closed","ping_status":"closed","template":"sidebar-page.php","meta":[],"_links":{"self":[{"href":"https:\/\/www.cirkuseros.nu\/index.php\/wp-json\/wp\/v2\/pages\/1494"}],"collection":[{"href":"https:\/\/www.cirkuseros.nu\/index.php\/wp-json\/wp\/v2\/pages"}],"about":[{"href":"https:\/\/www.cirkuseros.nu\/index.php\/wp-json\/wp\/v2\/types\/page"}],"author":[{"embeddable":true,"href":"https:\/\/www.cirkuseros.nu\/index.php\/wp-json\/wp\/v2\/users\/2"}],"replies":[{"embeddable":true,"href":"https:\/\/www.cirkuseros.nu\/index.php\/wp-json\/wp\/v2\/comments?post=1494"}],"version-history":[{"count":1,"href":"https:\/\/www.cirkuseros.nu\/index.php\/wp-json\/wp\/v2\/pages\/1494\/revisions"}],"predecessor-version":[{"id":7084,"href":"https:\/\/www.cirkuseros.nu\/index.php\/wp-json\/wp\/v2\/pages\/1494\/revisions\/7084"}],"up":[{"embeddable":true,"href":"https:\/\/www.cirkuseros.nu\/index.php\/wp-json\/wp\/v2\/pages\/1022"}],"wp:attachment":[{"href":"https:\/\/www.cirkuseros.nu\/index.php\/wp-json\/wp\/v2\/media?parent=1494"}],"curies":[{"name":"wp","href":"https:\/\/api.w.org\/{rel}","templated":true}]}}