{"id":1576,"date":"2016-11-22T03:50:41","date_gmt":"2016-11-22T02:50:41","guid":{"rendered":"https:\/\/cirkuseros.wordpress.com\/?page_id=1576"},"modified":"2017-02-09T02:08:33","modified_gmt":"2017-02-09T01:08:33","slug":"har-ar-din-nya-sexpolitik-fredrik","status":"publish","type":"page","link":"https:\/\/www.cirkuseros.nu\/index.php\/text\/artiklar\/artiklar-av-gastartister-andra-skribenter\/har-ar-din-nya-sexpolitik-fredrik\/","title":{"rendered":"H\u00e4r \u00e4r din nya sexpolitik, Fredrik"},"content":{"rendered":"<p><span style=\"font-family:Garamond, AGaramond, Times, serif;font-size:x-large;\"><b>av Petra \u00d6stergren<\/b><\/span><\/p>\n<p><span style=\"color:#330000;font-family:Courier, Typewriter, Verdana, Sans Serif;font-size:small;\">Publicerad i Expressen 2006-11-08.<\/span><\/p>\n<p><strong>Den socialdemokratiska regeringen f\u00f6rde i m\u00e5nga avseenden en extrem sexualpolitik, byggd p\u00e5 f\u00f6rdomar om m\u00e4n, kvinnor och vad som anses normalt. Den nya regeringen har ett tungt arv att g\u00f6ra upp med. Sverige beh\u00f6ver en ny sexpolitik styrd av kunskap och respekt f\u00f6r sexuell olikhet. Det skriver i dag f\u00f6rfattaren och sexdebatt\u00f6ren PETRA \u00d6STERGREN.<\/strong><\/p>\n<p><strong>Sex \u00e4r sannerligen inte en l\u00e4tt sak<\/strong> att ha att g\u00f6ra med. Och n\u00e4r man blandar sex och politik blir saken \u00e4nnu v\u00e4rre.<br \/>\nF\u00f6r att f\u00e5 hj\u00e4lp med fr\u00e5gan tog den socialdemokratiska regeringen hj\u00e4lp av de mest h\u00e5rdf\u00f6ra radikalfeministerna man kunde uppb\u00e5da.<br \/>\nAndrea Dworkin som fl\u00f6gs in till en Rokskonferens mot porr i b\u00f6rjan av 1990-talet fick lovord av Laila Freivalds och citerades sedan flitigt i den senaste prostitutionsutredningen. N\u00e4r &#8221;Shocking Truth&#8221;-v\u00e5gorna gick h\u00f6ga i b\u00f6rjan av 2000-talet passade d\u00e5varande kulturminister Marita Ulvskog p\u00e5 att agera. Genom att f\u00f6rkorta tiden f\u00f6r hur l\u00e4nge censorerna p\u00e5 Statens Biografbyr\u00e5 fick jobba ville hon f\u00e5 dem att censurera porr i enlighet med egna \u00f6nskem\u00e5l.<br \/>\nSexk\u00f6pslagen gick igenom trots rangligt underlag och protester fr\u00e5n remissinstanser. Och utan att de med mest kunskap och som \u00e4r mest ber\u00f6rda fick s\u00e4ga sin mening &#8211; sexs\u00e4ljarna sj\u00e4lv.<br \/>\nSom pricken \u00f6ver i:et anst\u00e4llde Margareta Winberg den fam\u00f6sa Gunilla Ekberg som s\u00e4rskild r\u00e5dgivare till regeringen i prostitutionsfr\u00e5gor. Vad hennes tidigare meriter varit i fr\u00e5gan vet ingen, f\u00f6rutom medlemskap i CATW, en internationell radikalfeministisk organisation som samarbetar med Bush-regeringen i prostitutionsfr\u00e5gor.<\/p>\n<p><strong>Den strikta svenska prostitutionspolitiken<\/strong> baseras f\u00f6rvisso \u00e4ven p\u00e5 forskning. Den svenska \u00e4r 25 \u00e5r gammal och gjord av porr- och prostitutionsmotst\u00e5ndare fr\u00e5n v\u00e4nsterh\u00e5ll med samlivsreformistiska ambitioner. Inom ramen f\u00f6r projekt som hade till syfte att f\u00e5 bort prostitutionen. Den internationella forskningen \u00e4r radikalfeministisk.<br \/>\nResultatet har blivit en svensk sexualpolitik som baseras p\u00e5 f\u00f6rdomar om sex som anses &#8221;\u00e4ckligt&#8221; och &#8221;onormalt&#8221;, som ytterligare stigmatiserar &#8221;horan&#8221; och som har skapat nya kategorier av &#8221;perversa&#8221; m\u00e4n. Som f\u00f6rf\u00f6r med ett feministiskt nyspr\u00e5k d\u00e4r kvinnors r\u00e4dsla f\u00f6r sexuellt v\u00e5ld exploateras.<br \/>\nSamtyckande handlingar mellan vuxna m\u00e4nniskor har blivit till m\u00e4ns v\u00e5ld mot kvinnor. Kvinnor som s\u00e4ljer sex \u00e4r offer f\u00f6r patriarkatet och d\u00e5lig barndom. Harml\u00f6s s\/m sex p\u00e5 bild har blivit till &#8221;v\u00e5ldsporr&#8221; och &#8221;sexualiseringen av det offentliga rummet&#8221; anses vara en s\u00e5dan styggelse att ingrepp i yttrandefriheten anses ber\u00e4ttigat. Detta trots att ingen vet vad &#8221;sexualisering&#8221; \u00e4r och var gr\u00e4nserna f\u00f6r det offentliga rummet g\u00e5r. Vi tror att Sverige f\u00e5r internationella appl\u00e5der. I sj\u00e4lva verket skrattar de \u00e5t oss. Eller varnar f\u00f6r oss.<br \/>\nH\u00e4r skulle en ny sexualpolitik &#8211; f\u00f6rankrad i liberala \u00f6vertygelser om bildning, yttrandefrihet och sj\u00e4lvbest\u00e4mmande &#8211; kunna g\u00f6ra underverk.<\/p>\n<p><strong>Den skulle inneb\u00e4ra att vuxenscensuren slopades.<\/strong> Liksom sexk\u00f6pslagen. Att all sexualpolitisk lagstiftning nagelfors, inklusive den som reglerar sex f\u00f6r pengar, f\u00f6r att unders\u00f6ka om h\u00e4r fanns s\u00e4rbehandling som m\u00e5ste \u00e5tg\u00e4rdas. Att \u00e4ven kvinnor som s\u00e4ljer sex behandlades som fullv\u00e4rdiga samh\u00e4llsmedborgare. Att man unders\u00f6kte om den svenska policyn kring m\u00e4nniskohandel f\u00f6r sexuella \u00e4ndam\u00e5l hade rasistiska och xenofobiska grunder och implikationer. Att de sexologiska forskningscentra som lagts ned inte bara fick \u00e5teruppst\u00e5, utan \u00e4ven att fler startades.<\/p>\n<p><strong>Det jag efterlyser \u00e4r ett nytt slags politiskt samtal<\/strong> om sex. Ett samtal som \u00e4r mindre styrt av k\u00e4nslor och mer styrt av kunskap och respekt f\u00f6r sexuell olikhet. Ett samtal som utg\u00e5r fr\u00e5n etiska principer snarare \u00e4n f\u00f6rdomar och kulturella tankem\u00f6nster om sex. Ett som \u00e4r intellektuellt hederligt och v\u00e5gar solidariserar sig med m\u00e4n som f\u00f6r n\u00e4rvarande r\u00e5kar anses perversa eller kvinnor som anses fallna.<br \/>\nEtt politiskt samtal som bryr sig mer om pragmatism \u00e4n symbolism. Och som kan leda till en j\u00e4mst\u00e4lldhets- och sexualpolitik som Sverige verkligen kan vara stolt \u00f6ver. Men inte f\u00f6r att f\u00e5 en fj\u00e4der i hatten internationellt. Utan f\u00f6r att vi verkligen bryr oss om yttrandefrihet och tror p\u00e5 alla m\u00e4nniskors likaber\u00e4ttigande. I v\u00e5rt eget land.<\/p>\n<p>\u00a0<\/p>\n<p>\u00a9 Petra \u00d6stergren 2006<\/p>\n<p><span style=\"color:#330000;font-family:Courier, Typewriter, Verdana, Sans Serif;font-size:small;\">Petra \u00d6stergren \u00e4r f\u00f6rfattare och debatt\u00f6r. Hon har bland annat skrivit boken &#8221;Porr, horor och feminister&#8221;.<br \/>\nBes\u00f6k g\u00e4rna <b><a href=\"http:\/\/www.petraostergren.com\" target=\"_blank\">Petras egen hemsida<\/a><\/b>! <\/span><\/p>\n<p><img decoding=\"async\" loading=\"lazy\" src=\"https:\/\/i1.wp.com\/www.cirkuseros.nu\/app\/uploads\/2016\/11\/tunnlinjeoriginal_584.gif?resize=584%2C8&#038;ssl=1\" alt=\"linje\" data-recalc-dims=\"1\" \/><br \/>\n<a href=\"https:\/\/www.cirkuseros.nu\/index.php\/text\/artiklar\/artiklar-av-gastartister-andra-skribenter\/\"><strong><span style=\"font-family: Verdana, Geneva, Arial, Helvetica, Sans serif; font-size: small;\">Tillbaka till Artiklar av g\u00e4startister \u00bb<\/span><\/strong><\/a><br \/>\n<img decoding=\"async\" loading=\"lazy\" src=\"https:\/\/i0.wp.com\/www.cirkuseros.nu\/app\/uploads\/2017\/01\/heartline_584.gif?resize=584%2C20&#038;ssl=1\" alt=\"Heartline\" data-recalc-dims=\"1\" \/><\/p>\n<p><img decoding=\"async\" loading=\"lazy\" src=\"https:\/\/i2.wp.com\/www.cirkuseros.nu\/app\/uploads\/2016\/10\/fri_kursbanner_ani.gif?resize=584%2C140&#038;ssl=1\" alt=\"Cirkus Eros - erotik f\u00f6r finsmakare\" data-recalc-dims=\"1\" \/><\/p>\n","protected":false},"excerpt":{"rendered":"<p>av Petra \u00d6stergren Publicerad i Expressen 2006-11-08. Den socialdemokratiska regeringen f\u00f6rde i m\u00e5nga avseenden en extrem sexualpolitik, byggd p\u00e5 f\u00f6rdomar om m\u00e4n, kvinnor och vad som anses normalt. Den nya regeringen har ett tungt arv att g\u00f6ra upp med. Sverige &hellip; <a href=\"https:\/\/www.cirkuseros.nu\/index.php\/text\/artiklar\/artiklar-av-gastartister-andra-skribenter\/har-ar-din-nya-sexpolitik-fredrik\/\">Forts\u00e4tt l\u00e4sa <span class=\"meta-nav\">&rarr;<\/span><\/a><\/p>\n","protected":false},"author":2,"featured_media":0,"parent":1022,"menu_order":15,"comment_status":"closed","ping_status":"closed","template":"sidebar-page.php","meta":[],"_links":{"self":[{"href":"https:\/\/www.cirkuseros.nu\/index.php\/wp-json\/wp\/v2\/pages\/1576"}],"collection":[{"href":"https:\/\/www.cirkuseros.nu\/index.php\/wp-json\/wp\/v2\/pages"}],"about":[{"href":"https:\/\/www.cirkuseros.nu\/index.php\/wp-json\/wp\/v2\/types\/page"}],"author":[{"embeddable":true,"href":"https:\/\/www.cirkuseros.nu\/index.php\/wp-json\/wp\/v2\/users\/2"}],"replies":[{"embeddable":true,"href":"https:\/\/www.cirkuseros.nu\/index.php\/wp-json\/wp\/v2\/comments?post=1576"}],"version-history":[{"count":1,"href":"https:\/\/www.cirkuseros.nu\/index.php\/wp-json\/wp\/v2\/pages\/1576\/revisions"}],"predecessor-version":[{"id":7090,"href":"https:\/\/www.cirkuseros.nu\/index.php\/wp-json\/wp\/v2\/pages\/1576\/revisions\/7090"}],"up":[{"embeddable":true,"href":"https:\/\/www.cirkuseros.nu\/index.php\/wp-json\/wp\/v2\/pages\/1022"}],"wp:attachment":[{"href":"https:\/\/www.cirkuseros.nu\/index.php\/wp-json\/wp\/v2\/media?parent=1576"}],"curies":[{"name":"wp","href":"https:\/\/api.w.org\/{rel}","templated":true}]}}