{"id":1594,"date":"2016-11-22T04:04:01","date_gmt":"2016-11-22T03:04:01","guid":{"rendered":"https:\/\/cirkuseros.wordpress.com\/?page_id=1594"},"modified":"2017-02-09T02:10:35","modified_gmt":"2017-02-09T01:10:35","slug":"stringtrosor-battre-an-statsfeminism","status":"publish","type":"page","link":"https:\/\/www.cirkuseros.nu\/index.php\/text\/artiklar\/artiklar-av-gastartister-andra-skribenter\/stringtrosor-battre-an-statsfeminism\/","title":{"rendered":"Stringtrosor b\u00e4ttre \u00e4n statsfeminism"},"content":{"rendered":"<p><strong>Det \u00e4r inte Fi som g\u00f6r feminismen den st\u00f6rsta bj\u00f6rntj\u00e4nsten, det \u00e4r den socialdemokratiska regeringen som i m\u00e5nga \u00e5r har krympt en frihetlig id\u00e9 till sipp moralism.<\/strong><br \/>\n<strong> Det menar feministen MANNE FORSSBERG, f\u00f6rfattare till succ\u00e9boken &#8221;Kukbruk&#8221;.<\/strong><br \/>\n<strong> I en serie artiklar f\u00f6r Sidan 4 i Expressen g\u00f6r han upp med svensk statsfeminism.<br \/>\nI dag: del 1.<\/strong><\/p>\n<p><strong>Socialdemokraterna \u00e4r oroade<\/strong> f\u00f6r v\u00e5ra unga tjejer. Mona Sahlin tycker att porrens bildspr\u00e5k har flyttat in i medierna, G\u00f6ran Persson vill lagstifta mot sexualiserad reklam och Jens Orback str\u00f6sslar pengar \u00f6ver f\u00f6reningar som vill unders\u00f6ka den pornofierade offentligheten. Att kr\u00e4va h\u00e5rdare tag mot sexualiseringen har blivit ett legitimt s\u00e4tt att med (kvasi-) feministiskt alibi f\u00f6rena den spridda opinion som samlas under moralflaggan. Men att det f\u00f6rst\u00e4rker k\u00f6nsrollsf\u00f6rtrycket verkar man v\u00e4lja att bortse ifr\u00e5n.<br \/>\nDet var p\u00e5 s-kvinnornas kongress i v\u00e5ras som G\u00f6ran Persson ber\u00e4ttade att han f\u00e5tt trosor p\u00e5 hj\u00e4rnan och \u00f6verv\u00e4ger att lagstifta mot sexualiserad reklam. Det var r\u00f6stfiske och opinionsvindsurfing, f\u00f6r det skulle vara om\u00f6jligt att genomf\u00f6ra. Tryckfriheten \u00e4r en av demokratins b\u00e4rande grundpelare och vinden i opinionsseglen skulle f\u00f6rmodligen v\u00e4nda illa kvickt om man inf\u00f6rde dekolletagem\u00e4tning inf\u00f6r schlagerfestivalen, t\u00e4ckte \u00f6ver statyer och censurerade annonstavlor. Men hur kommer det sig att statsfeminismen f\u00e5r vara hur flummig som helst och vad \u00e4r egentligen sexualisering?<\/p>\n<p><strong>Regeringskansliets j\u00e4mst\u00e4lldhetshandl\u00e4ggare<\/strong> som lyckades lura till sig \u00f6ver en miljon kronor fick bland annat anslag till det uppdiktade projektet &#8221;nordisk samverkan mot sexualiseringen av vardagsrummet&#8221;. Jens Orbacks kommentar n\u00e4r bubblan sprack var att &#8221;Han har varit skicklig p\u00e5 det han gjort. Tyv\u00e4rr.&#8221; Helt vilse i ideologin uppenbarligen. F\u00f6r vad \u00e4r ett sexualiserat vardagsrum? \u00c4r det obscena stolsben eller den eviga porren och de st\u00e4ndiga dokus\u00e5porna som \u00e5syftas? Om man vill skydda det uppv\u00e4xande sl\u00e4ktet mot det sistn\u00e4mnda s\u00e5 finns kodade boxar p\u00e5 marknaden s\u00e5 det skulle ha varit ganska bortkastade projektpengar \u00e4ven om det inte g\u00e4llt en bluffans\u00f6kan.<\/p>\n<p><strong>N\u00e4r Berit Andnors Flickaprojekt \u00e5ker runt landet<\/strong> f\u00e5r de unga tjejerna ta st\u00e4llning till om man helst vill vara &#8221;snygg och sexig&#8221; eller &#8221;smart och sj\u00e4lvst\u00e4ndig&#8221;. \u00c4r det en angel\u00e4gen j\u00e4mst\u00e4lldhetsfr\u00e5ga att putta upp den slitna dikotomin mellan kropp och knopp p\u00e5 dagordningen? N\u00e4r &#8221;Lilja 4-ever&#8221; f\u00f6r n\u00e5gra \u00e5r sedan visades f\u00f6r eleverna p\u00e5 Tumba gymnasium fick de m\u00f6jlighet att st\u00e4lla fr\u00e5gor till regeringens prostitutionsexpert Gunilla Ekberg. P\u00e5 fr\u00e5gan om vad de sj\u00e4lva kan g\u00f6ra mot trafficking framh\u00f6ll Ekberg att det \u00e4r viktigt att t\u00e4nka p\u00e5 den sexualisering av k\u00f6nen som g\u00f6r att tjejer anv\u00e4nder stringtrosor.<\/p>\n<p><strong>F\u00f6rmodligen vill Orback<\/strong>, Andnor och statsministern v\u00e4l. M\u00e5nga unga tjejer k\u00e4nner en oerh\u00f6rd press. Den psykiska oh\u00e4lsan \u00e4r skyh\u00f6g och det \u00e4r sant att de nedg\u00f6rande epiteten &#8221;hora&#8221; och &#8221;fitta&#8221; studsar mellan korridorv\u00e4ggarna i v\u00e5ra h\u00f6gstadieskolor. Men det handlar om en benh\u00e5rd k\u00f6nsrollshierarki snarare \u00e4n &#8221;sexualisering&#8221;.<\/p>\n<p><strong>K\u00f6nsroller p\u00e5verkar oss i olika utstr\u00e4ckning.<\/strong> I mina m\u00f6ten med ungdomar runt om i Sverige har jag m\u00e4rkt att vad jag brukar kalla &#8221;hor, bock och b\u00f6gsystemet&#8221; \u00e4r pl\u00e5gsamt p\u00e5tagligt. F\u00f6r killar saknas i princip restriktioner vad g\u00e4ller att g\u00f6ra sig erotiska erfarenheter s\u00e5 l\u00e4nge det r\u00f6r sig om heterosexuella s\u00e5dana. H\u00f6gst i hierarkin st\u00e5r &#8221;bocken&#8221; eller &#8221;playern&#8221;, som beh\u00e4rskar den mansroll som f\u00f6reskriver att man ska vara f\u00f6rr\u00e5ad och sexuellt utagerande. P\u00e5 andra sidan st\u00e5r &#8221;b\u00f6gen&#8221; som inte lyckas uppfylla mansrollskontraktet. F\u00f6r tjejer finns det ingen tydlig hierarkins h\u00f6gsta punkt att str\u00e4va mot. I st\u00e4llet g\u00e4ller det att balansera p\u00e5 en tunn liten lina. Om man skiter i det sexuella spelet riskerar man att kallas &#8221;n\u00f6rd&#8221; eller &#8221;flata&#8221;. Om man \u00e5 andra sidan bejakar sin sexualitet, eller kl\u00e4r sig i s\u00e5 kallat utmanande kl\u00e4der, s\u00e5 finns risken f\u00f6r horst\u00e4mpeln. Samtidigt visar tv:n upp tjejer som tar f\u00f6r sig sexuellt. Jag tror att det uppst\u00e5r ett slags glapp i f\u00f6rv\u00e4ntan.<\/p>\n<p><strong>Flumsnack om pornofiering<\/strong> och sexualisering sl\u00e5r tillbaka mot j\u00e4mst\u00e4lldhetsarbetet och tjejerna. N\u00e4r vuxenv\u00e4rlden tar sig definitionsprivilegiet och utg\u00e5r ifr\u00e5n att tjejer som bejakar sin sexualitet per automatik \u00e4r offer hemfaller man \u00e5t samma k\u00f6nsrollsstrukturer som m\u00e5ste bek\u00e4mpas. D\u00e5 talar man, medvetet eller omedvetet, i samma \u00e4rende som personerna som skriker &#8221;subba&#8221; och &#8221;hora&#8221; efter sina klasskamrater. Utmaningen \u00e4r att ge alla, tjejer och killar, m\u00f6jligheten att hitta sin egen sexualitet bortom k\u00f6nsrollerna. En lagstiftning mot s\u00e5 kallat sexualiserad reklam \u00e4r kontraproduktiv. Det skulle s\u00e4nda ut signalen att just tjejers kroppar \u00e4r s\u00e5 \u00e4nda in i helvete k\u00e4nsliga att de inte f\u00e5r visas. Det finns folk som h\u00e4vdar att burkorna ocks\u00e5 \u00e4r f\u00f6r kvinnornas skull. Bantningsbilagor och dietistterror \u00e4r ett st\u00f6rre hot mot det uppv\u00e4xande sl\u00e4kte \u00e4n underkl\u00e4desannonser. Men jag skulle aldrig drista mig till att f\u00f6resl\u00e5 f\u00f6rbud mot Blossom Tainton.<\/p>\n<p><strong>I st\u00e4llet f\u00f6r att satsa pengar p\u00e5 projekt<\/strong> d\u00e4r man l\u00e4r ut att man inte kan vara snygg och smart samtidigt borde man satsa slantarna p\u00e5 sexualundervisningen, som fortfarande \u00e4r ett sk\u00e4mt p\u00e5 m\u00e5nga h\u00e5ll. Fortfarande pratas det om killars onani och okomplicerade sexuella lust, medan tjejers dito s\u00e4llan n\u00e4mns eller erk\u00e4nns. Den \u00e4r heteronormativ och k\u00f6nsstereotyp. Statsfeminismens engagemang f\u00f6r fjortistjejer har slagit \u00f6ver i en allm\u00e4n sexskr\u00e4ck som \u00e4r betydligt mer skr\u00e4mmande \u00e4n nakenchocker. Eller som Lennart Geijer sa n\u00e4r han sl\u00e4ppte porren fri: &#8221;Smakl\u00f6sheten \u00e4r ett pris vi f\u00e5r betala f\u00f6r yttrandefriheten.&#8221; Och f\u00f6r det j\u00e4mst\u00e4llda samh\u00e4llet, vill jag till\u00e4gga 35 \u00e5r senare.<\/p>\n<p>Manne Forssberg 2005<\/p>\n<p><strong>Publicerad 2005-09-14 p\u00e5 Fj\u00e4rde sidan, Expressen.<\/strong><\/p>\n<p>Manne Forssberg \u00e4r f\u00f6redragsh\u00e5llare, frilansjournalist och f\u00f6rfattare till b\u00e4sts\u00e4ljande ungdomsboken &#8221;Kukbruk&#8221; som bland annat s\u00e5lts till Tyskland och USA. Han startade som h\u00f6gstadieelev samtalsgruppen Linga2000 och gjorde sig k\u00e4nd som mjukismannen som alltid stod p\u00e5 tjejernas sida. Han tycker att vardagsrummet \u00e4r en utm\u00e4rkt plats f\u00f6r sex.<\/p>\n<p><img decoding=\"async\" loading=\"lazy\" src=\"https:\/\/i1.wp.com\/www.cirkuseros.nu\/app\/uploads\/2016\/11\/tunnlinjeoriginal_584.gif?resize=584%2C8&#038;ssl=1\" alt=\"linje\" data-recalc-dims=\"1\" \/><br \/>\n<a href=\"https:\/\/www.cirkuseros.nu\/index.php\/text\/artiklar\/artiklar-av-gastartister-andra-skribenter\/\"><strong><span style=\"font-family: Verdana, Geneva, Arial, Helvetica, Sans serif; font-size: small;\">Tillbaka till Artiklar av g\u00e4startister \u00bb<\/span><\/strong><\/a><br \/>\n<img decoding=\"async\" loading=\"lazy\" src=\"https:\/\/i0.wp.com\/www.cirkuseros.nu\/app\/uploads\/2017\/01\/heartline_584.gif?resize=584%2C20&#038;ssl=1\" alt=\"Heartline\" data-recalc-dims=\"1\" \/><\/p>\n<p><img decoding=\"async\" loading=\"lazy\" src=\"https:\/\/i2.wp.com\/www.cirkuseros.nu\/app\/uploads\/2016\/10\/fri_kursbanner_ani.gif?resize=584%2C140&#038;ssl=1\" alt=\"Cirkus Eros - erotik f\u00f6r finsmakare\" data-recalc-dims=\"1\" \/><\/p>\n","protected":false},"excerpt":{"rendered":"<p>Det \u00e4r inte Fi som g\u00f6r feminismen den st\u00f6rsta bj\u00f6rntj\u00e4nsten, det \u00e4r den socialdemokratiska regeringen som i m\u00e5nga \u00e5r har krympt en frihetlig id\u00e9 till sipp moralism. Det menar feministen MANNE FORSSBERG, f\u00f6rfattare till succ\u00e9boken &#8221;Kukbruk&#8221;. I en serie artiklar &hellip; <a href=\"https:\/\/www.cirkuseros.nu\/index.php\/text\/artiklar\/artiklar-av-gastartister-andra-skribenter\/stringtrosor-battre-an-statsfeminism\/\">Forts\u00e4tt l\u00e4sa <span class=\"meta-nav\">&rarr;<\/span><\/a><\/p>\n","protected":false},"author":2,"featured_media":0,"parent":1022,"menu_order":13,"comment_status":"closed","ping_status":"closed","template":"sidebar-page.php","meta":[],"_links":{"self":[{"href":"https:\/\/www.cirkuseros.nu\/index.php\/wp-json\/wp\/v2\/pages\/1594"}],"collection":[{"href":"https:\/\/www.cirkuseros.nu\/index.php\/wp-json\/wp\/v2\/pages"}],"about":[{"href":"https:\/\/www.cirkuseros.nu\/index.php\/wp-json\/wp\/v2\/types\/page"}],"author":[{"embeddable":true,"href":"https:\/\/www.cirkuseros.nu\/index.php\/wp-json\/wp\/v2\/users\/2"}],"replies":[{"embeddable":true,"href":"https:\/\/www.cirkuseros.nu\/index.php\/wp-json\/wp\/v2\/comments?post=1594"}],"version-history":[{"count":1,"href":"https:\/\/www.cirkuseros.nu\/index.php\/wp-json\/wp\/v2\/pages\/1594\/revisions"}],"predecessor-version":[{"id":7093,"href":"https:\/\/www.cirkuseros.nu\/index.php\/wp-json\/wp\/v2\/pages\/1594\/revisions\/7093"}],"up":[{"embeddable":true,"href":"https:\/\/www.cirkuseros.nu\/index.php\/wp-json\/wp\/v2\/pages\/1022"}],"wp:attachment":[{"href":"https:\/\/www.cirkuseros.nu\/index.php\/wp-json\/wp\/v2\/media?parent=1594"}],"curies":[{"name":"wp","href":"https:\/\/api.w.org\/{rel}","templated":true}]}}