{"id":1604,"date":"2016-11-22T04:24:07","date_gmt":"2016-11-22T03:24:07","guid":{"rendered":"https:\/\/cirkuseros.wordpress.com\/?page_id=1604"},"modified":"2017-02-09T02:12:37","modified_gmt":"2017-02-09T01:12:37","slug":"sluta-forfolja-prostituerade","status":"publish","type":"page","link":"https:\/\/www.cirkuseros.nu\/index.php\/text\/artiklar\/artiklar-av-gastartister-andra-skribenter\/sluta-forfolja-prostituerade\/","title":{"rendered":"Sluta f\u00f6rf\u00f6lja prostituerade"},"content":{"rendered":"<p><strong>Det \u00e4r inte Fi som g\u00f6r feminismen den st\u00f6rsta bj\u00f6rntj\u00e4nsten, det \u00e4r den socialdemokratiska regeringen som i m\u00e5nga \u00e5r har krympt en frihetlig id\u00e9 till sipp moralism.<\/strong><br \/>\n<strong> Det menar feministen Manne Forssberg, f\u00f6rfattare till succ\u00e9boken &#8221;Kukbruk&#8221;.<\/strong><br \/>\n<strong> I en serie artiklar f\u00f6r Sidan 4 g\u00f6r han upp med svensk statsfeminism. <\/strong><br \/>\n<strong>I dag: Prostitution.<\/strong><\/p>\n<p><strong>Jens Orback har huvudet djupt nedstucket i sanden.<\/strong> N\u00e4r han i en DN-intervju fick ber\u00e4tta vilka fr\u00e5gor han ville driva h\u00e5rdast som j\u00e4mst\u00e4lldhetsminister framh\u00f6ll han vikten av att skicka sexk\u00f6pslagen p\u00e5 export &#8221;eftersom den fungerat s\u00e5 bra.&#8221; Lagen har inte alls fungerat bra. De prostituerade kvinnornas situation har blivit mer utsatt och sexhandeln har inte minskat n\u00e4mnv\u00e4rt.<br \/>\nF\u00f6rsta g\u00e5ngen jag fick h\u00f6ra talas om sexk\u00f6pslagen var n\u00e4r jag \u00e5kte taxi med socialdemokratiska kvinnof\u00f6rbundets d\u00e5varande ordf\u00f6rande Inger Segelstr\u00f6m i Ume\u00e5trakten f\u00f6r snart sju \u00e5r sedan. Jag var bara femton \u00e5r p\u00e5 den tiden, men blev ganska tveksam till p\u00e5st\u00e5endet att hon k\u00e4nde alla prostituerade i Stockholm personligen, att de brukade ringa henne och be om hj\u00e4lp.<\/p>\n<p><strong>En sak vet jag nu.<\/strong> I den m\u00e5n prostituerade har h\u00f6rt av sig till Segelstr\u00f6m s\u00e5 \u00e4r det inte f\u00f6r att appl\u00e5dera kriminaliseringen av deras kunder. Men f\u00f6rmodligen hade det inte haft s\u00e4rskilt stor betydelse eftersom lagen var symbolpolitisk och kanske kunde ge EU-cred. I brist p\u00e5 andra sociala reformer var det lockande att visa svenska folket att man var starka nere i Bryssel och hade en tydlig agenda. Det m\u00e5ste ha st\u00e5tt klart redan p\u00e5 planeringsstadiet att sexk\u00f6pslagen inte skulle hj\u00e4lpa n\u00e5gra prostituerade kvinnor.<br \/>\nDomstolsverket, JK, Riks\u00e5klagaren, och RFSU var motst\u00e5ndare till kriminaliseringen av sexk\u00f6pare och socialstyrelsens prostitutionsgrupp ans\u00e5g att f\u00f6rslaget var &#8221;ganska korkat&#8221;.<\/p>\n<p><strong>Anledningen att \u00e4nd\u00e5 driva igenom lagen<\/strong> var att rensa upp p\u00e5 gatorna men framf\u00f6r allt av j\u00e4mst\u00e4lldhetssk\u00e4l. Man ville deklarera att &#8221;i Sverige tycker vi inte att sexk\u00f6p \u00e4r acceptabelt&#8221;. Fr\u00e5gan kl\u00e4ddes i ideologisk terminologi. Prostitution kallades tv\u00e5ng, \u00f6vergrepp och k\u00f6nshandel, vilket blir m\u00e4rkligt n\u00e4r det handlar om m\u00e4nniskor som frivilligt har sex med varandra. K\u00f6nshandel brukar dessutom avse trafficking som \u00e4r olagligt i Sverige. Sexs\u00e4ljarna utm\u00e5lades som en homogen grupp som alla var missbrukare och hade utsatts f\u00f6r \u00f6vergrepp.<\/p>\n<p><strong>Vad de prostituerade kvinnorna hade att s\u00e4ga<\/strong> om sin arbetssituation var det ingen som p\u00e5 allvar tog reda p\u00e5. Men det var t\u00e4nkt att det skulle bli sv\u00e5rare att ge sig in i prostitution och l\u00e4ttare att ta sig ur densamma. Men om alla sexs\u00e4ljare nu var missbrukare, var det d\u00e5 rimligt att tro att de skulle sluta med sin verksamhet f\u00f6r att deras kunder kriminaliserades? Det blev en del debatt, men all kritik avf\u00e4rdades som flumliberalism och regeringens prostitutionsexpert Gunilla Ekberg sa till ROKS tidning kvinnotryck att &#8221;Vissa vill ju bli av med sexk\u00f6pslagen. Vi kan fr\u00e5ga oss vilka de \u00e4r. Jag menar att det \u00e4r m\u00e4n som vill ha tillg\u00e5ng till kvinnor.&#8221; Statsfeministerna har utm\u00e5lat alla motst\u00e5ndare som antifeminister, trots att feminismen \u00e4r en spretigt heterogen r\u00f6relse med starkt kritiska r\u00f6ster \u00e4ven inom de egna leden. I teorin skulle lagen hj\u00e4lpa en grupp utsatta kvinnor. I praktiken har den inneburit motsatsen.<\/p>\n<p><strong>De prostituerades situation har blivit mer utsatt.<\/strong> Risken f\u00f6r att ertappas har skr\u00e4mt bort de &#8221;trevliga&#8221; kunderna, vilket lett till st\u00f6rre oro f\u00f6r v\u00e5ld p\u00e5 gatorna och \u00f6kade krav p\u00e5 oskyddat sex. Patrullerande poliser har slagit ut de sexs\u00e4ljandes interna varningssystem. Prostituerade f\u00e5r inte arbeta inomhus, i lag eller annonsera. De kan inte sammanbo eftersom det \u00e4r illegalt att ta del av prostitutionsinkomster. De kan inte ha barn d\u00e5 de riskerar att omh\u00e4ndertas.<\/p>\n<p><strong>Ett sm\u00e4rtsamt f\u00f6rh\u00e5llande f\u00f6r kvinnor<\/strong> inom sexbranschen \u00e4r horstigmat. Det finns \u00f6verallt i samh\u00e4llet och \u00e4r en konsekvens av normerna som dikterar att en kvinna ska vara sexuellt \u00e5terh\u00e5llsam. Tr\u00e4der man utanf\u00f6r de givna ramarna \u00e4r man en hora och de mest uppenbara hororna \u00e4r de som s\u00e4ljer sex f\u00f6r pengar. Prostituerade kvinnor tillm\u00e4ts inget m\u00e4nniskov\u00e4rde, anses inte kunna fatta rationella beslut, om de vill s\u00e4lja sex s\u00e5 anser statsfeministerna att det beror p\u00e5 normaliseringsprocessen. Hur kan det vara produktivt j\u00e4mst\u00e4lldhetsarbete att offra kvinnor f\u00f6r att g\u00f6ra en markering mot m\u00e4n? Det finns ingen som respekterar kvinnor som s\u00e4ljer sex och inga alternativ f\u00f6r dem som vill sluta.<\/p>\n<p><strong>I debatth\u00e4ftet &#8221;Vad har mitt liv med Lilja att g\u00f6ra&#8221;<\/strong> s\u00e4ger Gunilla Ekberg &#8221;Ingen skulle frivilligt v\u00e5ldtas i v\u00e4rsta fall fem till tio g\u00e5nger per dag.&#8221; Om vi s\u00e4ger att de valt det sj\u00e4lva s\u00e5 s\u00e4ger vi samtidigt att vi skiter i dem.&#8221; Det \u00e4r en v\u00e4ldigt konstig argumentation f\u00f6r v\u00e5ldt\u00e4kt \u00e4r inte en ekonomisk uppg\u00f6relse mellan tv\u00e5 parter. Det \u00e4r sv\u00e5rt att definiera vad som \u00e4r ett fritt val. Men p\u00e5 samma s\u00e4tt som man m\u00e5ste hj\u00e4lpa kvinnor som vill ta sig ur prostitution s\u00e5 m\u00e5ste man inse att alla inte k\u00e4nner sig v\u00e5ldtagna och att det \u00e4r ett \u00f6vergrepp att p\u00e5st\u00e5 det.<\/p>\n<p><strong>Det \u00e4r magstarkt av Orback<\/strong> att prata om att exportera en lag som misslyckats i Sverige och skrattats ut i EU. Man har inte velat g\u00f6ra n\u00e5gon utv\u00e4rdering av lagen eftersom det skulle om\u00f6jligg\u00f6ra eventuella politiska po\u00e4ng. \u00c4r inte det just exploatering av en redan utsatt grupp?<\/p>\n<p>Manne Forssberg 2005<\/p>\n<p><strong>Publicerad 2005-09-16 p\u00e5 Fj\u00e4rde sidan, Expressen.<\/strong><\/p>\n<p>Manne Forssberg \u00e4r f\u00f6redragsh\u00e5llare, frilansjournalist och f\u00f6rfattare till b\u00e4sts\u00e4ljande ungdomsboken &#8221;Kukbruk&#8221; som bland annat s\u00e5lts till Tyskland och USA.<br \/>\nDet n\u00e4rmaste han har kommit sexk\u00f6p f\u00f6r egen del var n\u00e4r han i mellanstadiet k\u00f6pte en kyss f\u00f6r tre stycken Michael Jackson-affischer.<\/p>\n<p><img decoding=\"async\" loading=\"lazy\" src=\"https:\/\/i1.wp.com\/www.cirkuseros.nu\/app\/uploads\/2016\/11\/tunnlinjeoriginal_584.gif?resize=584%2C8&#038;ssl=1\" alt=\"linje\" data-recalc-dims=\"1\" \/><br \/>\n<a href=\"https:\/\/www.cirkuseros.nu\/index.php\/text\/artiklar\/artiklar-av-gastartister-andra-skribenter\/\"><strong><span style=\"font-family: Verdana, Geneva, Arial, Helvetica, Sans serif; font-size: small;\">Tillbaka till Artiklar av g\u00e4startister \u00bb<\/span><\/strong><\/a><br \/>\n<img decoding=\"async\" loading=\"lazy\" src=\"https:\/\/i0.wp.com\/www.cirkuseros.nu\/app\/uploads\/2017\/01\/heartline_584.gif?resize=584%2C20&#038;ssl=1\" alt=\"Heartline\" data-recalc-dims=\"1\" \/><\/p>\n<p><img decoding=\"async\" loading=\"lazy\" src=\"https:\/\/i2.wp.com\/www.cirkuseros.nu\/app\/uploads\/2016\/10\/fri_kursbanner_ani.gif?resize=584%2C140&#038;ssl=1\" alt=\"Cirkus Eros - erotik f\u00f6r finsmakare\" data-recalc-dims=\"1\" \/><\/p>\n","protected":false},"excerpt":{"rendered":"<p>Det \u00e4r inte Fi som g\u00f6r feminismen den st\u00f6rsta bj\u00f6rntj\u00e4nsten, det \u00e4r den socialdemokratiska regeringen som i m\u00e5nga \u00e5r har krympt en frihetlig id\u00e9 till sipp moralism. Det menar feministen Manne Forssberg, f\u00f6rfattare till succ\u00e9boken &#8221;Kukbruk&#8221;. I en serie artiklar &hellip; <a href=\"https:\/\/www.cirkuseros.nu\/index.php\/text\/artiklar\/artiklar-av-gastartister-andra-skribenter\/sluta-forfolja-prostituerade\/\">Forts\u00e4tt l\u00e4sa <span class=\"meta-nav\">&rarr;<\/span><\/a><\/p>\n","protected":false},"author":2,"featured_media":0,"parent":1022,"menu_order":11,"comment_status":"closed","ping_status":"closed","template":"sidebar-page.php","meta":[],"_links":{"self":[{"href":"https:\/\/www.cirkuseros.nu\/index.php\/wp-json\/wp\/v2\/pages\/1604"}],"collection":[{"href":"https:\/\/www.cirkuseros.nu\/index.php\/wp-json\/wp\/v2\/pages"}],"about":[{"href":"https:\/\/www.cirkuseros.nu\/index.php\/wp-json\/wp\/v2\/types\/page"}],"author":[{"embeddable":true,"href":"https:\/\/www.cirkuseros.nu\/index.php\/wp-json\/wp\/v2\/users\/2"}],"replies":[{"embeddable":true,"href":"https:\/\/www.cirkuseros.nu\/index.php\/wp-json\/wp\/v2\/comments?post=1604"}],"version-history":[{"count":1,"href":"https:\/\/www.cirkuseros.nu\/index.php\/wp-json\/wp\/v2\/pages\/1604\/revisions"}],"predecessor-version":[{"id":7095,"href":"https:\/\/www.cirkuseros.nu\/index.php\/wp-json\/wp\/v2\/pages\/1604\/revisions\/7095"}],"up":[{"embeddable":true,"href":"https:\/\/www.cirkuseros.nu\/index.php\/wp-json\/wp\/v2\/pages\/1022"}],"wp:attachment":[{"href":"https:\/\/www.cirkuseros.nu\/index.php\/wp-json\/wp\/v2\/media?parent=1604"}],"curies":[{"name":"wp","href":"https:\/\/api.w.org\/{rel}","templated":true}]}}