{"id":1653,"date":"2016-11-22T05:03:34","date_gmt":"2016-11-22T04:03:34","guid":{"rendered":"https:\/\/cirkuseros.wordpress.com\/?page_id=1653"},"modified":"2017-02-04T05:25:32","modified_gmt":"2017-02-04T04:25:32","slug":"frageladan-fraga-svar-21","status":"publish","type":"page","link":"https:\/\/www.cirkuseros.nu\/index.php\/text\/frageladan\/frageladan-fraga-svar-21\/","title":{"rendered":"Fr\u00e5gel\u00e5dan &#8211; fr\u00e5ga &#038; svar:"},"content":{"rendered":"<p><img decoding=\"async\" loading=\"lazy\" src=\"https:\/\/i0.wp.com\/www.cirkuseros.nu\/app\/uploads\/2017\/01\/heartline_584.gif?resize=584%2C20&#038;ssl=1\" alt=\"Heartline\" data-recalc-dims=\"1\" \/><br \/>\n<span style=\"color: #800000;\"><strong><span style=\"font-family: Verdana, Geneva, Arial, Helvetica, Sans serif; font-size: large;\">Min flickv\u00e4n \u00e4r sexuellt blockerad \u2013 vad kan jag g\u00f6ra?<\/span><\/strong><\/span><br \/>\n<img decoding=\"async\" loading=\"lazy\" src=\"https:\/\/i1.wp.com\/www.cirkuseros.nu\/app\/uploads\/2016\/11\/tunnlinjeoriginal_584.gif?resize=584%2C8&#038;ssl=1\" alt=\"linje\" data-recalc-dims=\"1\" \/><br \/>\n<span style=\"font-family: AGaramond, Garamond, Jenson, serif; font-size: x-large;\"><strong>Fr\u00e5ga:<\/strong><\/span><br \/>\nMin flickv\u00e4n var med om en gruppv\u00e5ldt\u00e4kt f\u00f6r ett antal \u00e5r sedan.<br \/>\nHon har \u00e5terh\u00e4mtat sig v\u00e4ldigt bra och har inga direkta problem kvar av det som h\u00e4nde f\u00f6rutom ett.<br \/>\nHon har sv\u00e5rt f\u00f6r att bli k\u00e5t och bl\u00f6t.<br \/>\nHon vill men p\u00e5 n\u00e5got s\u00e4tt h\u00e4nder det inget i hennes kropp.<br \/>\nEfter som hon inte blir bl\u00f6t s\u00e5 funkar det inte heller att ha samlag.<br \/>\nVi har anv\u00e4nt glidmedel, men det blir inte samma sak.<br \/>\nHon k\u00e4nner inte att det \u00e4r &#8221;p\u00e5 riktigt&#8221; liksom.<br \/>\nVi har varit tillsammans en v\u00e4ldigt l\u00e5ng tid och k\u00e4nner varandra v\u00e4ldigt v\u00e4l men det h\u00e4r kan vi inte hitta n\u00e5gon l\u00f6sning p\u00e5.<br \/>\nVi har v\u00e4ldigt s\u00e4llan sex efter som det oftast \u00e4r jag som tar initiativ och hon oftast (n\u00e4stan alltid) s\u00e4ger nej.<br \/>\nJag vill ju inte heller om hon inte vill.<br \/>\nI sj\u00e4lva verket vill hon ju men det funkar liksom bara inte.<br \/>\nF\u00f6rspel och liknande \u00e4r en sj\u00e4lvklarhet men det blir ingen skillnad.<br \/>\nVi har varit hos en &#8221;kurator&#8221; n\u00e5gra g\u00e5nger men hon kommer inte med n\u00e5t kreativt f\u00f6r oss&#8230;<br \/>\nHar du n\u00e5gra bra tips som skulle kunna vara till hj\u00e4lp?<br \/>\nAllt \u00e4r av intresse!<br \/>\n<img decoding=\"async\" loading=\"lazy\" src=\"https:\/\/i1.wp.com\/www.cirkuseros.nu\/app\/uploads\/2016\/11\/tunnlinjeoriginal_584.gif?resize=584%2C8&#038;ssl=1\" alt=\"linje\" data-recalc-dims=\"1\" \/><br \/>\n<span style=\"font-family: AGaramond, Garamond, Jenson, serif; font-size: x-large;\"><strong>Svar:<\/strong><\/span><br \/>\n<strong>Lekfullhet &amp; kravl\u00f6shet<\/strong><\/p>\n<p><strong>F\u00f6r det f\u00f6rsta<\/strong> &#8211; att din flickv\u00e4n \u00e4r torr i slidan beh\u00f6ver inte n\u00f6dv\u00e4ndigtvis vara kopplat till v\u00e5ldt\u00e4kten. Det KAN ha andra, medicinska orsaker.<\/p>\n<p>Och oavsett detta, s\u00e5 ska ingen heller beh\u00f6va k\u00e4nna krav p\u00e5 sig att vara &#8221;naturlig&#8221;, och \u00e4lska &#8221;p\u00e5 riktigt&#8221; &#8211; man g\u00f6r det som funkar.<br \/>\nDet \u00e4r allts\u00e5 helt O.K. med glidmedel &#8211; det blir inte mindre &#8221;naturligt&#8221; f\u00f6r det.<\/p>\n<p>M\u00e5nga kvinnor upplever t.ex. att de blir betydligt torrare i slidan i och med klimakteriet &#8211; och d\u00e5 finns det flera m\u00f6jligheter att motverka detta. Bra glidmedel \u00e4r en v\u00e4g &#8211; det finns tydligen ocks\u00e5 n\u00e5gon slags \u00f6strogenpiller man kan f\u00f6ra upp i slidan som s\u00e4tter fart p\u00e5 slidsekretproduktionen.<br \/>\nMan kan fr\u00e5ga en gynekolog om detta.<\/p>\n<p><strong>\u00c5 andra sidan kan jag f\u00f6rst\u00e5<\/strong> att det h\u00f6gst sannolikt handlar om obearbetade k\u00e4nslor som ligger kvar efter v\u00e5ldt\u00e4kten &#8211; och efter en uppv\u00e4xt som inte har givit henne den k\u00e4nslom\u00e4ssiga grunden f\u00f6r att effektivt kunna ta hand om ett s\u00e5dant trauma &#8211; och att det \u00e4r d\u00e4rf\u00f6r hon inte k\u00e4nner tillr\u00e4ckligt med lust f\u00f6r att safterna ska rinna till.<\/p>\n<p>Dessutom kan det vara s\u00e5 att hon blockerar sig desto mer f\u00f6r att hon indirekt forts\u00e4tter att ta p\u00e5 sig skulden f\u00f6r v\u00e5ldt\u00e4kten, vilket kan yttra sig i att hon problematiserar och skuldbel\u00e4gger sig sj\u00e4lv f\u00f6r sin egen avsaknad av lust, vilket kan yttra sig i att s\u00f6ka upp terapeuter f\u00f6r att g\u00f6ra n\u00e5got \u00e5t problemet.<br \/>\nDet \u00e4r allts\u00e5 inte alls fel i sig att s\u00f6ka hj\u00e4lp &#8211; det som kan vara bra att titta p\u00e5 \u00e4r grundmotivet.<\/p>\n<p>En annan sak att t\u00e4nka p\u00e5 \u00e4r att sex faktiskt inte \u00e4r en f\u00f6reteelse som m\u00e5ste f\u00f6lja ett visst m\u00f6nster f\u00f6r att f\u00e5 &#8221;O.K.-st\u00e4mpel&#8221; fr\u00e5n samh\u00e4llet. Ni best\u00e4mmer sj\u00e4lva hur ni vill ha sex.<\/p>\n<p>Vi gl\u00f6mmer detta, oftare \u00e4n vi tror.<\/p>\n<p>F\u00f6r er skulle jag rekommendera massor av slick och gos och kel, massor av oralsex, massor av lek och bus &#8211; utan penetration till att b\u00f6rja med, f\u00f6r att f\u00e5 bort den h\u00e4r k\u00e4nslan av att k\u00e4rleksstunden m\u00e5ste inneh\u00e5lla penetration f\u00f6r att det ska vara sex &#8221;p\u00e5 riktigt&#8221;.<br \/>\nSex mellan tv\u00e5 (eller flera) m\u00e4nniskor handlar inte om en teknisk handling &#8211; sex handlar om lust, nakenhet, pirr, gl\u00e4dje, intimitet, extas, ordl\u00f6s kommunikation och intensivt m\u00f6te. Penetration \u00e4r allts\u00e5 inte n\u00f6dv\u00e4ndigt f\u00f6r att ha bra sex.<\/p>\n<p>Det gl\u00f6mmer vi ocks\u00e5, oftare \u00e4n vi tror.<\/p>\n<p>Din flickv\u00e4n blev utsatt f\u00f6r n\u00e5got som kan sitta i som ett trauma v\u00e4ldigt l\u00e4nge, om hon inte f\u00e5r hj\u00e4lp att bearbeta det p\u00e5 ett effektivt s\u00e4tt. Det \u00e4r \u00e5 ena sidan bra att v\u00e5ldt\u00e4kter har kommit upp f\u00f6r diskussion mer p\u00e5 senare \u00e5r, i det offentliga rummet, \u00e5 andra sidan kan jag ibland t\u00e4nka att diskussionen ibland tar sig uttryck i ett \u00f6verdramatiserande som g\u00f6r att det rent psykologiskt f\u00f6r m\u00e5nga kvinnor blir \u00e4nnu sv\u00e5rare att ta sig ur sitt trauma, \u00e4nnu sv\u00e5rare att ta sig ur offerrollen.<\/p>\n<p>V\u00e5ldt\u00e4kten beskrivs g\u00e4rna som det v\u00e4rsta en m\u00e4nniska kan bli utsatt f\u00f6r, den sv\u00e5raste kr\u00e4nkningen &#8211; men jag tycker nog att en sv\u00e5r misshandel som l\u00e4mnar fysiska men p\u00e5 vissa s\u00e4tt \u00e4r v\u00e4rre \u00e4n en v\u00e5ldt\u00e4kt \u2013 eller \u00e5tminstone likv\u00e4rdig. Men det \u00e4r f\u00f6rst\u00e5s en helt personlig bed\u00f6mning.<\/p>\n<p>Men det \u00e4r inte n\u00f6dv\u00e4ndigtvis ett mindre trauma f\u00f6r n\u00e5gon att bli misshandlad och r\u00e5nad, \u00e4n att bli v\u00e5ldtagen. En man kan lida alla helvetes kval i flera \u00e5r av en s\u00e5dan h\u00e4ndelse &#8211; men av n\u00e5gon anledning tycker m\u00e5nga fortfarande att &#8221;en karl ska t\u00e5la lite stryk&#8221;.<br \/>\nOch f\u00f6r n\u00e4rvarande \u00e4r det ett v\u00e4ldigt stort medialt fokus p\u00e5 kvinnor som blir slagna och v\u00e5ldtagna av m\u00e4n &#8211; vilket \u00e4r mycket bra, eftersom det \u00e4r ett verkligt problem som beh\u00f6ver uppm\u00e4rksammas och motverkas &#8211; men man gl\u00f6mmer l\u00e4tt att det \u00e4r betydligt fler M\u00c4N \u00e4n kvinnor som blir b\u00e5de misshandlade och m\u00f6rdade av andra m\u00e4n, liksom det faktiskt finns m\u00e5nga m\u00e4n som blir misshandlade av kvinnor.<\/p>\n<p>Vad jag vill s\u00e4ga med detta \u00e4r att din flickv\u00e4n kanske b\u00e4r p\u00e5 ett trauma som hon inte har f\u00e5tt hj\u00e4lp att bearbeta ordentligt, eftersom det passar in i samh\u00e4llsbilden att hon \u00e4r ett offer, att hon liksom SKA lida lite fortfarande av detta, eftersom det p\u00e5 n\u00e5got konstigt s\u00e4tt \u00e4r politiskt korrekt att hon lider. Om hon inte lider f\u00f6r resten av livet lever hon inte upp till den f\u00f6rv\u00e4ntade offerrollen \u2013 och det \u00e4r f\u00f6rst\u00e5s en heltokig id\u00e9, men den f\u00f6respr\u00e5kas.<\/p>\n<p>Det KAN bli s\u00e5 att om man \u00f6verdriver v\u00e5ldt\u00e4ktens skadliga effekter p\u00e5 alla plan, s\u00e5 kan man paradoxalt nog f\u00f6rv\u00e4rra effekten av v\u00e5ldt\u00e4kten p\u00e5 det individuella omr\u00e5det. Med andra ord &#8211; om man talar om f\u00f6r en kvinna som har blivit v\u00e5ldtagen att hon just har blivit utsatt f\u00f6r det skamligaste, mest vidriga \u00f6vergrepp som finns p\u00e5 jorden, s\u00e5 kommer hon att lida mer \u00e4n hon beh\u00f6ver g\u00f6ra.<\/p>\n<p>L\u00e5ter det kr\u00e5ngligt och konstigt?<br \/>\nJa, det \u00c4R kr\u00e5ngligt och konstigt, men samh\u00e4llet som helhet \u00e4r r\u00e4tt kr\u00e5ngligt och konstigt, s\u00e5 det f\u00e5r vi leva med.<\/p>\n<p>Och jag menar INTE att f\u00f6rminska betydelsen av den enskilda kvinnans lidande av ett \u00f6vergrepp. V\u00e5ldt\u00e4kt \u00c4R ett vidrigt brott, en kr\u00e4nkning, som f\u00f6r de allra flesta ger livsl\u00e5nga trauman. Men vi kan v\u00e4lja hur vi forts\u00e4tter efter\u00e5t. Genom att leva som offer, och forts\u00e4tta lida, eller genom att ta makten \u00f6ver v\u00e5ra egna liv.<\/p>\n<p>Vad vi kan g\u00f6ra p\u00e5 egen hand \u00e4r n\u00e4mligen just att ta ansvar f\u00f6r v\u00e5ra egna liv, att V\u00c4LJA att INTE automatiskt f\u00f6lja samh\u00e4llets emellan\u00e5t r\u00e4tt skruvade normer, som p\u00e5 intet s\u00e4tt tar h\u00e4nsyn till individens behov, bara till massan.<\/p>\n<p>I detta ing\u00e5r att f\u00f6rst\u00e5 att jag sj\u00e4lv ALLTID \u00e4r ansvarig f\u00f6r min egen njutning, f\u00f6r min egen sexualitet. Jag kan inte v\u00e4nta p\u00e5 att n\u00e5gon annan ska fixa njutningen \u00e5t mig &#8211; det m\u00e5ste jag bejaka f\u00f6r mig sj\u00e4lv f\u00f6rst, V\u00c4LJA att njuta.<\/p>\n<p>Och i detta ing\u00e5r att ta sin egen sexualitet p\u00e5 s\u00e5 stort allvar att man inte sopar den under mattan och l\u00e5tsas att den inte finns. INGEN blir lyckligare av det.<\/p>\n<p>S\u00e5 lek, lek lek &#8211; kravl\u00f6st och k\u00e4rleksfullt. Kom ih\u00e5g att det faktiskt heter k\u00e4rLEK och \u00e4lskogsLEK, inte k\u00e4rkrav och \u00e4lskogskrav.<\/p>\n<p>Det \u00e4r O.K. med glidmedel.<br \/>\nKom ih\u00e5g att saliv kan vara ett mycket bra glidmedel.<br \/>\nSlicka henne till en orgasm &#8211; eller m\u00e5nga orgasmer.<br \/>\nDet \u00e4r b\u00e5de sk\u00f6nt, h\u00e4lsosamt och frig\u00f6rande.<\/p>\n<p>Och &#8211; framf\u00f6r allt:<br \/>\n<strong>Ge henne k\u00e4rlek &#8211; massor av k\u00e4rlek utan krav.<\/strong><br \/>\nD\u00e5 kan hon kanske snart \u00f6ppna d\u00f6rren lite grann, och sen lite till, och sen lite till.<\/p>\n<p>L\u00e5t det f\u00e5 ta den tid det beh\u00f6ver.<\/p>\n<p><img decoding=\"async\" loading=\"lazy\" src=\"https:\/\/i1.wp.com\/www.cirkuseros.nu\/app\/uploads\/2016\/11\/tunnlinjeoriginal_584.gif?resize=584%2C8&#038;ssl=1\" alt=\"linje\" data-recalc-dims=\"1\" \/><br \/>\n<strong><a href=\"https:\/\/www.cirkuseros.nu\/index.php\/text\/frageladan\/\">Tillbaka till Fr\u00e5gel\u00e5dan \u00bb<\/a><\/strong><\/p>\n<p><img decoding=\"async\" loading=\"lazy\" src=\"https:\/\/i0.wp.com\/www.cirkuseros.nu\/app\/uploads\/2017\/01\/heartline_584.gif?resize=584%2C20&#038;ssl=1\" alt=\"Heartline\" data-recalc-dims=\"1\" \/><\/p>\n<p><img decoding=\"async\" loading=\"lazy\" src=\"https:\/\/i2.wp.com\/www.cirkuseros.nu\/app\/uploads\/2016\/10\/fri_kursbanner_ani.gif?resize=584%2C140&#038;ssl=1\" alt=\"Cirkus Eros - erotik f\u00f6r finsmakare\" data-recalc-dims=\"1\" \/><\/p>\n","protected":false},"excerpt":{"rendered":"<p>Min flickv\u00e4n \u00e4r sexuellt blockerad \u2013 vad kan jag g\u00f6ra? Fr\u00e5ga: Min flickv\u00e4n var med om en gruppv\u00e5ldt\u00e4kt f\u00f6r ett antal \u00e5r sedan. Hon har \u00e5terh\u00e4mtat sig v\u00e4ldigt bra och har inga direkta problem kvar av det som h\u00e4nde f\u00f6rutom &hellip; <a href=\"https:\/\/www.cirkuseros.nu\/index.php\/text\/frageladan\/frageladan-fraga-svar-21\/\">Forts\u00e4tt l\u00e4sa <span class=\"meta-nav\">&rarr;<\/span><\/a><\/p>\n","protected":false},"author":2,"featured_media":0,"parent":51,"menu_order":21,"comment_status":"closed","ping_status":"closed","template":"sidebar-page.php","meta":[],"_links":{"self":[{"href":"https:\/\/www.cirkuseros.nu\/index.php\/wp-json\/wp\/v2\/pages\/1653"}],"collection":[{"href":"https:\/\/www.cirkuseros.nu\/index.php\/wp-json\/wp\/v2\/pages"}],"about":[{"href":"https:\/\/www.cirkuseros.nu\/index.php\/wp-json\/wp\/v2\/types\/page"}],"author":[{"embeddable":true,"href":"https:\/\/www.cirkuseros.nu\/index.php\/wp-json\/wp\/v2\/users\/2"}],"replies":[{"embeddable":true,"href":"https:\/\/www.cirkuseros.nu\/index.php\/wp-json\/wp\/v2\/comments?post=1653"}],"version-history":[{"count":4,"href":"https:\/\/www.cirkuseros.nu\/index.php\/wp-json\/wp\/v2\/pages\/1653\/revisions"}],"predecessor-version":[{"id":6658,"href":"https:\/\/www.cirkuseros.nu\/index.php\/wp-json\/wp\/v2\/pages\/1653\/revisions\/6658"}],"up":[{"embeddable":true,"href":"https:\/\/www.cirkuseros.nu\/index.php\/wp-json\/wp\/v2\/pages\/51"}],"wp:attachment":[{"href":"https:\/\/www.cirkuseros.nu\/index.php\/wp-json\/wp\/v2\/media?parent=1653"}],"curies":[{"name":"wp","href":"https:\/\/api.w.org\/{rel}","templated":true}]}}