{"id":1724,"date":"2016-11-22T13:30:39","date_gmt":"2016-11-22T12:30:39","guid":{"rendered":"https:\/\/cirkuseros.wordpress.com\/?page_id=1724"},"modified":"2017-02-04T05:21:28","modified_gmt":"2017-02-04T04:21:28","slug":"frageladan-fraga-svar-27","status":"publish","type":"page","link":"https:\/\/www.cirkuseros.nu\/index.php\/text\/frageladan\/frageladan-fraga-svar-27\/","title":{"rendered":"Fr\u00e5gel\u00e5dan &#8211; fr\u00e5ga &#038; svar:"},"content":{"rendered":"<p><img decoding=\"async\" loading=\"lazy\" src=\"https:\/\/i0.wp.com\/www.cirkuseros.nu\/app\/uploads\/2017\/01\/heartline_584.gif?resize=584%2C20&#038;ssl=1\" alt=\"Heartline\" data-recalc-dims=\"1\" \/><br \/>\n<span style=\"color: #800000;\"><strong><span style=\"font-family: Verdana, Geneva, Arial, Helvetica, Sans serif; font-size: large;\">Minskar lusten med \u00e5ren?<\/span><\/strong><\/span><br \/>\n<img decoding=\"async\" loading=\"lazy\" src=\"https:\/\/i1.wp.com\/www.cirkuseros.nu\/app\/uploads\/2016\/11\/tunnlinjeoriginal_584.gif?resize=584%2C8&#038;ssl=1\" alt=\"linje\" data-recalc-dims=\"1\" \/><br \/>\n<span style=\"font-family: AGaramond, Garamond, Jenson, serif; font-size: x-large;\"><strong>Fr\u00e5ga:<\/strong><\/span><br \/>\nJag undrar om den sexuella lusten minskar f\u00f6r m\u00e4n ju \u00e4ldre de blir? &#8221;K\u00e4nns&#8221; det mindre?? Eller \u00e4r man lika t\u00e4nd och k\u00e4nner lika mycket om man \u00e4r 35 eller 55??<\/p>\n<p>Undrar ocks\u00e5 hur det blir f\u00f6r oss kvinnor. Minskar lusten i klimakteriet eller \u00f6kar kanske??<br \/>\nNu n\u00e4r jag n\u00e4rmar mig den \u00e5ldern och har hittat en man jag trivs bra med vill jag inte f\u00e5 andra problem.<\/p>\n<p>Tacksam f\u00f6r svar eller kanske litteraturf\u00f6rslag.<br \/>\n<img decoding=\"async\" loading=\"lazy\" src=\"https:\/\/i1.wp.com\/www.cirkuseros.nu\/app\/uploads\/2016\/11\/tunnlinjeoriginal_584.gif?resize=584%2C8&#038;ssl=1\" alt=\"linje\" data-recalc-dims=\"1\" \/><br \/>\n<span style=\"font-family: AGaramond, Garamond, Jenson, serif; font-size: x-large;\"><strong>Svar:<\/strong><\/span><br \/>\nS\u00e5vitt jag kan s\u00e4ga av egen erfarenhet, samt allt jag har f\u00e5tt h\u00f6ra fr\u00e5n m\u00e4n i alla \u00e5ldrar, s\u00e5 f\u00f6rsvinner inte lusten n\u00e4mnv\u00e4rt med \u00e5ren. D\u00e4remot kan den f\u00f6r\u00e4ndras till sin karakt\u00e4r. F\u00f6r vissa m\u00e4n brukar f\u00f6rm\u00e5gan avta, medan somliga kvinnor blir k\u00e5tare \u00e4n n\u00e5gonsin, ibland just n\u00e4r de n\u00e5r klimakteriet.<\/p>\n<p>Det blir mer viktigt med \u00e5ren med lekfullhet, f\u00f6rtrolighet, avsaknad av krav, trygghet, kel och smek &#8211; att man ser sex som n\u00e5got mysigt och lekfullt snarare \u00e4n n\u00e5got som inneb\u00e4r prestationskrav. Det borde f\u00f6rst\u00e5s vara viktigare \u00e4ven n\u00e4r man \u00e4r ung, eftersom det g\u00f6r att \u00e4ven det &#8221;vanliga knullandet&#8221; blir s\u00e5 mycket b\u00e4ttre \u2013 men s\u00e5dant kommer ofta med \u00e5ren, och \u00f6kad erfarenhet.<\/p>\n<p>Vad betr\u00e4ffar kvinnor och klimakteriet, s\u00e5 \u00e4r det med detta precis som f\u00f6r m\u00e4ns \u00e5ldrande. Det \u00e4r enna olika. Somliga blir k\u00e5tare efter klimakteriet, och andra blir mindre k\u00e5ta. Och f\u00f6r somliga blir det ingen st\u00f6rre f\u00f6r\u00e4ndring. M\u00e5nga kvinnor blir torrare i underlivet, vilket f\u00f6rst\u00e5s kan \u00e5tg\u00e4rdas med slick och glidmedel.<\/p>\n<p>Sedan 2004 h\u00e5ller jag och min k\u00e4ra hustru k\u00e4rlekskurser, och v\u00e5r erfarenhet efter flera hundra kurser \u00e4r att sexlusten inte har s\u00e4rskilt stark koppling till \u00e5lder, utan snarare till personlighet. Somliga \u00e4r k\u00e5tare \u00e4n andra \u2013 b\u00e5de som unga och som \u00e4ldre. Det \u00e4r ju ocks\u00e5 v\u00e4ldigt mycket kopplat till hur man m\u00e5r mentalt och emotionellt. Av de som kommer p\u00e5 flera av v\u00e5ra kurser, inklusive de mer utlevande forts\u00e4ttningskurserna, s\u00e5 \u00e4r det ofta &#8221;50-plussarna&#8221; som \u00e4r de mest oneurotiska, de som \u00e4r vildast, lekfullast, k\u00e5tast och gladast, de som har l\u00e4ttast att njuta. Inte de yngre. Vi har ocks\u00e5 en stor andel deltagare som \u00e4r \u00e4ldre, och de \u00e4r oftast helt inriktade p\u00e5 njutning, snarare \u00e4n problem.<\/p>\n<p>Det kanske helt enkelt \u00e4r s\u00e5 f\u00f6r m\u00e5nga, att n\u00e4r man har kommit upp lite i \u00e5ren, med en st\u00f6rre dos livserfarenhet och \u00f6verblick, s\u00e5 har man l\u00e4ttare att t\u00e4nka pragmatiskt. No more time for bullshit. Ingen tid att f\u00f6rsl\u00f6sa p\u00e5 mentala blockeringar \u2013 dags att njuta s\u00e5 mycket det g\u00e5r, s\u00e5 l\u00e4nge man kan.<\/p>\n<p>Som litteratur kan jag rekommendera Ylva Franz\u00e9ns bok &#8221;Orgasmera Mera&#8221;. Detta \u00e4r en mycket bra bok. Den \u00e4r fr\u00e4mst inriktad p\u00e5 kvinnors njutning, men har ocks\u00e5 delar som handlar om m\u00e4nnens njutning. Den kan allts\u00e5 vara mycket inspirerande f\u00f6r s\u00e5v\u00e4l kvinnor som m\u00e4n att l\u00e4sa.<\/p>\n<p><strong>Kolla g\u00e4rna in <a href=\"https:\/\/cirkuseros.wordpress.com\/kurser\/\">v\u00e5ra kurser<\/a>, och kanske s\u00e4rskilt v\u00e5r grundkurs f\u00f6r par &#8211; <a href=\"https:\/\/gudomlignjutning.wordpress.com\/\" target=\"_blank\">Gudomlig Njutning<\/a>.<\/strong><\/p>\n<p><img decoding=\"async\" loading=\"lazy\" src=\"https:\/\/i1.wp.com\/www.cirkuseros.nu\/app\/uploads\/2016\/11\/tunnlinjeoriginal_584.gif?resize=584%2C8&#038;ssl=1\" alt=\"linje\" data-recalc-dims=\"1\" \/><br \/>\n<strong><a href=\"https:\/\/www.cirkuseros.nu\/index.php\/text\/frageladan\/\">Tillbaka till Fr\u00e5gel\u00e5dan \u00bb<\/a><\/strong><\/p>\n<p><img decoding=\"async\" loading=\"lazy\" src=\"https:\/\/i0.wp.com\/www.cirkuseros.nu\/app\/uploads\/2017\/01\/heartline_584.gif?resize=584%2C20&#038;ssl=1\" alt=\"Heartline\" data-recalc-dims=\"1\" \/><\/p>\n<p><img decoding=\"async\" loading=\"lazy\" src=\"https:\/\/i2.wp.com\/www.cirkuseros.nu\/app\/uploads\/2016\/10\/fri_kursbanner_ani.gif?resize=584%2C140&#038;ssl=1\" alt=\"Cirkus Eros - erotik f\u00f6r finsmakare\" data-recalc-dims=\"1\" \/><\/p>\n","protected":false},"excerpt":{"rendered":"<p>Minskar lusten med \u00e5ren? Fr\u00e5ga: Jag undrar om den sexuella lusten minskar f\u00f6r m\u00e4n ju \u00e4ldre de blir? &#8221;K\u00e4nns&#8221; det mindre?? Eller \u00e4r man lika t\u00e4nd och k\u00e4nner lika mycket om man \u00e4r 35 eller 55?? Undrar ocks\u00e5 hur det &hellip; <a href=\"https:\/\/www.cirkuseros.nu\/index.php\/text\/frageladan\/frageladan-fraga-svar-27\/\">Forts\u00e4tt l\u00e4sa <span class=\"meta-nav\">&rarr;<\/span><\/a><\/p>\n","protected":false},"author":2,"featured_media":0,"parent":51,"menu_order":27,"comment_status":"closed","ping_status":"closed","template":"sidebar-page.php","meta":[],"_links":{"self":[{"href":"https:\/\/www.cirkuseros.nu\/index.php\/wp-json\/wp\/v2\/pages\/1724"}],"collection":[{"href":"https:\/\/www.cirkuseros.nu\/index.php\/wp-json\/wp\/v2\/pages"}],"about":[{"href":"https:\/\/www.cirkuseros.nu\/index.php\/wp-json\/wp\/v2\/types\/page"}],"author":[{"embeddable":true,"href":"https:\/\/www.cirkuseros.nu\/index.php\/wp-json\/wp\/v2\/users\/2"}],"replies":[{"embeddable":true,"href":"https:\/\/www.cirkuseros.nu\/index.php\/wp-json\/wp\/v2\/comments?post=1724"}],"version-history":[{"count":3,"href":"https:\/\/www.cirkuseros.nu\/index.php\/wp-json\/wp\/v2\/pages\/1724\/revisions"}],"predecessor-version":[{"id":6650,"href":"https:\/\/www.cirkuseros.nu\/index.php\/wp-json\/wp\/v2\/pages\/1724\/revisions\/6650"}],"up":[{"embeddable":true,"href":"https:\/\/www.cirkuseros.nu\/index.php\/wp-json\/wp\/v2\/pages\/51"}],"wp:attachment":[{"href":"https:\/\/www.cirkuseros.nu\/index.php\/wp-json\/wp\/v2\/media?parent=1724"}],"curies":[{"name":"wp","href":"https:\/\/api.w.org\/{rel}","templated":true}]}}