{"id":1726,"date":"2016-11-22T13:48:39","date_gmt":"2016-11-22T12:48:39","guid":{"rendered":"https:\/\/cirkuseros.wordpress.com\/?page_id=1726"},"modified":"2017-02-04T05:20:39","modified_gmt":"2017-02-04T04:20:39","slug":"frageladan-fraga-svar-29","status":"publish","type":"page","link":"https:\/\/www.cirkuseros.nu\/index.php\/text\/frageladan\/frageladan-fraga-svar-29\/","title":{"rendered":"Fr\u00e5gel\u00e5dan &#8211; fr\u00e5ga &#038; svar:"},"content":{"rendered":"<p><img decoding=\"async\" loading=\"lazy\" src=\"https:\/\/i0.wp.com\/www.cirkuseros.nu\/app\/uploads\/2017\/01\/heartline_584.gif?resize=584%2C20&#038;ssl=1\" alt=\"Heartline\" data-recalc-dims=\"1\" \/><br \/>\n<span style=\"color: #800000;\"><strong><span style=\"font-family: Verdana, Geneva, Arial, Helvetica, Sans serif; font-size: large;\">Jag kissar p\u00e5 mig n\u00e4r jag f\u00e5r orgasm!<\/span><\/strong><\/span><br \/>\n<img decoding=\"async\" loading=\"lazy\" src=\"https:\/\/i1.wp.com\/www.cirkuseros.nu\/app\/uploads\/2016\/11\/tunnlinjeoriginal_584.gif?resize=584%2C8&#038;ssl=1\" alt=\"linje\" data-recalc-dims=\"1\" \/><br \/>\n<span style=\"font-family: AGaramond, Garamond, Jenson, serif; font-size: x-large;\"><strong>Fr\u00e5ga:<\/strong><\/span><br \/>\nJag skulle vilja ha svar p\u00e5 en fr\u00e5ga&#8230;<br \/>\n\u00c4r jag normal? Jag ska tr\u00e4ffa en ny man efter ett \u00e5r som singel och jag har l\u00e4rt mig genom solosex att uppn\u00e5 orgasm med en klitorisstimulator. vet inte om det funkar med &#8221;bara&#8221; en man!<br \/>\nMen problemet \u00e4r att n\u00e4r orgasmen kommer s\u00e5 kommer det ocks\u00e5 urin och ganska mycket. Tycker det \u00e4r pinsamt tillsammans med en man. Vet ju inte hur han reagerar. Han kanske tycker det \u00e4r j\u00e4tte\u00e4ckligt! Det hade jag tyckt! Har ni varit med om det tidigare eller \u00e4r det ovanligt?<br \/>\nVad ska jag g\u00f6ra? \u00c4r det fel p\u00e5 mig?<\/p>\n<p>Tacksam f\u00f6r snabbt svar<br \/>\n<img decoding=\"async\" loading=\"lazy\" src=\"https:\/\/i1.wp.com\/www.cirkuseros.nu\/app\/uploads\/2016\/11\/tunnlinjeoriginal_584.gif?resize=584%2C8&#038;ssl=1\" alt=\"linje\" data-recalc-dims=\"1\" \/><br \/>\n<span style=\"font-family: AGaramond, Garamond, Jenson, serif; font-size: x-large;\"><strong>Svar:<\/strong><\/span><br \/>\nLuktar det kiss?<\/p>\n<p>Om det luktar kiss, s\u00e5 \u00e4r den sj\u00e4lvklara l\u00f6sningen att alltid kissa f\u00f6re sex. Om det inte hj\u00e4lper, och du fortfarande uts\u00f6ndrar urin vid orgasmen, s\u00e5 f\u00f6resl\u00e5r jag att du tar upp det med din gynekolog. D\u00e5 kan det vara n\u00e5got fysiologiskt fel som f\u00f6rhoppningsvis g\u00e5r att \u00e5tg\u00e4rda.<\/p>\n<p>Men om det faktiskt inte luktar eller smakar kiss, s\u00e5 har du helt enkelt sannolikt utvecklat f\u00f6rm\u00e5gan till kvinnlig ejakulation, s.k. &#8221;font\u00e4norgasm&#8221;. Det h\u00e4r \u00e4r n\u00e5got som det gjorts ganska lite forskning p\u00e5 fortfarande &#8211; men det finns. Luktar det inte urin, s\u00e5 \u00e4r det inte urin. \u00c4r det ejakulationsv\u00e4tska s\u00e5 \u00e4r det of\u00e4rgat och klart, och smakar t.o.m. lite s\u00f6tt.<\/p>\n<p>Det finns k\u00f6rtlar i slid\u00f6ppningen (n\u00e4rmare best\u00e4mt en bit in i urinr\u00f6ret) som enligt m\u00e5nga experter kan uts\u00f6ndra v\u00e4tska vid orgasmen, s\u00e5 starkt att det blir som en kvinnlig ejakulation.<\/p>\n<p>Alla verkar inte ha denna f\u00f6rm\u00e5ga &#8211; eller \u00e5tminstone \u00e4r det f\u00e5 som har utvecklat den. Och s\u00e5 \u00e4r det ju s\u00e5 olyckligt att sexualiteten fortfarande \u00e4r alltf\u00f6r lite utforskad &#8211; och det g\u00e4ller b\u00e5de kvinnor och m\u00e4n.<\/p>\n<p>Vi m\u00e4nniskor har enorma f\u00f6rm\u00e5gor att njuta gr\u00e4nsl\u00f6st av sex, och det finns absolut ingen anledning att f\u00f6rv\u00e4gra oss sj\u00e4lva detta.<\/p>\n<p>De m\u00e4n som k\u00e4nner till denna kvinnliga f\u00f6rm\u00e5ga att ejakulera ser det med st\u00f6rsta sannolikhet inte alls som n\u00e5got \u00e4ckligt, utan snarare j\u00e4ttesexigt och sp\u00e4nnande!<\/p>\n<p>Jag gratulerar dig f\u00f6r \u00f6vrigt f\u00f6r din f\u00f6rm\u00e5ga att orgasmera, och \u00f6nskar dig m\u00e5nga sk\u00f6na orgasmer i framtiden ocks\u00e5.<\/p>\n<p><img decoding=\"async\" loading=\"lazy\" src=\"https:\/\/i1.wp.com\/www.cirkuseros.nu\/app\/uploads\/2016\/11\/tunnlinjeoriginal_584.gif?resize=584%2C8&#038;ssl=1\" alt=\"linje\" data-recalc-dims=\"1\" \/><br \/>\n<strong><a href=\"https:\/\/www.cirkuseros.nu\/index.php\/text\/frageladan\/\">Tillbaka till Fr\u00e5gel\u00e5dan \u00bb<\/a><\/strong><\/p>\n<p><img decoding=\"async\" loading=\"lazy\" src=\"https:\/\/i0.wp.com\/www.cirkuseros.nu\/app\/uploads\/2017\/01\/heartline_584.gif?resize=584%2C20&#038;ssl=1\" alt=\"Heartline\" data-recalc-dims=\"1\" \/><\/p>\n<p><img decoding=\"async\" loading=\"lazy\" src=\"https:\/\/i2.wp.com\/www.cirkuseros.nu\/app\/uploads\/2016\/10\/fri_kursbanner_ani.gif?resize=584%2C140&#038;ssl=1\" alt=\"Cirkus Eros - erotik f\u00f6r finsmakare\" data-recalc-dims=\"1\" \/><\/p>\n","protected":false},"excerpt":{"rendered":"<p>Jag kissar p\u00e5 mig n\u00e4r jag f\u00e5r orgasm! Fr\u00e5ga: Jag skulle vilja ha svar p\u00e5 en fr\u00e5ga&#8230; \u00c4r jag normal? Jag ska tr\u00e4ffa en ny man efter ett \u00e5r som singel och jag har l\u00e4rt mig genom solosex att uppn\u00e5 &hellip; <a href=\"https:\/\/www.cirkuseros.nu\/index.php\/text\/frageladan\/frageladan-fraga-svar-29\/\">Forts\u00e4tt l\u00e4sa <span class=\"meta-nav\">&rarr;<\/span><\/a><\/p>\n","protected":false},"author":2,"featured_media":0,"parent":51,"menu_order":29,"comment_status":"closed","ping_status":"closed","template":"sidebar-page.php","meta":[],"_links":{"self":[{"href":"https:\/\/www.cirkuseros.nu\/index.php\/wp-json\/wp\/v2\/pages\/1726"}],"collection":[{"href":"https:\/\/www.cirkuseros.nu\/index.php\/wp-json\/wp\/v2\/pages"}],"about":[{"href":"https:\/\/www.cirkuseros.nu\/index.php\/wp-json\/wp\/v2\/types\/page"}],"author":[{"embeddable":true,"href":"https:\/\/www.cirkuseros.nu\/index.php\/wp-json\/wp\/v2\/users\/2"}],"replies":[{"embeddable":true,"href":"https:\/\/www.cirkuseros.nu\/index.php\/wp-json\/wp\/v2\/comments?post=1726"}],"version-history":[{"count":3,"href":"https:\/\/www.cirkuseros.nu\/index.php\/wp-json\/wp\/v2\/pages\/1726\/revisions"}],"predecessor-version":[{"id":6648,"href":"https:\/\/www.cirkuseros.nu\/index.php\/wp-json\/wp\/v2\/pages\/1726\/revisions\/6648"}],"up":[{"embeddable":true,"href":"https:\/\/www.cirkuseros.nu\/index.php\/wp-json\/wp\/v2\/pages\/51"}],"wp:attachment":[{"href":"https:\/\/www.cirkuseros.nu\/index.php\/wp-json\/wp\/v2\/media?parent=1726"}],"curies":[{"name":"wp","href":"https:\/\/api.w.org\/{rel}","templated":true}]}}