{"id":1729,"date":"2016-11-22T14:05:43","date_gmt":"2016-11-22T13:05:43","guid":{"rendered":"https:\/\/cirkuseros.wordpress.com\/?page_id=1729"},"modified":"2017-02-04T05:19:03","modified_gmt":"2017-02-04T04:19:03","slug":"frageladan-fraga-svar-32","status":"publish","type":"page","link":"https:\/\/www.cirkuseros.nu\/index.php\/text\/frageladan\/frageladan-fraga-svar-32\/","title":{"rendered":"Fr\u00e5gel\u00e5dan &#8211; fr\u00e5ga &#038; svar:"},"content":{"rendered":"<p><img decoding=\"async\" loading=\"lazy\" src=\"https:\/\/i0.wp.com\/www.cirkuseros.nu\/app\/uploads\/2017\/01\/heartline_584.gif?resize=584%2C20&#038;ssl=1\" alt=\"Heartline\" data-recalc-dims=\"1\" \/><br \/>\n<span style=\"color: #800000;\"><strong><span style=\"font-family: Verdana, Geneva, Arial, Helvetica, Sans serif; font-size: large;\">Hur f\u00e5r jag min tjej att vilja raka sig mellan benen?<\/span><\/strong><\/span><br \/>\n<img decoding=\"async\" loading=\"lazy\" src=\"https:\/\/i1.wp.com\/www.cirkuseros.nu\/app\/uploads\/2016\/11\/tunnlinjeoriginal_584.gif?resize=584%2C8&#038;ssl=1\" alt=\"linje\" data-recalc-dims=\"1\" \/><br \/>\n<span style=\"font-family: AGaramond, Garamond, Jenson, serif; font-size: x-large;\"><strong>Fr\u00e5ga:<\/strong><\/span><br \/>\nJag gillar din sensuella sajt. En fr\u00e5ga. Jag gillar rakat &#8211; helt eller liten tofs. Min sambo d\u00e4remot \u00e4r ett &#8221;naturbarn&#8221; en &#8221;vildvittra&#8221; som aldrig rakat sig varken &#8221;d\u00e4r nere&#8221; eller ens under armarna. F\u00f6r mig skulle det vitalisera v\u00e5rt sexliv. Vad g\u00f6ra f\u00f6r att f\u00e5 henne intresserad och med p\u00e5 noterna?<br \/>\n<img decoding=\"async\" loading=\"lazy\" src=\"https:\/\/i1.wp.com\/www.cirkuseros.nu\/app\/uploads\/2016\/11\/tunnlinjeoriginal_584.gif?resize=584%2C8&#038;ssl=1\" alt=\"linje\" data-recalc-dims=\"1\" \/><br \/>\n<span style=\"font-family: AGaramond, Garamond, Jenson, serif; font-size: x-large;\"><strong>Svar:<\/strong><\/span><br \/>\nDu kan ju b\u00f6rja med att raka dig sj\u00e4lv.<br \/>\nD\u00e5 ser hon att du inte bara vill att hon ska underkasta sig dina id\u00e9er, utan att du &#8221;lever som du l\u00e4r&#8221;, s\u00e5 att s\u00e4ga.<\/p>\n<p>Sen kan du p\u00e5peka att det blir v\u00e4ldigt mycket sk\u00f6nare f\u00f6r henne att bli slickad av dig, om du f\u00e5r raka henne n\u00e5gon g\u00e5ng.<\/p>\n<p>Eftersom jag sj\u00e4lv arbetar en del med marknadsf\u00f6ring, s\u00e5 vet jag att det s\u00e4kraste s\u00e4ttet att f\u00e5 n\u00e5gon att g\u00f6ra n\u00e5got (eller k\u00f6pa n\u00e5got) \u00e4r att f\u00e5 dem att vilja g\u00f6ra det, att v\u00e4cka lusten att g\u00f6ra det.<\/p>\n<p>Det g\u00e4ller \u00e4ven i detta fall.<br \/>\nDu m\u00e5ste f\u00e5 henne till att verkligen vilja bli rakad, att hon ska se se nyttan och n\u00f6jet f\u00f6r henne sj\u00e4lv.<\/p>\n<p>Erbjud dig att raka henne, som en ett h\u00e4rligt f\u00f6rspel till en ljuvlig slickstund, d\u00e5 du slickar henne hur l\u00e4nge som helst &#8211; g\u00e4rna till en orgasm.<\/p>\n<p>Anv\u00e4nd g\u00e4rna en sk\u00e4ggtrimmer eller rakapparat med trimsax till att b\u00f6rja med, s\u00e5 att det blir riktigt kort.<br \/>\nRedan det brukar g\u00f6ra susen f\u00f6r slickandet.<br \/>\nMen n\u00e4r du sen rakar henne (med rena och oanv\u00e4nda rakattiraljer, f\u00f6rst\u00e5s, f\u00f6r att minska infektionsrisken), s\u00e5 kommer hon att vara sl\u00e4t och fin, och b\u00e5de du och hon kommer att kunna njuta oerh\u00f6rt mycket mer av din tunga mot hennes sl\u00e4ta blygd.<\/p>\n<p>Sen kan du tv\u00e4tta med alsolsprit och sm\u00f6rja in med en sk\u00f6n salva &#8211; varf\u00f6r inte n\u00e5got fr\u00e5n Body Shop, som du ocks\u00e5 har k\u00f6pt i present till henne&#8230;?<\/p>\n<p>Lycka till!<\/p>\n<p><strong>P.S.<\/strong><\/p>\n<p><a href=\"https:\/\/www.cirkuseros.nu\/index.php\/text\/artiklar\/artiklar-erotik-inspiration\/om-intimrakning\/\"><strong>F\u00f6r fler tips, l\u00e4s g\u00e4rna min artikel Om intimrakning\u00a0\u00bb<\/strong><\/a><\/p>\n<p><img decoding=\"async\" loading=\"lazy\" src=\"https:\/\/i1.wp.com\/www.cirkuseros.nu\/app\/uploads\/2016\/11\/tunnlinjeoriginal_584.gif?resize=584%2C8&#038;ssl=1\" alt=\"linje\" data-recalc-dims=\"1\" \/><br \/>\n<strong><a href=\"https:\/\/www.cirkuseros.nu\/index.php\/text\/frageladan\/\">Tillbaka till Fr\u00e5gel\u00e5dan \u00bb<\/a><\/strong><\/p>\n<p><img decoding=\"async\" loading=\"lazy\" src=\"https:\/\/i0.wp.com\/www.cirkuseros.nu\/app\/uploads\/2017\/01\/heartline_584.gif?resize=584%2C20&#038;ssl=1\" alt=\"Heartline\" data-recalc-dims=\"1\" \/><\/p>\n<p><img decoding=\"async\" loading=\"lazy\" src=\"https:\/\/i2.wp.com\/www.cirkuseros.nu\/app\/uploads\/2016\/10\/fri_kursbanner_ani.gif?resize=584%2C140&#038;ssl=1\" alt=\"Cirkus Eros - erotik f\u00f6r finsmakare\" data-recalc-dims=\"1\" \/><\/p>\n","protected":false},"excerpt":{"rendered":"<p>Hur f\u00e5r jag min tjej att vilja raka sig mellan benen? Fr\u00e5ga: Jag gillar din sensuella sajt. En fr\u00e5ga. Jag gillar rakat &#8211; helt eller liten tofs. Min sambo d\u00e4remot \u00e4r ett &#8221;naturbarn&#8221; en &#8221;vildvittra&#8221; som aldrig rakat sig varken &hellip; <a href=\"https:\/\/www.cirkuseros.nu\/index.php\/text\/frageladan\/frageladan-fraga-svar-32\/\">Forts\u00e4tt l\u00e4sa <span class=\"meta-nav\">&rarr;<\/span><\/a><\/p>\n","protected":false},"author":2,"featured_media":0,"parent":51,"menu_order":32,"comment_status":"closed","ping_status":"closed","template":"sidebar-page.php","meta":[],"_links":{"self":[{"href":"https:\/\/www.cirkuseros.nu\/index.php\/wp-json\/wp\/v2\/pages\/1729"}],"collection":[{"href":"https:\/\/www.cirkuseros.nu\/index.php\/wp-json\/wp\/v2\/pages"}],"about":[{"href":"https:\/\/www.cirkuseros.nu\/index.php\/wp-json\/wp\/v2\/types\/page"}],"author":[{"embeddable":true,"href":"https:\/\/www.cirkuseros.nu\/index.php\/wp-json\/wp\/v2\/users\/2"}],"replies":[{"embeddable":true,"href":"https:\/\/www.cirkuseros.nu\/index.php\/wp-json\/wp\/v2\/comments?post=1729"}],"version-history":[{"count":3,"href":"https:\/\/www.cirkuseros.nu\/index.php\/wp-json\/wp\/v2\/pages\/1729\/revisions"}],"predecessor-version":[{"id":6644,"href":"https:\/\/www.cirkuseros.nu\/index.php\/wp-json\/wp\/v2\/pages\/1729\/revisions\/6644"}],"up":[{"embeddable":true,"href":"https:\/\/www.cirkuseros.nu\/index.php\/wp-json\/wp\/v2\/pages\/51"}],"wp:attachment":[{"href":"https:\/\/www.cirkuseros.nu\/index.php\/wp-json\/wp\/v2\/media?parent=1729"}],"curies":[{"name":"wp","href":"https:\/\/api.w.org\/{rel}","templated":true}]}}