{"id":183,"date":"2016-10-28T03:46:06","date_gmt":"2016-10-28T01:46:06","guid":{"rendered":"https:\/\/cirkuseros.wordpress.com\/?page_id=183"},"modified":"2017-02-08T23:42:56","modified_gmt":"2017-02-08T22:42:56","slug":"tidningar-tidskrifter-bocker-forlag","status":"publish","type":"page","link":"https:\/\/www.cirkuseros.nu\/index.php\/lankar\/tidningar-tidskrifter-bocker-forlag\/","title":{"rendered":"Tidningar, tidskrifter, b\u00f6cker, f\u00f6rlag"},"content":{"rendered":"<p><img decoding=\"async\" loading=\"lazy\" src=\"https:\/\/i2.wp.com\/www.cirkuseros.nu\/app\/uploads\/2016\/12\/sidtoppvinjett_lanksidor_notext.jpg?resize=584%2C86&#038;ssl=1\" alt=\"sidotoppbanner l\u00e4nksidor\" data-recalc-dims=\"1\" \/><br \/>\n<strong>L\u00e4nkar h\u00e4r fr\u00e4mst till f\u00f6retag<\/strong> som genererar tryckta media \u2013 f\u00f6r bokf\u00f6rlag, periodiska tidskrifter, tidningar m.m., som alla har en tydligt sexpositiv grundinst\u00e4llning.<\/p>\n<p><img decoding=\"async\" loading=\"lazy\" src=\"https:\/\/i0.wp.com\/www.cirkuseros.nu\/app\/uploads\/2017\/01\/heartline_584.gif?resize=584%2C20&#038;ssl=1\" alt=\"Heartline\" data-recalc-dims=\"1\" \/><br \/>\n<strong><a href=\"http:\/\/www.cleansheets.com\/\" target=\"_blank\">Clean Sheets Erotica Magazine<\/a><\/strong><br \/>\nClean Sheets \u00e4r en amerikansk webtidskrift med massor av intressanta artiklar, gallerier och mycket annat sev\u00e4rt\/l\u00e4sv\u00e4rt. Medlem i Sex Education Web Circle.<br \/>\n<img decoding=\"async\" loading=\"lazy\" src=\"https:\/\/i2.wp.com\/www.cirkuseros.nu\/app\/uploads\/2016\/10\/smapunktlinje_584.gif?resize=584%2C8&#038;ssl=1\" alt=\"smapunktlinje_584\" data-recalc-dims=\"1\" \/><br \/>\n<strong><a href=\"http:\/\/www.cupido.no\/\" target=\"_blank\">CUPIDO<\/a><\/strong><br \/>\nDen norska erotiska tidskriften Cupidos hem p\u00e5 n\u00e4tet. Tidskriften Cupido \u00e4r en av de viktigaste anledningarna till att Cirkus Eros \u00f6ver huvud taget existerar, eftersom det var just den svenska utg\u00e5van av Cupido som fick ig\u00e5ng mig att skriva erotiska noveller i b\u00f6rjan av 1990-talet. De har k\u00f6pt m\u00e5nga noveller genom \u00e5ren, en dr\u00f6s bilder, de har publicerat artiklar om v\u00e5ra kurser, och mer d\u00e4rtill.<br \/>\n<img decoding=\"async\" loading=\"lazy\" src=\"https:\/\/i2.wp.com\/www.cirkuseros.nu\/app\/uploads\/2016\/10\/smapunktlinje_584.gif?resize=584%2C8&#038;ssl=1\" alt=\"smapunktlinje_584\" data-recalc-dims=\"1\" \/><br \/>\n<strong><a href=\"https:\/\/www.taschen.com\/\" target=\"_blank\">TASCHEN Books<\/a><\/strong><br \/>\nEtt bokf\u00f6rlag som har m\u00e4ngder av fantastiska b\u00f6cker till l\u00e5ga priser, om foto, konst, arkitektur &#8211; och erotica. Tag g\u00e4rna en titt p\u00e5 sidan f\u00f6r &#8221;<a href=\"https:\/\/www.taschen.com\/pages\/en\/collectors_editions\/all.htm?theme=sex&amp;crt_page=1\"><strong>Sexy books<\/strong><\/a>&#8221;.<br \/>\n<img decoding=\"async\" loading=\"lazy\" src=\"https:\/\/i2.wp.com\/www.cirkuseros.nu\/app\/uploads\/2016\/10\/smapunktlinje_584.gif?resize=584%2C8&#038;ssl=1\" alt=\"smapunktlinje_584\" data-recalc-dims=\"1\" \/><br \/>\n<strong><a href=\"http:\/\/www.vertigo.se\/\" target=\"_blank\">Vertigo F\u00f6rlag<\/a><\/strong><br \/>\nCarl-Michael Edenborg \u00e4r f\u00f6rfattare, id\u00e9historiker och f\u00f6rl\u00e4ggare av subversiv litteratur \u2013\u00a0en pervers d\u00e5re helt i min smak, d\u00e4rtill en lysande stilist. Vertigo har ett rej\u00e4lt sortiment av klassisk erotisk litteratur i sin utgivning.<br \/>\n<img decoding=\"async\" loading=\"lazy\" src=\"https:\/\/i0.wp.com\/www.cirkuseros.nu\/app\/uploads\/2017\/01\/heartline_584.gif?resize=584%2C20&#038;ssl=1\" alt=\"Heartline\" data-recalc-dims=\"1\" \/><\/p>\n<p><img decoding=\"async\" loading=\"lazy\" src=\"https:\/\/i2.wp.com\/www.cirkuseros.nu\/app\/uploads\/2016\/10\/fri_kursbanner_ani.gif?resize=584%2C140&#038;ssl=1\" alt=\"Cirkus Eros - erotik f\u00f6r finsmakare\" data-recalc-dims=\"1\" \/><\/p>\n","protected":false},"excerpt":{"rendered":"<p>L\u00e4nkar h\u00e4r fr\u00e4mst till f\u00f6retag som genererar tryckta media \u2013 f\u00f6r bokf\u00f6rlag, periodiska tidskrifter, tidningar m.m., som alla har en tydligt sexpositiv grundinst\u00e4llning. Clean Sheets Erotica Magazine Clean Sheets \u00e4r en amerikansk webtidskrift med massor av intressanta artiklar, gallerier och &hellip; <a href=\"https:\/\/www.cirkuseros.nu\/index.php\/lankar\/tidningar-tidskrifter-bocker-forlag\/\">Forts\u00e4tt l\u00e4sa <span class=\"meta-nav\">&rarr;<\/span><\/a><\/p>\n","protected":false},"author":2,"featured_media":0,"parent":72,"menu_order":3,"comment_status":"closed","ping_status":"closed","template":"sidebar-page.php","meta":[],"_links":{"self":[{"href":"https:\/\/www.cirkuseros.nu\/index.php\/wp-json\/wp\/v2\/pages\/183"}],"collection":[{"href":"https:\/\/www.cirkuseros.nu\/index.php\/wp-json\/wp\/v2\/pages"}],"about":[{"href":"https:\/\/www.cirkuseros.nu\/index.php\/wp-json\/wp\/v2\/types\/page"}],"author":[{"embeddable":true,"href":"https:\/\/www.cirkuseros.nu\/index.php\/wp-json\/wp\/v2\/users\/2"}],"replies":[{"embeddable":true,"href":"https:\/\/www.cirkuseros.nu\/index.php\/wp-json\/wp\/v2\/comments?post=183"}],"version-history":[{"count":1,"href":"https:\/\/www.cirkuseros.nu\/index.php\/wp-json\/wp\/v2\/pages\/183\/revisions"}],"predecessor-version":[{"id":7067,"href":"https:\/\/www.cirkuseros.nu\/index.php\/wp-json\/wp\/v2\/pages\/183\/revisions\/7067"}],"up":[{"embeddable":true,"href":"https:\/\/www.cirkuseros.nu\/index.php\/wp-json\/wp\/v2\/pages\/72"}],"wp:attachment":[{"href":"https:\/\/www.cirkuseros.nu\/index.php\/wp-json\/wp\/v2\/media?parent=183"}],"curies":[{"name":"wp","href":"https:\/\/api.w.org\/{rel}","templated":true}]}}