{"id":1912,"date":"2016-11-22T23:15:39","date_gmt":"2016-11-22T22:15:39","guid":{"rendered":"https:\/\/cirkuseros.wordpress.com\/?page_id=1912"},"modified":"2017-02-09T02:14:57","modified_gmt":"2017-02-09T01:14:57","slug":"gudomlig-sexualitet","status":"publish","type":"page","link":"https:\/\/www.cirkuseros.nu\/index.php\/text\/artiklar\/artiklar-av-gastartister-andra-skribenter\/gudomlig-sexualitet\/","title":{"rendered":"Gudomlig sexualitet"},"content":{"rendered":"<p>Trots att det \u00e4r sant att Tantra verkligen omfamnar den sexuella energin som ett fordon f\u00f6r att h\u00f6ja medvetandet, s\u00e5 \u00e4r det \u00e4nd\u00e5 bara b\u00f6rjan p\u00e5 den Tantriska resan. Hellre \u00e4n att fixera p\u00e5 dess historiska association med erotik, s\u00e5 \u00e4r Tantra b\u00e4ttre beskriven som konsten att \u00f6verbrygga den sociala fernissan f\u00f6r att uppleva ens egen grundl\u00e4ggande identitet.<\/p>\n<p>Liksom tibetansk buddhism idag beskriver den absoluta medvetenheten, med sin \u00f6ppenhet och o\u00e4ndliga m\u00f6jlighet att ge n\u00e4ring, som feminin, s\u00e5 anv\u00e4nde ocks\u00e5 den urgamla Tantran metaforer som Gudinnan och Modern som symboler f\u00f6r det autentiska Sj\u00e4lvet.<\/p>\n<p>Inneb\u00f6rden av detta \u00e4r att man uppn\u00e5r genom att bli en \u00e4lskare, inte slagsk\u00e4mpe. Att sl\u00e5ss med sig sj\u00e4lv, att k\u00e4mpa med och f\u00f6rs\u00f6ka trycka ner inneh\u00e5llet i ens egna sinnen och tankar, \u00e4r grunden i v\u00e5r kultur. Vi blir s\u00e5 f\u00f6rtroliga med att sl\u00e5ss att det till slut verkar naturligt. Sedan utexamineras vi att f\u00f6rv\u00e4nta oss och medskapa konflikter p\u00e5 utsidan med varandra.<\/p>\n<p><strong>Livet \u00e4r en ber\u00f6rande upplevelse<\/strong><\/p>\n<p>Den tantriska fascinationen av Modern har en annan, mer konkret, bakgrund. I stam- och jordbrukskulturer d\u00e4r Tantra ursprungligen uppstod f\u00f6r tusentals \u00e5r sedan, stannade barnet n\u00e4ra sin mor. Om hon inte h\u00f6lls eller bars av sin genetiska mor, hade hon fysisk kontakt med n\u00e5gon annan kvinnlig medlem av stammen, kanske en mormor (minns den nordamerikanska &#8221;papoosen&#8221;). Studier av stammar som vidh\u00e5llit denna sedv\u00e4nja \u00e4n idag visar en imponerande brist p\u00e5 v\u00e5ld. F\u00f6r att komma in i den fysiska dimensionen \u00e4r en s\u00e5dan stor chock att enorm v\u00e5rd m\u00e5ste sk\u00e4nkas varelsen i livmodern och sp\u00e4dbarnet. Det \u00e4r r\u00e4dslan och isoleringen, resultatet av avbrottet i den vanliga kontakten, som skapar de flesta av v\u00e5ra personliga och sociala problem. Vi vuxna har mycket att ta igen. Vi beh\u00f6ver taktil kontakt f\u00f6r att f\u00f6rbli vid v\u00e5ra sinnens fulla bruk, inte bara i form av att \u00e4lska, men ocks\u00e5 genom massage, kramar, kelande och \u00f6msinta smekningar.<\/p>\n<p><strong>Sex \u00e4r Naturens LSD<\/strong><\/p>\n<p>Vi gl\u00f6mmer l\u00e4tt att n\u00e4r Tantra f\u00f6rst blev tillg\u00e4ngligt f\u00f6r tusentals \u00e5r sedan, s\u00e5 var dess studenter m\u00e4nniskor uppfostrade i ett icke-v\u00e5ldsamt, kroppspositivt, modersdominerat samh\u00e4lle. S\u00e5 det \u00e4r viktigt f\u00f6r oss att anstr\u00e4nga oss att ta av v\u00e5rt judisk-kristna, sex-negativa &#8217;huvud&#8217; och ist\u00e4llet f\u00f6rs\u00f6ka se p\u00e5 Tantra genom helt nya friska \u00f6gon, \u00f6gon som s\u00e5g med f\u00f6rundran p\u00e5 Naturen i hennes or\u00f6rda prakt, inte p\u00e5 hennes avtagande skymning. &#8221;Modern&#8221; upplevdes d\u00e5 inte som den biologiska personen, utan som sj\u00e4lva livets k\u00e4lla, den stora n\u00e4ringsgivaren &#8211; och f\u00f6rst\u00f6raren.<\/p>\n<p>Om vi kan acceptera denna synvinkel, \u00e5tminstone f\u00f6rs\u00f6ka g\u00f6ra det, s\u00e5 kanske vi kan komma Tantras ande lite n\u00e4rmare. Om exempelvis du och din partner \u00e4r p\u00e5 v\u00e4g att \u00e4lska, s\u00e5 avser detta att g\u00f6ra sig av med mycket av den sociala kulturens skr\u00e4p som fyller era huvuden och ers\u00e4tta detta med ett mer &#8221;primitivt&#8221; syns\u00e4tt. V\u00e5ra sexuella &#8221;huvuden&#8221; \u00e4r alla de tankar om sex som vi f\u00f6rv\u00e4rvat oss. I Zen skulle vi s\u00e4ga &#8221;kapa huvudet och handla.<\/p>\n<p>Jeff och Marie anv\u00e4nde min &#8221;Bara r\u00f6ra-teknik&#8221; f\u00f6r att uppn\u00e5 detta. Genom att r\u00f6ra sig v\u00e4ldigt l\u00e5ngsamt s\u00e5 fokuserades deras uppm\u00e4rksamhet helt p\u00e5 sinnesintrycken de k\u00e4nde vid ber\u00f6ringspunkterna av deras angel\u00e4gna kroppar. Som Jeff f\u00f6rklarade det f\u00f6r mig, &#8221;Jag var helt i nuet, \u00e4nd\u00e5 str\u00e4ckte sig en evighet av extas ut sig framf\u00f6r mig. n\u00e4r man utforskar sin sensuella samh\u00f6righet utan tanke, f\u00f6rsvinner ledan ut genom f\u00f6nstret oavsett hur l\u00e4nge man varit \u00e4lskande.&#8221;<\/p>\n<p><strong>Gudinnan och Guden<\/strong><\/p>\n<p>Nu n\u00e4r vi har r\u00e4ttat till v\u00e5r syn p\u00e5 Tantra, kan vi titta p\u00e5 en annan stor uppfinning som h\u00e4rstammar d\u00e4rifr\u00e5n, modellen med guden-gudinnan. F\u00f6rutom v\u00e5rt utanf\u00f6rskap fr\u00e5n Modern och fr\u00e5n Naturen, nedtyngs vi av en m\u00e4ngd andliga br\u00f6llopsparadigmer.<\/p>\n<p>Romeo och Julias k\u00e4rlek var \u00e4kta, men slutade i tragedi. I kontrast till de indiska Radha och Krishna som utm\u00e5las som ut\u00f6vande en evigt erotisk fl\u00f6rt. Medan de njuter av himlen p\u00e5 Jorden, hyllar de varandra med en odelad h\u00e4ngivenhet.<\/p>\n<p>D\u00e5 ens partner ses som gudinnan eller guden s\u00e5 uppn\u00e5s ett stort positivt tillr\u00e4ttal\u00e4ggande av attityden. Det underl\u00e4ttar att ge sig h\u00e4n, framkallar uppskattning och uppmuntrar respekt. Till exempel s\u00e5 ser jag min fru som en utstr\u00e5lning av en s\u00e4rskild hinduisk gudinna. F\u00f6r mig \u00e4r detta ett bokstavligt faktum.<\/p>\n<p>Att se varandra som gudinnan och guden \u00e4r en mellanligande steg. Fr\u00e5n en absolut st\u00e5ndpunkt s\u00e5 \u00e4r ingen beskrivning tillr\u00e4cklig. Men genom att positivt och konsekvent se den andra som antingen gud eller gudinna och inte bara m\u00e4nsklig, \u00e4r att iscens\u00e4tta himmelen p\u00e5 jorden. Den typiska \u00e5ngesten om partnern sp\u00e4s ut. Kanske \u00e4r de en fallen gudinna eller gud, men deras r\u00f6tter, deras identitet, \u00e4r gudomlig. Och detta \u00e4r s\u00e5 mycket n\u00e4rmare sanningen. S\u00e5 att se varandra som gudinna och gud \u00e4r ett skickligt, sp\u00e4nnande f\u00f6rest\u00e4llning som l\u00e4mnar stort utrymme f\u00f6r spontanitet och kreativitet medan man f\u00f6rvissar sig om ett n\u00e4rande k\u00e4nslosamt tonl\u00e4ge.<\/p>\n<p><strong>Helkroppsextas<\/strong><\/p>\n<p>Tantra arbetar med sex-k\u00e4nsla axeln i v\u00e5ra psyken. Den fullt blomstrande tantriska v\u00e4gen \u00e4r en f\u00e4rgrik, extatisk, artistisk, musikalisk, gl\u00e4djefylld hyllning av och med varje sinne. Fast\u00e4n en lika komplett v\u00e4g som den som praktiseras av sina spartanska kusiner, munkarna och nunnorna, s\u00e5 exploderar Tantra av f\u00e4rger, toner, former och energier av k\u00e4nslor. Och k\u00e4nslor kan inte separeras fr\u00e5n sexualiteten, fr\u00e5n sensuella uttryck eller fr\u00e5n, i en vidare mening, livets energi.<\/p>\n<p>Tantra vill inte alls trycka ned. Av denna anledning, \u00e4r den v\u00e4ldigt bra f\u00f6r v\u00e5rt samh\u00e4lle. Det \u00e4r ett motgift. Vi \u00e4r offer f\u00f6r v\u00e5ra egna monster, f\u00f6r v\u00e5ra nedtryckta energier som har blivit \u00e5terf\u00f6dda i f\u00f6rvriden form. V\u00e5ld \u00e4r exempelvis bara en patologisk form av v\u00e5rt behov att r\u00f6ra och bli r\u00f6rda. Livets kraft kan inte f\u00f6rnekas. S\u00e5 mycket \u00e4r s\u00e4kert.<\/p>\n<p>Sex \u00e4r Naturens LSD. P\u00e5 cellniv\u00e5 k\u00e4nner vi att en hel kroppsextas \u00e4r m\u00f6jlig. N\u00e4r detta ignoreras uttrycks detta spontana behov som materialistisk lagring, kroppsviktsproblem, misslyckade f\u00f6rh\u00e5llanden, sexuella sv\u00e5righeter, ytliga beg\u00e4r. Tantra s\u00e4ger inte bara att du f\u00f6rtj\u00e4nar extas utan ocks\u00e5 att extasens k\u00e4lla finns inom dig, inte bara som sex utan som en helkroppsbefrielse som i slut\u00e4nden tar form i att sm\u00e4lta samman till en enhet.<\/p>\n<p><strong>Tantrisk orgasm<\/strong><\/p>\n<p>Sex \u00e4r b\u00f6rjan, men inte slutet. N\u00e4r jag b\u00f6rjade med Tantra innebar sex att ha samlag med en partner. Nu inneb\u00e4r sex en k\u00e4nslosam upplevelse av den f\u00f6renade medk\u00e4nnande kosmiska energin. Jag ser nu p\u00e5 orgasm som meditation och har l\u00e4rt hur man uppn\u00e5r ett orgasmiskt tillst\u00e5nd snabbt och l\u00e4tt utan stimulering av k\u00f6nsorganen. D\u00e4rf\u00f6r har jag uppn\u00e5tt en v\u00e4rdefull grad av sj\u00e4lvstyre gentemot min fysiska \u00e4lskare, och v\u00e4nder mig mer och mer mot den stora feminina oceanen av v\u00e4lg\u00f6rande energi som min allest\u00e4des n\u00e4rvarande \u00c4lskade.<\/p>\n<p>Kanske \u00e4r du intresserad av detta, s\u00e5 d\u00e4rf\u00f6r ber\u00e4ttar jag hur du kan g\u00f6ra. I en sittande position tar du n\u00e5gra djupa andetag. Fokusera p\u00e5 det sexuella omr\u00e5det. \u00c5terkalla minnet av en mycket njutningsfull orgasmisk, eller annan erotisk, upplevelse. Sl\u00e4pp nu denna upplevelse fri i dina tankar och sinnen, f\u00f6rs\u00f6k k\u00e4nna detta \u00e5terigen i din kropp som om det h\u00e4nder precis nu. Medan du g\u00f6r detta, forts\u00e4tt andas djupare \u00e4n vanligt. V\u00e4nd dina \u00f6gon upp\u00e5t och fokusera din uppm\u00e4rksamhet p\u00e5 mitten eller toppen av ditt huvud. Uppmuntra k\u00e4nslan av l\u00e4ngtan efter intimitet och extas. Ge efter. \u00d6verl\u00e4mna dig. F\u00f6renas. Det kan hj\u00e4lpa att vagga lite fr\u00e5n sida till sida eller att annars frig\u00f6ra b\u00e4ckenet och ryggen s\u00e5 att energin kan fl\u00f6da fritt. S\u00e5 sm\u00e5ningom kommer du att kunna ha en mild orgasm n\u00e4rhelst du \u00f6nskar.<\/p>\n<p>Anv\u00e4ndandet av denna teknik f\u00f6r praktik med en partner \u00e4r r\u00e4ttframt. Uppenbarligen s\u00e5 beh\u00f6ver du inte minnas en erotisk upplevelse &#8211; du har ju en! Medan energin byggs upp, s\u00e4nd den till din partner. F\u00f6rdelarna kan inneb\u00e4ra v\u00e4lbefinnande med sexuella fr\u00e5gor, b\u00e4ttre meditationer, f\u00f6rb\u00e4ttrad relation eller att du attraherar en ny tantrisk partner.<\/p>\n<p><strong>F\u00f6lj din lycka<\/strong><\/p>\n<p>Detta \u00e4r Tantra &#8211; smaka p\u00e5 det, k\u00e4nn det, lev det, var det. Det framg\u00e5ngsrika, andliga livet k\u00e4nns bra och n\u00e4r du m\u00e5r bra, behandlar du andra bra ocks\u00e5. F\u00f6r att respektfullt ge den bibliska frasen en ny mening &#8221;G\u00f6r mot andra vad du vill att andra ska g\u00f6ra mot dig.&#8221; Det finns ingen anledning att v\u00e4nta. B\u00f6rja nu. M\u00e5 bra nu. Du f\u00f6rtj\u00e4nar det. Att m\u00e5 bra \u00e4r ett tecken p\u00e5 att den kosmiska intelligensen verkar i ditt liv.<\/p>\n<p>Det finns s\u00e5 mycket mer \u00e4n detta i Tantra, men jag tror detta \u00e4r en bra introduktion. I institutionell Tantra, som inom buddhismen, finns det m\u00e5nga regler och speciella meditationer och traditioner att hedra. Men andemeningen \u00e4r \u00e4nd\u00e5 densamma, vilket uppmuntrar oss att g\u00f6ra det som \u00e4r n\u00e4rmast v\u00e5rt hj\u00e4rta. Den nu avlidne mytologen Joseph Campbell tillfr\u00e5gades om han kunde sammanfatta sitt budskap och svarade &#8221;F\u00f6lj din lycka&#8221;. G\u00f6r det som ger dig livslust, fortsatte han, det som f\u00e5r dig att m\u00e5 bra.<\/p>\n<p>Vi kan inte utel\u00e4mna meditationen, det praktiska i att vara vaken och medveten, eftersom det \u00e4r h\u00f6rnstenen. Men alltf\u00f6r ofta gl\u00f6mmer vi att meditation handlar om gl\u00e4dje. Eftertanke, b\u00f6ner, h\u00e4ngivenhet, stillhet, pilgrimsf\u00e4rder, respekt av l\u00e4raren, allt detta \u00e4r ocks\u00e5 Tantra. Hj\u00e4rtat i Tantra \u00e4r \u00e4nd\u00e5 spontanitet och frihet, och inget system kan n\u00e5gonsin f\u00e5nga detta. Det som \u00e4r spontant \u00e4r sant.<\/p>\n<p>\u00a9 David A. Ramsdale, M.A.<\/p>\n<p>Svensk \u00f6vers\u00e4ttning:<br \/>\n\u00a9 Susanne Andersson<\/p>\n<p><img decoding=\"async\" loading=\"lazy\" src=\"https:\/\/i1.wp.com\/www.cirkuseros.nu\/app\/uploads\/2016\/11\/tunnlinjeoriginal_584.gif?resize=584%2C8&#038;ssl=1\" alt=\"linje\" data-recalc-dims=\"1\" \/><br \/>\n<a href=\"https:\/\/www.cirkuseros.nu\/index.php\/text\/artiklar\/artiklar-av-gastartister-andra-skribenter\/\"><strong><span style=\"font-family: Verdana, Geneva, Arial, Helvetica, Sans serif; font-size: small;\">Tillbaka till Artiklar av g\u00e4startister \u00bb<\/span><\/strong><\/a><br \/>\n<img decoding=\"async\" loading=\"lazy\" src=\"https:\/\/i0.wp.com\/www.cirkuseros.nu\/app\/uploads\/2017\/01\/heartline_584.gif?resize=584%2C20&#038;ssl=1\" alt=\"Heartline\" data-recalc-dims=\"1\" \/><\/p>\n<p><img decoding=\"async\" loading=\"lazy\" src=\"https:\/\/i2.wp.com\/www.cirkuseros.nu\/app\/uploads\/2016\/10\/fri_kursbanner_ani.gif?resize=584%2C140&#038;ssl=1\" alt=\"Cirkus Eros - erotik f\u00f6r finsmakare\" data-recalc-dims=\"1\" \/><\/p>\n","protected":false},"excerpt":{"rendered":"<p>Trots att det \u00e4r sant att Tantra verkligen omfamnar den sexuella energin som ett fordon f\u00f6r att h\u00f6ja medvetandet, s\u00e5 \u00e4r det \u00e4nd\u00e5 bara b\u00f6rjan p\u00e5 den Tantriska resan. Hellre \u00e4n att fixera p\u00e5 dess historiska association med erotik, s\u00e5 &hellip; <a href=\"https:\/\/www.cirkuseros.nu\/index.php\/text\/artiklar\/artiklar-av-gastartister-andra-skribenter\/gudomlig-sexualitet\/\">Forts\u00e4tt l\u00e4sa <span class=\"meta-nav\">&rarr;<\/span><\/a><\/p>\n","protected":false},"author":2,"featured_media":0,"parent":1022,"menu_order":8,"comment_status":"closed","ping_status":"closed","template":"sidebar-page.php","meta":[],"_links":{"self":[{"href":"https:\/\/www.cirkuseros.nu\/index.php\/wp-json\/wp\/v2\/pages\/1912"}],"collection":[{"href":"https:\/\/www.cirkuseros.nu\/index.php\/wp-json\/wp\/v2\/pages"}],"about":[{"href":"https:\/\/www.cirkuseros.nu\/index.php\/wp-json\/wp\/v2\/types\/page"}],"author":[{"embeddable":true,"href":"https:\/\/www.cirkuseros.nu\/index.php\/wp-json\/wp\/v2\/users\/2"}],"replies":[{"embeddable":true,"href":"https:\/\/www.cirkuseros.nu\/index.php\/wp-json\/wp\/v2\/comments?post=1912"}],"version-history":[{"count":1,"href":"https:\/\/www.cirkuseros.nu\/index.php\/wp-json\/wp\/v2\/pages\/1912\/revisions"}],"predecessor-version":[{"id":7098,"href":"https:\/\/www.cirkuseros.nu\/index.php\/wp-json\/wp\/v2\/pages\/1912\/revisions\/7098"}],"up":[{"embeddable":true,"href":"https:\/\/www.cirkuseros.nu\/index.php\/wp-json\/wp\/v2\/pages\/1022"}],"wp:attachment":[{"href":"https:\/\/www.cirkuseros.nu\/index.php\/wp-json\/wp\/v2\/media?parent=1912"}],"curies":[{"name":"wp","href":"https:\/\/api.w.org\/{rel}","templated":true}]}}