{"id":1951,"date":"2016-11-23T00:11:08","date_gmt":"2016-11-22T23:11:08","guid":{"rendered":"https:\/\/cirkuseros.wordpress.com\/?page_id=1951"},"modified":"2017-02-09T02:18:04","modified_gmt":"2017-02-09T01:18:04","slug":"runda-ord","status":"publish","type":"page","link":"https:\/\/www.cirkuseros.nu\/index.php\/text\/artiklar\/artiklar-av-gastartister-andra-skribenter\/runda-ord\/","title":{"rendered":"Runda ord"},"content":{"rendered":"<p><strong>\u00c5terigen rullar runda ord i media.<\/strong> Nu har det snart g\u00e5tt tio \u00e5r sedan Stig Malm myntade ett begrepp som kom att bli bevingat. Men de flesta av oss minns v\u00e4l \u00e4nd\u00e5 det gr\u00f6nk\u00f6pingsartade rabalder, som d\u00e5 seglade upp i pressen; vilka st\u00e5tliga rubriker som erigerade p\u00e5 l\u00f6psedlarna.<\/p>\n<p>Sedan dess har vi lite d\u00e5 och d\u00e5 st\u00e4llts inf\u00f6r ett fenomen, vars inneb\u00f6rd kan uttryckas i fr\u00e5gan: Vad betyder det n\u00e4r en m\u00e4nniska ben\u00e4mner en annan med ett k\u00f6nsord, t ex <strong>fitta<\/strong>?<\/p>\n<p><img decoding=\"async\" loading=\"lazy\" src=\"https:\/\/i2.wp.com\/www.cirkuseros.nu\/app\/uploads\/2016\/11\/finfitta1.jpg?resize=584%2C335&#038;ssl=1\" alt=\"finfitta\" data-recalc-dims=\"1\" \/><\/p>\n<p>I v\u00e5r kultur \u00e4r k\u00f6nsord pejorativ av h\u00f6gsta &#8211; eller om man s\u00e5 vill: l\u00e4gsta &#8211; rang. Vill du s\u00e4ga n\u00e5got riktigt f\u00f6rklenande om n\u00e5gon, n\u00e5r du b\u00e4st effekt med ett k\u00f6nsligt uttryck. S\u00e4rskilt om formuleringen har feminin anknytning. Detta g\u00e4ller i lika h\u00f6g grad om den du ska chikanera \u00e4r kvinna eller man. D\u00e4rf\u00f6r, om du vill \u00e5stadkomma maximal verkan, b\u00f6r du klippa till med <strong>fitta<\/strong>.<\/p>\n<p>Psykologin i sammanhanget \u00e4r enkel. Utg\u00e5ngspunkten \u00e4r en grundmurad id\u00e9 om att kvinnans kropp, i synnerhet <strong>fittan<\/strong>, \u00e4r n\u00e5got skamligt och motbjudande. K\u00e4nslor av detta slag \u00e4r av solid h\u00e4vd &#8211; lika mycket hos kvinnor som hos m\u00e4n.<\/p>\n<p>N\u00e4r en m\u00e4nniska kommer i konflikt, blir kr\u00e4nkt, r\u00e4dd, aggressiv eller p\u00e5 annat s\u00e4tt kommer i affekt, g\u00f6r hon en snabb f\u00f6rknippning mellan det konkreta konflikttemat och en underliggande allm\u00e4n avsky f\u00f6r det kvinnliga k\u00f6net &#8211; och s\u00e5 kommer det:<\/p>\n<p>&#8211; Du \u00e4r en riktig <strong>fitta<\/strong>.<\/p>\n<p>Det \u00e4r alltid lika obehagligt att bli p\u00e5mind om att folk har detta \u00e5ngestladdade f\u00f6rh\u00e5llande till k\u00f6net. Det som tr\u00e4der i dagen n\u00e4r n\u00e5gon s\u00e4ger <strong>fitta<\/strong> \u00e4r inte i f\u00f6rsta hand att vederb\u00f6rande har en bristf\u00e4llig uppfostran, torftigt spr\u00e5kbruk eller en ringaktande inst\u00e4llning till kvinnor. Vad som visar sig \u00e4r den urgamla skr\u00e4cken f\u00f6r k\u00f6nsligheten som s\u00e5dan.<\/p>\n<p>S\u00e5 l\u00e4nge &#8221;kuk&#8221; och &#8221;fitta&#8221; klingar annorlunda \u00e4n &#8221;fot&#8221; och &#8221;\u00f6ra&#8221; kvarst\u00e5r problemet.<\/p>\n<p>En indignationsstorm, som trumpetar ut att &#8221;fitta f\u00e5r man inte s\u00e4ga&#8221;, och &#8221;Fy, s\u00e5 vulg\u00e4rt!&#8221; sp\u00e4r p\u00e5 och f\u00f6rst\u00e4rker den sexfientliga indoktrineringen.<\/p>\n<p>Den som vill f\u00f6rs\u00f6ka sig p\u00e5 lite sj\u00e4lslig gymnastik i ordets dubbla &#8211; allts\u00e5 \u00e4ven ursprungliga betydelse (naken\u00f6vningar) &#8211; kan i en period \u00e4gna sig \u00e5t en daglig tr\u00e4ning enligt modellen: BLACK IS BEAUTIFUL.<\/p>\n<p>\u00d6verf\u00f6rt till det h\u00e4r sammanhanget blir formuleringen: <strong>FITTA \u00c4R FINT<\/strong>. Upprepa detta mantra tio g\u00e5nger om dagen, g\u00e4rna framf\u00f6r en spegel, tills det flyter utan krumbukter.<\/p>\n<p>F\u00f6rs\u00f6k sedan att kalla n\u00e5gon f\u00f6r <strong>fitta<\/strong> med den inst\u00e4llning du nu f\u00f6rv\u00e4rvat. Se vilken reaktion som uppst\u00e5r och g\u00e5 in i ett resonemang om de tankar och k\u00e4nslor som inst\u00e4ller sig.<\/p>\n<p>I b\u00e4sta fall leder den h\u00e4r metoden till att m\u00e4n skaffar sig ett alternativ till epitet som &#8221;lilla hj\u00e4rtat&#8221; eller &#8221;min rosenknopp&#8221;. F\u00f6r kvinnor uppst\u00e5r en enkel m\u00f6jlighet att uttrycka &#8221;girl-power&#8221; p\u00e5 god svenska.<\/p>\n<p>Lycka till!<br \/>\n\u00a9 Ulf Widestr\u00f6m, sexolog<\/p>\n<p><img decoding=\"async\" loading=\"lazy\" src=\"https:\/\/i1.wp.com\/www.cirkuseros.nu\/app\/uploads\/2016\/11\/tunnlinjeoriginal_584.gif?resize=584%2C8&#038;ssl=1\" alt=\"linje\" data-recalc-dims=\"1\" \/><br \/>\n<a href=\"https:\/\/www.cirkuseros.nu\/index.php\/text\/artiklar\/artiklar-av-gastartister-andra-skribenter\/\"><strong><span style=\"font-family: Verdana, Geneva, Arial, Helvetica, Sans serif; font-size: small;\">Tillbaka till Artiklar av g\u00e4startister \u00bb<\/span><\/strong><\/a><br \/>\n<img decoding=\"async\" loading=\"lazy\" src=\"https:\/\/i0.wp.com\/www.cirkuseros.nu\/app\/uploads\/2017\/01\/heartline_584.gif?resize=584%2C20&#038;ssl=1\" alt=\"Heartline\" data-recalc-dims=\"1\" \/><\/p>\n<p><img decoding=\"async\" loading=\"lazy\" src=\"https:\/\/i2.wp.com\/www.cirkuseros.nu\/app\/uploads\/2016\/10\/fri_kursbanner_ani.gif?resize=584%2C140&#038;ssl=1\" alt=\"Cirkus Eros - erotik f\u00f6r finsmakare\" data-recalc-dims=\"1\" \/><\/p>\n","protected":false},"excerpt":{"rendered":"<p>\u00c5terigen rullar runda ord i media. Nu har det snart g\u00e5tt tio \u00e5r sedan Stig Malm myntade ett begrepp som kom att bli bevingat. Men de flesta av oss minns v\u00e4l \u00e4nd\u00e5 det gr\u00f6nk\u00f6pingsartade rabalder, som d\u00e5 seglade upp i &hellip; <a href=\"https:\/\/www.cirkuseros.nu\/index.php\/text\/artiklar\/artiklar-av-gastartister-andra-skribenter\/runda-ord\/\">Forts\u00e4tt l\u00e4sa <span class=\"meta-nav\">&rarr;<\/span><\/a><\/p>\n","protected":false},"author":2,"featured_media":0,"parent":1022,"menu_order":5,"comment_status":"closed","ping_status":"closed","template":"sidebar-page.php","meta":[],"_links":{"self":[{"href":"https:\/\/www.cirkuseros.nu\/index.php\/wp-json\/wp\/v2\/pages\/1951"}],"collection":[{"href":"https:\/\/www.cirkuseros.nu\/index.php\/wp-json\/wp\/v2\/pages"}],"about":[{"href":"https:\/\/www.cirkuseros.nu\/index.php\/wp-json\/wp\/v2\/types\/page"}],"author":[{"embeddable":true,"href":"https:\/\/www.cirkuseros.nu\/index.php\/wp-json\/wp\/v2\/users\/2"}],"replies":[{"embeddable":true,"href":"https:\/\/www.cirkuseros.nu\/index.php\/wp-json\/wp\/v2\/comments?post=1951"}],"version-history":[{"count":1,"href":"https:\/\/www.cirkuseros.nu\/index.php\/wp-json\/wp\/v2\/pages\/1951\/revisions"}],"predecessor-version":[{"id":7101,"href":"https:\/\/www.cirkuseros.nu\/index.php\/wp-json\/wp\/v2\/pages\/1951\/revisions\/7101"}],"up":[{"embeddable":true,"href":"https:\/\/www.cirkuseros.nu\/index.php\/wp-json\/wp\/v2\/pages\/1022"}],"wp:attachment":[{"href":"https:\/\/www.cirkuseros.nu\/index.php\/wp-json\/wp\/v2\/media?parent=1951"}],"curies":[{"name":"wp","href":"https:\/\/api.w.org\/{rel}","templated":true}]}}