{"id":1990,"date":"2016-11-23T01:46:01","date_gmt":"2016-11-23T00:46:01","guid":{"rendered":"https:\/\/cirkuseros.wordpress.com\/?page_id=1990"},"modified":"2017-02-09T02:22:17","modified_gmt":"2017-02-09T01:22:17","slug":"jennie-rehbinder-erotikpedagog-och-fotograf","status":"publish","type":"page","link":"https:\/\/www.cirkuseros.nu\/index.php\/text\/artiklar\/artiklar-av-gastartister-andra-skribenter\/jennie-rehbinder-erotikpedagog-och-fotograf\/","title":{"rendered":"Jennie Rehbinder \u2013 Erotikpedagog och fotograf"},"content":{"rendered":"<p><span style=\"font-family: Garamond, AGaramond, Times, serif; font-size: x-large;\"><b>Intervju och foto av<br \/>\nYlva-Maria Thompson<\/b><\/span><\/p>\n<p><span style=\"font-family: Verdana, Geneva, Arial, Helvetica, Sans serif; font-size: small;\"><b>Publicerad p\u00e5 GirlsCorner.nu sommaren 2007<\/b><\/span><\/p>\n<p><img decoding=\"async\" loading=\"lazy\" src=\"https:\/\/i1.wp.com\/www.cirkuseros.nu\/app\/uploads\/2016\/11\/tunnlinjeoriginal_584.gif?resize=584%2C8&#038;ssl=1\" alt=\"tunnlinjeoriginal_584\" data-recalc-dims=\"1\" \/><\/p>\n<p><em>M\u00c5NADENS PROFIL p\u00e5 GirlsCorner.nu \u00e4r rubriken under vilken vi varje m\u00e5nad presenterar en person som utm\u00e4rker sig p\u00e5 n\u00e5got speciellt s\u00e4tt. Det kan vara genom sitt utseende, sina prestationer, sina uttalanden eller p\u00e5 vilket s\u00e4tt som helst, s\u00e5 l\u00e4nge vi finner det v\u00e4rt att uppm\u00e4rksammas.<\/em><\/p>\n<p><img decoding=\"async\" loading=\"lazy\" src=\"https:\/\/i2.wp.com\/www.cirkuseros.nu\/app\/uploads\/2016\/11\/jennie_x3.jpg?resize=584%2C248&#038;ssl=1\" alt=\"jennie_x3\" data-recalc-dims=\"1\" \/><\/p>\n<p><strong>Jennie och Calle Rehbinder har h\u00e5llit k\u00e4rlekskurser<\/strong> f\u00f6r par i flera \u00e5r nu. Ni kanske har sett dem p\u00e5 TV4 i dokument\u00e4ren &#8221;Sex p\u00e5 Schemat&#8221;, d\u00e4r TV-teamet var med p\u00e5 en av deras kurser f\u00f6r par, &#8221;Gudomlig Njutning&#8221;. Och ni kanske har l\u00e4st om dem h\u00e4r p\u00e5 Girlscorner tidigare.<\/p>\n<p><strong>Nu \u00e4r det \u00e4ntligen dags<\/strong> f\u00f6r en l\u00e4nge efterfr\u00e5gad k\u00e4rlekskurs f\u00f6r b\u00e5de SINGLAR och par, och det \u00e4r d\u00e4rf\u00f6r jag tr\u00e4ffar Jennie. Jag \u00e4r ju s\u00e5 nyfiken p\u00e5 hur det kan g\u00e5 till att komma till en k\u00e4rlekskurs som singeltjej. Kommer det att finnas en massa l\u00e4ckra killar d\u00e4r? M\u00e5ste man ha sex med de andra deltagarna p\u00e5 kursen? Vad l\u00e4r man sig egentligen p\u00e5 en k\u00e4rlekskurs? Underrubriken &#8221;Den nakna sanningen om dig sj\u00e4lv&#8221; v\u00e4cker ju sj\u00e4lvklart nyfikenhet. Men man beh\u00f6ver inte vara orolig &#8211; man f\u00e5r veta tillr\u00e4ckligt mycket i f\u00f6rv\u00e4g.<br \/>\nL\u00e4s mer om kursen i denna intervju!<\/p>\n<p>Kursen kommer att h\u00e5llas nu i sommar 2007, 16 &#8211; 19 Augusti, torsdag till s\u00f6ndag, p\u00e5 Skeppsuddens kursg\u00e5rd utanf\u00f6r Norrk\u00f6ping, och har f\u00e5tt namnet &#8221;<strong>K\u00e4rlek, Liv &amp; Lust<\/strong>&#8221;.<\/p>\n<p><img decoding=\"async\" loading=\"lazy\" src=\"https:\/\/i1.wp.com\/www.cirkuseros.nu\/app\/uploads\/2016\/11\/karleklivlustbanner.gif?resize=584%2C75&#038;ssl=1\" alt=\"karleklivlustbanner\" data-recalc-dims=\"1\" \/><\/p>\n<p><strong>Ylva:<\/strong><br \/>\nVad kommer kursen att handla om?<\/p>\n<p><strong>Jennie:<\/strong><br \/>\n&#8211; Egenk\u00e4rlek, att skapa en positiv sj\u00e4lvbild.<br \/>\n&#8211; Kommunikation, hur man skapar intimitet i st\u00e4llet f\u00f6r distans genom sin kommunikation.<br \/>\n&#8211; Gr\u00e4ns\u00f6verskridande &#8211; inte f\u00f6r dess egen skull utan f\u00f6r att det ger s\u00e5 mycket frihet och kraft! Man k\u00e4nner att man har mer makt \u00f6ver sitt eget liv och sin egen kropp.<br \/>\n&#8211; Att komma n\u00e4rmare sin egen sexualitet &#8211; att frig\u00f6ra k\u00f6net fr\u00e5n skam, att f\u00e5 uppleva hur mycket kraft man kan frig\u00f6ra n\u00e4r man tar bort skammen och bara njuter hejdl\u00f6st av sin egen kropp.<br \/>\n&#8211; Att leva mer h\u00e4r och nu &#8211; att ta in livet helt och fullt. \u00c4ven det som \u00e4r jobbigt &#8211; bara ta in det helt och fullt. Vara mer n\u00e4rvarande! Att h\u00e4nge sig \u00e5t sig sj\u00e4lv. Att spegla sig sj\u00e4lv, i en trygg milj\u00f6.<br \/>\n&#8211; Vi skapar en trygg och k\u00e4rleksfull milj\u00f6, en plattform f\u00f6r att f\u00e5 utforska sig sj\u00e4lv, tillsammans med andra, i grupp.<br \/>\nN\u00e4r man arbetar i grupp blir allting starkare och tydligare, det blir tydligare vad man \u00e4r bra p\u00e5 och vad man beh\u00f6ver. F\u00f6r det \u00e4r ocks\u00e5 n\u00e5got man m\u00e5ste l\u00e4ra sig &#8211; att s\u00e4tta ord p\u00e5 sina behov. Att vara stark i sin integritet och kunna s\u00e4ga b\u00e5de ja och nej utifr\u00e5n sin egen vilja. Som kvinna har man l\u00e4tt att fokusera p\u00e5 andras behov, att vilja behaga. S\u00e5 det \u00e4r v\u00e4ldigt viktigt att l\u00e4ra sig att komma n\u00e4ra sig sj\u00e4lv, att kunna st\u00e4lla sina egna behov i f\u00f6rsta rummet.<br \/>\n&#8211; Relationer &#8211; vi ger verktyg f\u00f6r att skapa n\u00e4rmare och intimare relationer med den partner eller partners man har &#8211; eller vill ha.<\/p>\n<p><strong>Ylva:<\/strong><br \/>\nHur m\u00e5nga deltagare blir det?<\/p>\n<p><strong>Jennie:<\/strong><br \/>\nVi har satt ett tak p\u00e5 ca 30 &#8211; 15 m\u00e4n och 15 kvinnor, ungef\u00e4r.<\/p>\n<p><strong>Ylva:<\/strong><br \/>\nVarf\u00f6r \u00e4r det viktigt med j\u00e4mn k\u00f6nsf\u00f6rdelning?<\/p>\n<p><strong>Jennie:<\/strong><br \/>\nDet blir en b\u00e4ttre energim\u00e4ssig balans. Och om det t.ex. \u00e4r f\u00f6r m\u00e5nga m\u00e4n kan somliga kvinnor k\u00e4nna sig hotade. Oavsett om man \u00e4r heterosexuell eller homosexuell. Eller s\u00e5 blir det konkurrens. Det k\u00e4nns b\u00e4ttre med j\u00e4mvikt, helt enkelt.<\/p>\n<p><strong>Ylva:<\/strong><br \/>\nNi har v\u00e4l haft enk\u00f6nade kurser ocks\u00e5?<\/p>\n<p><strong>Jennie:<\/strong><br \/>\nJa, men de har varit mer teoretiska. Helgkurserna \u00e4r mer praktiska och djupg\u00e5ende.<\/p>\n<p><strong>Ylva:<\/strong><br \/>\nVad s\u00f6ker man i allm\u00e4nhet n\u00e4r man g\u00e5r en sexkurs?<\/p>\n<p><strong>Jennie:<\/strong><br \/>\nMan vill bli en friare m\u00e4nniska, bli mer njutande, f\u00e5 mer k\u00e4rlek och njutning i livet.<\/p>\n<p><strong>Ylva:<\/strong><br \/>\nTror du m\u00e5nga upplever att dom har n\u00e5got speciellt problem dom vill l\u00f6sa?<\/p>\n<p><strong>Jennie:<\/strong><br \/>\nP\u00e5 v\u00e5ra parkurser kommer det ibland par som vill bli b\u00e4ttre p\u00e5 att kommunicera, att bli mer inriktade p\u00e5 k\u00e4rlek \u00e4n konflikt, och det kan handla om att f\u00e5 bekr\u00e4ftelse p\u00e5 vad man g\u00f6r r\u00e4tt eller fel. Men i allm\u00e4nhet vill man njuta mer av livet helt enkelt. Det kan handla om att f\u00e5 nya verktyg helt enkelt.<\/p>\n<p><strong>Ylva:<\/strong><br \/>\nOm man kommer som ensam tjej till kursen &#8211; f\u00f6rv\u00e4ntas man ha sex med de manliga deltagarna d\u00e5? Beh\u00f6ver man vara orolig f\u00f6r att beh\u00f6va g\u00f6ra n\u00e5got mer \u00e4n man t\u00e4nkt sig?<\/p>\n<p><strong>Jennie:<\/strong><br \/>\nNej, ingen f\u00f6rv\u00e4ntas utf\u00f6ra n\u00e5got alls, s\u00e4rskilt inte n\u00e5got man inte vill. Och det finns inga pass p\u00e5 kursen som f\u00f6ruts\u00e4tter penetration. Det h\u00e4r \u00e4r ingen \u201dknullkurs\u201d. Alla kursdeltagare har f\u00f6rst\u00e5s sina egna gr\u00e4nser &#8211; som \u00e4r sn\u00e4vare \u00e4n ens egna, eller \u00f6ppnare &#8211; och alla f\u00e5r utforska sina egna gr\u00e4nser p\u00e5 den niv\u00e5 man \u00e4r. Men det beh\u00f6ver inte bli alltf\u00f6r dramatiskt, f\u00f6r det sker i en trygg milj\u00f6. Och man g\u00e5r som sagt aldrig l\u00e4ngre \u00e4n man sj\u00e4lv vill.<\/p>\n<p>Ansvar \u00e4r ett viktigt ledord, vi vill l\u00e4ra ut konsten att ta ansvar f\u00f6r sin egen kropp och sin egen njutning, konsten att s\u00e4tta gr\u00e4nser. Alla har gr\u00e4nser, men fr\u00e5gan \u00e4r &#8211; \u00e4r det dina gr\u00e4nser som du valt sj\u00e4lv, eller n\u00e5gon annans?<\/p>\n<p><strong>Ylva:<\/strong><br \/>\nS\u00e4ker sex &#8211; l\u00e4r ni ut det ocks\u00e5, kr\u00e4ver ni att alla har s\u00e4ker sex?<\/p>\n<p><strong>Jennie:<\/strong><br \/>\nD\u00e4r handlar det \u00e5terigen om eget ansvar. Det h\u00e4r \u00e4r inte en kurs i s\u00e4ker sex. Men det kommer att finnas kondomer om det finns behov av det.<\/p>\n<p><strong>Ylva:<\/strong><br \/>\nFinns det n\u00e5gon k\u00f6nsskillnad d\u00e4r &#8211; \u00e4r m\u00e4n b\u00e4ttre p\u00e5 att ta ansvar \u00e4n kvinnor, eller tv\u00e4rtom?<\/p>\n<p><strong>Jennie:<\/strong><br \/>\nNej, jag ser ingen skillnad d\u00e4r. Men d\u00e4remot tror jag att m\u00e5nga f\u00f6rs\u00f6ker ta f\u00f6r stort ansvar f\u00f6r andra m\u00e4nniskor alldeles i on\u00f6dan. Om var och en tar ansvar f\u00f6r sina k\u00e4nslor och kommunicerar s\u00e5 klart och tydligt de kan blir livet mycket enklare.<\/p>\n<p><strong>Ylva:<\/strong><br \/>\nVilken tror du \u00e4r den st\u00f6rsta skillnaden mellan m\u00e4ns och kvinnors sexualitet?<\/p>\n<p><strong>Jennie:<\/strong><br \/>\nJag tror att m\u00e4n har l\u00e4ttare att ta f\u00f6r sig. Kvinnor \u00e4r lite f\u00f6rsiktigare. Men p\u00e5 v\u00e5ra parkurser \u00e4r det faktiskt ofta kvinnan som tar initiativet till att g\u00e5 kursen.<\/p>\n<p><strong>Ylva:<\/strong><br \/>\nHandlar det inte om att det \u00e4r mer till\u00e5tet f\u00f6r en kvinna att leva ut inom ramarna f\u00f6r en relation?<\/p>\n<p><strong>Jennie:<\/strong><br \/>\nJag vet inte, men jag tror att det f\u00f6r\u00e4ndras f\u00f6r kommande generationer. Det \u00e4r mer till\u00e5tet f\u00f6r kvinnor att ta f\u00f6r sig idag \u00e4n tidigare. Och kunskap \u00e4r viktigt, attityden, att v\u00e5ga. Som exempel &#8211; jag s\u00e5g en film med sexpedagogen Annie Sprinkle, d\u00e4r hon f\u00e5r en flera minuter l\u00e5ng orgasm och verkligen vr\u00e5lar av njutning. Efter det kunde jag sj\u00e4lv njuta mycket mer, f\u00f6r att jag hade f\u00f6rst\u00e5tt att det var m\u00f6jligt, helt enkelt!<\/p>\n<p><strong>Ylva:<\/strong><br \/>\nVad har du l\u00e4rt dig under den tid du jobbat med sexkurser?<\/p>\n<p><strong>Jennie:<\/strong><br \/>\nJag har blivit medveten om att jag \u00e4r klar och tydlig och pedagogisk, och jag har utvecklat de sidorna, och jag har blivit av med min prestations\u00e5ngest och r\u00e4dsla f\u00f6r att prata inf\u00f6r m\u00e4nniskor. Jag har blivit starkare och tydligare.<br \/>\nMin och Calles k\u00e4rlek har blivit starkare, f\u00f6r vi f\u00f6rs\u00f6ker leva som vi l\u00e4r.<\/p>\n<p><strong>Ylva:<\/strong><br \/>\nVad har du l\u00e4rt dig om andra?<\/p>\n<p><strong>Jennie:<\/strong><br \/>\nJag k\u00e4nner mer m\u00e4nniskok\u00e4rlek och \u00f6dmjukhet inf\u00f6r andra m\u00e4nniskors f\u00f6rm\u00e5ga. M\u00e4nniskor b\u00e4r p\u00e5 mycket visdom och jag l\u00e4r mig massor av v\u00e5ra kursdeltagare n\u00e4r jag h\u00e5ller kurs.<\/p>\n<p><strong>Ylva:<\/strong><br \/>\nK\u00e4nner du att det \u00e4r n\u00e5got s\u00e4rskilt de flesta kursdeltagare s\u00f6ker?<\/p>\n<p><strong>Jennie:<\/strong><br \/>\nBekr\u00e4ftelse. Dels bekr\u00e4ftelse p\u00e5 att det \u00e4r viktigt att satsa tid och energi p\u00e5 sitt k\u00e4rleksliv, att det inte alltid finns n\u00e5got annat som \u00e4r viktigare och borde komma f\u00f6rst.<\/p>\n<p><strong>Ylva:<\/strong><br \/>\nLite som den d\u00e4r eviga fr\u00e5gan &#8221;\u00c4r jag normal&#8221;?<\/p>\n<p><strong>Jennie:<\/strong><br \/>\nJa, precis. Och jag m\u00e4rker det speciellt bland kvinnor, att man uppskattar att f\u00e5 prata om sig sj\u00e4lv och vad man njuter av sexuellt.<\/p>\n<p><strong>Ylva:<\/strong><br \/>\nVad \u00e4r man mest orolig eller nerv\u00f6s f\u00f6r n\u00e4r man kommer till en kurs?<\/p>\n<p><strong>Jennie:<\/strong><br \/>\nJag tror att att man oroar sig \u00f6ver vilka vi \u00e4r och hur de andra deltagarna \u00e4r &#8211; \u00e4r de konstiga? Men de flesta slappnar av direkt n\u00e4r de tr\u00e4ffar oss! Det \u00e4r som om all nervositet rinner av &#8211; det har vi f\u00e5tt h\u00f6ra m\u00e5nga g\u00e5nger.<\/p>\n<p><strong>Ylva:<\/strong><br \/>\nVarf\u00f6r ska man g\u00e5 den h\u00e4r kursen?<\/p>\n<p><strong>Jennie:<\/strong><br \/>\nF\u00f6r att man vill l\u00e4ra sig mer om sig sj\u00e4lv &#8211; hur man fungerar i k\u00e4rlek, hur man kan njuta mer av livet, den \u00e4r till f\u00f6r dig som vill ha b\u00e4ttre kontakt med dig sj\u00e4lv, njuta mer av din egen kropp, vara mer n\u00e4rvarande och njuta mer av m\u00f6tet med andra.<\/p>\n<p>F\u00f6r att kunna s\u00e4ga ja till sig sj\u00e4lv &#8211; h\u00e4ngivenhet \u00e4r viktigt. Du som vill ha ut mer av ditt liv, mer k\u00e4rlek, mer intimitet, mer v\u00e4rme, mer sex, mer njutning.<\/p>\n<p>En hel del saker h\u00e4r i livet kan man l\u00e4sa sig till &#8211; teori \u00e4r nog bra &#8211; men om man vill ha verklig kunskap, s\u00e5 m\u00e5ste man \u00e4ven oms\u00e4tta teorin i praktiken, t.ex. genom \u00f6vningar som ger verkliga upplevelser.<\/p>\n<p><strong>Ylva:<\/strong><br \/>\nGott r\u00e5d till mina l\u00e4sare?<\/p>\n<p><strong>Jennie:<\/strong><br \/>\nEn grej som varit viktig f\u00f6r mig, \u00e4r att v\u00e5ga erk\u00e4nna alla k\u00e4nslor. Det finns inga k\u00e4nslor som \u00e4r f\u00f6rbjudna. Och k\u00e4nslorna \u00e4r kartan till ditt andliga liv. Det \u00e4r viktigt att kunna vara fylld av k\u00e4nslan, inte alltid att visa den.<\/p>\n<p>Det \u00e4r sm\u00e5 nyanser &#8211; men livet \u00e4r ju k\u00e4nslor, k\u00e4nslor \u00e4r energier &#8211; om jag kan vara fullt ut i den k\u00e4nsla jag har \u00e4r jag ocks\u00e5 fylld av liv!<\/p>\n<p><img decoding=\"async\" loading=\"lazy\" src=\"https:\/\/i1.wp.com\/www.cirkuseros.nu\/app\/uploads\/2016\/11\/tunnlinjeoriginal_584.gif?resize=584%2C8&#038;ssl=1\" alt=\"tunnlinjeoriginal_584\" data-recalc-dims=\"1\" \/><\/p>\n<p>\u00a9 Ylva-Maria Thompson, Konstn\u00e4r<\/p>\n<p><img decoding=\"async\" loading=\"lazy\" src=\"https:\/\/i1.wp.com\/www.cirkuseros.nu\/app\/uploads\/2016\/11\/tunnlinjeoriginal_584.gif?resize=584%2C8&#038;ssl=1\" alt=\"linje\" data-recalc-dims=\"1\" \/><br \/>\n<a href=\"https:\/\/www.cirkuseros.nu\/index.php\/text\/artiklar\/artiklar-av-gastartister-andra-skribenter\/\"><strong><span style=\"font-family: Verdana, Geneva, Arial, Helvetica, Sans serif; font-size: small;\">Tillbaka till Artiklar av g\u00e4startister \u00bb<\/span><\/strong><\/a><br \/>\n<img decoding=\"async\" loading=\"lazy\" src=\"https:\/\/i0.wp.com\/www.cirkuseros.nu\/app\/uploads\/2017\/01\/heartline_584.gif?resize=584%2C20&#038;ssl=1\" alt=\"Heartline\" data-recalc-dims=\"1\" \/><\/p>\n<p><img decoding=\"async\" loading=\"lazy\" src=\"https:\/\/i2.wp.com\/www.cirkuseros.nu\/app\/uploads\/2016\/10\/fri_kursbanner_ani.gif?resize=584%2C140&#038;ssl=1\" alt=\"Cirkus Eros - erotik f\u00f6r finsmakare\" data-recalc-dims=\"1\" \/><\/p>\n","protected":false},"excerpt":{"rendered":"<p>Intervju och foto av Ylva-Maria Thompson Publicerad p\u00e5 GirlsCorner.nu sommaren 2007 M\u00c5NADENS PROFIL p\u00e5 GirlsCorner.nu \u00e4r rubriken under vilken vi varje m\u00e5nad presenterar en person som utm\u00e4rker sig p\u00e5 n\u00e5got speciellt s\u00e4tt. Det kan vara genom sitt utseende, sina prestationer, &hellip; <a href=\"https:\/\/www.cirkuseros.nu\/index.php\/text\/artiklar\/artiklar-av-gastartister-andra-skribenter\/jennie-rehbinder-erotikpedagog-och-fotograf\/\">Forts\u00e4tt l\u00e4sa <span class=\"meta-nav\">&rarr;<\/span><\/a><\/p>\n","protected":false},"author":2,"featured_media":0,"parent":1022,"menu_order":2,"comment_status":"closed","ping_status":"closed","template":"sidebar-page.php","meta":[],"_links":{"self":[{"href":"https:\/\/www.cirkuseros.nu\/index.php\/wp-json\/wp\/v2\/pages\/1990"}],"collection":[{"href":"https:\/\/www.cirkuseros.nu\/index.php\/wp-json\/wp\/v2\/pages"}],"about":[{"href":"https:\/\/www.cirkuseros.nu\/index.php\/wp-json\/wp\/v2\/types\/page"}],"author":[{"embeddable":true,"href":"https:\/\/www.cirkuseros.nu\/index.php\/wp-json\/wp\/v2\/users\/2"}],"replies":[{"embeddable":true,"href":"https:\/\/www.cirkuseros.nu\/index.php\/wp-json\/wp\/v2\/comments?post=1990"}],"version-history":[{"count":1,"href":"https:\/\/www.cirkuseros.nu\/index.php\/wp-json\/wp\/v2\/pages\/1990\/revisions"}],"predecessor-version":[{"id":7105,"href":"https:\/\/www.cirkuseros.nu\/index.php\/wp-json\/wp\/v2\/pages\/1990\/revisions\/7105"}],"up":[{"embeddable":true,"href":"https:\/\/www.cirkuseros.nu\/index.php\/wp-json\/wp\/v2\/pages\/1022"}],"wp:attachment":[{"href":"https:\/\/www.cirkuseros.nu\/index.php\/wp-json\/wp\/v2\/media?parent=1990"}],"curies":[{"name":"wp","href":"https:\/\/api.w.org\/{rel}","templated":true}]}}