{"id":2183,"date":"2016-11-24T15:04:38","date_gmt":"2016-11-24T14:04:38","guid":{"rendered":"https:\/\/cirkuseros.wordpress.com\/?page_id=2183"},"modified":"2023-09-27T02:41:35","modified_gmt":"2023-09-27T00:41:35","slug":"vild-i-sangen","status":"publish","type":"page","link":"https:\/\/www.cirkuseros.nu\/index.php\/text\/artiklar\/artiklar-erotik-inspiration\/vild-i-sangen\/","title":{"rendered":"Vild i s\u00e4ngen\u2026?"},"content":{"rendered":"<p><img decoding=\"async\" loading=\"lazy\" src=\"https:\/\/i0.wp.com\/www.cirkuseros.nu\/app\/uploads\/2016\/11\/helbild_i_sangen_1.jpg?resize=584%2C460&#038;ssl=1\" alt=\"helbild_i_sangen_1\" data-recalc-dims=\"1\" \/><\/p>\n<p><strong>Jag fick av en kvinnlig v\u00e4n fr\u00e5gan<\/strong> om vad det betyder n\u00e4r en man s\u00e4ger att en kvinna \u00e4r \u201dvild i s\u00e4ngen\u201d. Det satte ig\u00e5ng tankar hos mig. Ja, hur \u00e4r en kvinna om hon \u00e4r vild i s\u00e4ngen? Eller f\u00f6r den delen en man?<\/p>\n<p><strong>Det beror f\u00f6rst\u00e5s p\u00e5 hur man definierar vild<\/strong>, men det \u00e4r nog inget som kan imiteras med n\u00e5got maner som att t.ex. kasta med huvudet och vr\u00e5la.<br \/>\nDet m\u00e5ste komma inifr\u00e5n &#8211; en beredskap att sl\u00e4ppa kontrollen, och vara djurisk &#8211; \u201dvild\u201d och okontrollerad, instinktsstyrd snarare \u00e4n anst\u00e4ndigt kontrollerad.<\/p>\n<p><strong>Ofta kan det sannolikt ha att g\u00f6ra med<\/strong> personens ben\u00e4genhet att ta initiativ. Traditionellt f\u00f6rv\u00e4ntas m\u00e4nnen vara initiativtagande och aktiva, s\u00e5 en kvinna kan nog l\u00e4tt betraktas som &#8221;vild&#8221; om hon \u00e4r den initiativtagande, om hon \u00e4r den aktiva som tar f\u00f6r sig.<br \/>\nUr alla synvinklar blir ju sexlivet b\u00e4ttre, mer sp\u00e4nnande, och definitivt mer tillfredsst\u00e4llande om kvinnan k\u00e4nner sin egen sexualitet och vet hur hon ska ta f\u00f6r sig f\u00f6r att bli tillfredsst\u00e4lld.<br \/>\nInget \u00e4r s\u00e5 trist som en partner som bara v\u00e4ntar p\u00e5 att bli tillfredsst\u00e4lld, som inte tar n\u00e5got eget ansvar f\u00f6r sin sexualitet, som f\u00f6rv\u00e4ntar sig att den andre ska &#8221;f\u00f6rst\u00e5&#8221; (g\u00e4rna med tankel\u00e4sning) vad han\/hon vill ha.<\/p>\n<p><strong>Att ta f\u00f6r sig \u00e4r viktigt<\/strong> &#8211; f\u00f6r s\u00e5v\u00e4l m\u00e4n som kvinnor. \u00c4r man f\u00f6r h\u00e4nsynstagande, f\u00f6r mjuk, f\u00f6r ink\u00e4nnande och v\u00e4ntande &#8211; om man aldrig tar f\u00f6r sig, er\u00f6vrar sin partner, s\u00e5 k\u00e4nner sig denne nog inte s\u00e4rskilt attraktiv. Det \u00e4r h\u00e4rligt att bli er\u00f6vrad, att bli betraktad som fullkomligt oemotst\u00e5ndlig. Ta din partner! Er\u00f6vra honom eller henne! G\u00f6r det ordentligt!<\/p>\n<p><strong>En stark \u201dvildhet\u201d hos en kvinna<\/strong> (eller f\u00f6r den delen en man) kr\u00e4ver f\u00f6rst\u00e5s en viss vildhet hos partnern f\u00f6r att till fullo kunna f\u00e5 utlopp. Annars blir \u00e4lskogsleken r\u00e4tt s\u00e5 oj\u00e4mlik. Detta g\u00e4ller f\u00f6rst\u00e5s s\u00e4rskilt betr\u00e4ffande den initiativtagande, aktiva aspekten. Kan b\u00e5da parter turas om att vara tagande och givande, s\u00e5 uppn\u00e5r man den h\u00f6gsta dynamiken och den b\u00e4sta balansen.<\/p>\n<p><img decoding=\"async\" loading=\"lazy\" src=\"https:\/\/i1.wp.com\/www.cirkuseros.nu\/app\/uploads\/2016\/11\/komposition.jpg?resize=584%2C442&#038;ssl=1\" alt=\"komposition\" data-recalc-dims=\"1\" \/><\/p>\n<p><strong>Sj\u00e4lv kan jag nog vara r\u00e4tt s\u00e5 vild<\/strong>, eftersom jag gillar att bitas, brottas, rivas och leka vilt i s\u00e4ngen. Eller f\u00f6r den delen n\u00e5gon annanstans &#8211; t.ex. utomhus (vilt s\u00e5 det f\u00f6rsl\u00e5r). Jag gillar att b\u00e5de er\u00f6vra och bli er\u00f6vrad. Det finns inget som \u00e4r s\u00e5 sexigt som n\u00e4r en kvinna tydligt och djuriskt visar att hon vill ha mig. Jag faller som en fura. Eller som ett villebr\u00e5d.<\/p>\n<p><strong>Ben\u00e4genhet att ta risker<\/strong> h\u00f6r ocks\u00e5 vildheten till. Att \u00e4lska p\u00e5 ok\u00e4nda eller offentliga platser, att ta risken att bli uppt\u00e4ckt, att emellan\u00e5t f\u00f6lja impulser utan att f\u00f6rst kalkylera konsekvenserna, kan nog ocks\u00e5 betecknas som relativt vilt. Men \u00e5terigen &#8211; det f\u00f6ruts\u00e4tter naturligtvis att den man leker med \u00e4r med p\u00e5 noterna.<\/p>\n<p><strong>Sen m\u00e5ste man ju ocks\u00e5 fr\u00e5ga sig<\/strong> vem det \u00e4r som beskriver n\u00e5gon som vild. \u00c4r det utifr\u00e5n en uppskattande synvinkel eller \u00e4r det en kritik? Om t.ex. en r\u00e4ddh\u00e5gad, h\u00e4mmad man beskriver en kvinna som vild i s\u00e4ngen, s\u00e5 kan man nog utg\u00e5 fr\u00e5n att det \u00e4r en m\u00e4nniska som g\u00e4rna d\u00f6mer och rackar ned, utifr\u00e5n sina egna tillkortakommanden, och tycker att denna \u201dvildhet\u201d \u00e4r n\u00e5got besv\u00e4rande, omoraliskt, ok\u00e4nt och skr\u00e4mmande.<\/p>\n<p><strong>En man som har kontakt med sina instinkter<\/strong> och vet att njuta av den irrationella, lekfulla och okontrollerade sexuella extasen kan dock se att denna \u201dvildhet\u201d \u00e4r n\u00e5got odelat positivt (detsamma g\u00e4ller f\u00f6rst\u00e5s med omv\u00e4nt k\u00f6nsf\u00f6rh\u00e5llande). D\u00e5 kan en k\u00e4rleksstund bli n\u00e5got upplyftande, n\u00e5got inspirerande, n\u00e5got som ber\u00f6r p\u00e5 djupet &#8211; n\u00e5got mycket starkare \u00e4n det f\u00f6rsiktiga, skamfyllda gnidande av k\u00f6n som r\u00e4dda m\u00e4nniskor \u00e4gnar sig \u00e5t.<\/p>\n<p>&nbsp;<\/p>\n<p>Text: Carl Johan Rehbinder 2001<br \/>\nFoto: Eva Elings 2002<\/p>\n<p><img decoding=\"async\" loading=\"lazy\" src=\"https:\/\/i1.wp.com\/www.cirkuseros.nu\/app\/uploads\/2016\/11\/tunnlinjeoriginal_584.gif?resize=584%2C8&#038;ssl=1\" alt=\"\" data-recalc-dims=\"1\" \/><a href=\"https:\/\/www.cirkuseros.nu\/index.php\/text\/artiklar\/artiklar-erotik-inspiration\/\"><strong>Tillbaka till Artiklar \u2022 Erotik &amp; inspiration \u00bb<\/strong><\/a><\/p>\n<p><img decoding=\"async\" loading=\"lazy\" src=\"https:\/\/i0.wp.com\/www.cirkuseros.nu\/app\/uploads\/2017\/01\/heartline_584.gif?resize=584%2C20&#038;ssl=1\" alt=\"Heartline\" data-recalc-dims=\"1\" \/><\/p>\n<p><img decoding=\"async\" loading=\"lazy\" src=\"https:\/\/i2.wp.com\/www.cirkuseros.nu\/app\/uploads\/2016\/10\/fri_kursbanner_ani.gif?resize=584%2C140&#038;ssl=1\" alt=\"\" data-recalc-dims=\"1\" \/><\/p>\n","protected":false},"excerpt":{"rendered":"<p>Jag fick av en kvinnlig v\u00e4n fr\u00e5gan om vad det betyder n\u00e4r en man s\u00e4ger att en kvinna \u00e4r \u201dvild i s\u00e4ngen\u201d. Det satte ig\u00e5ng tankar hos mig. Ja, hur \u00e4r en kvinna om hon \u00e4r vild i s\u00e4ngen? Eller &hellip; <a href=\"https:\/\/www.cirkuseros.nu\/index.php\/text\/artiklar\/artiklar-erotik-inspiration\/vild-i-sangen\/\">Forts\u00e4tt l\u00e4sa <span class=\"meta-nav\">&rarr;<\/span><\/a><\/p>\n","protected":false},"author":2,"featured_media":0,"parent":6548,"menu_order":14,"comment_status":"closed","ping_status":"closed","template":"sidebar-page.php","meta":[],"_links":{"self":[{"href":"https:\/\/www.cirkuseros.nu\/index.php\/wp-json\/wp\/v2\/pages\/2183"}],"collection":[{"href":"https:\/\/www.cirkuseros.nu\/index.php\/wp-json\/wp\/v2\/pages"}],"about":[{"href":"https:\/\/www.cirkuseros.nu\/index.php\/wp-json\/wp\/v2\/types\/page"}],"author":[{"embeddable":true,"href":"https:\/\/www.cirkuseros.nu\/index.php\/wp-json\/wp\/v2\/users\/2"}],"replies":[{"embeddable":true,"href":"https:\/\/www.cirkuseros.nu\/index.php\/wp-json\/wp\/v2\/comments?post=2183"}],"version-history":[{"count":4,"href":"https:\/\/www.cirkuseros.nu\/index.php\/wp-json\/wp\/v2\/pages\/2183\/revisions"}],"predecessor-version":[{"id":13352,"href":"https:\/\/www.cirkuseros.nu\/index.php\/wp-json\/wp\/v2\/pages\/2183\/revisions\/13352"}],"up":[{"embeddable":true,"href":"https:\/\/www.cirkuseros.nu\/index.php\/wp-json\/wp\/v2\/pages\/6548"}],"wp:attachment":[{"href":"https:\/\/www.cirkuseros.nu\/index.php\/wp-json\/wp\/v2\/media?parent=2183"}],"curies":[{"name":"wp","href":"https:\/\/api.w.org\/{rel}","templated":true}]}}