{"id":221,"date":"2016-10-28T11:06:03","date_gmt":"2016-10-28T09:06:03","guid":{"rendered":"https:\/\/cirkuseros.wordpress.com\/?page_id=221"},"modified":"2018-04-24T16:35:35","modified_gmt":"2018-04-24T14:35:35","slug":"personliga-bloggar-hemsidor","status":"publish","type":"page","link":"https:\/\/www.cirkuseros.nu\/index.php\/lankar\/personliga-bloggar-hemsidor\/","title":{"rendered":"Personliga bloggar &#038; hemsidor"},"content":{"rendered":"<p><img decoding=\"async\" loading=\"lazy\" src=\"https:\/\/i2.wp.com\/www.cirkuseros.nu\/app\/uploads\/2016\/12\/sidtoppvinjett_lanksidor_notext.jpg?resize=584%2C86&#038;ssl=1\" alt=\"sidotoppbanner l\u00e4nksidor\" data-recalc-dims=\"1\" \/><br \/>\n<strong>Det finns enskilda personer<\/strong> som p\u00e5 ett eller annat s\u00e4tt utm\u00e4rkt sig inom det sexpositiva omr\u00e5det, och det kan vara p\u00e5 m\u00e5nga s\u00e4tt &#8211; som politisk debatt\u00f6r, som privatperson med ett intresse, eller n\u00e5got annat som inte passar in i n\u00e5gon av mina andra kategorier. Dessa personer vill jag f\u00f6rst\u00e5s \u00e4nd\u00e5 g\u00e4rna uppmuntra och framh\u00e5lla, och d\u00e4rf\u00f6r har de f\u00e5tt en egen sida bland mina l\u00e4nkar.<\/p>\n<p><img decoding=\"async\" loading=\"lazy\" src=\"https:\/\/i0.wp.com\/www.cirkuseros.nu\/app\/uploads\/2017\/01\/heartline_584.gif?resize=584%2C20&#038;ssl=1\" alt=\"Heartline\" data-recalc-dims=\"1\" \/><br \/>\n<strong><a href=\"http:\/\/www.erosblog.com\/\" target=\"_blank\" rel=\"noopener noreferrer\">Eros Blog: The Sex Blog &#8212; By Bacchus<\/a><\/strong><br \/>\nEn h\u00e4rligt utflippad sexblogg som inte bara fokuserar p\u00e5 bilder, utan \u00e4ven roliga nyheter och fakta \u2013 och massor med l\u00e4nkar.<br \/>\n<img decoding=\"async\" loading=\"lazy\" src=\"https:\/\/i2.wp.com\/www.cirkuseros.nu\/app\/uploads\/2016\/10\/smapunktlinje_584.gif?resize=584%2C8&#038;ssl=1\" alt=\"smapunktlinje_584\" data-recalc-dims=\"1\" \/><br \/>\n<strong><a href=\"http:\/\/www.fun4two.se\/\" target=\"_blank\" rel=\"noopener noreferrer\">fun4two.se<\/a><\/strong><br \/>\nEn privat svensk sida gjord av ett \u00e4lskande par, med lite bilder, noveller, dagbok m.m.<br \/>\n<img decoding=\"async\" loading=\"lazy\" src=\"https:\/\/i2.wp.com\/www.cirkuseros.nu\/app\/uploads\/2016\/10\/smapunktlinje_584.gif?resize=584%2C8&#038;ssl=1\" alt=\"smapunktlinje_584\" data-recalc-dims=\"1\" \/><br \/>\n<strong><a href=\"http:\/\/www.guldkant.nu\/\" target=\"_blank\" rel=\"noopener noreferrer\">Guldkant<\/a><\/strong><br \/>\nLottas foto och blogg om livets vardagligheter och guldkanter. Inneh\u00e5ller \u00e4ven erotiska bilder.<br \/>\n<img decoding=\"async\" loading=\"lazy\" src=\"https:\/\/i2.wp.com\/www.cirkuseros.nu\/app\/uploads\/2016\/10\/smapunktlinje_584.gif?resize=584%2C8&#038;ssl=1\" alt=\"smapunktlinje_584\" data-recalc-dims=\"1\" \/><br \/>\n<strong><a href=\"https:\/\/sensuellqkonsult.wordpress.com\/\" target=\"_blank\" rel=\"noopener noreferrer\">Isabella Lund<\/a><\/strong><br \/>\nDetta \u00e4r en mycket speciell blogg, eftersom den \u00e4r skriven av en svensk sexarbetare, som ber\u00e4ttar om sitt jobb. Tyv\u00e4rr avslutades den 2008, och i b\u00f6rjan h\u00e4nvisas man vidare till en ny blogg, med en annan adress &#8211; som tyv\u00e4rr leder ingenstans. Mitt tips \u00e4r allts\u00e5 att stanna kvar och l\u00e4sa det som finns p\u00e5 sidan. Det \u00e4r mycket intressant.<br \/>\n<img decoding=\"async\" loading=\"lazy\" src=\"https:\/\/i2.wp.com\/www.cirkuseros.nu\/app\/uploads\/2016\/10\/smapunktlinje_584.gif?resize=584%2C8&#038;ssl=1\" alt=\"smapunktlinje_584\" data-recalc-dims=\"1\" \/><strong><a href=\"http:\/\/karlteodor.blogspot.se\/\" target=\"_blank\" rel=\"noopener noreferrer\">Karl Teodors erotiska filmer <\/a><\/strong><br \/>\nInnehavaren av denna blogg \u00e4gnar de flesta bloggposterna \u00e5t att recensera erotisk film, vilket kan vara nog s\u00e5 intressant. Tyv\u00e4rr avslutades bloggen 2009, men fortsatte p\u00e5 en annan blogg med namnet <a href=\"http:\/\/porrkultur.blogspot.se\/\"><strong>Porrkultur<\/strong><\/a>. D\u00e4r har det inte kommit n\u00e5gra nya bloggposter sedan 2012, s\u00e5 &#8221;Karl Teodor&#8221; har kanske fastnat p\u00e5 Facebook han ocks\u00e5.<br \/>\n<img decoding=\"async\" loading=\"lazy\" src=\"https:\/\/i2.wp.com\/www.cirkuseros.nu\/app\/uploads\/2016\/10\/smapunktlinje_584.gif?resize=584%2C8&#038;ssl=1\" alt=\"smapunktlinje_584\" data-recalc-dims=\"1\" \/><br \/>\n<strong><a href=\"http:\/\/www.petraostergren.com\/\" target=\"_blank\" rel=\"noopener noreferrer\">Petra \u00d6stergren<\/a><\/strong><br \/>\nPetra \u00d6stergren \u00e4r journalist och en aktiv debatt\u00f6r p\u00e5 det sexualpolitiska omr\u00e5det. P\u00e5 hennes sida kan du l\u00e4sa hennes mycket intressanta artiklar.<br \/>\n<img decoding=\"async\" loading=\"lazy\" src=\"https:\/\/i2.wp.com\/www.cirkuseros.nu\/app\/uploads\/2016\/10\/smapunktlinje_584.gif?resize=584%2C8&#038;ssl=1\" alt=\"smapunktlinje_584\" data-recalc-dims=\"1\" \/><br \/>\n<a href=\"http:\/\/sagasexologi.se\/\" target=\"_blank\" rel=\"noopener noreferrer\"><strong>Saga om sexologi<\/strong><\/a><br \/>\nSaga Alm M\u00e5rtensson \u00e4r sexolog med grundl\u00e4ggande psykoterapiutbildning i kognitiv beteendeterapi, och bloggar intressant om sexologi och sexualitet.<img decoding=\"async\" loading=\"lazy\" src=\"https:\/\/i2.wp.com\/www.cirkuseros.nu\/app\/uploads\/2016\/10\/smapunktlinje_584.gif?resize=584%2C8&#038;ssl=1\" alt=\"smapunktlinje_584\" data-recalc-dims=\"1\" \/><br \/>\n<a href=\"http:\/\/sexoteket.blogspot.se\/\" target=\"_blank\" rel=\"noopener noreferrer\"><strong>Sexoteket<\/strong><\/a><br \/>\nEn svensk hemsida i bloggformat, med enorma m\u00e4ngder information om sex, sammanst\u00e4llt av Annie Navjord, som har arbetat i m\u00e5nga \u00e5r som sexualupplysare och informat\u00f6r.<img decoding=\"async\" loading=\"lazy\" src=\"https:\/\/i2.wp.com\/www.cirkuseros.nu\/app\/uploads\/2016\/10\/smapunktlinje_584.gif?resize=584%2C8&#038;ssl=1\" alt=\"smapunktlinje_584\" data-recalc-dims=\"1\" \/><br \/>\n<a href=\"https:\/\/suzannsexeducator.wordpress.com\/\"><strong>Suzann Sexeducator<\/strong><\/a><br \/>\nSuzann Larsdotter \u00e4r socionom och sexolog, auktoriserad specialist i sexologiskt h\u00e4lso- och utbildningsarbete &amp; sexologisk ra\u030adgivare, samt sakkunnig i sexualupplysning p\u00e5 RFSU. Suzann \u00e4r d\u00e4rut\u00f6ver en otroligt sk\u00f6n person, intelligent, rolig, extremt kunnig, f\u00f6rdomsfri och mycket inkluderande i sina resonemang kring sex och relationer. L\u00e4sv\u00e4rt!<img decoding=\"async\" loading=\"lazy\" src=\"https:\/\/i0.wp.com\/www.cirkuseros.nu\/app\/uploads\/2017\/01\/heartline_584.gif?resize=584%2C20&#038;ssl=1\" alt=\"Heartline\" data-recalc-dims=\"1\" \/><\/p>\n<p><img decoding=\"async\" loading=\"lazy\" src=\"https:\/\/i2.wp.com\/www.cirkuseros.nu\/app\/uploads\/2016\/10\/fri_kursbanner_ani.gif?resize=584%2C140&#038;ssl=1\" alt=\"Cirkus Eros - erotik f\u00f6r finsmakare\" data-recalc-dims=\"1\" \/><\/p>\n","protected":false},"excerpt":{"rendered":"<p>Det finns enskilda personer som p\u00e5 ett eller annat s\u00e4tt utm\u00e4rkt sig inom det sexpositiva omr\u00e5det, och det kan vara p\u00e5 m\u00e5nga s\u00e4tt &#8211; som politisk debatt\u00f6r, som privatperson med ett intresse, eller n\u00e5got annat som inte passar in i &hellip; <a href=\"https:\/\/www.cirkuseros.nu\/index.php\/lankar\/personliga-bloggar-hemsidor\/\">Forts\u00e4tt l\u00e4sa <span class=\"meta-nav\">&rarr;<\/span><\/a><\/p>\n","protected":false},"author":2,"featured_media":0,"parent":72,"menu_order":7,"comment_status":"closed","ping_status":"closed","template":"sidebar-page.php","meta":[],"_links":{"self":[{"href":"https:\/\/www.cirkuseros.nu\/index.php\/wp-json\/wp\/v2\/pages\/221"}],"collection":[{"href":"https:\/\/www.cirkuseros.nu\/index.php\/wp-json\/wp\/v2\/pages"}],"about":[{"href":"https:\/\/www.cirkuseros.nu\/index.php\/wp-json\/wp\/v2\/types\/page"}],"author":[{"embeddable":true,"href":"https:\/\/www.cirkuseros.nu\/index.php\/wp-json\/wp\/v2\/users\/2"}],"replies":[{"embeddable":true,"href":"https:\/\/www.cirkuseros.nu\/index.php\/wp-json\/wp\/v2\/comments?post=221"}],"version-history":[{"count":5,"href":"https:\/\/www.cirkuseros.nu\/index.php\/wp-json\/wp\/v2\/pages\/221\/revisions"}],"predecessor-version":[{"id":9401,"href":"https:\/\/www.cirkuseros.nu\/index.php\/wp-json\/wp\/v2\/pages\/221\/revisions\/9401"}],"up":[{"embeddable":true,"href":"https:\/\/www.cirkuseros.nu\/index.php\/wp-json\/wp\/v2\/pages\/72"}],"wp:attachment":[{"href":"https:\/\/www.cirkuseros.nu\/index.php\/wp-json\/wp\/v2\/media?parent=221"}],"curies":[{"name":"wp","href":"https:\/\/api.w.org\/{rel}","templated":true}]}}