{"id":222,"date":"2016-10-28T11:04:25","date_gmt":"2016-10-28T09:04:25","guid":{"rendered":"https:\/\/cirkuseros.wordpress.com\/?page_id=222"},"modified":"2017-02-08T23:46:29","modified_gmt":"2017-02-08T22:46:29","slug":"erotiska-noveller","status":"publish","type":"page","link":"https:\/\/www.cirkuseros.nu\/index.php\/lankar\/erotiska-noveller\/","title":{"rendered":"Erotiska noveller"},"content":{"rendered":"<p><img decoding=\"async\" loading=\"lazy\" src=\"https:\/\/i2.wp.com\/www.cirkuseros.nu\/app\/uploads\/2016\/12\/sidtoppvinjett_lanksidor_notext.jpg?resize=584%2C86&#038;ssl=1\" alt=\"sidotoppbanner l\u00e4nksidor\" data-recalc-dims=\"1\" \/><br \/>\n<strong>Lite mysig l\u00e4sning \u00e4r ju aldrig fel<\/strong>, och skulle det nu vara s\u00e5 att du har l\u00e4st precis alla noveller h\u00e4r p\u00e5 Cirkus Eros, <a href=\"https:\/\/cirkuseros.wordpress.com\/text\/noveller\/noveller-av-calle-rehbinder\/\">mina egna<\/a> och <a href=\"https:\/\/cirkuseros.wordpress.com\/text\/noveller\/noveller-av-gastartister\/\">andras<\/a>, s\u00e5 kan du hitta l\u00e4nkar vidare till andra hemsidor med noveller p\u00e5 denna sida.<\/p>\n<p><img decoding=\"async\" loading=\"lazy\" src=\"https:\/\/i0.wp.com\/www.cirkuseros.nu\/app\/uploads\/2017\/01\/heartline_584.gif?resize=584%2C20&#038;ssl=1\" alt=\"Heartline\" data-recalc-dims=\"1\" \/><br \/>\n<strong><a href=\"http:\/\/www.cliterati.co.uk\/\" target=\"_blank\">Cliterati.co.uk<\/a><\/strong><br \/>\nCliterati \u00e4r en engelsk hemsida med erotiska noveller &#8211; p\u00e5 engelska f\u00f6rst\u00e5s. Sidan inneh\u00e5ller \u00e4ven texter klippta ur b\u00f6cker, samt recensioner av leksaker, och lite annat sm\u00e5tt och gott.<br \/>\n<img decoding=\"async\" loading=\"lazy\" src=\"https:\/\/i2.wp.com\/www.cirkuseros.nu\/app\/uploads\/2016\/10\/smapunktlinje_584.gif?resize=584%2C8&#038;ssl=1\" alt=\"smapunktlinje_584\" data-recalc-dims=\"1\" \/><br \/>\n<strong><a href=\"http:\/\/www.bubblan.nu\/\" target=\"_blank\">Den Erotiska Bubblan<\/a><\/strong><br \/>\nEn personlig novellsida, med g\u00e4stskribenter, forum, l\u00e4nkar och lite annat sm\u00e5tt och gott.<br \/>\n<img decoding=\"async\" loading=\"lazy\" src=\"https:\/\/i2.wp.com\/www.cirkuseros.nu\/app\/uploads\/2016\/10\/smapunktlinje_584.gif?resize=584%2C8&#038;ssl=1\" alt=\"smapunktlinje_584\" data-recalc-dims=\"1\" \/><br \/>\n<strong><a href=\"http:\/\/www.literotica.com\/\" target=\"_blank\">Literotica.com<\/a><\/strong><br \/>\nEn amerikansk sida med massor av erotiska noveller &#8211; p\u00e5 engelska, f\u00f6rst\u00e5s. Fast det finns ocks\u00e5 en avdelning f\u00f6r andra spr\u00e5k \u00e4n engelska, och d\u00e4r hittar man faktiskt noveller p\u00e5 tyska, ryska, holl\u00e4ndska, portugisiska, spanska, franska och turkiska. Blir kanske du den f\u00f6rste som skickar in en novell p\u00e5 svenska?<br \/>\n<img decoding=\"async\" loading=\"lazy\" src=\"https:\/\/i2.wp.com\/www.cirkuseros.nu\/app\/uploads\/2016\/10\/smapunktlinje_584.gif?resize=584%2C8&#038;ssl=1\" alt=\"smapunktlinje_584\" data-recalc-dims=\"1\" \/><br \/>\n<strong><a href=\"http:\/\/lustboken.se\/\" target=\"_blank\">Lustboken.se<\/a><\/strong><br \/>\nEn svensk sida med ins\u00e4nda erotiska noveller. D\u00e4r finns \u00e4ven ljudb\u00f6cker och bra l\u00e4nkar vidare till andra erotiska novellsidor.<br \/>\n<img decoding=\"async\" loading=\"lazy\" src=\"https:\/\/i2.wp.com\/www.cirkuseros.nu\/app\/uploads\/2016\/10\/smapunktlinje_584.gif?resize=584%2C8&#038;ssl=1\" alt=\"smapunktlinje_584\" data-recalc-dims=\"1\" \/><br \/>\n<strong><a href=\"http:\/\/www.sexgumman.com\/\" target=\"_blank\">Sexgummans Erotiknoveller<\/a><\/strong><br \/>\nEn svensk hemsida med mycket reklam och l\u00e4nkar, men ocks\u00e5 en hel del sexnoveller. D\u00e4r finns ocks\u00e5 en blogg med aktuell information och tips, en sida med fr\u00e5gor och svar till &#8221;Dr. Love&#8221;, och lite annat sm\u00e5tt och gott.<br \/>\n<img decoding=\"async\" loading=\"lazy\" src=\"https:\/\/i0.wp.com\/www.cirkuseros.nu\/app\/uploads\/2017\/01\/heartline_584.gif?resize=584%2C20&#038;ssl=1\" alt=\"Heartline\" data-recalc-dims=\"1\" \/><\/p>\n<p><img decoding=\"async\" loading=\"lazy\" src=\"https:\/\/i2.wp.com\/www.cirkuseros.nu\/app\/uploads\/2016\/10\/fri_kursbanner_ani.gif?resize=584%2C140&#038;ssl=1\" alt=\"Cirkus Eros - erotik f\u00f6r finsmakare\" data-recalc-dims=\"1\" \/><\/p>\n","protected":false},"excerpt":{"rendered":"<p>Lite mysig l\u00e4sning \u00e4r ju aldrig fel, och skulle det nu vara s\u00e5 att du har l\u00e4st precis alla noveller h\u00e4r p\u00e5 Cirkus Eros, mina egna och andras, s\u00e5 kan du hitta l\u00e4nkar vidare till andra hemsidor med noveller p\u00e5 &hellip; <a href=\"https:\/\/www.cirkuseros.nu\/index.php\/lankar\/erotiska-noveller\/\">Forts\u00e4tt l\u00e4sa <span class=\"meta-nav\">&rarr;<\/span><\/a><\/p>\n","protected":false},"author":2,"featured_media":0,"parent":72,"menu_order":6,"comment_status":"closed","ping_status":"closed","template":"sidebar-page.php","meta":[],"_links":{"self":[{"href":"https:\/\/www.cirkuseros.nu\/index.php\/wp-json\/wp\/v2\/pages\/222"}],"collection":[{"href":"https:\/\/www.cirkuseros.nu\/index.php\/wp-json\/wp\/v2\/pages"}],"about":[{"href":"https:\/\/www.cirkuseros.nu\/index.php\/wp-json\/wp\/v2\/types\/page"}],"author":[{"embeddable":true,"href":"https:\/\/www.cirkuseros.nu\/index.php\/wp-json\/wp\/v2\/users\/2"}],"replies":[{"embeddable":true,"href":"https:\/\/www.cirkuseros.nu\/index.php\/wp-json\/wp\/v2\/comments?post=222"}],"version-history":[{"count":1,"href":"https:\/\/www.cirkuseros.nu\/index.php\/wp-json\/wp\/v2\/pages\/222\/revisions"}],"predecessor-version":[{"id":7070,"href":"https:\/\/www.cirkuseros.nu\/index.php\/wp-json\/wp\/v2\/pages\/222\/revisions\/7070"}],"up":[{"embeddable":true,"href":"https:\/\/www.cirkuseros.nu\/index.php\/wp-json\/wp\/v2\/pages\/72"}],"wp:attachment":[{"href":"https:\/\/www.cirkuseros.nu\/index.php\/wp-json\/wp\/v2\/media?parent=222"}],"curies":[{"name":"wp","href":"https:\/\/api.w.org\/{rel}","templated":true}]}}