{"id":2239,"date":"2016-11-24T18:10:24","date_gmt":"2016-11-24T17:10:24","guid":{"rendered":"https:\/\/cirkuseros.wordpress.com\/?page_id=2239"},"modified":"2023-09-27T03:16:42","modified_gmt":"2023-09-27T01:16:42","slug":"konsten-att-suga-kuk","status":"publish","type":"page","link":"https:\/\/www.cirkuseros.nu\/index.php\/text\/artiklar\/artiklar-erotik-inspiration\/konsten-att-suga-kuk\/","title":{"rendered":"Konsten att suga kuk"},"content":{"rendered":"<p><img decoding=\"async\" loading=\"lazy\" src=\"https:\/\/i2.wp.com\/www.cirkuseros.nu\/app\/uploads\/2016\/12\/vintage_blowjob.jpg?resize=584%2C380&#038;ssl=1\" alt=\"\u00c4ven p\u00e5 den gamla goda tiden...\" data-recalc-dims=\"1\" \/><\/p>\n<p><strong>Som med alla andra hantverk <\/strong>s\u00e5 kr\u00e4vs det \u00f6vning, t\u00e5lamod och lyh\u00f6rdhet f\u00f6r att bli en god \u00e4lskare\/\u00e4lskarinna. Du b\u00f6r med andra ord \u00e4lska mycket, ofta, och l\u00e4nge f\u00f6r att bli riktigt bra p\u00e5 det. Dessutom \u00e4r vi m\u00e4nniskor olika &#8211; alla tycker inte om samma saker, och alla har inte samma erogena zoner.<\/p>\n<p><strong>Varje g\u00e5ng du g\u00f6r en ny sexuell bekantskap<\/strong> f\u00e5r du ocks\u00e5 l\u00e4ra sig en ny upps\u00e4ttning erogena zoner, dofter, smaker, preferenser, h\u00e4mningar och behov. Allts\u00e5 kan en s\u00e5n h\u00e4r artikel aldrig n\u00e5gonsin ber\u00e4tta hela sanningen &#8211; den m\u00e5ste du hitta p\u00e5 egen hand (eller mun).<\/p>\n<p><img decoding=\"async\" loading=\"lazy\" src=\"https:\/\/i0.wp.com\/www.cirkuseros.nu\/app\/uploads\/2016\/12\/dubbelfellatio.jpg?resize=584%2C332&#038;ssl=1\" alt=\"Dubbelfellatio\" data-recalc-dims=\"1\" \/><\/p>\n<p><strong>Somliga p\u00e5st\u00e5r att oral stimulans<\/strong> av den andres k\u00f6n mest \u00e4r en form av bekr\u00e4ftelse, utifr\u00e5n tankeg\u00e5ngen att det ju inte kan vara s\u00e4rskilt tillfredsst\u00e4llande att utf\u00f6ra oralsex.<br \/>\nInget kunde vara mer felaktigt. Det vill s\u00e4ga &#8211; visst \u00e4r det en bekr\u00e4ftelse, och f\u00f6r somliga kanske det \u00e4r mer en ynnest \u00e4n en njutning. Men det kan ocks\u00e5 vara enormt njutningsfullt att ge oralsex. M\u00e5nga kvinnor (och m\u00e4n) \u00e4lskar att suga kuk, och g\u00f6r det ofta, l\u00e4nge och g\u00e4rna. \u00c4r mannen i fr\u00e5ga d\u00e4rtill road av att oralt stimulera sin partners k\u00f6n kan n\u00f6jet bli \u00f6msesidigt.<\/p>\n<p><span style=\"font-family: AGaramond, Garamond, Jenson, serif; font-size: x-large;\"><span style=\"color: #800000;\"><strong>Att \u00f6vervinna skam- och skuldk\u00e4nslor<\/strong><br \/>\n<\/span><\/span><\/p>\n<p><strong>De flesta av oss har tyv\u00e4rr vuxit upp<\/strong> i ett sexualfientligt samh\u00e4lle, i vilket sex och njutning betraktas som fult och syndigt. M\u00e5nga m\u00e4n har f\u00f6r sig att deras kukar \u00e4r fula och snuskiga, och kan inte f\u00f6rst\u00e5 hur n\u00e5gon \u00f6ver huvud taget skulle kunna ta den i munnen och suga p\u00e5 den, \u00e4n mindre hur det kan vara njutbart.<\/p>\n<p><strong>Riktigt illa blir det<\/strong> n\u00e4r mannen i fr\u00e5ga projicerar sin egen skam p\u00e5 den som vill suga hans kuk, och finner den personen skamlig och \u00e4cklig. Det l\u00e5ter helt vansinnigt, men det \u00e4r tyv\u00e4rr inte alltf\u00f6r ovanligt. D\u00e4r ser vi ocks\u00e5 det gamla madonna-horakomplexet som sp\u00f6kar, som skambel\u00e4gger kvinnor som \u00f6ppet visar sexuell lust.<\/p>\n<p><strong>Med dessa stackars m\u00e4n<\/strong> b\u00f6r man g\u00e5 lite varsammare fram. Var framf\u00f6r allt k\u00e4rleksfull. Visa att du \u00e4lskar din man, hans kropp, och inte minst hans k\u00f6n. Smek kuken varmt och v\u00e4nligt, se till att den blir h\u00e5rd och stor, ber\u00f6m den f\u00f6r dess sk\u00f6nhet, kyss den mjukt. Ta det varligt. F\u00f6rr eller senare kommer \u00e4ven den mest h\u00e4mmade man att ge efter f\u00f6r din behandling.<\/p>\n<p><img decoding=\"async\" loading=\"lazy\" src=\"https:\/\/i2.wp.com\/www.cirkuseros.nu\/app\/uploads\/2016\/12\/fellatio_i_skogen.jpg?resize=584%2C339&#038;ssl=1\" alt=\"Fellatio i skogen\" data-recalc-dims=\"1\" \/><\/p>\n<p><span style=\"font-family: AGaramond, Garamond, Jenson, serif; font-size: x-large;\"><span style=\"color: #800000;\"><strong>Motverka otrohet<\/strong><br \/>\n<\/span><\/span><\/p>\n<p><strong>Om du vill beh\u00e5lla din man l\u00e4nge<\/strong> &#8211; sug hans kuk. Och g\u00f6r det bra. F\u00f6r de allra flesta m\u00e4n \u00e4r en bra kuksugning det allra b\u00e4sta och sk\u00f6naste han kan uppleva i sitt liv. Det finns inget ljuvligare. Har han en g\u00e5ng pr\u00f6vat, kommer han att vilja ha det igen. Och igen, och igen.<\/p>\n<p><strong>Med andra ord &#8211; om du inte vill suga<\/strong> hans kuk alls, och han \u00e4r en s\u00e5dan man som har positiva erfarenheter av att f\u00e5 sin kuk behandlad p\u00e5 detta s\u00e4tt, s\u00e5 \u00e4r risken mycket stor att han f\u00f6r eller senare kommer att l\u00e5ta n\u00e5gon annan g\u00f6ra det. Om tillf\u00e4llet gives kommer han inte att tacka nej &#8211; och det \u00e4r fullkomligt f\u00f6rst\u00e5eligt. Minns mina ord &#8211; en riktigt bra kuksugning \u00e4r bland det sk\u00f6naste en man kan uppleva \u00f6ver huvud taget.<\/p>\n<p><img decoding=\"async\" loading=\"lazy\" src=\"https:\/\/i1.wp.com\/www.cirkuseros.nu\/app\/uploads\/2016\/12\/sepia_fellatio.jpg?resize=584%2C396&#038;ssl=1\" alt=\"K\u00e4rleksfullt sug i blicken\" data-recalc-dims=\"1\" \/><\/p>\n<p><span style=\"font-family: AGaramond, Garamond, Jenson, serif; font-size: x-large;\"><span style=\"color: #800000;\"><strong>Om din partner vill ha sex oftare \u00e4n du<\/strong><br \/>\n<\/span><\/span><\/p>\n<p><strong>M\u00e5nga jobbiga relationer skulle kunna bli<\/strong> mycket l\u00e4ttare om b\u00e5da parter kunde se mer nyktert och avslappnat p\u00e5 det h\u00e4r med sex. Om du \u00e4lskar din partner, och vill att din partner ska m\u00e5 bra, kan du ju faktiskt ibland ge sexuell stimulans och tillfredsst\u00e4llelse utan att f\u00f6r den skull sj\u00e4lv vara s\u00e5 himla k\u00e5t och upphetsad. Som exempel \u2013 om du f\u00f6r tillf\u00e4llet \u00e4r r\u00e4tt ointresserad av att laga mat, s\u00e5 kan du ju \u00e4nd\u00e5 sv\u00e4nga ihop en m\u00e5ltid &#8211; du m\u00e5ste ju \u00e4ta, trots allt. P\u00e5 samma s\u00e4tt kan en man eller en kvinna naturligtvis hj\u00e4lpa sin partner att bli tillfredsst\u00e4lld sexuellt &#8211; genom smekningar, runk, slick och sug. Att s\u00e4nka tr\u00f6skeln till sexuella aktiviteter kan g\u00f6ra underverk i en relation.<\/p>\n<p><strong>Du kan suga av din man<\/strong> utan att sj\u00e4lv vara k\u00e5t \u2013 och g\u00f6ra det bra. Precis p\u00e5 samma s\u00e4tt kan man ge en kvinna orgasm \u2013 utan att sj\u00e4lv vara s\u00e4rskilt k\u00e5t. Slick, kyss, mums och sug \u00e4r bra s\u00e4tt att uppn\u00e5 detta. Du beh\u00f6ver inte ens kl\u00e4 av dig om du inte vill. Att det sen kan uppst\u00e5 \u00e4ven ett inre sug, och att du under akten kanske \u00e4nd\u00e5 blir k\u00e5t, \u00e4r v\u00e4l d\u00e5 mer att betrakta som en bonus, inte sant?<\/p>\n<p><img decoding=\"async\" loading=\"lazy\" src=\"https:\/\/i1.wp.com\/www.cirkuseros.nu\/app\/uploads\/2016\/12\/sofa_fellatio.jpg?resize=584%2C361&#038;ssl=1\" alt=\"Fellatio i soffan\" data-recalc-dims=\"1\" \/><\/p>\n<p><span style=\"font-family: AGaramond, Garamond, Jenson, serif; font-size: x-large;\"><span style=\"color: #800000;\"><strong>Sex \u00e4r sk\u00f6nt \u00e4ven utan orgasm.<\/strong><br \/>\n<\/span><\/span><\/p>\n<p><strong>Du m\u00e5ste inte heller alltid vara<\/strong> s\u00e5 orgasmfixerad. Man beh\u00f6ver inte jaga klimax &#8211; det kan vara betydligt sk\u00f6nare att bara njuta av behandlingen utan att hela tiden l\u00e4ngta fram till utl\u00f6sning \u2013 att vara helt n\u00e4rvarande i det som sker h\u00e4r och nu, snarare \u00e4n att fokusera p\u00e5 n\u00e5got som ska h\u00e4nda, sen. S\u00e5 h\u00e4nder det, och s\u00e5 \u00e4r det slut.<\/p>\n<p><strong>Det kan t.o.m. f\u00f6rh\u00f6ja njutningen<\/strong> att inte f\u00e5 orgasm \u2013 s\u00e4rskilt om man g\u00e5r och sm\u00e5slickar p\u00e5 varandra under en eftermiddag, eller under kv\u00e4llen, f\u00f6r att ladda upp sexlusten &#8211; sen n\u00e4r man till slut kommer till orgasm, s\u00e5 kan det verkligen bli en himlastormande upplevelse. Och blir det ingen orgasm, s\u00e5 har man \u00e4nd\u00e5 haft det h\u00e4rligt hela eftermiddagen. Med andra ord &#8211; orgasm m\u00e5ste absolut inte alltid vara det sj\u00e4lvklara m\u00e5let f\u00f6r varje k\u00e4rleksstund.<\/p>\n<p><img decoding=\"async\" loading=\"lazy\" src=\"https:\/\/i1.wp.com\/www.cirkuseros.nu\/app\/uploads\/2016\/12\/gruppfellatio.jpg?resize=584%2C411&#038;ssl=1\" alt=\"Gruppfellatio\" data-recalc-dims=\"1\" \/><\/p>\n<p><span style=\"font-family: AGaramond, Garamond, Jenson, serif; font-size: x-large;\"><span style=\"color: #800000;\"><strong>S\u00e5 hur g\u00f6r man d\u00e5, f\u00f6r b\u00e4sta resultat?<\/strong><br \/>\n<\/span><\/span><\/p>\n<p><strong>F\u00f6r att bli en riktigt duktig kuksugare<\/strong> (oavsett om du \u00e4r man eller kvinna, homo, hetero eller bi) beh\u00f6ver du komma ih\u00e5g n\u00e5gra s\u00e4rskilt viktiga saker. Det allra viktigaste \u00e4r naturligtvis att du tycker om att suga kuk. Du ska inte suga kuk om det \u00e4r en uppoffring, om du bara g\u00f6r det \u201df\u00f6r hans skull\u201d. Det m\u00e4rks, och d\u00e5 blir det inte lika sk\u00f6nt som det kan vara om njutningen \u00e4r \u00f6msesidig.<\/p>\n<p><img decoding=\"async\" loading=\"lazy\" src=\"https:\/\/i2.wp.com\/www.cirkuseros.nu\/app\/uploads\/2016\/12\/skogfellatio.jpg?resize=584%2C419&#038;ssl=1\" alt=\"Kuksugning utomhus\" data-recalc-dims=\"1\" \/><\/p>\n<p><span style=\"font-family: AGaramond, Garamond, Jenson, serif; font-size: x-large;\"><span style=\"color: #800000;\"><strong>Till de tekniska aspekterna:<\/strong><br \/>\n<\/span><\/span><\/p>\n<p><strong>Kuken \u2013 s\u00e4rskilt ollonet och pungen<\/strong> \u2013 \u00e4r oerh\u00f6rt \u00f6mt\u00e5liga och k\u00e4nsliga f\u00f6r fel behandling. Man b\u00f6r med andra ord noga undvika att anv\u00e4nda t\u00e4nderna (s\u00e5vida inte mannen ifr\u00e5ga tycker om just det, f\u00f6rst\u00e5s).<br \/>\nAnv\u00e4nder du h\u00e4nderna \u00e4r det ocks\u00e5 bra med n\u00e5got glidmedel &#8211; f\u00f6r h\u00f6g friktion \u00e4r INTE sk\u00f6nt. Saliv kan r\u00e4cka, fittsaft \u00e4r inte dumt &#8211; men man kan g\u00e4rna komplettera med n\u00e5gon olja. Jag brukar ofta propagera f\u00f6r olja som v\u00e4rldens b\u00e4sta sexhj\u00e4lpmedel.<\/p>\n<p><strong>Du kan g\u00e4rna anv\u00e4nda n\u00e5gon<\/strong> v\u00e4lsmakande matolja som glidmedel, eftersom du d\u00e5 kan runka kukskaftet mjukt och fint, samtidigt som du stimulerar ollonet med tungan. Jag rekommenderar med f\u00f6rdel valn\u00f6tsolja (finns i v\u00e4lsorterade matbutiker) &#8211; f\u00f6rutom att den \u00e4r oslagbart god i sallad eller p\u00e5 sm\u00f6rg\u00e5s (ist\u00e4llet f\u00f6r sm\u00f6r) s\u00e5 \u00e4r den god p\u00e5 kroppen. Men det g\u00e5 ocks\u00e5 alldeles utm\u00e4rkt med olivolja, sesamolja eller kokosolja. Bra f\u00f6r huden ocks\u00e5.<\/p>\n<p><img decoding=\"async\" loading=\"lazy\" src=\"https:\/\/i0.wp.com\/www.cirkuseros.nu\/app\/uploads\/2016\/12\/antik_dubbelfellatio.jpg?resize=584%2C435&#038;ssl=1\" alt=\"antik_dubbelfellatio\" data-recalc-dims=\"1\" \/><\/p>\n<p><strong>En bra metod \u00e4r att anv\u00e4nda tungan<\/strong> mycket. Mycket saliv, och breda tungdrag \u00f6ver ollonet, runt ollonet och bakkanten av ollonet. Du kan l\u00e5ta bara tungan spela \u00f6ver ollonet, snabbt eller l\u00e5ngsamt, och du kan ta kuken djupt in i munnen. Somliga har utvecklat konsten att ta kuken riktigt l\u00e5ngt in i svalget, men det \u00e4r en sv\u00e5r konst som kr\u00e4ver att man kan beh\u00e4rska sin kr\u00e4kreflex, och det \u00e4r det allts\u00e5 ganska f\u00e5 som ens vill eller kan g\u00f6ra. Det \u00e4r dock inte n\u00f6dv\u00e4ndigt f\u00f6r att ge en man fantastisk njutning. Kombinationen av h\u00e4nder och mun \u00e4r oslagbar, och kan leda till de mest explosiva orgasmer du kan f\u00f6rest\u00e4lla dig.<\/p>\n<p><span style=\"font-family: AGaramond, Garamond, Jenson, serif; font-size: x-large;\"><span style=\"color: #800000;\"><strong>Kommunikation och ansvar<\/strong><br \/>\n<\/span><\/span><\/p>\n<p><strong>Gl\u00f6m f\u00f6r all del inte<\/strong> att ni har era munnar att prata med ocks\u00e5. Man kan fr\u00e5ga, och tala om hur det k\u00e4nns. Ett bra f\u00f6rh\u00e5llningss\u00e4tt som aktiv givare \u00e4r att alltid s\u00e4ga &#8221;tack&#8221; om partner uttrycker behov. Det uppmuntrar till att ge mer instruktioner, vilket f\u00f6rst\u00e5s \u00e4r till nytta och n\u00f6je f\u00f6r b\u00e5da parter.<\/p>\n<p style=\"padding-left: 30px;\"><em>&#8211; \u201dK\u00e4nns det sk\u00f6nt s\u00e5 h\u00e4r?\u201d<\/em><br \/>\n<em> &#8211; \u201dJa &#8211; lite l\u00e5ngsammare nu&#8230;\u201d<br \/>\n&#8211; &#8221;Tack!&#8221;<br \/>\n<\/em><\/p>\n<p><strong>Kommunikation \u00e4r livsviktigt<\/strong> &#8211; inte minst n\u00e4r man vill njuta av sex.<br \/>\nPrata om vad ni tycker om och vad ni inte tycker om &#8211; f\u00f6re, under och efter sexakten.<br \/>\nVisst, teckenspr\u00e5k kan funka ibland, men verbal kommunikation funkar b\u00e4st.<br \/>\nTankel\u00e4sning \u00e4r inte att lita p\u00e5. Att ta ansvar f\u00f6r sin egen njutning, och uttrycka tydligt b\u00e5de vad man vill ha och vad man inte vill ha, \u00e4r en g\u00e5va till b\u00e5da parter. Ingen vettig m\u00e4nniska vill ju uts\u00e4tta en k\u00e4rlekspartner f\u00f6r n\u00e5got o\u00f6nskat, obehagligt.<\/p>\n<p><span style=\"font-family: AGaramond, Garamond, Jenson, serif; font-size: x-large;\"><span style=\"color: #800000;\"><strong>Hygien<\/strong><br \/>\n<\/span><\/span><\/p>\n<p><strong>N\u00e5got som kan g\u00f6ra den orala aktiviteten<\/strong> mer attraktiv, och trevligare f\u00f6r b\u00e4gges njutning \u00e4r att man h\u00e5ller en god hygien. G\u00f6r du det till en vana att alltid tv\u00e4tta av kuken efter att du har varit p\u00e5 toaletten s\u00e5 inbjuder det till \u201dimpulssugningar\u201d. Den som gillar att suga kuk kan d\u00e5 ta fram den och suga i stort sett n\u00e4r som helst, och veta att det \u00e4r rent och v\u00e4lsmakande. Detsamma g\u00e4ller f\u00f6rst\u00e5s \u00e4ven kvinnor \u2013 h\u00e5ller du rent \u00e4r du liksom alltid redo f\u00f6r slick och sug. \u00c5terigen \u00e4r f\u00f6rst\u00e5s \u00e4ven detta en fr\u00e5ga om tycke och smak. M\u00e5nga \u00e4lskar dofterna och smakerna av kropp, och vill inte ha alltf\u00f6r nytv\u00e4ttat. Det ska smaka och dofta k\u00f6n. \u00c5terigen en fr\u00e5ga om kommunikation.<\/p>\n<p><strong>Kom ih\u00e5g att sex \u00e4r som mat<\/strong> \u2013 inte bara f\u00f6r att man kan anv\u00e4nda munnen och &#8221;\u00e4ta&#8221; av varandra. Alla har olika smak och olika favoritr\u00e4tter. Det som \u00e4r underbart f\u00f6r en person kan vara \u00e4ckligt f\u00f6r en annan.<\/p>\n<p><span style=\"font-family: AGaramond, Garamond, Jenson, serif; font-size: x-large;\"><span style=\"color: #800000;\"><strong>Rakning<\/strong><br \/>\n<\/span><\/span><\/p>\n<p><strong>P\u00e5 samma s\u00e4tt<\/strong> som det kan f\u00f6rh\u00f6ja upplevelsen av att slicka fitta om kvinnan \u00e4r rakad, kan det \u00e4ven vara till f\u00f6rdel f\u00f6r mannen om han \u00e4r det ocks\u00e5. F\u00f6r det f\u00f6rsta kan det bli en v\u00e4ldigt stark upplevelse att \u00e4lska om b\u00e5da \u00e4r rakade &#8211; naken hud mot naken hud, p\u00e5 de st\u00e4llen d\u00e4r huden \u00e4r som allra k\u00e4nsligast &#8211; men ocks\u00e5 f\u00f6r att den som suger kuk d\u00e5 obehindrat kan slicka HELA kuken, och pungen och allt, utan att f\u00e5 &#8221;h\u00e5r i maten&#8221;. Och det \u00e4r v\u00e4ldigt h\u00e4rligt att bli slickad med l\u00e5nga, breda, bl\u00f6ta drag, \u00e4nda fr\u00e5n pungen hela v\u00e4gen upp till toppen av ollonet.<\/p>\n<p><img decoding=\"async\" loading=\"lazy\" src=\"https:\/\/i0.wp.com\/www.cirkuseros.nu\/app\/uploads\/2016\/12\/kontrast-1.jpg?resize=584%2C360&#038;ssl=1\" alt=\"Rakad kuk\" data-recalc-dims=\"1\" \/><\/p>\n<p><strong>OCH \u2013 om du tror<\/strong> att du har en f\u00f6r liten kuk \u2013 rakning (eller redan bara att snagga lurvet runt roten) g\u00f6r att den ser m\u00e4rkbart st\u00f6rre ut \u2013 inte minst fr\u00e5n din egen synvinkel, ovanifr\u00e5n, vilket kan ha en viss psykologiskt positiv verkan. T\u00e4nk p\u00e5 det!<\/p>\n<p><a href=\"https:\/\/www.cirkuseros.nu\/index.php\/text\/artiklar\/artiklar-erotik-inspiration\/om-intimrakning\/\"><strong>L\u00e4s mer om intimrakning i en s\u00e4rskild artikel om detta \u00e4mne \u00bb<\/strong><\/a><\/p>\n<p><span style=\"font-family: AGaramond, Garamond, Jenson, serif; font-size: x-large;\"><span style=\"color: #800000;\"><strong>Variation<\/strong><br \/>\n<\/span><\/span><\/p>\n<p><strong>Vill man variera sig<\/strong> kan man alltid leka med f\u00f6rem\u00e5l, som t.ex. fj\u00e4drar eller penslar. Man kan ha n\u00e5got i munnen &#8211; kanske en isbit &#8211; samtidigt som man suger. Somliga tycker att det tillf\u00f6r mycket med tungpiercing, andra tycker inte om det alls. Man kan leka lite bondage, binda fast varandra i s\u00e4ngen och s\u00e5 &#8211; det kan vara en alldeles s\u00e4rskilt stark upplevelse att ligga och bli avsugen utan att kunna komma loss, utan att kunna p\u00e5verka det som sker alls. Har man dessutom \u00f6gonbindel \u00e4r man helt utl\u00e4mnad \u00e5t partnerns godtycke, vilket kan vara extremt upphetsande&#8230;<\/p>\n<p><strong>Kukringar kan ha en sp\u00e4nnande effekt<\/strong> \u2013 b\u00e5de estetiskt och upplevelsem\u00e4ssigt. Det \u00e4r viktigt att man hittar en i r\u00e4tt storlek. F\u00f6r tr\u00e5ngt \u00e4r inte bra \u2013 om blodet inte kan str\u00f6mma hyfsat fritt kan det bli pl\u00e5gsamt. Men precis lagom kan g\u00f6ra kuken \u00e4n mer blodfylld och h\u00e5rd. Och s\u00e5 kan det se lite sp\u00e4nnande ut \u2013 en kukring kan onekligen dra blickarna till sig och skapa ett erotiskt fokus.<\/p>\n<p><img decoding=\"async\" loading=\"lazy\" src=\"https:\/\/i1.wp.com\/www.cirkuseros.nu\/app\/uploads\/2016\/12\/slickepinne.jpg?resize=584%2C356&#038;ssl=1\" alt=\"Slickepinne\" data-recalc-dims=\"1\" \/><\/p>\n<p><span style=\"font-family: AGaramond, Garamond, Jenson, serif; font-size: x-large;\"><span style=\"color: #800000;\"><strong>S\u00e4d i munnen eller ej?<\/strong><br \/>\n<\/span><\/span><\/p>\n<p><strong>N\u00e4r vi \u00e4nd\u00e5 \u00e4r inne p\u00e5 mat och preferenser<\/strong> \u2013 alla tycker inte om att ta s\u00e4den i sin mun, eller f\u00f6r den delen att sv\u00e4lja. Somliga tycker om det, och sv\u00e4ljer g\u00e4rna. Andra tycker inte om smaken eller konsistensen, och vill helst inte f\u00e5 in det i munnen alls. Eller s\u00e5 gillar man inte smaken n\u00e4mnv\u00e4rt, och sv\u00e4ljer fort f\u00f6r att slippa smaken. Det \u00e4r en smaksak.<\/p>\n<p><strong>Det \u00e4r viktigt att respektera varandras gr\u00e4nser<\/strong> &#8211; sex handlar om njutning. F\u00f6rhoppningsvis \u00f6msesidig njutning. Om du inte tycker om det, och din partner \u00e4nd\u00e5 tjatar p\u00e5 att du ska g\u00f6ra det &#8211; be honom att f\u00f6rst smaka p\u00e5 sin egen s\u00e4d. Vill han inte, men tjatar vidare p\u00e5 dig (v\u00e4grar respektera dig), s\u00e5 kan du alltid spela honom ett litet spratt &#8211; spar den i munnen och kyss honom. Se hur han reagerar. Gillar han inte att f\u00e5 sin s\u00e4d i munnen s\u00e5 kan han inte heller kr\u00e4va det av dig.<\/p>\n<p><strong>Men \u00e5 andra sidan<\/strong>, om du tycker om att beh\u00e5lla s\u00e4den i munnen, alternativt sv\u00e4lja &#8211; eller om du \u00e5tminstone kan l\u00e4ra dig att tycka om det &#8211; s\u00e5 kan du ge din man l\u00e5nga, utdragna, extatiska orgasmer som kastar honom in i total sexuell trans. V\u00e4l v\u00e4rt att beakta, inte sant?<\/p>\n<p><img decoding=\"async\" loading=\"lazy\" src=\"https:\/\/i1.wp.com\/www.cirkuseros.nu\/app\/uploads\/2016\/12\/suger_kuk.jpg?resize=584%2C226&#038;ssl=1\" alt=\"Kuksugning\" data-recalc-dims=\"1\" \/><\/p>\n<p><span style=\"font-family: AGaramond, Garamond, Jenson, serif; font-size: x-large;\"><span style=\"color: #800000;\"><strong>Att f\u00f6rl\u00e4nga och f\u00f6rst\u00e4rka orgasmen<\/strong><br \/>\n<\/span><\/span><\/p>\n<p><strong>Om du forts\u00e4tter att slicka och suga<\/strong>, v\u00e4ldigt mjukt, under sj\u00e4lva orgasmen, s\u00e5 kan man med lite \u00f6vning g\u00f6ra upplevelsen m\u00e5nga g\u00e5nger starkare &#8211; och m\u00e5nga g\u00e5nger l\u00e4ngre \u00e4n vanligt. OBS! &#8211; det m\u00e5ste g\u00f6ras synnerligen mjukt! Under sj\u00e4lva orgasmen \u00e4r ollonet och resten av kuken som regel extremt k\u00e4nsliga, och samma ber\u00f6ring som f\u00f6re orgasmen var h\u00e4rlig, kan under och direkt efter orgasmen vara riktigt pl\u00e5gsam. D\u00e4rf\u00f6r m\u00e5ste stimulansen som regel vara extremt subtil \u2013 sakta med bl\u00f6t tunga, eller ordentligt med glidmedel.<\/p>\n<p><strong>Detta knep kan \u00e4ven g\u00e4lla f\u00f6r kvinnor.<\/strong> Om du slickar fitta, och forts\u00e4tter helt mjukt n\u00e4r orgasmen v\u00e4ller in, s\u00e5 kan du f\u00f6rst\u00e4rka och f\u00f6rl\u00e4nga orgasmen n\u00e5got alldeles enormt med munnen, samt \u00e4ven om man har fingrar som trycker p\u00e5 g-fl\u00e4cken, f\u00f6rst\u00e5s.<\/p>\n<p><img decoding=\"async\" loading=\"lazy\" src=\"https:\/\/i2.wp.com\/www.cirkuseros.nu\/app\/uploads\/2016\/12\/antik_fellatio.jpg?resize=584%2C356&#038;ssl=1\" alt=\"Antik fellatio\" data-recalc-dims=\"1\" \/><\/p>\n<p><span style=\"font-family: AGaramond, Garamond, Jenson, serif; font-size: x-large;\"><span style=\"color: #800000;\"><strong>G\u00e5va \u00f6nskar att geng\u00e5va gives&#8230;<\/strong><br \/>\n<\/span><\/span><\/p>\n<p><strong>Du som har f\u00e5tt en h\u00e4rlig orgasm<\/strong> efter en avsugning &#8211; kom ih\u00e5g att g\u00e5va \u00f6nskar att geng\u00e5va gives. Om ni \u00e4r man och kvinna &#8211; se till att din kvinna f\u00e5r sig en h\u00e4rlig orgasm genom att du slickar henne dit. \u00c4r ni tv\u00e5 m\u00e4n &#8211; se till att din partner f\u00e5r en minst lika sk\u00f6n behandling i retur \u2013 det m\u00e5ste f\u00f6rst\u00e5s inte vara vid exakt samma tillf\u00e4lle, men i det l\u00e5nga loppet \u00e4r det fint med balans. Det garanterar ju ocks\u00e5 att du sannolikt f\u00e5r uppleva denna h\u00e4rliga behandling oftare.<\/p>\n<p><strong>Och som sagt<\/strong> \u2013 ju oftare ni \u00e4gnar er \u00e5t oralsex, ju mer ni \u00f6var, ju b\u00e4ttre blir det. \u00d6vning ger f\u00e4rdighet. Lycka till!<\/p>\n<p>&nbsp;<\/p>\n<p>Carl Johan Rehbinder 2002 (uppdaterad 2016 &amp; 2021)<\/p>\n<p><img decoding=\"async\" loading=\"lazy\" src=\"https:\/\/i1.wp.com\/www.cirkuseros.nu\/app\/uploads\/2016\/11\/tunnlinjeoriginal_584.gif?resize=584%2C8&#038;ssl=1\" alt=\"\" data-recalc-dims=\"1\" \/><a href=\"https:\/\/www.cirkuseros.nu\/index.php\/text\/artiklar\/artiklar-erotik-inspiration\/\"><strong>Tillbaka till Artiklar \u2022 Erotik &amp; inspiration \u00bb<\/strong><\/a><\/p>\n<p><img decoding=\"async\" loading=\"lazy\" src=\"https:\/\/i0.wp.com\/www.cirkuseros.nu\/app\/uploads\/2017\/01\/heartline_584.gif?resize=584%2C20&#038;ssl=1\" alt=\"Heartline\" data-recalc-dims=\"1\" \/><\/p>\n<p><img decoding=\"async\" loading=\"lazy\" src=\"https:\/\/i2.wp.com\/www.cirkuseros.nu\/app\/uploads\/2016\/10\/fri_kursbanner_ani.gif?resize=584%2C140&#038;ssl=1\" alt=\"\" data-recalc-dims=\"1\" \/><\/p>\n","protected":false},"excerpt":{"rendered":"<p>Som med alla andra hantverk s\u00e5 kr\u00e4vs det \u00f6vning, t\u00e5lamod och lyh\u00f6rdhet f\u00f6r att bli en god \u00e4lskare\/\u00e4lskarinna. Du b\u00f6r med andra ord \u00e4lska mycket, ofta, och l\u00e4nge f\u00f6r att bli riktigt bra p\u00e5 det. Dessutom \u00e4r vi m\u00e4nniskor olika &hellip; <a href=\"https:\/\/www.cirkuseros.nu\/index.php\/text\/artiklar\/artiklar-erotik-inspiration\/konsten-att-suga-kuk\/\">Forts\u00e4tt l\u00e4sa <span class=\"meta-nav\">&rarr;<\/span><\/a><\/p>\n","protected":false},"author":2,"featured_media":0,"parent":6548,"menu_order":11,"comment_status":"closed","ping_status":"closed","template":"sidebar-page.php","meta":[],"_links":{"self":[{"href":"https:\/\/www.cirkuseros.nu\/index.php\/wp-json\/wp\/v2\/pages\/2239"}],"collection":[{"href":"https:\/\/www.cirkuseros.nu\/index.php\/wp-json\/wp\/v2\/pages"}],"about":[{"href":"https:\/\/www.cirkuseros.nu\/index.php\/wp-json\/wp\/v2\/types\/page"}],"author":[{"embeddable":true,"href":"https:\/\/www.cirkuseros.nu\/index.php\/wp-json\/wp\/v2\/users\/2"}],"replies":[{"embeddable":true,"href":"https:\/\/www.cirkuseros.nu\/index.php\/wp-json\/wp\/v2\/comments?post=2239"}],"version-history":[{"count":8,"href":"https:\/\/www.cirkuseros.nu\/index.php\/wp-json\/wp\/v2\/pages\/2239\/revisions"}],"predecessor-version":[{"id":13360,"href":"https:\/\/www.cirkuseros.nu\/index.php\/wp-json\/wp\/v2\/pages\/2239\/revisions\/13360"}],"up":[{"embeddable":true,"href":"https:\/\/www.cirkuseros.nu\/index.php\/wp-json\/wp\/v2\/pages\/6548"}],"wp:attachment":[{"href":"https:\/\/www.cirkuseros.nu\/index.php\/wp-json\/wp\/v2\/media?parent=2239"}],"curies":[{"name":"wp","href":"https:\/\/api.w.org\/{rel}","templated":true}]}}