{"id":2253,"date":"2016-11-24T18:32:58","date_gmt":"2016-11-24T17:32:58","guid":{"rendered":"https:\/\/cirkuseros.wordpress.com\/?page_id=2253"},"modified":"2023-09-27T03:37:00","modified_gmt":"2023-09-27T01:37:00","slug":"sex-gor-dig-frisk-vacker-lycklig","status":"publish","type":"page","link":"https:\/\/www.cirkuseros.nu\/index.php\/text\/artiklar\/artiklar-erotik-inspiration\/sex-gor-dig-frisk-vacker-lycklig\/","title":{"rendered":"Sex g\u00f6r dig frisk, vacker &#038; lycklig!"},"content":{"rendered":"<p><img decoding=\"async\" loading=\"lazy\" src=\"https:\/\/i0.wp.com\/www.cirkuseros.nu\/app\/uploads\/2016\/11\/jennie_calle_evae_1.jpg?resize=584%2C389&#038;ssl=1\" alt=\"jennie_calle_evae_1\" data-recalc-dims=\"1\" \/><\/p>\n<p><strong>Sex g\u00f6r dig vacker.<\/strong><\/p>\n<p>Vetenskapliga r\u00f6n p\u00e5visar att sex \u00e4r kanske den b\u00e4sta h\u00e4lsokuren och det b\u00e4sta sk\u00f6nhetsmedlet som finns.<\/p>\n<p><strong>L\u00e4s bara:<\/strong><\/p>\n<p>1. Vetenskapliga tester visar att sexuellt aktiva kvinnor producerar dubbelt s\u00e5 mycket \u00f6strogen, vilket g\u00f6r att h\u00e5ret blir glansigt, och huden blir mjuk och len.<\/p>\n<p>2. Om du \u00e4lskar lugnt och avslappnat l\u00f6per du mindre risk f\u00f6r hudsjukdomar, kl\u00e5da och blemmor &#8211; att svettas av sex renar porerna och g\u00f6r att du f\u00e5r en fin hy.<\/p>\n<p>3. Het \u00e4lskog g\u00f6r att du g\u00f6r dig av med alla de kalorier du fick i dig vid den romantiska middagen lite tidigare p\u00e5 kv\u00e4llen&#8230;<\/p>\n<p>4. Sex \u00e4r en av de s\u00e4kraste idrotter du kan \u00e4gna dig \u00e5t. Du tr\u00e4nar och stretchar i stort sett varenda muskel i hela kroppen. Det \u00e4r betydligt roligare \u00e4n att simma, och du beh\u00f6ver inga specialskor eller annan dyr utrustning!<\/p>\n<p>5. Sex \u00e4r ett effektivt botemedel mot l\u00e4tta depressioner. Det l\u00f6sg\u00f6r endorfiner i blodet, skapar en euforisk upplevelse, och ger dig en k\u00e4nsla av v\u00e4lm\u00e5ende.<\/p>\n<p>6. Ju mer \u00e4lskog du har, desto mer kan du f\u00e5. En sexuellt aktiv kropp uts\u00f6ndrar st\u00f6rre m\u00e4ngder feromoner, en slags kemikalier som fungerar som en \u201dsexparfym\u201d, och som effektivt drar till sig personer av det motsatta k\u00f6net!<\/p>\n<p>7. Sex \u00e4r v\u00e4rldens s\u00e4kraste lugnande medel. Det \u00e4r 10 g\u00e5nger mer effektivt \u00e4n Valium.<\/p>\n<p>8. Att kyssas mycket och ofta \u00e4r bra f\u00f6r t\u00e4nderna. Kyssar stimulerar salivproduktionen, som i sin tur \u00e4r mycket viktig f\u00f6r balansen av syror och andra v\u00e4tskor i munnen, och dessutom h\u00e5ller saliven rent genom att sk\u00f6lja bort matrester ur t\u00e4nderna.<\/p>\n<p>9. Sex \u00e4r ett bra botemedel mot huvudv\u00e4rk (s\u00e5 nu kan du inte skylla p\u00e5 den&#8230;).<br \/>\nEn k\u00e4rleksstund kan l\u00f6sa upp de sp\u00e4nningar som blockerar blodk\u00e4rl i huvudet.<\/p>\n<p>10. Sex kan hj\u00e4lpa mot t\u00e4ppta n\u00e4sor. Sex \u00e4r ett naturligt antihistamin, som motverkar s\u00e5v\u00e4l allergier och h\u00f6snuva som astma.<\/p>\n<p>11. Sex g\u00f6r att du sover b\u00e4ttre &#8211; s\u00f6mn \u00e4r oerh\u00f6rt viktigt f\u00f6r h\u00e4lsan.<\/p>\n<p>12. Sex \u00e4r roligt. Ju mer du skrattar, desto l\u00e4ngre och h\u00e4lsosammare lever du.<\/p>\n<p>13. Sex g\u00f6r att du k\u00e4nner dig vackrare &#8211; och k\u00e4nner du dig vackrare s\u00e5 blir du det.<\/p>\n<p>14. Sex \u00e4r sk\u00f6nt. Sex \u00e4r helt enkelt b\u00e4st! Sex g\u00f6r dig lycklig och v\u00e4lm\u00e5ende!<\/p>\n<p>15. Sex inneb\u00e4r intensiv fysisk ber\u00f6ring. Ber\u00f6ring \u00e4r ett s\u00e4tt att komma m\u00e4nniskor inp\u00e5 livet &#8211; vi \u00e4r mindre ben\u00e4gna att sl\u00e5ss med m\u00e4nniskor vi har haft fysisk kontakt med.<br \/>\nDessutom &#8211; om vi \u00e4lskar ofta har vi inte tid med konflikter och gr\u00e4l.<\/p>\n<p><strong>Allts\u00e5 &#8211; \u00e4lska mer, kriga mindre!<\/strong><\/p>\n<p>Text: Carl Johan Rehbinder 2001<br \/>\nFoto: Eva Elings 2011<\/p>\n<p><img decoding=\"async\" loading=\"lazy\" src=\"https:\/\/i1.wp.com\/www.cirkuseros.nu\/app\/uploads\/2016\/11\/jennie_calle_evae_2.jpg?resize=584%2C389&#038;ssl=1\" alt=\"jennie_calle_evae_2\" data-recalc-dims=\"1\" \/><\/p>\n<p><img decoding=\"async\" loading=\"lazy\" src=\"https:\/\/i1.wp.com\/www.cirkuseros.nu\/app\/uploads\/2016\/11\/tunnlinjeoriginal_584.gif?resize=584%2C8&#038;ssl=1\" alt=\"\" data-recalc-dims=\"1\" \/><a href=\"https:\/\/www.cirkuseros.nu\/index.php\/text\/artiklar\/artiklar-erotik-inspiration\/\"><strong>Tillbaka till Artiklar \u2022 Erotik &amp; inspiration \u00bb<\/strong><\/a><\/p>\n<p><img decoding=\"async\" loading=\"lazy\" src=\"https:\/\/i0.wp.com\/www.cirkuseros.nu\/app\/uploads\/2017\/01\/heartline_584.gif?resize=584%2C20&#038;ssl=1\" alt=\"Heartline\" data-recalc-dims=\"1\" \/><\/p>\n<p><img decoding=\"async\" loading=\"lazy\" src=\"https:\/\/i2.wp.com\/www.cirkuseros.nu\/app\/uploads\/2016\/10\/fri_kursbanner_ani.gif?resize=584%2C140&#038;ssl=1\" alt=\"\" data-recalc-dims=\"1\" \/><\/p>\n","protected":false},"excerpt":{"rendered":"<p>Sex g\u00f6r dig vacker. Vetenskapliga r\u00f6n p\u00e5visar att sex \u00e4r kanske den b\u00e4sta h\u00e4lsokuren och det b\u00e4sta sk\u00f6nhetsmedlet som finns. L\u00e4s bara: 1. Vetenskapliga tester visar att sexuellt aktiva kvinnor producerar dubbelt s\u00e5 mycket \u00f6strogen, vilket g\u00f6r att h\u00e5ret blir &hellip; <a href=\"https:\/\/www.cirkuseros.nu\/index.php\/text\/artiklar\/artiklar-erotik-inspiration\/sex-gor-dig-frisk-vacker-lycklig\/\">Forts\u00e4tt l\u00e4sa <span class=\"meta-nav\">&rarr;<\/span><\/a><\/p>\n","protected":false},"author":2,"featured_media":0,"parent":6548,"menu_order":5,"comment_status":"closed","ping_status":"closed","template":"sidebar-page.php","meta":[],"_links":{"self":[{"href":"https:\/\/www.cirkuseros.nu\/index.php\/wp-json\/wp\/v2\/pages\/2253"}],"collection":[{"href":"https:\/\/www.cirkuseros.nu\/index.php\/wp-json\/wp\/v2\/pages"}],"about":[{"href":"https:\/\/www.cirkuseros.nu\/index.php\/wp-json\/wp\/v2\/types\/page"}],"author":[{"embeddable":true,"href":"https:\/\/www.cirkuseros.nu\/index.php\/wp-json\/wp\/v2\/users\/2"}],"replies":[{"embeddable":true,"href":"https:\/\/www.cirkuseros.nu\/index.php\/wp-json\/wp\/v2\/comments?post=2253"}],"version-history":[{"count":3,"href":"https:\/\/www.cirkuseros.nu\/index.php\/wp-json\/wp\/v2\/pages\/2253\/revisions"}],"predecessor-version":[{"id":13367,"href":"https:\/\/www.cirkuseros.nu\/index.php\/wp-json\/wp\/v2\/pages\/2253\/revisions\/13367"}],"up":[{"embeddable":true,"href":"https:\/\/www.cirkuseros.nu\/index.php\/wp-json\/wp\/v2\/pages\/6548"}],"wp:attachment":[{"href":"https:\/\/www.cirkuseros.nu\/index.php\/wp-json\/wp\/v2\/media?parent=2253"}],"curies":[{"name":"wp","href":"https:\/\/api.w.org\/{rel}","templated":true}]}}