{"id":2257,"date":"2016-11-24T18:34:48","date_gmt":"2016-11-24T17:34:48","guid":{"rendered":"https:\/\/cirkuseros.wordpress.com\/?page_id=2257"},"modified":"2023-09-27T11:42:18","modified_gmt":"2023-09-27T09:42:18","slug":"erotik-eller-porr","status":"publish","type":"page","link":"https:\/\/www.cirkuseros.nu\/index.php\/text\/artiklar\/artiklar-av-calle-rehbinder\/erotik-eller-porr\/","title":{"rendered":"Erotik eller porr?"},"content":{"rendered":"<p><img decoding=\"async\" loading=\"lazy\" src=\"https:\/\/i2.wp.com\/www.cirkuseros.nu\/app\/uploads\/2016\/12\/courbet_lorigine.jpg?resize=584%2C501&#038;ssl=1\" alt=\"Courbet - l'origine de monde\" data-recalc-dims=\"1\" \/><span style=\"color: #800000;\"><br \/>\n<strong>Finns det verkligen n\u00e5gon skillnad mellan erotik och porr?<\/strong><\/span><\/p>\n<p><strong>Och vari ligger d\u00e5 denna skillnad?<\/strong> Spaltmeter efter spaltmeter har f\u00f6rfattats i ambitionen att reda ut begreppen, och ofta refereras till denna skillnad \u2013 &#8221;men det d\u00e4r \u00e4r ju inte porr, det \u00e4r erotik!&#8221; \u2013 men jag vet inte om n\u00e5gon har blivit s\u00e4rskilt mycket klokare av det. Jag tycker mest att det \u00e4r f\u00f6rvirrande, och finner hela fr\u00e5gest\u00e4llningen extremt subjektiv.<\/p>\n<p><img decoding=\"async\" loading=\"lazy\" src=\"https:\/\/i2.wp.com\/www.cirkuseros.nu\/app\/uploads\/2016\/12\/erotiska_bocker.jpg?resize=584%2C147&#038;ssl=1\" alt=\"erotiska b\u00f6cker\" data-recalc-dims=\"1\" \/><\/p>\n<p><strong>Vi kan b\u00f6rja med porr.<\/strong> Vad \u00e4r det f\u00f6r n\u00e5got egentligen? Ska vi vara riktigt akademiska, s\u00e5 kommer begreppet ursprungligen fr\u00e5n 1700-talets Frankrike, och betyder helt enkelt \u201dskrift om prostitution\u201d \u2013 fr\u00e5n grekiskans \u201dporne\u201d (prostituerad) och \u201dgraphein\u201d (skriva).<br \/>\nOch sl\u00e5r man i Nordisk Familjebok (1954) st\u00e5r d\u00e4r bara \u201dosedlig litteratur\u201d &#8211; och det kan man ju tycka att det \u00e4r ovanligt subjektivt, kortfattat och avf\u00e4rdande f\u00f6r att vara inf\u00f6rt i ett uppslagsverk. Men det var faktiskt vad det betydde. Enligt denna definition \u00e4r ocks\u00e5 Lady Chatterleys \u00e4lskare, samt b\u00f6cker av Ana\u00efs Nin, Henry Miller och allehanda &#8221;tantsnusk&#8221; ren pornografi alltihop.<\/p>\n<p><img decoding=\"async\" loading=\"lazy\" src=\"https:\/\/i0.wp.com\/www.cirkuseros.nu\/app\/uploads\/2016\/12\/porn_sex.jpg?resize=584%2C357&#038;ssl=1\" alt=\"Porn\" data-recalc-dims=\"1\" \/><\/p>\n<p><strong>Idag har vi luckrat upp det h\u00e4r med \u201dosedlig\u201d<\/strong>, och s\u00e5 har ist\u00e4llet begreppet \u201dporr\u201d kommit att betyda tryckt, filmad eller fotograferad media med nakna m\u00e4nniskor, helst i sexuella situationer. Ja, och s\u00e5 finns det ju s.k. porrklubbar d\u00e4r flickor g\u00e5r runt med bara br\u00f6st och s\u00e4ljer billig skumpa f\u00f6r oanst\u00e4ndiga priser. Den allm\u00e4nt accepterade beskrivningen nuf\u00f6rtiden \u00e4r \u201dskildring av sex i skrift, bild eller film, producerad i syfte att stimulera sexuellt\u201d.<\/p>\n<p><img decoding=\"async\" loading=\"lazy\" src=\"https:\/\/i1.wp.com\/www.cirkuseros.nu\/app\/uploads\/2016\/12\/araki-erotos.jpg?resize=584%2C394&#038;ssl=1\" alt=\"Araki - Erotos\" data-recalc-dims=\"1\" \/><\/p>\n<p><strong>Pornografi \u00e4r ett begrepp<\/strong> som uppenbarligen kan betyda olika saker f\u00f6r olika personer, och dessutom har det faktiskt betytt olika saker vid olika tidpunkter i historien. Bilder med erotiskt inneh\u00e5ll har det funnits s\u00e5 l\u00e4nge som m\u00e4nniskor har framst\u00e4llt bilder. Det \u00e4r allts\u00e5 inte helt l\u00e4tt att tr\u00e4nga in i detta \u00e4mne (urs\u00e4kta ordvitsen).<\/p>\n<p><img decoding=\"async\" loading=\"lazy\" src=\"https:\/\/i1.wp.com\/www.cirkuseros.nu\/app\/uploads\/2016\/12\/fendi_coitus.jpg?resize=584%2C389&#038;ssl=1\" alt=\"Fendi - coitus\" data-recalc-dims=\"1\" \/><\/p>\n<p><strong>Men om detta \u00e4r porr, vad \u00e4r d\u00e5 erotik?<\/strong> Och varf\u00f6r finns behovet av att dela upp pornografin i dessa tv\u00e5 kategorier? Den slutsats jag dragit p\u00e5 basis av olika m\u00e4nniskors \u00e5sikter i \u00e4mnet \u00e4r ungef\u00e4r \u201ddet jag gillar \u00e4r erotik, och det jag inte gillar \u00e4r porr\u201d. Vad som \u00e4r erotik respektive porr har med andra ord reducerats till en beskrivning av olika smakriktningar.<\/p>\n<p><strong>Detta leder mig till n\u00e4sta slutsats;<\/strong> att det egentligen inte \u00e4r n\u00e5gon skillnad. Porr \u00e4r erotik, och erotik \u00e4r porr. Porr m\u00e5ste definitionsm\u00e4ssigt vara erotisk, och erotik m\u00e5ste definitionsm\u00e4ssigt vara pornografisk. Punkt slut. Det finns allts\u00e5 ingen vettig anledning att g\u00f6ra denna uppdelning, annat \u00e4n f\u00f6r att r\u00e4ttf\u00e4rdiga sin konsumtion av pornografi genom att kalla det erotik \u2013 om man \u00e4r s\u00e5 &#8221;fin i kanten&#8221; att man inte g\u00e4rna erk\u00e4nner att man tycker om porr.<\/p>\n<p><img decoding=\"async\" loading=\"lazy\" src=\"https:\/\/i2.wp.com\/www.cirkuseros.nu\/app\/uploads\/2016\/12\/sitting_in_bed.jpg?resize=584%2C635&#038;ssl=1\" alt=\"Sitting in bed\" data-recalc-dims=\"1\" \/><\/p>\n<p><strong>Men f\u00f6r att den h\u00e4r artikeln inte ska sluta<\/strong> redan h\u00e4r, s\u00e5 har jag f\u00f6rst\u00e5s hittat p\u00e5 min egen h\u00f6gst subjektiva definition p\u00e5 vad som \u00e4r skillnaden mellan porr och erotik. D\u00e5 kan man f\u00f6rst\u00e5s st\u00e4lla den sj\u00e4lvklara fr\u00e5gan \u2013 varf\u00f6r vill jag \u00f6ver huvud taget dela upp pornografin i \u201dporr\u201d \u00e5 ena sidan, och \u201derotik\u201d \u00e5 andra sidan, om jag redan har fastst\u00e4llt att det inte finns n\u00e5gon skillnad?<\/p>\n<p><strong>Om vi skippar helt och h\u00e5llet<\/strong> det h\u00e4r med v\u00e4rderingar, att det ena skulle vara \u201dfinare\u201d \u00e4n det andra, och bara \u00e4gnar oss \u00e5t en slags teknisk beskrivning, s\u00e5 v\u00e4ljer jag att definiera skillnaden som ett attitydperspektiv. Skillnaden mellan dessa tv\u00e5 begrepp har enligt min mening inte s\u00e5 mycket att g\u00f6ra med hur mycket naken hud och blottade k\u00f6n som visas upp. Skillnaden ligger mer i vilket medvetande bilderna \u00e4r gjorda, och om de har n\u00e5got mer att ber\u00e4tta ut\u00f6ver det rent sexuella.<\/p>\n<p><img decoding=\"async\" loading=\"lazy\" src=\"https:\/\/i1.wp.com\/www.cirkuseros.nu\/app\/uploads\/2016\/12\/cocklicking.jpg?resize=584%2C403&#038;ssl=1\" alt=\"Licking a cock\" data-recalc-dims=\"1\" \/><\/p>\n<p><strong>Syftet med en ren porrbild \u00e4r bara ett<\/strong> &#8211; att upphetsa sexuellt. F\u00f6r detta syfte kan du i praktiken sl\u00e4nga upp en mer eller mindre villig kvinna p\u00e5 ett bord, k\u00f6ra upp en kamera i skrevet och pl\u00e5ta p\u00e5. Och s\u00e5 kan du st\u00e4lla dit en man som stoppar in sin lem, och s\u00e5 pl\u00e5tar eller filmar du lite till. Mer \u00e4n s\u00e5 beh\u00f6vs inte f\u00f6r att f\u00e5 de rent sexuella impulserna att fungera. Och det kan vara alldeles utm\u00e4rkt &#8211; p\u00e5 samma s\u00e4tt som en varmkorv eller en fryst grat\u00e4ng i mikron kan tillfredsst\u00e4lla en direkt hunger. Ibland beh\u00f6ver man mat, bara. Jag l\u00e4gger som sagt inga v\u00e4rderingar i det \u2013 ibland beh\u00f6ver jag fylla ett omedelbart behov, bara.<\/p>\n<p><strong>Men ibland vill du ha en kulinarisk njutning<\/strong> som fyller ett bredare spektrum av behov. En erotisk bild (i motsats till en porrbild \u2013 \u00e5terigen en fiktiv skillnad, men ge mig en chans att leka med begreppen) kan med andra ord fylla ett djupare behov. Den har n\u00e5got mer att ber\u00e4tta, om personen p\u00e5 bilden, om situationen, om betraktaren och dennes dr\u00f6mmar och fantasier. Det jag v\u00e4ljer att kalla en erotisk bild, eller text, m\u00e5ste stimulera l\u00e4sarens\/betraktarens fantasi, inbjuda till identifikation, ber\u00e4tta en historia som ger n\u00e5got mer \u00e4n bara en snabb utl\u00f6sning.<\/p>\n<p><img decoding=\"async\" loading=\"lazy\" src=\"https:\/\/i0.wp.com\/www.cirkuseros.nu\/app\/uploads\/2016\/12\/cunnulingus_i_sjon.jpg?resize=584%2C372&#038;ssl=1\" alt=\"Cunnulingus i en sj\u00f6\" data-recalc-dims=\"1\" \/><\/p>\n<p><strong>Jag introducerar allts\u00e5 en rent konstn\u00e4rlig aspekt<\/strong> p\u00e5 det h\u00e4r med erotik kontra porr. F\u00f6r att porren skall bli erotik m\u00e5ste det tillf\u00f6ras n\u00e5got intressant, n\u00e5got originellt, n\u00e5got vackert, n\u00e5got of\u00f6ruts\u00e4gbart &#8211; n\u00e5got som \u00f6verraskar mig. Skillnaden mellan en porrbild och en erotisk bild kan allts\u00e5 definieras som detsamma som skillnaden mellan ett passfoto och ett skickligt utf\u00f6rt portr\u00e4tt. B\u00e5da fyller funktionen att avbilda &#8211; det konstn\u00e4rligt mer skickligt utf\u00f6rda portr\u00e4ttet tillf\u00f6r emellertid en djupare dimension, och \u00e4r f\u00f6rhoppningsvis mer njutbart att besk\u00e5da. \u00c5tminstone s\u00e4ger det betydligt mer \u00e4n passfotot.<\/p>\n<p><img decoding=\"async\" loading=\"lazy\" src=\"https:\/\/i0.wp.com\/www.cirkuseros.nu\/app\/uploads\/2016\/12\/kamasutra_naked_coitus.jpg?resize=584%2C541&#038;ssl=1\" alt=\"Kamasutra\" data-recalc-dims=\"1\" \/><\/p>\n<p><strong>Om jag flyttar porrmodellerna<\/strong> fr\u00e5n hotells\u00e4ngen till ett hustak, eller en grotta, altaret i en kyrka, eller ett biltak mitt i rusningstrafiken \u2013 d\u00e5 tillf\u00f6r jag en dimension som v\u00e4cker associationer bortom det rent sexuella, och detta f\u00f6rst\u00e4rker stimulansen avsev\u00e4rt. Jag kan ocks\u00e5 vara kvar i hotellrummet, men l\u00e4gga mycket mer tid och arbete p\u00e5 en sp\u00e4nnande ljuss\u00e4ttning, eller annorlunda, intressanta kameravinklar, kanske en ov\u00e4ntad aktivitet, en historia som ber\u00e4ttas och f\u00f6rdjupar hela scenariot. Det blir sp\u00e4nnande, eggande. Det uppmuntrar och tillf\u00f6r n\u00e5got till mina egna sexuella fantasier.<\/p>\n<p><strong>Med andra ord:<\/strong> Erotik \u00e4r f\u00f6r mig n\u00e5got som tillfredsst\u00e4ller sexualiteten p\u00e5 alla niv\u00e5er &#8211; fysiskt, emotionellt, intellektuellt och andligt. Ett slags intellektuellt f\u00f6rspel, om man s\u00e4ger s\u00e5 \u2013 medan porr \u00e4r mer som en snabb macka. En tom bukfylla f\u00f6r att jag \u00e4r hungrig. Vilket f\u00f6rst\u00e5s ocks\u00e5 \u00e4r helt O.K.<\/p>\n<p><img decoding=\"async\" loading=\"lazy\" src=\"https:\/\/i2.wp.com\/www.cirkuseros.nu\/app\/uploads\/2016\/12\/khajuraho_1.jpg?resize=584%2C437&#038;ssl=1\" alt=\"Khajuraho, erotic sculptures\" data-recalc-dims=\"1\" \/><\/p>\n<p><strong>Detta kan yttra sig p\u00e5 flera s\u00e4tt.<\/strong> Jag anser att en riktigt bra erotisk historia b\u00f6r skildra n\u00e5got mycket mer \u00e4n sj\u00e4lva \u00e4lskogsleken &#8211; den b\u00f6r skildra v\u00e4gen dit, med alla fr\u00e5gor och funderingar, l\u00e4ngtan, lust, os\u00e4kerhet och alla k\u00e4nslor som kan finnas d\u00e4r. Finns dessutom en filosofisk och\/eller andligt fr\u00e5gest\u00e4llning inbakad i det hela (f\u00e5r man verkligen g\u00f6ra p\u00e5 det h\u00e4r s\u00e4ttet?) blir det hela \u00e4n mer kittlande. En riktigt bra erotisk ber\u00e4ttelse ska fungera som ber\u00e4ttelse \u00e4ven utan sexet \u2013 d\u00e5 blir det en riktigt bra story.<\/p>\n<p><strong>Ren porr (pang p\u00e5 r\u00f6dbetan!)<\/strong> kan vara h\u00e4rligt och bra ibland, men i l\u00e4ngden \u00e4r det inte s\u00e4rskilt tillfredsst\u00e4llande &#8211; inte f\u00f6r mig i alla fall. Det kan till och med skapa mer tomhet och frustration. Men erotik som kittlar alla sinnen kan ge en \u201dhel\u201d upplevelse som inspirerar och hj\u00e4lper, som stimulerar den egna fantasin och kreativiteten.<\/p>\n<p><img decoding=\"async\" loading=\"lazy\" src=\"https:\/\/i0.wp.com\/www.cirkuseros.nu\/app\/uploads\/2016\/11\/classical_nude_art-1.jpg?resize=584%2C474&#038;ssl=1\" alt=\"Nakna baderskor\" data-recalc-dims=\"1\" \/><\/p>\n<p><strong>Jag vill dock \u00e5terigen starkt p\u00e5peka<\/strong> att jag inte l\u00e4gger n\u00e5gra v\u00e4rderingar i det h\u00e4r &#8211; att erotik skulle vara \u201dfinare\u201d \u00e4n porr. Det handlar egentligen bara om tycke och smak.<br \/>\nOfta duger en kaviarmacka och en kopp kaffe i fikarummet alldeles utm\u00e4rkt, men f\u00f6r att livet inte skall bli alltf\u00f6r torftigt beh\u00f6vs d\u00e5 och d\u00e5 n\u00e5got som f\u00f6rh\u00f6jer, som s\u00e4tter krydda p\u00e5 anr\u00e4ttningen. Vi m\u00e5ste f\u00e5 tillfredsst\u00e4llelse p\u00e5 fler niv\u00e5er \u00e4n den rent fysiska f\u00f6r att m\u00e5 riktigt bra.<\/p>\n<p><strong>Summa sumarum: Porr eller erotik?<\/strong><br \/>\nSpelar egentligen ingen roll vad du kallar det &#8211; s\u00e5 l\u00e4nge du trivs med dig sj\u00e4lv och livet.<\/p>\n<p>&nbsp;<\/p>\n<p><img decoding=\"async\" loading=\"lazy\" src=\"https:\/\/i0.wp.com\/www.cirkuseros.nu\/app\/uploads\/2016\/12\/sweet_pussy.jpg?resize=584%2C388&#038;ssl=1\" alt=\"Sweet pussy\" data-recalc-dims=\"1\" \/><\/p>\n<p><strong>Carl Johan Rehbinder 1999<\/strong><\/p>\n<p><img decoding=\"async\" loading=\"lazy\" src=\"https:\/\/i1.wp.com\/www.cirkuseros.nu\/app\/uploads\/2016\/11\/tunnlinjeoriginal_584.gif?resize=584%2C8&#038;ssl=1\" alt=\"\" data-recalc-dims=\"1\" \/><a href=\"https:\/\/www.cirkuseros.nu\/index.php\/text\/artiklar\/artiklar-av-calle-rehbinder\/\"><strong>Tillbaka till Artiklar \u2022 Politik &amp; debatt \u00bb<\/strong><\/a><\/p>\n<p><img decoding=\"async\" loading=\"lazy\" src=\"https:\/\/i0.wp.com\/www.cirkuseros.nu\/app\/uploads\/2017\/01\/heartline_584.gif?resize=584%2C20&#038;ssl=1\" alt=\"Heartline\" data-recalc-dims=\"1\" \/><\/p>\n<p><img decoding=\"async\" loading=\"lazy\" src=\"https:\/\/i2.wp.com\/www.cirkuseros.nu\/app\/uploads\/2016\/10\/fri_kursbanner_ani.gif?resize=584%2C140&#038;ssl=1\" alt=\"\" data-recalc-dims=\"1\" \/><\/p>\n","protected":false},"excerpt":{"rendered":"<p>Finns det verkligen n\u00e5gon skillnad mellan erotik och porr? Och vari ligger d\u00e5 denna skillnad? Spaltmeter efter spaltmeter har f\u00f6rfattats i ambitionen att reda ut begreppen, och ofta refereras till denna skillnad \u2013 &#8221;men det d\u00e4r \u00e4r ju inte porr, &hellip; <a href=\"https:\/\/www.cirkuseros.nu\/index.php\/text\/artiklar\/artiklar-av-calle-rehbinder\/erotik-eller-porr\/\">Forts\u00e4tt l\u00e4sa <span class=\"meta-nav\">&rarr;<\/span><\/a><\/p>\n","protected":false},"author":2,"featured_media":0,"parent":1021,"menu_order":4,"comment_status":"closed","ping_status":"closed","template":"sidebar-page.php","meta":[],"_links":{"self":[{"href":"https:\/\/www.cirkuseros.nu\/index.php\/wp-json\/wp\/v2\/pages\/2257"}],"collection":[{"href":"https:\/\/www.cirkuseros.nu\/index.php\/wp-json\/wp\/v2\/pages"}],"about":[{"href":"https:\/\/www.cirkuseros.nu\/index.php\/wp-json\/wp\/v2\/types\/page"}],"author":[{"embeddable":true,"href":"https:\/\/www.cirkuseros.nu\/index.php\/wp-json\/wp\/v2\/users\/2"}],"replies":[{"embeddable":true,"href":"https:\/\/www.cirkuseros.nu\/index.php\/wp-json\/wp\/v2\/comments?post=2257"}],"version-history":[{"count":4,"href":"https:\/\/www.cirkuseros.nu\/index.php\/wp-json\/wp\/v2\/pages\/2257\/revisions"}],"predecessor-version":[{"id":13384,"href":"https:\/\/www.cirkuseros.nu\/index.php\/wp-json\/wp\/v2\/pages\/2257\/revisions\/13384"}],"up":[{"embeddable":true,"href":"https:\/\/www.cirkuseros.nu\/index.php\/wp-json\/wp\/v2\/pages\/1021"}],"wp:attachment":[{"href":"https:\/\/www.cirkuseros.nu\/index.php\/wp-json\/wp\/v2\/media?parent=2257"}],"curies":[{"name":"wp","href":"https:\/\/api.w.org\/{rel}","templated":true}]}}