{"id":2259,"date":"2016-11-24T19:08:46","date_gmt":"2016-11-24T18:08:46","guid":{"rendered":"https:\/\/cirkuseros.wordpress.com\/?page_id=2259"},"modified":"2023-09-27T00:15:25","modified_gmt":"2023-09-26T22:15:25","slug":"erotiska-fantasier-ett-overlevnadsvillkor","status":"publish","type":"page","link":"https:\/\/www.cirkuseros.nu\/index.php\/text\/artiklar\/artiklar-erotik-inspiration\/erotiska-fantasier-ett-overlevnadsvillkor\/","title":{"rendered":"Erotiska fantasier &#8211; ett \u00f6verlevnadsvillkor!"},"content":{"rendered":"<p><img decoding=\"async\" loading=\"lazy\" src=\"https:\/\/i1.wp.com\/www.cirkuseros.nu\/app\/uploads\/2016\/11\/spacelovers.jpg?resize=584%2C389&#038;ssl=1\" alt=\"spacelovers\" data-recalc-dims=\"1\" \/><\/p>\n<p><strong>Det talas mycket om erotiska fantasier.<\/strong> Men liksom med det mesta som ber\u00f6r sexualiteten, betraktas detta som n\u00e5got skilt fr\u00e5n det \u00f6vriga livet, en liten extra krydda till sexuallivet som man kan ha eller inte ha &#8211; det verkar inte spela n\u00e5gon st\u00f6rre roll. Sexuella fantasier \u00e4r lite f\u00f6rbjudna, lite tabu, men \u00e4nd\u00e5 O.K. p\u00e5 n\u00e5got s\u00e4tt &#8211; \u201dde skadar v\u00e4l \u00e4nd\u00e5 inte\u201d.<\/p>\n<p><strong>Men liksom med det mesta som \u00e4r kopplat till sex<\/strong>, s\u00e5 ligger det i sakens natur att erotiska fantasier \u00e4r skam- och skuldbelagda, och att de helst ska h\u00e5llas g\u00f6mda f\u00f6r omv\u00e4rlden &#8211; \u201dt\u00e4nk om dom visste vad jag dr\u00f6mmer om &#8211; Hu!\u201d<\/p>\n<p><strong>Min tes \u00e4r att v\u00e5ra erotiska fantasier<\/strong> inte bara \u00e4r naturliga &#8211; de \u00e4r n\u00f6dv\u00e4ndiga, och ett \u00f6verlevnadsvillkor f\u00f6r oss m\u00e4nniskor. M\u00e4nniskan har liksom djuren vissa grunddrifter f\u00f6r \u00f6verlevnad. Vi beh\u00f6ver sova, \u00e4ta, kissa och bajsa, fortplanta oss och f\u00f6rsvara oss mot fiender. F\u00f6ljaktligen kretsar en mycket stor del av livet runt dessa essentiella drifter. Vi \u00e4r dock betydligt s\u00e4mre fysiskt utrustade \u00e4n de flesta andra djurarter. Vi har ett s\u00e4mre luktsinne, vi ser s\u00e4mre, h\u00f6r s\u00e4mre, och vi har ingen skyddande p\u00e4ls. Vi har inga klor eller huggt\u00e4nder, och vi kan inte springa s\u00e4rskilt fort. S\u00e5 hur kompenserar vi detta?<\/p>\n<p><a href=\"https:\/\/i0.wp.com\/www.cirkuseros.nu\/app\/uploads\/2016\/11\/garreau_jenniekomp.jpg?ssl=1\"><img decoding=\"async\" loading=\"lazy\" src=\"https:\/\/i0.wp.com\/www.cirkuseros.nu\/app\/uploads\/2016\/11\/garreau_jenniekomp.jpg?resize=584%2C305&#038;ssl=1\" alt=\"Komposit - Jennie p\u00e5 Chateau Garreau\" data-recalc-dims=\"1\" \/><\/a><\/p>\n<p><strong>Vi har av naturen beg\u00e5vats<\/strong> med en intelligens, med vilken vi of\u00f6rtr\u00f6ttligt hittar p\u00e5 nya och fascinerande l\u00f6sningar p\u00e5 gamla problem.<\/p>\n<p><strong>S\u00e5 vad \u00e4r intelligens?<\/strong> Ett tecken p\u00e5 intelligens \u00e4r just kreativitet, att kunna l\u00f6sa problem. Kreativitet f\u00f6ruts\u00e4tter fantasi och f\u00f6rest\u00e4llningsf\u00f6rm\u00e5ga. Denna f\u00f6rest\u00e4llningsf\u00f6rm\u00e5ga har vi m\u00e4nniskor alltid prim\u00e4rt anv\u00e4nt f\u00f6r att hela tiden hitta effektivare l\u00f6sningar p\u00e5 grunddrifterna &#8211; hur f\u00e5ngar jag mitt villebr\u00e5d b\u00e4st? Hur f\u00e5r jag upp m\u00e5nga goda \u00e4tbara r\u00f6tter ur marken, med s\u00e5 liten arbetsinsats som m\u00f6jligt?<\/p>\n<p><strong>En annan mycket v\u00e4sentlig skillnad<\/strong> mellan m\u00e4nniskor och de flesta djur, \u00e4r att v\u00e5r sexdrift inte bara finns till f\u00f6r fortplantning. Vi \u00e4r skapta f\u00f6r att kunna njuta av sex utan att det f\u00f6r den skull m\u00e5ste bli barn. Kvinnor kan bli sexuellt upphetsade \u00e4ven n\u00e4r de inte \u00e4r fruktsamma (under s.k. \u201ds\u00e4kra perioder\u201d, n\u00e4r de \u00e4r gravida, samt efter klimakteriet), vilket i sig \u00e4r ett bevis f\u00f6r denna tes &#8211; att vi \u00e4r skapta f\u00f6r att kunna njuta av sex, och inte bara f\u00f6r att alstra barn. En av de viktigaste faktorerna f\u00f6r v\u00e5r arts \u00f6verlevnad \u00e4r just sex &#8211; att vi f\u00f6r\u00f6kar oss. Men det \u00e4r ocks\u00e5 ett s\u00e4tt att umg\u00e5s, att m\u00f6tas, ett s\u00e4tt att tala med Gudar och Gudinnor, ett s\u00e4tt att visa k\u00e4rlek. Sex \u00e4r n\u00f6dv\u00e4ndigt f\u00f6r den sociala v\u00e4lf\u00e4rden.<\/p>\n<p><a href=\"https:\/\/i2.wp.com\/www.cirkuseros.nu\/app\/uploads\/2016\/11\/garreau_erotiskfest_romerskorgie.jpg?ssl=1\"><img decoding=\"async\" loading=\"lazy\" src=\"https:\/\/i2.wp.com\/www.cirkuseros.nu\/app\/uploads\/2016\/11\/garreau_erotiskfest_romerskorgie.jpg?resize=584%2C330&#038;ssl=1\" alt=\"Erotisk orgie\" data-recalc-dims=\"1\" \/><\/a><\/p>\n<p><strong>Det finns ytterligare en aspekt<\/strong> som talar f\u00f6r n\u00f6dv\u00e4ndigheten med erotiska fantasier som villkor f\u00f6r v\u00e5r \u00f6verlevnad &#8211; ur fler synvinklar \u00e4n den rena fortplantningsaspekten \u2013 jag t\u00e4nker p\u00e5 alla de vetenskapsm\u00e4n och ingenj\u00f6rer som \u00e4gnar flera \u00e5r av sina liv \u00e5t att uppfinna fantastiska maskiner som inte kan g\u00f6ra n\u00e5got annat \u00e4n att d\u00f6da och f\u00f6rst\u00f6ra.<br \/>\nT\u00e4nk om de skulle l\u00e4gga sin fantasi och kreativitet p\u00e5 sex ist\u00e4llet? T\u00e4nk om de skulle uppfinna roliga sexredskap? T\u00e4nk om de ist\u00e4llet f\u00f6r att anstr\u00e4nga sina hj\u00e4rnor med milit\u00e4ra strategier skulle fantisera om sina dr\u00f6mkvinnor respektive dr\u00f6mm\u00e4n, och vilka strategier de skulle utveckla f\u00f6r att kunna njuta s\u00e5 mycket som m\u00f6jligt?<\/p>\n<p>Med andra ord:<br \/>\n<strong>Make Love, Not War!<\/strong><br \/>\noch:<br \/>\n<strong>Fantisera mera!<\/strong><\/p>\n<p>Carl Johan Rehbinder 1999<\/p>\n<p><img decoding=\"async\" loading=\"lazy\" src=\"https:\/\/i1.wp.com\/www.cirkuseros.nu\/app\/uploads\/2016\/11\/tunnlinjeoriginal_584.gif?resize=584%2C8&#038;ssl=1\" alt=\"\" data-recalc-dims=\"1\" \/><a href=\"https:\/\/www.cirkuseros.nu\/index.php\/text\/artiklar\/artiklar-erotik-inspiration\/\"><strong>Tillbaka till Artiklar \u2022 Erotik &amp; inspiration \u00bb<\/strong><\/a><\/p>\n<p><img decoding=\"async\" loading=\"lazy\" src=\"https:\/\/i0.wp.com\/www.cirkuseros.nu\/app\/uploads\/2017\/01\/heartline_584.gif?resize=584%2C20&#038;ssl=1\" alt=\"Heartline\" data-recalc-dims=\"1\" \/><\/p>\n<p><img decoding=\"async\" loading=\"lazy\" src=\"https:\/\/i2.wp.com\/www.cirkuseros.nu\/app\/uploads\/2016\/10\/fri_kursbanner_ani.gif?resize=584%2C140&#038;ssl=1\" alt=\"\" data-recalc-dims=\"1\" \/><\/p>\n","protected":false},"excerpt":{"rendered":"<p>Det talas mycket om erotiska fantasier. Men liksom med det mesta som ber\u00f6r sexualiteten, betraktas detta som n\u00e5got skilt fr\u00e5n det \u00f6vriga livet, en liten extra krydda till sexuallivet som man kan ha eller inte ha &#8211; det verkar inte &hellip; <a href=\"https:\/\/www.cirkuseros.nu\/index.php\/text\/artiklar\/artiklar-erotik-inspiration\/erotiska-fantasier-ett-overlevnadsvillkor\/\">Forts\u00e4tt l\u00e4sa <span class=\"meta-nav\">&rarr;<\/span><\/a><\/p>\n","protected":false},"author":2,"featured_media":0,"parent":6548,"menu_order":3,"comment_status":"closed","ping_status":"closed","template":"sidebar-page.php","meta":[],"_links":{"self":[{"href":"https:\/\/www.cirkuseros.nu\/index.php\/wp-json\/wp\/v2\/pages\/2259"}],"collection":[{"href":"https:\/\/www.cirkuseros.nu\/index.php\/wp-json\/wp\/v2\/pages"}],"about":[{"href":"https:\/\/www.cirkuseros.nu\/index.php\/wp-json\/wp\/v2\/types\/page"}],"author":[{"embeddable":true,"href":"https:\/\/www.cirkuseros.nu\/index.php\/wp-json\/wp\/v2\/users\/2"}],"replies":[{"embeddable":true,"href":"https:\/\/www.cirkuseros.nu\/index.php\/wp-json\/wp\/v2\/comments?post=2259"}],"version-history":[{"count":3,"href":"https:\/\/www.cirkuseros.nu\/index.php\/wp-json\/wp\/v2\/pages\/2259\/revisions"}],"predecessor-version":[{"id":13320,"href":"https:\/\/www.cirkuseros.nu\/index.php\/wp-json\/wp\/v2\/pages\/2259\/revisions\/13320"}],"up":[{"embeddable":true,"href":"https:\/\/www.cirkuseros.nu\/index.php\/wp-json\/wp\/v2\/pages\/6548"}],"wp:attachment":[{"href":"https:\/\/www.cirkuseros.nu\/index.php\/wp-json\/wp\/v2\/media?parent=2259"}],"curies":[{"name":"wp","href":"https:\/\/api.w.org\/{rel}","templated":true}]}}