{"id":36,"date":"2016-10-10T19:59:26","date_gmt":"2016-10-10T17:59:26","guid":{"rendered":"https:\/\/cirkuseros.wordpress.com\/?page_id=36"},"modified":"2019-03-03T00:26:16","modified_gmt":"2019-03-02T23:26:16","slug":"text","status":"publish","type":"page","link":"https:\/\/www.cirkuseros.nu\/index.php\/text\/","title":{"rendered":"Text"},"content":{"rendered":"<p><img decoding=\"async\" loading=\"lazy\" src=\"https:\/\/i1.wp.com\/www.cirkuseros.nu\/app\/uploads\/2016\/12\/sidtoppvinjett_text1.jpg?resize=584%2C86&#038;ssl=1\" alt=\"Noveller, poesi, artiklar\" data-recalc-dims=\"1\" \/><br \/>\n<strong>H\u00e4r hittar du noveller, artiklar, <\/strong>poesi, fr\u00e5gor och svar, fan mail och en hel del annat i textv\u00e4g \u2013 b\u00e5de av mig och g\u00e4stande skribenter. Mycket n\u00f6je!<\/p>\n<p><img decoding=\"async\" loading=\"lazy\" src=\"https:\/\/i0.wp.com\/www.cirkuseros.nu\/app\/uploads\/2017\/01\/heartline_584.gif?resize=584%2C20&#038;ssl=1\" alt=\"Heartline\" data-recalc-dims=\"1\" \/><\/p>\n<ul>\n<li><a href=\"https:\/\/www.cirkuseros.nu\/index.php\/text\/om\/\"><strong>Om Cirkus Eros \u00bb<\/strong><\/a><\/li>\n<li><a href=\"https:\/\/www.cirkuseros.nu\/index.php\/text\/noveller\/\"><strong>Noveller \u00bb<\/strong><\/a>\n<ul>\n<li><a href=\"https:\/\/www.cirkuseros.nu\/index.php\/text\/noveller\/noveller-av-calle-rehbinder\/\"><strong>Noveller av Calle Rehbinder \u00bb<\/strong><\/a><\/li>\n<li><a href=\"https:\/\/www.cirkuseros.nu\/index.php\/text\/noveller\/noveller-av-gastartister\/\"><strong>Noveller av g\u00e4startister \u00bb<\/strong><\/a><\/li>\n<\/ul>\n<\/li>\n<li><a href=\"https:\/\/www.cirkuseros.nu\/index.php\/text\/artiklar\/\"><strong>Artiklar \u00bb<\/strong><\/a>\n<ul>\n<li><a href=\"https:\/\/www.cirkuseros.nu\/index.php\/text\/artiklar\/artiklar-erotik-inspiration\/\"><strong>Artiklar \u2022 Erotik &amp; inspiration \u00bb<\/strong><\/a><\/li>\n<li><a href=\"https:\/\/www.cirkuseros.nu\/index.php\/text\/artiklar\/artiklar-av-calle-rehbinder\/\"><strong>Artiklar \u2022 Politik &amp;\u00a0debatt \u00bb<\/strong><\/a><\/li>\n<li><a href=\"https:\/\/www.cirkuseros.nu\/index.php\/text\/artiklar\/artiklar-av-gastartister-andra-skribenter\/\"><strong>Artiklar av g\u00e4startister \u00bb<\/strong><\/a><\/li>\n<\/ul>\n<\/li>\n<li><strong><a href=\"https:\/\/www.cirkuseros.nu\/index.php\/text\/cirkus-eros-boken\/\">Cirkus Eros \u2013 boken \u00bb<\/a><br \/>\n<\/strong><\/li>\n<li><a href=\"https:\/\/www.cirkuseros.nu\/index.php\/text\/frageladan\/\"><strong>Fr\u00e5gel\u00e5dan \u00bb<\/strong><\/a><\/li>\n<li><a href=\"https:\/\/www.cirkuseros.nu\/index.php\/text\/fan-mail\/\"><strong>Fan mail \u00bb<\/strong><\/a><\/li>\n<\/ul>\n<p><img decoding=\"async\" loading=\"lazy\" src=\"https:\/\/i0.wp.com\/www.cirkuseros.nu\/app\/uploads\/2017\/01\/heartline_584.gif?resize=584%2C20&#038;ssl=1\" alt=\"Heartline\" data-recalc-dims=\"1\" \/><\/p>\n<p><img decoding=\"async\" loading=\"lazy\" src=\"https:\/\/i2.wp.com\/www.cirkuseros.nu\/app\/uploads\/2016\/10\/fri_kursbanner_ani.gif?resize=584%2C140&#038;ssl=1\" alt=\"Cirkus Eros - erotik f\u00f6r finsmakare\" data-recalc-dims=\"1\" \/><\/p>\n","protected":false},"excerpt":{"rendered":"<p>H\u00e4r hittar du noveller, artiklar, poesi, fr\u00e5gor och svar, fan mail och en hel del annat i textv\u00e4g \u2013 b\u00e5de av mig och g\u00e4stande skribenter. Mycket n\u00f6je! Om Cirkus Eros \u00bb Noveller \u00bb Noveller av Calle Rehbinder \u00bb Noveller av &hellip; <a href=\"https:\/\/www.cirkuseros.nu\/index.php\/text\/\">Forts\u00e4tt l\u00e4sa <span class=\"meta-nav\">&rarr;<\/span><\/a><\/p>\n","protected":false},"author":2,"featured_media":0,"parent":0,"menu_order":4,"comment_status":"closed","ping_status":"closed","template":"sidebar-page.php","meta":[],"_links":{"self":[{"href":"https:\/\/www.cirkuseros.nu\/index.php\/wp-json\/wp\/v2\/pages\/36"}],"collection":[{"href":"https:\/\/www.cirkuseros.nu\/index.php\/wp-json\/wp\/v2\/pages"}],"about":[{"href":"https:\/\/www.cirkuseros.nu\/index.php\/wp-json\/wp\/v2\/types\/page"}],"author":[{"embeddable":true,"href":"https:\/\/www.cirkuseros.nu\/index.php\/wp-json\/wp\/v2\/users\/2"}],"replies":[{"embeddable":true,"href":"https:\/\/www.cirkuseros.nu\/index.php\/wp-json\/wp\/v2\/comments?post=36"}],"version-history":[{"count":7,"href":"https:\/\/www.cirkuseros.nu\/index.php\/wp-json\/wp\/v2\/pages\/36\/revisions"}],"predecessor-version":[{"id":9182,"href":"https:\/\/www.cirkuseros.nu\/index.php\/wp-json\/wp\/v2\/pages\/36\/revisions\/9182"}],"wp:attachment":[{"href":"https:\/\/www.cirkuseros.nu\/index.php\/wp-json\/wp\/v2\/media?parent=36"}],"curies":[{"name":"wp","href":"https:\/\/api.w.org\/{rel}","templated":true}]}}