{"id":3643,"date":"2016-12-13T11:56:40","date_gmt":"2016-12-13T10:56:40","guid":{"rendered":"https:\/\/cirkuseros.wordpress.com\/?page_id=3643"},"modified":"2023-09-24T23:49:30","modified_gmt":"2023-09-24T21:49:30","slug":"galleri-from-russia-with-love","status":"publish","type":"page","link":"https:\/\/www.cirkuseros.nu\/index.php\/bild\/egna-bilder\/galleri-from-russia-with-love\/","title":{"rendered":"Galleri \u2022 From Russia With Love"},"content":{"rendered":"<p><span style=\"font-family: Verdana, Geneva, Arial, Helvetica, Sans serif; font-size: small;\"><strong>S\u00e5 h\u00e4r kul kan man ha<\/strong> med en rysk milit\u00e4rm\u00f6ssa&#8230;<\/span><br \/>\n<span style=\"font-family: Verdana, Geneva, Arial, Helvetica, Sans serif; font-size: x-small;\">Foto: Carl Johan Rehbinder 2005<\/span><br \/>\n<img decoding=\"async\" loading=\"lazy\" src=\"https:\/\/i1.wp.com\/www.cirkuseros.nu\/app\/uploads\/2016\/11\/tunnlinjeoriginal_584.gif?resize=584%2C8&#038;ssl=1\" alt=\"linje\" data-recalc-dims=\"1\" \/><br \/>\n<a href=\"https:\/\/www.cirkuseros.nu\/index.php\/bild\/egna-bilder\/\"><strong><span style=\"font-family: Verdana, Geneva, Arial, Helvetica, Sans serif; font-size: small;\">Tillbaka till Mina bilder \u00bb<\/span><\/strong><\/a><\/p>\n<div class=\"tiled-gallery type-rectangular tiled-gallery-unresized\" data-original-width=\"584\" data-carousel-extra='{&quot;blog_id&quot;:1,&quot;permalink&quot;:&quot;https:\\\/\\\/www.cirkuseros.nu\\\/index.php\\\/bild\\\/egna-bilder\\\/galleri-from-russia-with-love\\\/&quot;,&quot;likes_blog_id&quot;:124287572}' itemscope itemtype=\"http:\/\/schema.org\/ImageGallery\" > <div class=\"gallery-row\" style=\"width: 584px; height: 214px;\" data-original-width=\"584\" data-original-height=\"214\" > <div class=\"gallery-group images-1\" style=\"width: 143px; height: 214px;\" data-original-width=\"143\" data-original-height=\"214\" > <div class=\"tiled-gallery-item tiled-gallery-item-small\" itemprop=\"associatedMedia\" itemscope itemtype=\"http:\/\/schema.org\/ImageObject\"> <a href=\"https:\/\/www.cirkuseros.nu\/index.php\/bild\/egna-bilder\/galleri-from-russia-with-love\/attachment\/4958\/\" border=\"0\" itemprop=\"url\"> <meta itemprop=\"width\" content=\"139\"> <meta itemprop=\"height\" content=\"210\"> <img data-attachment-id=\"3644\" data-orig-file=\"https:\/\/www.cirkuseros.nu\/app\/uploads\/2016\/12\/4958.jpg\" data-orig-size=\"399,600\" data-comments-opened=\"1\" data-image-meta=\"{&quot;aperture&quot;:&quot;0&quot;,&quot;credit&quot;:&quot;&quot;,&quot;camera&quot;:&quot;&quot;,&quot;caption&quot;:&quot;&quot;,&quot;created_timestamp&quot;:&quot;0&quot;,&quot;copyright&quot;:&quot;&quot;,&quot;focal_length&quot;:&quot;0&quot;,&quot;iso&quot;:&quot;0&quot;,&quot;shutter_speed&quot;:&quot;0&quot;,&quot;title&quot;:&quot;&quot;,&quot;orientation&quot;:&quot;0&quot;}\" data-image-title=\"4958\" data-image-description=\"\" data-medium-file=\"https:\/\/i2.wp.com\/www.cirkuseros.nu\/app\/uploads\/2016\/12\/4958.jpg?fit=200%2C300&#038;ssl=1\" data-large-file=\"https:\/\/i2.wp.com\/www.cirkuseros.nu\/app\/uploads\/2016\/12\/4958.jpg?fit=399%2C600&#038;ssl=1\" src=\"https:\/\/i2.wp.com\/www.cirkuseros.nu\/app\/uploads\/2016\/12\/4958.jpg?resize=139%2C210&#038;ssl=1\" width=\"139\" height=\"210\" data-original-width=\"139\" data-original-height=\"210\" itemprop=\"http:\/\/schema.org\/image\" title=\"4958\" alt=\"4958\" style=\"width: 139px; height: 210px;\" \/> <\/a> <\/div> <\/div> <!-- close group --> <div class=\"gallery-group images-1\" style=\"width: 144px; height: 214px;\" data-original-width=\"144\" data-original-height=\"214\" > <div class=\"tiled-gallery-item tiled-gallery-item-small\" itemprop=\"associatedMedia\" itemscope itemtype=\"http:\/\/schema.org\/ImageObject\"> <a href=\"https:\/\/www.cirkuseros.nu\/index.php\/bild\/egna-bilder\/galleri-from-russia-with-love\/attachment\/4965\/\" border=\"0\" itemprop=\"url\"> <meta itemprop=\"width\" content=\"140\"> <meta itemprop=\"height\" content=\"210\"> <img data-attachment-id=\"3645\" data-orig-file=\"https:\/\/www.cirkuseros.nu\/app\/uploads\/2016\/12\/4965-1.jpg\" data-orig-size=\"399,600\" data-comments-opened=\"1\" data-image-meta=\"{&quot;aperture&quot;:&quot;0&quot;,&quot;credit&quot;:&quot;&quot;,&quot;camera&quot;:&quot;&quot;,&quot;caption&quot;:&quot;&quot;,&quot;created_timestamp&quot;:&quot;0&quot;,&quot;copyright&quot;:&quot;&quot;,&quot;focal_length&quot;:&quot;0&quot;,&quot;iso&quot;:&quot;0&quot;,&quot;shutter_speed&quot;:&quot;0&quot;,&quot;title&quot;:&quot;&quot;,&quot;orientation&quot;:&quot;0&quot;}\" data-image-title=\"4965\" data-image-description=\"\" data-medium-file=\"https:\/\/i0.wp.com\/www.cirkuseros.nu\/app\/uploads\/2016\/12\/4965-1.jpg?fit=200%2C300&#038;ssl=1\" data-large-file=\"https:\/\/i0.wp.com\/www.cirkuseros.nu\/app\/uploads\/2016\/12\/4965-1.jpg?fit=399%2C600&#038;ssl=1\" src=\"https:\/\/i0.wp.com\/www.cirkuseros.nu\/app\/uploads\/2016\/12\/4965-1.jpg?resize=140%2C210&#038;ssl=1\" width=\"140\" height=\"210\" data-original-width=\"140\" data-original-height=\"210\" itemprop=\"http:\/\/schema.org\/image\" title=\"4965\" alt=\"4965\" style=\"width: 140px; height: 210px;\" \/> <\/a> <\/div> <\/div> <!-- close group --> <div class=\"gallery-group images-1\" style=\"width: 153px; height: 214px;\" data-original-width=\"153\" data-original-height=\"214\" > <div class=\"tiled-gallery-item tiled-gallery-item-small\" itemprop=\"associatedMedia\" itemscope itemtype=\"http:\/\/schema.org\/ImageObject\"> <a href=\"https:\/\/www.cirkuseros.nu\/index.php\/bild\/egna-bilder\/galleri-from-russia-with-love\/attachment\/4967\/\" border=\"0\" itemprop=\"url\"> <meta itemprop=\"width\" content=\"149\"> <meta itemprop=\"height\" content=\"210\"> <img data-attachment-id=\"3646\" data-orig-file=\"https:\/\/www.cirkuseros.nu\/app\/uploads\/2016\/12\/4967.jpg\" data-orig-size=\"425,600\" data-comments-opened=\"1\" data-image-meta=\"{&quot;aperture&quot;:&quot;0&quot;,&quot;credit&quot;:&quot;&quot;,&quot;camera&quot;:&quot;&quot;,&quot;caption&quot;:&quot;&quot;,&quot;created_timestamp&quot;:&quot;0&quot;,&quot;copyright&quot;:&quot;&quot;,&quot;focal_length&quot;:&quot;0&quot;,&quot;iso&quot;:&quot;0&quot;,&quot;shutter_speed&quot;:&quot;0&quot;,&quot;title&quot;:&quot;&quot;,&quot;orientation&quot;:&quot;0&quot;}\" data-image-title=\"4967\" data-image-description=\"\" data-medium-file=\"https:\/\/i2.wp.com\/www.cirkuseros.nu\/app\/uploads\/2016\/12\/4967.jpg?fit=213%2C300&#038;ssl=1\" data-large-file=\"https:\/\/i2.wp.com\/www.cirkuseros.nu\/app\/uploads\/2016\/12\/4967.jpg?fit=425%2C600&#038;ssl=1\" src=\"https:\/\/i2.wp.com\/www.cirkuseros.nu\/app\/uploads\/2016\/12\/4967.jpg?resize=149%2C210&#038;ssl=1\" width=\"149\" height=\"210\" data-original-width=\"149\" data-original-height=\"210\" itemprop=\"http:\/\/schema.org\/image\" title=\"4967\" alt=\"4967\" style=\"width: 149px; height: 210px;\" \/> <\/a> <\/div> <\/div> <!-- close group --> <div class=\"gallery-group images-1\" style=\"width: 144px; height: 214px;\" data-original-width=\"144\" data-original-height=\"214\" > <div class=\"tiled-gallery-item tiled-gallery-item-small\" itemprop=\"associatedMedia\" itemscope itemtype=\"http:\/\/schema.org\/ImageObject\"> <a href=\"https:\/\/www.cirkuseros.nu\/index.php\/bild\/egna-bilder\/galleri-from-russia-with-love\/attachment\/4972\/\" border=\"0\" itemprop=\"url\"> <meta itemprop=\"width\" content=\"140\"> <meta itemprop=\"height\" content=\"210\"> <img data-attachment-id=\"3647\" data-orig-file=\"https:\/\/www.cirkuseros.nu\/app\/uploads\/2016\/12\/4972-1.jpg\" data-orig-size=\"399,600\" data-comments-opened=\"1\" data-image-meta=\"{&quot;aperture&quot;:&quot;0&quot;,&quot;credit&quot;:&quot;&quot;,&quot;camera&quot;:&quot;&quot;,&quot;caption&quot;:&quot;&quot;,&quot;created_timestamp&quot;:&quot;0&quot;,&quot;copyright&quot;:&quot;&quot;,&quot;focal_length&quot;:&quot;0&quot;,&quot;iso&quot;:&quot;0&quot;,&quot;shutter_speed&quot;:&quot;0&quot;,&quot;title&quot;:&quot;&quot;,&quot;orientation&quot;:&quot;0&quot;}\" data-image-title=\"4972\" data-image-description=\"\" data-medium-file=\"https:\/\/i0.wp.com\/www.cirkuseros.nu\/app\/uploads\/2016\/12\/4972-1.jpg?fit=200%2C300&#038;ssl=1\" data-large-file=\"https:\/\/i0.wp.com\/www.cirkuseros.nu\/app\/uploads\/2016\/12\/4972-1.jpg?fit=399%2C600&#038;ssl=1\" src=\"https:\/\/i0.wp.com\/www.cirkuseros.nu\/app\/uploads\/2016\/12\/4972-1.jpg?resize=140%2C210&#038;ssl=1\" width=\"140\" height=\"210\" data-original-width=\"140\" data-original-height=\"210\" itemprop=\"http:\/\/schema.org\/image\" title=\"4972\" alt=\"4972\" style=\"width: 140px; height: 210px;\" \/> <\/a> <\/div> <\/div> <!-- close group --> <\/div> <!-- close row --> <div class=\"gallery-row\" style=\"width: 584px; height: 440px;\" data-original-width=\"584\" data-original-height=\"440\" > <div class=\"gallery-group images-1\" style=\"width: 290px; height: 440px;\" data-original-width=\"290\" data-original-height=\"440\" > <div class=\"tiled-gallery-item tiled-gallery-item-large\" itemprop=\"associatedMedia\" itemscope itemtype=\"http:\/\/schema.org\/ImageObject\"> <a href=\"https:\/\/www.cirkuseros.nu\/index.php\/bild\/egna-bilder\/galleri-from-russia-with-love\/4979-2\/\" border=\"0\" itemprop=\"url\"> <meta itemprop=\"width\" content=\"286\"> <meta itemprop=\"height\" content=\"436\"> <img data-attachment-id=\"3648\" data-orig-file=\"https:\/\/www.cirkuseros.nu\/app\/uploads\/2016\/12\/49791.jpg\" data-orig-size=\"394,600\" data-comments-opened=\"1\" data-image-meta=\"{&quot;aperture&quot;:&quot;0&quot;,&quot;credit&quot;:&quot;&quot;,&quot;camera&quot;:&quot;&quot;,&quot;caption&quot;:&quot;&quot;,&quot;created_timestamp&quot;:&quot;0&quot;,&quot;copyright&quot;:&quot;&quot;,&quot;focal_length&quot;:&quot;0&quot;,&quot;iso&quot;:&quot;0&quot;,&quot;shutter_speed&quot;:&quot;0&quot;,&quot;title&quot;:&quot;&quot;,&quot;orientation&quot;:&quot;0&quot;}\" data-image-title=\"4979\" data-image-description=\"\" data-medium-file=\"https:\/\/i2.wp.com\/www.cirkuseros.nu\/app\/uploads\/2016\/12\/49791.jpg?fit=197%2C300&#038;ssl=1\" data-large-file=\"https:\/\/i2.wp.com\/www.cirkuseros.nu\/app\/uploads\/2016\/12\/49791.jpg?fit=394%2C600&#038;ssl=1\" src=\"https:\/\/i2.wp.com\/www.cirkuseros.nu\/app\/uploads\/2016\/12\/49791.jpg?resize=286%2C436&#038;ssl=1\" width=\"286\" height=\"436\" data-original-width=\"286\" data-original-height=\"436\" itemprop=\"http:\/\/schema.org\/image\" title=\"4979\" alt=\"4979\" style=\"width: 286px; height: 436px;\" \/> <\/a> <\/div> <\/div> <!-- close group --> <div class=\"gallery-group images-1\" style=\"width: 294px; height: 440px;\" data-original-width=\"294\" data-original-height=\"440\" > <div class=\"tiled-gallery-item tiled-gallery-item-large\" itemprop=\"associatedMedia\" itemscope itemtype=\"http:\/\/schema.org\/ImageObject\"> <a href=\"https:\/\/www.cirkuseros.nu\/index.php\/bild\/egna-bilder\/galleri-from-russia-with-love\/attachment\/4985\/\" border=\"0\" itemprop=\"url\"> <meta itemprop=\"width\" content=\"290\"> <meta itemprop=\"height\" content=\"436\"> <img data-attachment-id=\"3649\" data-orig-file=\"https:\/\/www.cirkuseros.nu\/app\/uploads\/2016\/12\/4985-1.jpg\" data-orig-size=\"399,600\" data-comments-opened=\"1\" data-image-meta=\"{&quot;aperture&quot;:&quot;0&quot;,&quot;credit&quot;:&quot;&quot;,&quot;camera&quot;:&quot;&quot;,&quot;caption&quot;:&quot;&quot;,&quot;created_timestamp&quot;:&quot;0&quot;,&quot;copyright&quot;:&quot;&quot;,&quot;focal_length&quot;:&quot;0&quot;,&quot;iso&quot;:&quot;0&quot;,&quot;shutter_speed&quot;:&quot;0&quot;,&quot;title&quot;:&quot;&quot;,&quot;orientation&quot;:&quot;0&quot;}\" data-image-title=\"4985\" data-image-description=\"\" data-medium-file=\"https:\/\/i2.wp.com\/www.cirkuseros.nu\/app\/uploads\/2016\/12\/4985-1.jpg?fit=200%2C300&#038;ssl=1\" data-large-file=\"https:\/\/i2.wp.com\/www.cirkuseros.nu\/app\/uploads\/2016\/12\/4985-1.jpg?fit=399%2C600&#038;ssl=1\" src=\"https:\/\/i2.wp.com\/www.cirkuseros.nu\/app\/uploads\/2016\/12\/4985-1.jpg?resize=290%2C436&#038;ssl=1\" width=\"290\" height=\"436\" data-original-width=\"290\" data-original-height=\"436\" itemprop=\"http:\/\/schema.org\/image\" title=\"4985\" alt=\"4985\" style=\"width: 290px; height: 436px;\" \/> <\/a> <\/div> <\/div> <!-- close group --> <\/div> <!-- close row --> <div class=\"gallery-row\" style=\"width: 584px; height: 275px;\" data-original-width=\"584\" data-original-height=\"275\" > <div class=\"gallery-group images-1\" style=\"width: 400px; height: 275px;\" data-original-width=\"400\" data-original-height=\"275\" > <div class=\"tiled-gallery-item tiled-gallery-item-large\" itemprop=\"associatedMedia\" itemscope itemtype=\"http:\/\/schema.org\/ImageObject\"> <a href=\"https:\/\/www.cirkuseros.nu\/index.php\/bild\/egna-bilder\/galleri-from-russia-with-love\/attachment\/4997\/\" border=\"0\" itemprop=\"url\"> <meta itemprop=\"width\" content=\"396\"> <meta itemprop=\"height\" content=\"271\"> <img data-attachment-id=\"3650\" data-orig-file=\"https:\/\/www.cirkuseros.nu\/app\/uploads\/2016\/12\/4997.jpg\" data-orig-size=\"878,600\" data-comments-opened=\"1\" data-image-meta=\"{&quot;aperture&quot;:&quot;0&quot;,&quot;credit&quot;:&quot;&quot;,&quot;camera&quot;:&quot;&quot;,&quot;caption&quot;:&quot;&quot;,&quot;created_timestamp&quot;:&quot;0&quot;,&quot;copyright&quot;:&quot;&quot;,&quot;focal_length&quot;:&quot;0&quot;,&quot;iso&quot;:&quot;0&quot;,&quot;shutter_speed&quot;:&quot;0&quot;,&quot;title&quot;:&quot;&quot;,&quot;orientation&quot;:&quot;0&quot;}\" data-image-title=\"4997\" data-image-description=\"\" data-medium-file=\"https:\/\/i0.wp.com\/www.cirkuseros.nu\/app\/uploads\/2016\/12\/4997.jpg?fit=300%2C205&#038;ssl=1\" data-large-file=\"https:\/\/i0.wp.com\/www.cirkuseros.nu\/app\/uploads\/2016\/12\/4997.jpg?fit=584%2C399&#038;ssl=1\" src=\"https:\/\/i0.wp.com\/www.cirkuseros.nu\/app\/uploads\/2016\/12\/4997.jpg?resize=396%2C271&#038;ssl=1\" width=\"396\" height=\"271\" data-original-width=\"396\" data-original-height=\"271\" itemprop=\"http:\/\/schema.org\/image\" title=\"4997\" alt=\"4997\" style=\"width: 396px; height: 271px;\" \/> <\/a> <\/div> <\/div> <!-- close group --> <div class=\"gallery-group images-1\" style=\"width: 184px; height: 275px;\" data-original-width=\"184\" data-original-height=\"275\" > <div class=\"tiled-gallery-item tiled-gallery-item-small\" itemprop=\"associatedMedia\" itemscope itemtype=\"http:\/\/schema.org\/ImageObject\"> <a href=\"https:\/\/www.cirkuseros.nu\/index.php\/bild\/egna-bilder\/galleri-from-russia-with-love\/attachment\/5008\/\" border=\"0\" itemprop=\"url\"> <meta itemprop=\"width\" content=\"180\"> <meta itemprop=\"height\" content=\"271\"> <img data-attachment-id=\"3651\" data-orig-file=\"https:\/\/www.cirkuseros.nu\/app\/uploads\/2016\/12\/5008.jpg\" data-orig-size=\"399,600\" data-comments-opened=\"1\" data-image-meta=\"{&quot;aperture&quot;:&quot;0&quot;,&quot;credit&quot;:&quot;&quot;,&quot;camera&quot;:&quot;&quot;,&quot;caption&quot;:&quot;&quot;,&quot;created_timestamp&quot;:&quot;0&quot;,&quot;copyright&quot;:&quot;&quot;,&quot;focal_length&quot;:&quot;0&quot;,&quot;iso&quot;:&quot;0&quot;,&quot;shutter_speed&quot;:&quot;0&quot;,&quot;title&quot;:&quot;&quot;,&quot;orientation&quot;:&quot;0&quot;}\" data-image-title=\"5008\" data-image-description=\"\" data-medium-file=\"https:\/\/i2.wp.com\/www.cirkuseros.nu\/app\/uploads\/2016\/12\/5008.jpg?fit=200%2C300&#038;ssl=1\" data-large-file=\"https:\/\/i2.wp.com\/www.cirkuseros.nu\/app\/uploads\/2016\/12\/5008.jpg?fit=399%2C600&#038;ssl=1\" src=\"https:\/\/i2.wp.com\/www.cirkuseros.nu\/app\/uploads\/2016\/12\/5008.jpg?resize=180%2C271&#038;ssl=1\" width=\"180\" height=\"271\" data-original-width=\"180\" data-original-height=\"271\" itemprop=\"http:\/\/schema.org\/image\" title=\"5008\" alt=\"5008\" style=\"width: 180px; height: 271px;\" \/> <\/a> <\/div> <\/div> <!-- close group --> <\/div> <!-- close row --> <\/div>\n<p><img decoding=\"async\" loading=\"lazy\" src=\"https:\/\/i1.wp.com\/www.cirkuseros.nu\/app\/uploads\/2016\/11\/tunnlinjeoriginal_584.gif?resize=584%2C8&#038;ssl=1\" alt=\"linje\" data-recalc-dims=\"1\" \/><br \/>\n<a href=\"https:\/\/www.cirkuseros.nu\/index.php\/bild\/egna-bilder\/\"><strong><span style=\"font-family: Verdana, Geneva, Arial, Helvetica, Sans serif; font-size: small;\">Tillbaka till Mina bilder \u00bb<\/span><\/strong><\/a><br \/>\n<img decoding=\"async\" loading=\"lazy\" src=\"https:\/\/i0.wp.com\/www.cirkuseros.nu\/app\/uploads\/2017\/01\/heartline_584.gif?resize=584%2C20&#038;ssl=1\" alt=\"Heartline\" data-recalc-dims=\"1\" \/><\/p>\n<p><img decoding=\"async\" loading=\"lazy\" src=\"https:\/\/i2.wp.com\/www.cirkuseros.nu\/app\/uploads\/2016\/10\/fri_kursbanner_ani.gif?resize=584%2C140&#038;ssl=1\" alt=\"Cirkus Eros - erotik f\u00f6r finsmakare\" data-recalc-dims=\"1\" \/><\/p>\n","protected":false},"excerpt":{"rendered":"<p>S\u00e5 h\u00e4r kul kan man ha med en rysk milit\u00e4rm\u00f6ssa&#8230; Foto: Carl Johan Rehbinder 2005 Tillbaka till Mina bilder \u00bb Tillbaka till Mina bilder \u00bb<\/p>\n","protected":false},"author":1,"featured_media":0,"parent":46,"menu_order":30,"comment_status":"closed","ping_status":"closed","template":"sidebar-page.php","meta":[],"_links":{"self":[{"href":"https:\/\/www.cirkuseros.nu\/index.php\/wp-json\/wp\/v2\/pages\/3643"}],"collection":[{"href":"https:\/\/www.cirkuseros.nu\/index.php\/wp-json\/wp\/v2\/pages"}],"about":[{"href":"https:\/\/www.cirkuseros.nu\/index.php\/wp-json\/wp\/v2\/types\/page"}],"author":[{"embeddable":true,"href":"https:\/\/www.cirkuseros.nu\/index.php\/wp-json\/wp\/v2\/users\/1"}],"replies":[{"embeddable":true,"href":"https:\/\/www.cirkuseros.nu\/index.php\/wp-json\/wp\/v2\/comments?post=3643"}],"version-history":[{"count":6,"href":"https:\/\/www.cirkuseros.nu\/index.php\/wp-json\/wp\/v2\/pages\/3643\/revisions"}],"predecessor-version":[{"id":13137,"href":"https:\/\/www.cirkuseros.nu\/index.php\/wp-json\/wp\/v2\/pages\/3643\/revisions\/13137"}],"up":[{"embeddable":true,"href":"https:\/\/www.cirkuseros.nu\/index.php\/wp-json\/wp\/v2\/pages\/46"}],"wp:attachment":[{"href":"https:\/\/www.cirkuseros.nu\/index.php\/wp-json\/wp\/v2\/media?parent=3643"}],"curies":[{"name":"wp","href":"https:\/\/api.w.org\/{rel}","templated":true}]}}