{"id":46,"date":"2016-10-10T20:42:37","date_gmt":"2016-10-10T18:42:37","guid":{"rendered":"https:\/\/cirkuseros.wordpress.com\/?page_id=46"},"modified":"2023-09-25T05:19:41","modified_gmt":"2023-09-25T03:19:41","slug":"egna-bilder","status":"publish","type":"page","link":"https:\/\/www.cirkuseros.nu\/index.php\/bild\/egna-bilder\/","title":{"rendered":"Mina bilder \u2022 Foto"},"content":{"rendered":"<p><img decoding=\"async\" loading=\"lazy\" src=\"https:\/\/i1.wp.com\/www.cirkuseros.nu\/app\/uploads\/2016\/12\/sidtoppvinjett_gallerisidor.jpg?resize=584%2C86&#038;ssl=1\" alt=\"Bilder - toppbanner\" data-recalc-dims=\"1\" \/><\/p>\n<p><strong>N\u00e4r jag skapade hemsidan Cirkus Eros 1999 <\/strong>var bilder och noveller det enda inneh\u00e5llet, och dessa tv\u00e5 utg\u00f6r alltj\u00e4mt basen f\u00f6r Cirkus Eros. Det som framf\u00f6r allt har kommit till \u00e4r artiklar och kursinformation.<\/p>\n<p><strong>P\u00e5 denna sida bjuder jag <\/strong>f\u00f6r n\u00e4rvarande p\u00e5 hela <strong>60 gallerier med foton<\/strong>, och <strong>p\u00e5 en egen sida<\/strong> visar jag ytterligare ett antal <strong><a href=\"https:\/\/www.cirkuseros.nu\/index.php\/bild\/mina-bilder-maleri-illustration-body-art\/\">gallerier med m\u00e5leri och illustrationer<\/a><\/strong>, allt detta bilder jag framst\u00e4llt genom mer \u00e4n 40 \u00e5r \u2013 jag tog mina f\u00f6rsta nakenfotografier sommaren 1982, n\u00e5got jag visar i <a href=\"https:\/\/www.cirkuseros.nu\/index.php\/bild\/egna-bilder\/galleri-galerie-noir\/\"><strong>Galerie Noir<\/strong><\/a> p\u00e5 denna sida.<\/p>\n<p><strong>Jag tycker om att skapa bilder<\/strong> som \u00e4r b\u00e5de poetiskt romantiska och mer rent sexuellt explicita &#8211; vi har ju alla v\u00e4ldigt olika smak f\u00f6r vad som \u00e4r erotiskt stimulerande, och jag gillar hela skalan. Men vackert ska det vara!<\/p>\n<p><strong>Det finns ocks\u00e5 en djupare tanke med mina bilder<\/strong> \u2013 jag vill avdramatisera nakenheten, visa hur vackra kroppar \u00e4r n\u00e4r vi inte sk\u00e4ms \u00f6ver dem, eller f\u00f6r den delen \u00f6ver v\u00e5r sexualitet. Jag vill visa gl\u00e4dje, nyfikenhet, lekfullhet och njutning. Jag vill subjektifiera snarare \u00e4n att objektifiera. Mina modeller agerar p\u00e5 egna villkor, n\u00e5got jag inbjuder till och v\u00e4lkomnar.<\/p>\n<p><strong>Under varje banner hittar du ett galleri<\/strong> med bilder, och d\u00e4r kan du ocks\u00e5 klicka fram varje bild i en st\u00f6rre version. V\u00e4lkommen!<\/p>\n<p><img decoding=\"async\" loading=\"lazy\" src=\"https:\/\/i0.wp.com\/www.cirkuseros.nu\/app\/uploads\/2017\/01\/heartline_584.gif?resize=584%2C20&#038;ssl=1\" alt=\"Heartline\" data-recalc-dims=\"1\" \/><br \/>\n<a href=\"https:\/\/www.cirkuseros.nu\/index.php\/bild\/egna-bilder\/galleri-cirkus-eros-pa-instagram\/\"><img decoding=\"async\" loading=\"lazy\" src=\"https:\/\/i2.wp.com\/www.cirkuseros.nu\/app\/uploads\/2016\/10\/gallerybanner_instagram.jpg?resize=584%2C104&#038;ssl=1\" alt=\"\" data-recalc-dims=\"1\" \/><\/a><br \/>\n<a href=\"https:\/\/www.cirkuseros.nu\/index.php\/bild\/egna-bilder\/galleri-i-slottsruinen\/\"><img decoding=\"async\" loading=\"lazy\" src=\"https:\/\/i1.wp.com\/www.cirkuseros.nu\/app\/uploads\/2016\/10\/gallerybanner_slottsruinen.jpg?resize=584%2C104&#038;ssl=1\" alt=\"I slottsruinen\" data-recalc-dims=\"1\" \/><\/a><br \/>\n<a href=\"https:\/\/www.cirkuseros.nu\/index.php\/bild\/egna-bilder\/galleri-self-suspension\/\"><img decoding=\"async\" loading=\"lazy\" src=\"https:\/\/i2.wp.com\/www.cirkuseros.nu\/app\/uploads\/2016\/10\/gallerybanner_self_suspension.jpg?resize=584%2C104&#038;ssl=1\" alt=\"Galleri \u2022 Self Suspension\" data-recalc-dims=\"1\" \/><\/a><br \/>\n<a href=\"https:\/\/www.cirkuseros.nu\/index.php\/bild\/egna-bilder\/galleri-framling-pa-spar\/\"><img decoding=\"async\" loading=\"lazy\" src=\"https:\/\/i0.wp.com\/www.cirkuseros.nu\/app\/uploads\/2016\/10\/gallerybanner_framling_pa_spar.jpg?resize=584%2C104&#038;ssl=1\" alt=\"Fr\u00e4mling p\u00e5 sp\u00e5r\" data-recalc-dims=\"1\" \/><\/a><br \/>\n<a href=\"https:\/\/www.cirkuseros.nu\/index.php\/bild\/egna-bilder\/galleri-bergtagen\/\"><img decoding=\"async\" loading=\"lazy\" src=\"https:\/\/i1.wp.com\/www.cirkuseros.nu\/app\/uploads\/2016\/10\/gallerybanner_bergtagen.jpg?resize=584%2C104&#038;ssl=1\" alt=\"Bergtagen\" data-recalc-dims=\"1\" \/><\/a><br \/>\n<a href=\"https:\/\/www.cirkuseros.nu\/index.php\/bild\/egna-bilder\/galleri-erotisk-triad\/\"><img decoding=\"async\" loading=\"lazy\" src=\"https:\/\/i1.wp.com\/www.cirkuseros.nu\/app\/uploads\/2016\/10\/gallerybanner_erotisk_triad.jpg?resize=584%2C104&#038;ssl=1\" alt=\"Erotisk Triad\" data-recalc-dims=\"1\" \/><\/a><br \/>\n<a href=\"https:\/\/www.cirkuseros.nu\/index.php\/bild\/egna-bilder\/galleri-konstnaren-och-hennes-modeller\/\"><img decoding=\"async\" loading=\"lazy\" src=\"https:\/\/i1.wp.com\/www.cirkuseros.nu\/app\/uploads\/2016\/10\/gallerybanner_konstmodeller.jpg?resize=584%2C104&#038;ssl=1\" alt=\"Konstn\u00e4ren och hennes modeller\" data-recalc-dims=\"1\" \/><\/a><br \/>\n<a href=\"https:\/\/www.cirkuseros.nu\/index.php\/bild\/egna-bilder\/galleri-tidlos-badnymf\/\"><img decoding=\"async\" loading=\"lazy\" src=\"https:\/\/i2.wp.com\/www.cirkuseros.nu\/app\/uploads\/2016\/12\/gallerybanner_tidlosbadnymf1.jpg?resize=584%2C104&#038;ssl=1\" alt=\"Tidl\u00f6s badnymf\" data-recalc-dims=\"1\" \/><\/a><br \/>\n<a href=\"https:\/\/www.cirkuseros.nu\/index.php\/bild\/egna-bilder\/galleri-sex-on-the-rocks\/\"><img decoding=\"async\" loading=\"lazy\" src=\"https:\/\/i2.wp.com\/www.cirkuseros.nu\/app\/uploads\/2016\/12\/gallerybanner_sexrocks1.jpg?resize=584%2C104&#038;ssl=1\" alt=\"Sex On The Rocks\" data-recalc-dims=\"1\" \/><\/a><br \/>\n<a href=\"https:\/\/www.cirkuseros.nu\/index.php\/bild\/egna-bilder\/galleri-yoni-bhava\/\"><img decoding=\"async\" loading=\"lazy\" src=\"https:\/\/i0.wp.com\/www.cirkuseros.nu\/app\/uploads\/2016\/12\/gallerybanner_yonibhava.jpg?resize=584%2C104&#038;ssl=1\" alt=\"Yoni Bhava\" data-recalc-dims=\"1\" \/><\/a><br \/>\n<a href=\"https:\/\/www.cirkuseros.nu\/index.php\/bild\/egna-bilder\/galleri-dancing-with-elements\/\"><img decoding=\"async\" loading=\"lazy\" src=\"https:\/\/i2.wp.com\/www.cirkuseros.nu\/app\/uploads\/2016\/12\/gallerybanner_dancingelements.jpg?resize=584%2C104&#038;ssl=1\" alt=\"gallerybanner_dancingelements\" data-recalc-dims=\"1\" \/><\/a><br \/>\n<a href=\"https:\/\/www.cirkuseros.nu\/index.php\/bild\/egna-bilder\/galleri-fittor-i-vecko-revyn\/\"><img decoding=\"async\" loading=\"lazy\" src=\"https:\/\/i1.wp.com\/www.cirkuseros.nu\/app\/uploads\/2016\/12\/gallerybanner_fittor_vr.jpg?resize=584%2C104&#038;ssl=1\" alt=\"Fittor i Vecko-Revyn\" data-recalc-dims=\"1\" \/><\/a><br \/>\n<a href=\"https:\/\/www.cirkuseros.nu\/index.php\/bild\/egna-bilder\/galleri-gyttjebrottning\/\"><img decoding=\"async\" loading=\"lazy\" src=\"https:\/\/i1.wp.com\/www.cirkuseros.nu\/app\/uploads\/2016\/12\/gallerybanner_gyttjebrottning.jpg?resize=584%2C104&#038;ssl=1\" alt=\"Gyttjebrottning\" data-recalc-dims=\"1\" \/><\/a><br \/>\n<a href=\"https:\/\/www.cirkuseros.nu\/index.php\/bild\/egna-bilder\/galleri-nudist-camp\/\"><img decoding=\"async\" loading=\"lazy\" src=\"https:\/\/i0.wp.com\/www.cirkuseros.nu\/app\/uploads\/2016\/10\/gallerybanner_nudistcamp.jpg?resize=584%2C104&#038;ssl=1\" alt=\"Galleri - Nudist Camp\" data-recalc-dims=\"1\" \/><\/a><br \/>\n<a href=\"https:\/\/www.cirkuseros.nu\/index.php\/bild\/egna-bilder\/galleri-slottsfrun\/\"><img decoding=\"async\" loading=\"lazy\" src=\"https:\/\/i1.wp.com\/www.cirkuseros.nu\/app\/uploads\/2016\/12\/gallerybanner_slottsfrun1.jpg?resize=584%2C104&#038;ssl=1\" alt=\"Slottsfrun\" data-recalc-dims=\"1\" \/><\/a><br \/>\n<a href=\"https:\/\/www.cirkuseros.nu\/index.php\/bild\/egna-bilder\/galleri-hipstamatic-girl\/\"><img decoding=\"async\" loading=\"lazy\" src=\"https:\/\/i2.wp.com\/www.cirkuseros.nu\/app\/uploads\/2016\/12\/gallerybanner_hipstagirl.jpg?resize=584%2C104&#038;ssl=1\" alt=\"gallerybanner_hipstagirl\" data-recalc-dims=\"1\" \/><\/a><br \/>\n<a href=\"https:\/\/www.cirkuseros.nu\/index.php\/bild\/egna-bilder\/galleri-girl-on-the-rocks\/\"><img decoding=\"async\" loading=\"lazy\" src=\"https:\/\/i2.wp.com\/www.cirkuseros.nu\/app\/uploads\/2016\/10\/gallerybanner_girlonrocks.jpg?resize=584%2C104&#038;ssl=1\" alt=\"\" data-recalc-dims=\"1\" \/><\/a><br \/>\n<a href=\"https:\/\/www.cirkuseros.nu\/index.php\/bild\/egna-bilder\/galleri-blue-angel\/\"><img decoding=\"async\" loading=\"lazy\" src=\"https:\/\/i1.wp.com\/www.cirkuseros.nu\/app\/uploads\/2016\/12\/gallerybanner_blueangel.jpg?resize=584%2C104&#038;ssl=1\" alt=\"Blue Angel\" data-recalc-dims=\"1\" \/><\/a><br \/>\n<a href=\"https:\/\/www.cirkuseros.nu\/index.php\/bild\/egna-bilder\/galleri-light-my-fire\/\"><img decoding=\"async\" loading=\"lazy\" src=\"https:\/\/i2.wp.com\/www.cirkuseros.nu\/app\/uploads\/2016\/12\/gallerybanner_lightmyfire.jpg?resize=584%2C104&#038;ssl=1\" alt=\"Light My Fire\" data-recalc-dims=\"1\" \/><\/a><br \/>\n<a href=\"https:\/\/www.cirkuseros.nu\/index.php\/bild\/egna-bilder\/galleri-garden-of-dreams\/\"><img decoding=\"async\" loading=\"lazy\" src=\"https:\/\/i2.wp.com\/www.cirkuseros.nu\/app\/uploads\/2016\/12\/gallerybanner_gardendreams.jpg?resize=584%2C104&#038;ssl=1\" alt=\"Garden of Dreams\" data-recalc-dims=\"1\" \/><\/a><a href=\"https:\/\/www.cirkuseros.nu\/index.php\/bild\/egna-bilder\/galleri-pa-en-fallen-tradstam\/\"><img decoding=\"async\" loading=\"lazy\" src=\"https:\/\/i0.wp.com\/www.cirkuseros.nu\/app\/uploads\/2016\/12\/gallerybanner_fallen_tradstam.jpg?resize=584%2C104&#038;ssl=1\" alt=\"P\u00e5 en fallen tr\u00e4dstam\" data-recalc-dims=\"1\" \/><\/a><br \/>\n<a href=\"https:\/\/www.cirkuseros.nu\/index.php\/bild\/egna-bilder\/galleri-femme-fatale\/\"><img decoding=\"async\" loading=\"lazy\" src=\"https:\/\/i2.wp.com\/www.cirkuseros.nu\/app\/uploads\/2016\/12\/gallerybanner_femme_fatale.jpg?resize=584%2C104&#038;ssl=1\" alt=\"Femme Fatale\" data-recalc-dims=\"1\" \/><\/a><br \/>\n<a href=\"https:\/\/www.cirkuseros.nu\/index.php\/bild\/egna-bilder\/galleri-vid-havet\/\"><img decoding=\"async\" loading=\"lazy\" src=\"https:\/\/i1.wp.com\/www.cirkuseros.nu\/app\/uploads\/2016\/10\/gallerybanner_vid_havet.jpg?resize=584%2C104&#038;ssl=1\" alt=\"\" data-recalc-dims=\"1\" \/><\/a><br \/>\n<a href=\"https:\/\/www.cirkuseros.nu\/index.php\/bild\/egna-bilder\/galleri-ung-kvinna-i-studion\/\"><img decoding=\"async\" loading=\"lazy\" src=\"https:\/\/i2.wp.com\/www.cirkuseros.nu\/app\/uploads\/2016\/12\/gallerybanner_ungkvinna_studio.jpg?resize=584%2C104&#038;ssl=1\" alt=\"Ung kvinna i studion\" data-recalc-dims=\"1\" \/><\/a><br \/>\n<a href=\"https:\/\/www.cirkuseros.nu\/index.php\/bild\/egna-bilder\/galleri-floating-in-space\/\"><img decoding=\"async\" loading=\"lazy\" src=\"https:\/\/i1.wp.com\/www.cirkuseros.nu\/app\/uploads\/2016\/12\/gallerybanner_floatingspace.jpg?resize=584%2C104&#038;ssl=1\" alt=\"Floating in Space\" data-recalc-dims=\"1\" \/><\/a><br \/>\n<a href=\"https:\/\/www.cirkuseros.nu\/index.php\/bild\/egna-bilder\/galleri-goldenlady\/\"><img decoding=\"async\" loading=\"lazy\" src=\"https:\/\/i2.wp.com\/www.cirkuseros.nu\/app\/uploads\/2016\/12\/gallerybanner_goldenlady.jpg?resize=584%2C104&#038;ssl=1\" alt=\"Golden Lady\" data-recalc-dims=\"1\" \/><\/a><br \/>\n<a href=\"https:\/\/www.cirkuseros.nu\/index.php\/bild\/egna-bilder\/galleri-tough-love\/\"><img decoding=\"async\" loading=\"lazy\" src=\"https:\/\/i1.wp.com\/www.cirkuseros.nu\/app\/uploads\/2016\/12\/gallerybanner_toughlove.jpg?resize=584%2C104&#038;ssl=1\" alt=\"Tough Love\" data-recalc-dims=\"1\" \/><\/a><br \/>\n<a href=\"https:\/\/www.cirkuseros.nu\/index.php\/bild\/egna-bilder\/galleri-vattenalskarinnan\/\"><img decoding=\"async\" loading=\"lazy\" src=\"https:\/\/i1.wp.com\/www.cirkuseros.nu\/app\/uploads\/2016\/12\/gallerybanner_vattenalskarinnan.jpg?resize=584%2C104&#038;ssl=1\" alt=\"Vatten\u00e4lskarinnan\" data-recalc-dims=\"1\" \/><\/a><br \/>\n<a href=\"https:\/\/www.cirkuseros.nu\/index.php\/bild\/egna-bilder\/galleri-skogstokig\/\"><img decoding=\"async\" loading=\"lazy\" src=\"https:\/\/i1.wp.com\/www.cirkuseros.nu\/app\/uploads\/2016\/12\/gallerybanner_skogstokig.jpg?resize=584%2C104&#038;ssl=1\" alt=\"Skogstokig\" data-recalc-dims=\"1\" \/><\/a><br \/>\n<a href=\"https:\/\/www.cirkuseros.nu\/index.php\/bild\/egna-bilder\/galleri-sjalvforvallad-extas\/\"><img decoding=\"async\" loading=\"lazy\" src=\"https:\/\/i1.wp.com\/www.cirkuseros.nu\/app\/uploads\/2016\/12\/gallerybanner_sjalvextas.jpg?resize=584%2C104&#038;ssl=1\" alt=\"Sj\u00e4lvf\u00f6rv\u00e5llad extas\" data-recalc-dims=\"1\" \/><\/a><br \/>\n<a href=\"https:\/\/www.cirkuseros.nu\/index.php\/bild\/egna-bilder\/galleri-from-russia-with-love\/\"><img decoding=\"async\" loading=\"lazy\" src=\"https:\/\/i0.wp.com\/www.cirkuseros.nu\/app\/uploads\/2016\/12\/gallerybanner_fromrussia1.jpg?resize=584%2C104&#038;ssl=1\" alt=\"From Russia With Love\" data-recalc-dims=\"1\" \/><\/a><br \/>\n<a href=\"https:\/\/www.cirkuseros.nu\/index.php\/bild\/egna-bilder\/galleri-for-your-eyes-only\/\"><img decoding=\"async\" loading=\"lazy\" src=\"https:\/\/i0.wp.com\/www.cirkuseros.nu\/app\/uploads\/2016\/12\/gallerybanner_foryoureyesonly.jpg?resize=584%2C104&#038;ssl=1\" alt=\"For Your Eyes Only\" data-recalc-dims=\"1\" \/><\/a><br \/>\n<a href=\"https:\/\/www.cirkuseros.nu\/index.php\/bild\/egna-bilder\/galleri-det-varma-rummet\/\"><img decoding=\"async\" loading=\"lazy\" src=\"https:\/\/i2.wp.com\/www.cirkuseros.nu\/app\/uploads\/2016\/12\/gallerybanner_varmarummet.jpg?resize=584%2C104&#038;ssl=1\" alt=\"Det varma rummet\" data-recalc-dims=\"1\" \/><\/a><br \/>\n<a href=\"https:\/\/www.cirkuseros.nu\/index.php\/bild\/egna-bilder\/galleri-heta-lekar\/\"><img decoding=\"async\" loading=\"lazy\" src=\"https:\/\/i0.wp.com\/www.cirkuseros.nu\/app\/uploads\/2016\/12\/gallerybanner_hetalekar.jpg?resize=584%2C104&#038;ssl=1\" alt=\"Heta lekar\" data-recalc-dims=\"1\" \/><\/a><br \/>\n<a href=\"https:\/\/www.cirkuseros.nu\/index.php\/bild\/egna-bilder\/galleri-naturalskare\/\"><img decoding=\"async\" loading=\"lazy\" src=\"https:\/\/i0.wp.com\/www.cirkuseros.nu\/app\/uploads\/2016\/12\/gallerybanner_naturalskare.jpg?resize=584%2C104&#038;ssl=1\" alt=\"Natur\u00e4lskare\" data-recalc-dims=\"1\" \/><\/a><br \/>\n<a href=\"https:\/\/www.cirkuseros.nu\/index.php\/bild\/egna-bilder\/galleri-dans_i_studio-1\/\"><img decoding=\"async\" loading=\"lazy\" src=\"https:\/\/i2.wp.com\/www.cirkuseros.nu\/app\/uploads\/2016\/10\/gallerybanner_dans_i_studio_1.jpg?resize=584%2C104&#038;ssl=1\" alt=\"\" data-recalc-dims=\"1\" \/><\/a><br \/>\n<a href=\"https:\/\/www.cirkuseros.nu\/index.php\/bild\/egna-bilder\/galleri-dans_i_studio-2\/\"><img decoding=\"async\" loading=\"lazy\" src=\"https:\/\/i0.wp.com\/www.cirkuseros.nu\/app\/uploads\/2016\/10\/gallerybanner_dans_i_studio_2.jpg?resize=584%2C104&#038;ssl=1\" alt=\"\" data-recalc-dims=\"1\" \/><\/a><br \/>\n<a href=\"https:\/\/www.cirkuseros.nu\/index.php\/bild\/egna-bilder\/galleri-hot-hippie-lovers\/\"><img decoding=\"async\" loading=\"lazy\" src=\"https:\/\/i2.wp.com\/www.cirkuseros.nu\/app\/uploads\/2016\/12\/gallerybanner_hothippielovers.jpg?resize=584%2C104&#038;ssl=1\" alt=\"Hot Hippie Lovers\" data-recalc-dims=\"1\" \/><\/a><br \/>\n<a href=\"https:\/\/www.cirkuseros.nu\/index.php\/bild\/egna-bilder\/galleri-emelie-extra-allt\/\"><img decoding=\"async\" loading=\"lazy\" src=\"https:\/\/i2.wp.com\/www.cirkuseros.nu\/app\/uploads\/2016\/12\/gallerybanner_emelie.jpg?resize=584%2C104&#038;ssl=1\" alt=\"Emelie - extra allt!\" data-recalc-dims=\"1\" \/><\/a><br \/>\n<a href=\"https:\/\/www.cirkuseros.nu\/index.php\/bild\/egna-bilder\/galleri-alv-i-storskogen\/\"><img decoding=\"async\" loading=\"lazy\" src=\"https:\/\/i0.wp.com\/www.cirkuseros.nu\/app\/uploads\/2016\/12\/gallerybanner_alv_i_storskogen.jpg?resize=584%2C104&#038;ssl=1\" alt=\"Alv i storskogen\" data-recalc-dims=\"1\" \/><\/a><br \/>\n<a href=\"https:\/\/www.cirkuseros.nu\/index.php\/bild\/egna-bilder\/galleri-funky-tattoos\/\"><img decoding=\"async\" loading=\"lazy\" src=\"https:\/\/i2.wp.com\/www.cirkuseros.nu\/app\/uploads\/2016\/12\/gallerybanner_funkytattoos.jpg?resize=584%2C104&#038;ssl=1\" alt=\"Funky Tattoos\" data-recalc-dims=\"1\" \/><\/a><br \/>\n<a href=\"https:\/\/www.cirkuseros.nu\/index.php\/bild\/egna-bilder\/galleri-gosigt-karlekspar\/\"><img decoding=\"async\" loading=\"lazy\" src=\"https:\/\/i1.wp.com\/www.cirkuseros.nu\/app\/uploads\/2016\/12\/gallerybanner_gosigtpar.jpg?resize=584%2C104&#038;ssl=1\" alt=\"Gosigt k\u00e4rlekspar\" data-recalc-dims=\"1\" \/><\/a><br \/>\n<a href=\"https:\/\/www.cirkuseros.nu\/index.php\/bild\/egna-bilder\/galleri-eftermiddagsljus\/\"><img decoding=\"async\" loading=\"lazy\" src=\"https:\/\/i0.wp.com\/www.cirkuseros.nu\/app\/uploads\/2016\/12\/gallerybanner_eftermiddagsljus.jpg?resize=584%2C104&#038;ssl=1\" alt=\"Eftermiddagsljus\" data-recalc-dims=\"1\" \/><\/a><br \/>\n<a href=\"https:\/\/www.cirkuseros.nu\/index.php\/bild\/egna-bilder\/galleri-sara-i-trollskogen\/\"><img decoding=\"async\" loading=\"lazy\" src=\"https:\/\/i1.wp.com\/www.cirkuseros.nu\/app\/uploads\/2016\/12\/gallerybanner_sara_trollskogen.jpg?resize=584%2C104&#038;ssl=1\" alt=\"Sara i trollskogen\" data-recalc-dims=\"1\" \/><\/a><br \/>\n<a href=\"https:\/\/www.cirkuseros.nu\/index.php\/bild\/egna-bilder\/galleri-eva-i-media\/\"><img decoding=\"async\" loading=\"lazy\" src=\"https:\/\/i0.wp.com\/www.cirkuseros.nu\/app\/uploads\/2016\/12\/gallerybanner_evaimedia.jpg?resize=584%2C104&#038;ssl=1\" alt=\"Eva i media\" data-recalc-dims=\"1\" \/><\/a><br \/>\n<a href=\"https:\/\/www.cirkuseros.nu\/index.php\/bild\/egna-bilder\/galleri-klattraren\/\"><img decoding=\"async\" loading=\"lazy\" src=\"https:\/\/i0.wp.com\/www.cirkuseros.nu\/app\/uploads\/2016\/12\/gallerybanner_klattraren.jpg?resize=584%2C104&#038;ssl=1\" alt=\"Kl\u00e4ttraren\" data-recalc-dims=\"1\" \/><\/a><br \/>\n<a href=\"https:\/\/www.cirkuseros.nu\/index.php\/bild\/egna-bilder\/galleri-little-lady\/\"><img decoding=\"async\" loading=\"lazy\" src=\"https:\/\/i0.wp.com\/www.cirkuseros.nu\/app\/uploads\/2016\/12\/gallerybanner_littlelady.jpg?resize=584%2C104&#038;ssl=1\" alt=\"Little Lady\" data-recalc-dims=\"1\" \/><\/a><br \/>\n<a href=\"https:\/\/www.cirkuseros.nu\/index.php\/bild\/egna-bilder\/galleri-schamanen\/\"><img decoding=\"async\" loading=\"lazy\" src=\"https:\/\/i2.wp.com\/www.cirkuseros.nu\/app\/uploads\/2016\/12\/gallerybanner_schamanen.jpg?resize=584%2C104&#038;ssl=1\" alt=\"Schamanen\" data-recalc-dims=\"1\" \/><\/a><br \/>\n<a href=\"https:\/\/www.cirkuseros.nu\/index.php\/bild\/egna-bilder\/galleri-smyckat-par\/\"><img decoding=\"async\" loading=\"lazy\" src=\"https:\/\/i1.wp.com\/www.cirkuseros.nu\/app\/uploads\/2016\/12\/gallerybanner_smyckatpar.jpg?resize=584%2C104&#038;ssl=1\" alt=\"Smyckat par\" data-recalc-dims=\"1\" \/><\/a><br \/>\n<a href=\"https:\/\/www.cirkuseros.nu\/index.php\/bild\/egna-bilder\/galleri-skogsvasen\/\"><img decoding=\"async\" loading=\"lazy\" src=\"https:\/\/i2.wp.com\/www.cirkuseros.nu\/app\/uploads\/2016\/12\/gallerybanner_skogsvasen.jpg?resize=584%2C104&#038;ssl=1\" alt=\"Skogsv\u00e4sen\" data-recalc-dims=\"1\" \/><\/a><a href=\"https:\/\/www.cirkuseros.nu\/index.php\/bild\/egna-bilder\/galleri-first-lovers\/\"><img decoding=\"async\" loading=\"lazy\" src=\"https:\/\/i1.wp.com\/www.cirkuseros.nu\/app\/uploads\/2016\/10\/gallerybanner_firstlovers.jpg?resize=584%2C104&#038;ssl=1\" alt=\"\" data-recalc-dims=\"1\" \/><\/a><br \/>\n<a href=\"https:\/\/www.cirkuseros.nu\/index.php\/bild\/egna-bilder\/galleri-i-den-branda-skogen\/\"><img decoding=\"async\" loading=\"lazy\" src=\"https:\/\/i2.wp.com\/www.cirkuseros.nu\/app\/uploads\/2016\/12\/gallerybanner_brandaskogen.jpg?resize=584%2C104&#038;ssl=1\" alt=\"I den br\u00e4nda skogen\" data-recalc-dims=\"1\" \/><\/a><br \/>\n<a href=\"https:\/\/www.cirkuseros.nu\/index.php\/bild\/egna-bilder\/galleri-skogsra-pa-fallen-tall\/\"><img decoding=\"async\" loading=\"lazy\" src=\"https:\/\/i2.wp.com\/www.cirkuseros.nu\/app\/uploads\/2016\/12\/gallerybanner_skogsra_fallentall.jpg?resize=584%2C104&#038;ssl=1\" alt=\"Skogsr\u00e5 p\u00e5 fallen tall\" data-recalc-dims=\"1\" \/><\/a><br \/>\n<a href=\"https:\/\/www.cirkuseros.nu\/index.php\/bild\/egna-bilder\/galleri-nattligt-bad-i-magisk-sjo\/\"><img decoding=\"async\" loading=\"lazy\" src=\"https:\/\/i0.wp.com\/www.cirkuseros.nu\/app\/uploads\/2016\/10\/gallerybanner_nattligtbad.jpg?resize=584%2C104&#038;ssl=1\" alt=\"\" data-recalc-dims=\"1\" \/><\/a><br \/>\n<a href=\"https:\/\/www.cirkuseros.nu\/index.php\/bild\/egna-bilder\/galleri-playful-girl\/\"><img decoding=\"async\" loading=\"lazy\" src=\"https:\/\/i1.wp.com\/www.cirkuseros.nu\/app\/uploads\/2016\/10\/gallerybanner_playfulgirl.jpg?resize=584%2C104&#038;ssl=1\" alt=\"Playful Girl\" data-recalc-dims=\"1\" \/><\/a><br \/>\n<a href=\"https:\/\/www.cirkuseros.nu\/index.php\/bild\/egna-bilder\/galleri-helig-mark\/\"><img decoding=\"async\" loading=\"lazy\" src=\"https:\/\/i2.wp.com\/www.cirkuseros.nu\/app\/uploads\/2016\/12\/gallerybanner_heligmark.jpg?resize=584%2C104&#038;ssl=1\" alt=\"Helig mark\" data-recalc-dims=\"1\" \/><\/a><br \/>\n<a href=\"https:\/\/www.cirkuseros.nu\/index.php\/bild\/egna-bilder\/galleri-cool-redhead-in-my-room\/\"><img decoding=\"async\" loading=\"lazy\" src=\"https:\/\/i0.wp.com\/www.cirkuseros.nu\/app\/uploads\/2016\/12\/gallerybanner_cool_redhead.jpg?resize=584%2C104&#038;ssl=1\" alt=\"Cool redhead in my room\" data-recalc-dims=\"1\" \/><\/a><br \/>\n<a href=\"https:\/\/www.cirkuseros.nu\/index.php\/bild\/egna-bilder\/galleri-en-angel-i-ateljen\/\"><img decoding=\"async\" loading=\"lazy\" src=\"https:\/\/i2.wp.com\/www.cirkuseros.nu\/app\/uploads\/2016\/10\/gallerybanner_angel_ateljen.jpg?resize=584%2C104&#038;ssl=1\" alt=\"En \u00e4ngel i atelj\u00e9n\" data-recalc-dims=\"1\" \/><\/a><br \/>\n<a href=\"https:\/\/www.cirkuseros.nu\/index.php\/bild\/egna-bilder\/galleri-susanna-i-studion\/\"><img decoding=\"async\" loading=\"lazy\" src=\"https:\/\/i2.wp.com\/www.cirkuseros.nu\/app\/uploads\/2016\/10\/gallerybanner_susannastudion.jpg?resize=584%2C104&#038;ssl=1\" alt=\"Susanna i studion\" data-recalc-dims=\"1\" \/><\/a><br \/>\n<a href=\"https:\/\/www.cirkuseros.nu\/index.php\/bild\/egna-bilder\/galleri-galerie-noir\/\"><img decoding=\"async\" loading=\"lazy\" src=\"https:\/\/i1.wp.com\/www.cirkuseros.nu\/app\/uploads\/2016\/12\/gallerybanner_galerienoir.jpg?resize=584%2C104&#038;ssl=1\" alt=\"Galerie Noir\" data-recalc-dims=\"1\" \/><\/a><\/p>\n<p><img decoding=\"async\" loading=\"lazy\" src=\"https:\/\/i0.wp.com\/www.cirkuseros.nu\/app\/uploads\/2017\/01\/heartline_584.gif?resize=584%2C20&#038;ssl=1\" alt=\"Heartline\" data-recalc-dims=\"1\" \/><span style=\"font-family: AGaramond, Garamond, Jenson, serif; font-size: x-large;\"><span style=\"color: #800000;\"><strong>Vill du vara med p\u00e5 Cirkus Eros?<\/strong><\/span><\/span><br \/>\n<strong>Tycker du om bilderna p\u00e5 denna hemsida?<\/strong> Skulle du\/ni kunna t\u00e4nka dig\/er att bli avtecknad, m\u00e5lad eller fotograferad av mig? \u00c4r ni kanske ett \u00e4lskande par som \u00e4r modiga nog att bli fotograferade, och vill se h\u00e4rliga bilder av er sj\u00e4lva i era mest njutbara stunder?<br \/>\nDu som kan t\u00e4nka dig att vara med p\u00e5 bild p\u00e5 Cirkus Eros &#8211; foto, illustration eller m\u00e5leri &#8211; l\u00e4s mer p\u00e5 sidan<a href=\"https:\/\/www.cirkuseros.nu\/index.php\/bild\/bli-var-modell\/\"><strong> Bli v\u00e5r modell<\/strong><strong>! \u00bb<\/strong><\/a><\/p>\n<p><img decoding=\"async\" loading=\"lazy\" src=\"https:\/\/i0.wp.com\/www.cirkuseros.nu\/app\/uploads\/2017\/01\/heartline_584.gif?resize=584%2C20&#038;ssl=1\" alt=\"Heartline\" data-recalc-dims=\"1\" \/><span style=\"font-family: AGaramond, Garamond, Jenson, serif; font-size: x-large;\"><span style=\"color: #800000;\"><strong>Vill du anlita mig f\u00f6r privat fotografering?<\/strong><\/span><\/span><br \/>\n<strong>Sexiga bilder av dig sj\u00e4lv till flickv\u00e4nnen\/pojkv\u00e4nnen?<\/strong> Vill du och din partner ha vackra bilder av er sj\u00e4lva i era mest intima och lyckliga stunder? Romantiskt, eller supererotiskt \u2013 eller b\u00e5de och? Ni kan anlita mig f\u00f6r privata fotosessioner. Diskretion garanteras.<br \/>\n<strong>L\u00e4s mer p\u00e5 sidan <a href=\"https:\/\/www.cirkuseros.nu\/index.php\/bild\/uppdrag\/\">Fotouppdrag \u2013 bilder p\u00e5 best\u00e4llning! \u00bb<\/a><\/strong><\/p>\n<p><img decoding=\"async\" loading=\"lazy\" src=\"https:\/\/i0.wp.com\/www.cirkuseros.nu\/app\/uploads\/2017\/01\/heartline_584.gif?resize=584%2C20&#038;ssl=1\" alt=\"Heartline\" data-recalc-dims=\"1\" \/><\/p>\n<p><img decoding=\"async\" loading=\"lazy\" src=\"https:\/\/i2.wp.com\/www.cirkuseros.nu\/app\/uploads\/2016\/10\/fri_kursbanner_ani.gif?resize=584%2C140&#038;ssl=1\" alt=\"Cirkus Eros - erotik f\u00f6r finsmakare\" data-recalc-dims=\"1\" \/><\/p>\n","protected":false},"excerpt":{"rendered":"<p>N\u00e4r jag skapade hemsidan Cirkus Eros 1999 var bilder och noveller det enda inneh\u00e5llet, och dessa tv\u00e5 utg\u00f6r alltj\u00e4mt basen f\u00f6r Cirkus Eros. Det som framf\u00f6r allt har kommit till \u00e4r artiklar och kursinformation. P\u00e5 denna sida bjuder jag f\u00f6r &hellip; <a href=\"https:\/\/www.cirkuseros.nu\/index.php\/bild\/egna-bilder\/\">Forts\u00e4tt l\u00e4sa <span class=\"meta-nav\">&rarr;<\/span><\/a><\/p>\n","protected":false},"author":2,"featured_media":0,"parent":33,"menu_order":1,"comment_status":"closed","ping_status":"closed","template":"sidebar-page.php","meta":[],"_links":{"self":[{"href":"https:\/\/www.cirkuseros.nu\/index.php\/wp-json\/wp\/v2\/pages\/46"}],"collection":[{"href":"https:\/\/www.cirkuseros.nu\/index.php\/wp-json\/wp\/v2\/pages"}],"about":[{"href":"https:\/\/www.cirkuseros.nu\/index.php\/wp-json\/wp\/v2\/types\/page"}],"author":[{"embeddable":true,"href":"https:\/\/www.cirkuseros.nu\/index.php\/wp-json\/wp\/v2\/users\/2"}],"replies":[{"embeddable":true,"href":"https:\/\/www.cirkuseros.nu\/index.php\/wp-json\/wp\/v2\/comments?post=46"}],"version-history":[{"count":49,"href":"https:\/\/www.cirkuseros.nu\/index.php\/wp-json\/wp\/v2\/pages\/46\/revisions"}],"predecessor-version":[{"id":13228,"href":"https:\/\/www.cirkuseros.nu\/index.php\/wp-json\/wp\/v2\/pages\/46\/revisions\/13228"}],"up":[{"embeddable":true,"href":"https:\/\/www.cirkuseros.nu\/index.php\/wp-json\/wp\/v2\/pages\/33"}],"wp:attachment":[{"href":"https:\/\/www.cirkuseros.nu\/index.php\/wp-json\/wp\/v2\/media?parent=46"}],"curies":[{"name":"wp","href":"https:\/\/api.w.org\/{rel}","templated":true}]}}