{"id":4682,"date":"2016-12-16T20:52:08","date_gmt":"2016-12-16T19:52:08","guid":{"rendered":"https:\/\/cirkuseros.wordpress.com\/?page_id=4682"},"modified":"2023-09-27T11:18:53","modified_gmt":"2023-09-27T09:18:53","slug":"sexkoparna-var-tids-nya-syndabockar","status":"publish","type":"page","link":"https:\/\/www.cirkuseros.nu\/index.php\/text\/artiklar\/artiklar-av-calle-rehbinder\/sexkoparna-var-tids-nya-syndabockar\/","title":{"rendered":"Sexk\u00f6parna \u2013 v\u00e5r tids nya syndabockar"},"content":{"rendered":"<p><img decoding=\"async\" loading=\"lazy\" src=\"https:\/\/i2.wp.com\/www.cirkuseros.nu\/app\/uploads\/2016\/12\/svt_opinion_sexkop.jpg?resize=584%2C364&#038;ssl=1\" alt=\"SVT Opinion 2014 om sexk\u00f6p\" data-recalc-dims=\"1\" \/><\/p>\n<p><strong>D\u00e5 och d\u00e5 blir jag ombedd att skriva debattartiklar<\/strong> i olika \u00e4mnen, och ofta handlar det om sex och nakenhet. N\u00e4r det inte handlar om yttrandefrihet eller droger, eller n\u00e5got annat br\u00e4nnande som de flesta inte v\u00e5gar ta i. Sj\u00e4lv gillar jag kontroversiella \u00e4mnen, eftersom just allt det d\u00e4r som \u00e4r tabubelagt ofta \u00e4r alldeles s\u00e4rskilt intressant, och ber\u00e4ttar som regel v\u00e4ldigt mycket om oss som m\u00e4nniskor. Sex, droger, pengar, d\u00f6den, religion \u2013\u00a0exempelvis.<\/p>\n<p><strong>Denna artikel best\u00e4lldes av SVT Opinion<\/strong>, inf\u00f6r ett SVT Debatt med tema sexk\u00f6p. Jag blev f\u00f6rst\u00e5s ocks\u00e5 inbjuden att delta i TV-programmet, vilket var mycket intressant. Hatniv\u00e5n i studion var den h\u00f6gsta jag upplevt n\u00e5gonsin \u2013 och d\u00e5 var det \u00e4nd\u00e5 den \u00e5ttonde eller nionde g\u00e5ngen jag var med i detta program. Mycket intressant.<br \/>\nEventuellt g\u00e5r det fortfarande att se debatten <a href=\"https:\/\/youtu.be\/jkxHScF549I\"><strong>h\u00e4r p\u00e5 YouTube<\/strong><\/a>.<\/p>\n<p><img decoding=\"async\" loading=\"lazy\" src=\"https:\/\/i2.wp.com\/www.cirkuseros.nu\/app\/uploads\/2016\/12\/svt_debatt_sexkop.jpg?resize=584%2C365&#038;ssl=1\" alt=\"SVT Debatt om sexk\u00f6p\" data-recalc-dims=\"1\" \/><\/p>\n<p><img decoding=\"async\" loading=\"lazy\" src=\"https:\/\/i0.wp.com\/www.cirkuseros.nu\/app\/uploads\/2017\/01\/heartline_584.gif?resize=584%2C20&#038;ssl=1\" alt=\"Heartline\" data-recalc-dims=\"1\" \/><\/p>\n<p><span style=\"font-family: AGaramond, Garamond, Jenson, serif; font-size: x-large;\"><span style=\"color: #800000;\"><strong>Carl Johan Rehbinder om stigmatisering av sexk\u00f6p:<\/strong><br \/>\n<\/span><\/span><\/p>\n<p><strong>Att hata folk som k\u00f6per sex \u00e4r i dag fullt legitimt. Men verkligheten \u00e4r mer komplex \u00e4n s\u00e5 \u2013 m\u00e5nga som s\u00e4ljer sex g\u00f6r det av fri vilja, och de \u00e4r tr\u00f6tta p\u00e5 folks f\u00f6rdomar.<\/strong><\/p>\n<p><strong>I samma stund som vi m\u00e4nniskor f\u00f6rstod<\/strong> att det kunde vara mer gynnsamt att bedriva handel, byta varor och tj\u00e4nster, s\u00e5 blev f\u00f6rst\u00e5s \u00e4ven sex en v\u00e4rdefull valuta att byta med. Avancerade primater, som exempelvis schimpanser, g\u00f6r det ocks\u00e5. Det \u00e4r en evolution\u00e4r adaption, vilket g\u00f6r att det \u00e4r extremt osannolikt att vi n\u00e5gonsin kommer att f\u00e5 stopp p\u00e5 det, hur mycket vi \u00e4n f\u00f6rs\u00f6ker f\u00f6rbjuda det, hur h\u00e5rda straff vi \u00e4n utm\u00e4ter.<\/p>\n<p>Det finns inget som i sig \u00e4r perverst. Vad som \u00e4r avvikande och o\u00f6nskat best\u00e4ms inte av en enskild m\u00e4nniskas agerande eller natur. Det styrs av omgivningens \u00f6verenskomna v\u00e4rderingar och domar. Det som f\u00f6r tillf\u00e4llet betraktas som moraliskt fel avg\u00f6r vilka som \u00e4r de perversa, de utst\u00f6tta, syndabockarna. Och det v\u00e4xlar. De som \u00e4r syndabockar i dag \u00e4r respekterade i morgon \u2013 och tv\u00e4rtom.<\/p>\n<p><strong>Varje kultur och varje tid beh\u00f6ver sina favoritsyndabockar, de perversa som det \u00e4r legitimt att hata.<\/strong><\/p>\n<p>P\u00e5 1950-talet var det b\u00f6gar och kommunister, och i dag har vi pedofiler och terrorister. Och sexk\u00f6pare. Det verkar som att det alltid m\u00e5ste finnas n\u00e5gra vi m\u00e4nniskor kan projicera all frustration p\u00e5, allt hat, f\u00f6rakt och behov att f\u00f6rd\u00f6ma.<\/p>\n<p>Nuf\u00f6rtiden \u00e4r det fullt legitimt att hata torskarna, horbockarna \u2013 alltid m\u00e4nnen \u2013 som man sj\u00e4lvklart st\u00e4mplar som \u00e5 ena sidan misslyckade och oattraktiva som inte kan f\u00e5 sex utan att betala, \u00e5 andra sidan vidriga bestar som utnyttjar stackars viljel\u00f6sa v\u00e5p f\u00f6r sin egen l\u00e5ga njutnings skull, helt utan att ta n\u00e5gon h\u00e4nsyn till den utnyttjades k\u00e4nslor och upplevelse.<\/p>\n<p><strong>Att verkligheten \u00e4r oerh\u00f6rt mycket mer komplex \u00e4n s\u00e5 beh\u00f6ver man inte ta h\u00e4nsyn till om man har den ideologiska r\u00e4tten p\u00e5 sin sida. Att det finns sexarbetare som ser det som sin livsuppgift och gl\u00e4dje att s\u00e4lja sex till funktionshindrade, eller bara v\u00e4ldigt r\u00e4dda och blyga personer, \u00e4r irrelevant.<\/strong><\/p>\n<p>\u00c4nnu v\u00e4rre \u00e4r det med horstigmat. F\u00f6r att fullt ut kunna d\u00f6ma sexk\u00f6parna som patetiska psykopater m\u00e5ste hela bilden m\u00e5las svart. Det f\u00e5r aldrig anas att de som s\u00e4ljer sex kan ha gjort ett medvetet val, eller kanske till och med \u2013 gud f\u00f6rbjude \u2013 trivs med sitt yrkesval. Det skulle rasera moralisternas \u201dgoda\u201d sj\u00e4lvbild totalt.<\/p>\n<p>Allts\u00e5 uts\u00e4tter man sexarbetarna f\u00f6r den optimala f\u00f6rnedringen \u2013 man omyndigf\u00f6rklarar dem, patologiserar dem, osynligg\u00f6r dem, och skildrar dem som hj\u00e4lpl\u00f6sa offer, of\u00f6rm\u00f6gna att fatta beslut. Och man tycker synd om dem \u2013 den v\u00e4rsta formen av subtil arrogans.<\/p>\n<p><strong>I Nya Zeeland har man valt en annan v\u00e4g.<\/strong> D\u00e4r har man helt avkriminaliserat all sexhandel, men man har inf\u00f6rt strikta lagar som skyddar sexarbetarna. En sexs\u00e4ljare har alltid r\u00e4tt att s\u00e4ga nej till en kund, att v\u00e4lja \u2013 \u00e4ven som anst\u00e4lld p\u00e5 en bordell. Det \u00e4r ett lagbrott redan att be om att f\u00e5 ha oskyddat sex. En sexarbetare som vill sluta s\u00e4lja sex f\u00e5r motsvarande a-kassa fr\u00e5n dag ett.<\/p>\n<p>Detta har inte lett till en \u00f6kning i handeln, inte en s\u00e4nkning heller \u2013 men en kraftigt f\u00f6rh\u00f6jd livskvalitet hos de som s\u00e4ljer sexuella tj\u00e4nster. Men det g\u00e5r inte h\u00e4r i Sverige \u2013 vi har ju hororna och horbockarna som v\u00e5ra offer och f\u00f6r\u00f6vare att hata och tycka synd om.<\/p>\n<p><strong>Vi pratar om dem, men aldrig med dem. Vem fr\u00e5gar hororna och horbockarna vad de tycker och k\u00e4nner? Att fr\u00e5ga sexarbetarna vad de tycker om ett lagf\u00f6rslag som ber\u00f6r just sexarbetare skulle ju underminera hela den moraliska krokanen, sticka h\u00e5l p\u00e5 ballongen.<\/strong><\/p>\n<p>B\u00e4ttre att bara uppr\u00e4tth\u00e5lla myten om den olyckliga horan och den \u00e4ckliga kunden. Allt f\u00f6r att vi ska f\u00e5 ha v\u00e5ra syndabockar i fred, legitima m\u00e5ltavlor f\u00f6r hat och f\u00f6rakt.<\/p>\n<p><img decoding=\"async\" loading=\"lazy\" src=\"https:\/\/i1.wp.com\/www.cirkuseros.nu\/app\/uploads\/2016\/11\/tunnlinjeoriginal_584.gif?resize=584%2C8&#038;ssl=1\" alt=\"\" data-recalc-dims=\"1\" \/><a href=\"https:\/\/www.cirkuseros.nu\/index.php\/text\/artiklar\/artiklar-av-calle-rehbinder\/\"><strong>Tillbaka till Artiklar \u2022 Politik &amp; debatt \u00bb<\/strong><\/a><\/p>\n<p><img decoding=\"async\" loading=\"lazy\" src=\"https:\/\/i0.wp.com\/www.cirkuseros.nu\/app\/uploads\/2017\/01\/heartline_584.gif?resize=584%2C20&#038;ssl=1\" alt=\"Heartline\" data-recalc-dims=\"1\" \/><\/p>\n<p><img decoding=\"async\" loading=\"lazy\" src=\"https:\/\/i2.wp.com\/www.cirkuseros.nu\/app\/uploads\/2016\/10\/fri_kursbanner_ani.gif?resize=584%2C140&#038;ssl=1\" alt=\"\" data-recalc-dims=\"1\" \/><\/p>\n","protected":false},"excerpt":{"rendered":"<p>D\u00e5 och d\u00e5 blir jag ombedd att skriva debattartiklar i olika \u00e4mnen, och ofta handlar det om sex och nakenhet. N\u00e4r det inte handlar om yttrandefrihet eller droger, eller n\u00e5got annat br\u00e4nnande som de flesta inte v\u00e5gar ta i. Sj\u00e4lv &hellip; <a href=\"https:\/\/www.cirkuseros.nu\/index.php\/text\/artiklar\/artiklar-av-calle-rehbinder\/sexkoparna-var-tids-nya-syndabockar\/\">Forts\u00e4tt l\u00e4sa <span class=\"meta-nav\">&rarr;<\/span><\/a><\/p>\n","protected":false},"author":1,"featured_media":0,"parent":1021,"menu_order":30,"comment_status":"closed","ping_status":"closed","template":"sidebar-page.php","meta":[],"_links":{"self":[{"href":"https:\/\/www.cirkuseros.nu\/index.php\/wp-json\/wp\/v2\/pages\/4682"}],"collection":[{"href":"https:\/\/www.cirkuseros.nu\/index.php\/wp-json\/wp\/v2\/pages"}],"about":[{"href":"https:\/\/www.cirkuseros.nu\/index.php\/wp-json\/wp\/v2\/types\/page"}],"author":[{"embeddable":true,"href":"https:\/\/www.cirkuseros.nu\/index.php\/wp-json\/wp\/v2\/users\/1"}],"replies":[{"embeddable":true,"href":"https:\/\/www.cirkuseros.nu\/index.php\/wp-json\/wp\/v2\/comments?post=4682"}],"version-history":[{"count":5,"href":"https:\/\/www.cirkuseros.nu\/index.php\/wp-json\/wp\/v2\/pages\/4682\/revisions"}],"predecessor-version":[{"id":13374,"href":"https:\/\/www.cirkuseros.nu\/index.php\/wp-json\/wp\/v2\/pages\/4682\/revisions\/13374"}],"up":[{"embeddable":true,"href":"https:\/\/www.cirkuseros.nu\/index.php\/wp-json\/wp\/v2\/pages\/1021"}],"wp:attachment":[{"href":"https:\/\/www.cirkuseros.nu\/index.php\/wp-json\/wp\/v2\/media?parent=4682"}],"curies":[{"name":"wp","href":"https:\/\/api.w.org\/{rel}","templated":true}]}}