{"id":5376,"date":"2017-01-23T16:41:27","date_gmt":"2017-01-23T15:41:27","guid":{"rendered":"https:\/\/cirkuseros.wordpress.com\/?page_id=5376"},"modified":"2017-10-23T16:53:23","modified_gmt":"2017-10-23T14:53:23","slug":"q-kar-recension-skona-grejer","status":"publish","type":"page","link":"https:\/\/www.cirkuseros.nu\/index.php\/recensioner\/skona-grejer-bocker\/q-kar-recension-skona-grejer\/","title":{"rendered":"Q-kar \u2022 Recension Sk\u00f6na grejer"},"content":{"rendered":"<p><img decoding=\"async\" loading=\"lazy\" src=\"https:\/\/i0.wp.com\/www.cirkuseros.nu\/app\/uploads\/2016\/10\/banner_skonagrejer_584x90.jpg?resize=584%2C90&#038;ssl=1\" alt=\"Sk\u00f6na Grejer\" data-recalc-dims=\"1\" \/><br \/>\n<a href=\"https:\/\/www.cirkuseros.nu\/index.php\/text\/recensioner\/\"><strong>Tillbaka till Sk\u00f6na grejer \u00bb<\/strong><\/a><br \/>\n<a href=\"https:\/\/www.cirkuseros.nu\/index.php\/text\/recensioner\/skona-grejer-bocker\/\"><strong>Tillbaka till Sk\u00f6na grejer \u2022 b\u00f6cker \u00bb<\/strong><\/a><br \/>\n<img decoding=\"async\" loading=\"lazy\" src=\"https:\/\/cirkuseros.files.wordpress.com\/2016\/11\/tunnlinjeoriginal_584.gif?resize=584%2C8\" alt=\"linje\" data-recalc-dims=\"1\" \/><br \/>\n<span style=\"color: #800000;\"><strong><span style=\"font-family: Verdana, Geneva, Arial, Helvetica, Sans serif; font-size: large;\">Recension: Q-kar \u2013 nyskapande erotik av (Y)<\/span><\/strong><\/span><\/p>\n<p><strong><img data-attachment-id=\"5393\" data-permalink=\"https:\/\/www.cirkuseros.nu\/index.php\/recensioner\/skona-grejer-bocker\/q-kar-recension-skona-grejer\/qkar_stor\/\" data-orig-file=\"https:\/\/i0.wp.com\/www.cirkuseros.nu\/app\/uploads\/2017\/01\/qkar_stor.jpg?fit=240%2C336&amp;ssl=1\" data-orig-size=\"240,336\" data-comments-opened=\"1\" data-image-meta=\"{&quot;aperture&quot;:&quot;0&quot;,&quot;credit&quot;:&quot;&quot;,&quot;camera&quot;:&quot;&quot;,&quot;caption&quot;:&quot;&quot;,&quot;created_timestamp&quot;:&quot;0&quot;,&quot;copyright&quot;:&quot;&quot;,&quot;focal_length&quot;:&quot;0&quot;,&quot;iso&quot;:&quot;0&quot;,&quot;shutter_speed&quot;:&quot;0&quot;,&quot;title&quot;:&quot;&quot;,&quot;orientation&quot;:&quot;0&quot;}\" data-image-title=\"qkar_stor\" data-image-description=\"&lt;p&gt;Q-kar&lt;\/p&gt;\n\" data-medium-file=\"https:\/\/i0.wp.com\/www.cirkuseros.nu\/app\/uploads\/2017\/01\/qkar_stor.jpg?fit=214%2C300&amp;ssl=1\" data-large-file=\"https:\/\/i0.wp.com\/www.cirkuseros.nu\/app\/uploads\/2017\/01\/qkar_stor.jpg?fit=240%2C336&amp;ssl=1\" decoding=\"async\" loading=\"lazy\" class=\"alignright size-full wp-image-5393\" src=\"https:\/\/i0.wp.com\/www.cirkuseros.nu\/app\/uploads\/2017\/01\/qkar_stor.jpg?resize=240%2C336&#038;ssl=1\" alt=\"Q-kar\" data-recalc-dims=\"1\" \/>Ylva Maria Thompson<br \/>\nHydra F\u00f6rlag 2008<\/strong><\/p>\n<p><strong>Ylva Maria Thompson \u00e4r \u00e5terigen aktuell<\/strong> \u2013 nu med en bok. Det \u00e4r en novellsamling som i sig \u00e4r en pastisch p\u00e5 den spanske f\u00f6rfattaren Juan Manuel Pradas underbara lilla bok Fittor, som inneh\u00e5ller ett antal mer eller mindre burleska och surrealistiska, hisnande metaforsp\u00e4ckade noveller om olika fittor \u2013 Cellistens fitta, Fakirkvinnans fitta, Dockors fitta, Lejont\u00e4mjerskans fitta, den kataleptiska fittan, mumiernas fittor, s\u00f6mng\u00e5ngerskornas fittor \u2013 och m\u00e5nga andra fittor.<\/p>\n<p><strong>Ylvas bok handlar om kukar<\/strong>, mannens specifika behag, och \u00e4ven hon g\u00f6r korta betraktelser \u00f6ver olika slags kukar, ofta p\u00e5 samma svulstigt expressiva s\u00e4tt, men samtidigt med eftert\u00e4nksamt filosofiska tankeg\u00e5ngar, alltid humoristiska och underh\u00e5llande, samt med mycket k\u00e4rlek och innerlighet. D\u00e4r finns Eldslukarens kuk, Trollkarlens kuk, Kukar i bastun, Guds kuk, Skogsmulles kuk, Den tveh\u00f6vdade gummikuken, Den tyske kannibalens kuk, Kukar jag minns \u2013 och m\u00e5nga, m\u00e5nga fler.<\/p>\n<p><strong>Det \u00e4r sv\u00e5rt att g\u00f6ra en pastisch<\/strong> som inte bara blir en blek efterapning \u2013 men Ylva lyckas f\u00f6rv\u00e5nansv\u00e4rt bra, i det att det blir ett alldeles eget litter\u00e4rt verk med ett eget konstn\u00e4rligt och inneh\u00e5llsm\u00e4ssigt v\u00e4rde, fittorna f\u00f6rutan, om man s\u00e4ger s\u00e5. Ber\u00e4ttelserna \u00e4r personliga, roliga, h\u00e4rligt befriande i sitt oneurotiska uppskattande av m\u00e4nnens annars s\u00e5 skambelagda behag. En synnerligen lyckad pastisch, med andra ord.<\/p>\n<p><strong>Anonyma exhibitionister<\/strong> var namnet p\u00e5 en utst\u00e4llning som Ylva Maria gjorde f\u00f6r n\u00e5gra \u00e5r sedan, som utgick fr\u00e5n 100 gipsavgjutningar av lika m\u00e5nga olika kvinnors fittor. Denna utst\u00e4llning blev ocks\u00e5 en affisch, och en liten bilderbok. S\u00e5 fittorna har grundligt penetrerats (som konstn\u00e4rligt motiv menar jag f\u00f6rst\u00e5s\u2026) av Ylva Maria, och d\u00e4rf\u00f6r \u00e4r det v\u00e4l p\u00e5 sin plats att \u00e4ven skildra m\u00e4nnens k\u00f6n.<\/p>\n<p><strong>Jag antar att det \u00e4ntligen \u00e4r dags<\/strong> f\u00f6r kukarna att komma till heders, att vi m\u00e4n \u00e4ntligen kan f\u00e5 vara s\u00e5 stolta \u00f6ver v\u00e5ra lemmar som vi innerst inne \u00e4r, utan att beh\u00f6va sk\u00e4mmas f\u00f6r det. Att den manliga sexualiteten inte beh\u00f6ver vara hotfull och farlig f\u00f6r kvinnor, utan snarare skoj och sp\u00e4nnande, n\u00e5got att njuta av. Och d\u00e5 ska det v\u00e4l till en riktig vamp som Ylva Maria Thompson f\u00f6r att f\u00e5 till en s\u00e5dan hyllning\u2026<\/p>\n<p><strong>Ylva Maria Thompson \u00e4r en av mina favoritfeminister<\/strong>, i det att hon aldrig har fallit f\u00f6r frestelsen att r\u00e4tta sig in i ledet av politiskt korrekt, nyfeministisk sexualfientlighet och manshat, och framf\u00f6r allt f\u00f6r att hon aldrig identifierat sig som ett offer \u2013 f\u00f6r n\u00e5gon, n\u00e5gonsin. Hon \u00e4r en stark och initiativtagande konstn\u00e4rinna med stor integritet, intelligens, lekfullhet och engagemang.<\/p>\n<p><strong>L\u00e4s och njut!<\/strong><\/p>\n<p>Carl Johan Rehbinder 2008<\/p>\n<p><img decoding=\"async\" loading=\"lazy\" src=\"https:\/\/cirkuseros.files.wordpress.com\/2016\/11\/tunnlinjeoriginal_584.gif?resize=584%2C8\" alt=\"linje\" data-recalc-dims=\"1\" \/><br \/>\n<a href=\"https:\/\/www.cirkuseros.nu\/index.php\/text\/recensioner\/\"><strong>Tillbaka till Sk\u00f6na grejer \u00bb<\/strong><\/a><br \/>\n<a href=\"https:\/\/www.cirkuseros.nu\/index.php\/text\/recensioner\/skona-grejer-bocker\/\"><strong>Tillbaka till Sk\u00f6na grejer \u2022 b\u00f6cker \u00bb<\/strong><\/a><br \/>\n<img decoding=\"async\" loading=\"lazy\" src=\"https:\/\/i0.wp.com\/www.cirkuseros.nu\/app\/uploads\/2017\/01\/heartline_584.gif?resize=584%2C20&#038;ssl=1\" alt=\"Heartline\" data-recalc-dims=\"1\" \/><\/p>\n<p><img decoding=\"async\" loading=\"lazy\" src=\"https:\/\/cirkuseros.files.wordpress.com\/2016\/10\/fri_kursbanner_ani.gif?resize=584%2C140\" alt=\"Cirkus Eros - erotik f\u00f6r finsmakare\" data-recalc-dims=\"1\" \/><\/p>\n","protected":false},"excerpt":{"rendered":"<p>Tillbaka till Sk\u00f6na grejer \u00bb Tillbaka till Sk\u00f6na grejer \u2022 b\u00f6cker \u00bb Recension: Q-kar \u2013 nyskapande erotik av (Y) Ylva Maria Thompson Hydra F\u00f6rlag 2008 Ylva Maria Thompson \u00e4r \u00e5terigen aktuell \u2013 nu med en bok. Det \u00e4r en novellsamling &hellip; <a href=\"https:\/\/www.cirkuseros.nu\/index.php\/recensioner\/skona-grejer-bocker\/q-kar-recension-skona-grejer\/\">Forts\u00e4tt l\u00e4sa <span class=\"meta-nav\">&rarr;<\/span><\/a><\/p>\n","protected":false},"author":1,"featured_media":0,"parent":1260,"menu_order":2,"comment_status":"closed","ping_status":"closed","template":"sidebar-page.php","meta":[],"_links":{"self":[{"href":"https:\/\/www.cirkuseros.nu\/index.php\/wp-json\/wp\/v2\/pages\/5376"}],"collection":[{"href":"https:\/\/www.cirkuseros.nu\/index.php\/wp-json\/wp\/v2\/pages"}],"about":[{"href":"https:\/\/www.cirkuseros.nu\/index.php\/wp-json\/wp\/v2\/types\/page"}],"author":[{"embeddable":true,"href":"https:\/\/www.cirkuseros.nu\/index.php\/wp-json\/wp\/v2\/users\/1"}],"replies":[{"embeddable":true,"href":"https:\/\/www.cirkuseros.nu\/index.php\/wp-json\/wp\/v2\/comments?post=5376"}],"version-history":[{"count":3,"href":"https:\/\/www.cirkuseros.nu\/index.php\/wp-json\/wp\/v2\/pages\/5376\/revisions"}],"predecessor-version":[{"id":8768,"href":"https:\/\/www.cirkuseros.nu\/index.php\/wp-json\/wp\/v2\/pages\/5376\/revisions\/8768"}],"up":[{"embeddable":true,"href":"https:\/\/www.cirkuseros.nu\/index.php\/wp-json\/wp\/v2\/pages\/1260"}],"wp:attachment":[{"href":"https:\/\/www.cirkuseros.nu\/index.php\/wp-json\/wp\/v2\/media?parent=5376"}],"curies":[{"name":"wp","href":"https:\/\/api.w.org\/{rel}","templated":true}]}}