{"id":5499,"date":"2017-01-29T16:04:03","date_gmt":"2017-01-29T15:04:03","guid":{"rendered":"https:\/\/cirkuseros.wordpress.com\/?page_id=5499"},"modified":"2017-10-23T16:58:54","modified_gmt":"2017-10-23T14:58:54","slug":"larven-fun-factory-recension-skona-grejer","status":"publish","type":"page","link":"https:\/\/www.cirkuseros.nu\/index.php\/recensioner\/skona-grejer-sexleksaker\/larven-fun-factory-recension-skona-grejer\/","title":{"rendered":"Larven, Fun Factory"},"content":{"rendered":"<p><img decoding=\"async\" loading=\"lazy\" src=\"https:\/\/i0.wp.com\/www.cirkuseros.nu\/app\/uploads\/2016\/10\/banner_skonagrejer_584x90.jpg?resize=584%2C90&#038;ssl=1\" alt=\"Sk\u00f6na Grejer\" data-recalc-dims=\"1\" \/><br \/>\n<a href=\"https:\/\/www.cirkuseros.nu\/index.php\/text\/recensioner\/\"><strong>Tillbaka till Sk\u00f6na grejer \u00bb<\/strong><\/a><br \/>\n<a href=\"https:\/\/www.cirkuseros.nu\/index.php\/text\/recensioner\/skona-grejer-sexleksaker\/\"><strong>Tillbaka till Sk\u00f6na grejer \u2022 sexleksaker \u00bb<\/strong><\/a><br \/>\n<img decoding=\"async\" loading=\"lazy\" src=\"https:\/\/cirkuseros.files.wordpress.com\/2016\/11\/tunnlinjeoriginal_584.gif?resize=584%2C8\" alt=\"linje\" data-recalc-dims=\"1\" \/><br \/>\n<span style=\"color: #800000;\"><strong><span style=\"font-family: Verdana, Geneva, Arial, Helvetica, Sans serif; font-size: large;\">Larven<\/span><\/strong><\/span><\/p>\n<p><img decoding=\"async\" loading=\"lazy\" src=\"https:\/\/i1.wp.com\/www.cirkuseros.nu\/app\/uploads\/2017\/01\/larven.gif?resize=450%2C229&#038;ssl=1\" alt=\"Larven\" data-recalc-dims=\"1\" \/><\/p>\n<p><strong>Detta \u00e4r en av v\u00e5ra tidigaste recensioner<\/strong>, fr\u00e5n b\u00f6rjan av 2000-talet, och det har f\u00f6rst\u00e5s h\u00e4nt v\u00e4ldigt mycket med utbudet av sexleksaker sedan dess \u2013 men vi l\u00e5ter recensionen stanna kvar p\u00e5 sidan, l\u00e4tt uppdaterad, lite som referens bak\u00e5t f\u00f6r att se vad vi har pr\u00f6vat genom \u00e5ren.<\/p>\n<p><strong>Fr\u00e5n tyska <a href=\"https:\/\/www.funfactory.com\/\" target=\"_blank\">Fun Factory<\/a><\/strong> kommer en hel serie med v\u00e4ldigt fina vibratorer och dildosar i olika f\u00e4rg och form \u2013 samt en dr\u00f6s andra fina produkter, som geishakulor, analpluggar, kukringar och lite annat sm\u00e5tt och gott. N\u00e4r vi fick denna vibrator f\u00f6r m\u00e5nga \u00e5r sedan, fanns de i olika djurskepnader, som t.ex. v\u00e5rt testexemplar, som n\u00e4rmast ser ut som en glad larv, men det fanns ocks\u00e5 en som s\u00e5g ut som en delfin, och \u00e4ven som symboliska figurer representerande stj\u00e4rntecknen. \u00c4r du V\u00e4dur &#8211; k\u00f6p en v\u00e4dursdildo. Eller n\u00e5t s\u00e5nt.<\/p>\n<p><strong>Den astrologiska linjen finns inte l\u00e4ngre<\/strong> i deras sortiment, men jag har faktiskt hittat en liten rosa delfin. Och det finns en stor m\u00e4ngd andra, nyare modeller i olika konfiguration, f\u00f6r olika slags stimulans.<\/p>\n<blockquote><p>&#8221;Denna lilla sak har givit mig m\u00e5nga sk\u00f6na orgasmer &#8211; s\u00e4rskilt i kombination med en liten vibrator. Den \u00e4r tillverkad av ett v\u00e4ldigt sk\u00f6nt silikonmaterial, och \u00e4r l\u00e4tt att h\u00e5lla ren.&#8221;<\/p><\/blockquote>\n<p><strong>Larven \u00e4r tillverkad av silikon av h\u00f6g kvalitet<\/strong>, och precis lagom mjuk\/h\u00e5rd. Dessutom \u00e4r den snygg att titta p\u00e5 &#8211; ser inte alltf\u00f6r kitschigt porrig ut, och kan s\u00e4kert ligga framme i sovrummet utan att man ska beh\u00f6va sk\u00e4mmas rent estetiskt i alla fall. De modeller som finns nu \u00e4r vackrare, men man k\u00e4nner \u00e4nd\u00e5 igen stilen.<\/p>\n<p><img decoding=\"async\" loading=\"lazy\" src=\"https:\/\/i1.wp.com\/www.cirkuseros.nu\/app\/uploads\/2017\/01\/larven_test.gif?resize=450%2C303&#038;ssl=1\" alt=\"Larven\" data-recalc-dims=\"1\" \/><\/p>\n<p><img decoding=\"async\" loading=\"lazy\" src=\"https:\/\/cirkuseros.files.wordpress.com\/2016\/11\/tunnlinjeoriginal_584.gif?resize=584%2C8\" alt=\"linje\" data-recalc-dims=\"1\" \/><br \/>\n<a href=\"https:\/\/www.cirkuseros.nu\/index.php\/text\/recensioner\/\"><strong>Tillbaka till Sk\u00f6na grejer \u00bb<\/strong><\/a><br \/>\n<a href=\"https:\/\/www.cirkuseros.nu\/index.php\/text\/recensioner\/skona-grejer-sexleksaker\/\"><strong>Tillbaka till Sk\u00f6na grejer \u2022 sexleksaker \u00bb<\/strong><\/a><br \/>\n<img decoding=\"async\" loading=\"lazy\" src=\"https:\/\/i0.wp.com\/www.cirkuseros.nu\/app\/uploads\/2017\/01\/heartline_584.gif?resize=584%2C20&#038;ssl=1\" alt=\"Heartline\" data-recalc-dims=\"1\" \/><\/p>\n<p><img decoding=\"async\" loading=\"lazy\" src=\"https:\/\/cirkuseros.files.wordpress.com\/2016\/10\/fri_kursbanner_ani.gif?resize=584%2C140\" alt=\"Cirkus Eros - erotik f\u00f6r finsmakare\" data-recalc-dims=\"1\" \/><\/p>\n","protected":false},"excerpt":{"rendered":"<p>Tillbaka till Sk\u00f6na grejer \u00bb Tillbaka till Sk\u00f6na grejer \u2022 sexleksaker \u00bb Larven Detta \u00e4r en av v\u00e5ra tidigaste recensioner, fr\u00e5n b\u00f6rjan av 2000-talet, och det har f\u00f6rst\u00e5s h\u00e4nt v\u00e4ldigt mycket med utbudet av sexleksaker sedan dess \u2013 men vi &hellip; <a href=\"https:\/\/www.cirkuseros.nu\/index.php\/recensioner\/skona-grejer-sexleksaker\/larven-fun-factory-recension-skona-grejer\/\">Forts\u00e4tt l\u00e4sa <span class=\"meta-nav\">&rarr;<\/span><\/a><\/p>\n","protected":false},"author":1,"featured_media":0,"parent":1229,"menu_order":1,"comment_status":"closed","ping_status":"closed","template":"sidebar-page.php","meta":[],"_links":{"self":[{"href":"https:\/\/www.cirkuseros.nu\/index.php\/wp-json\/wp\/v2\/pages\/5499"}],"collection":[{"href":"https:\/\/www.cirkuseros.nu\/index.php\/wp-json\/wp\/v2\/pages"}],"about":[{"href":"https:\/\/www.cirkuseros.nu\/index.php\/wp-json\/wp\/v2\/types\/page"}],"author":[{"embeddable":true,"href":"https:\/\/www.cirkuseros.nu\/index.php\/wp-json\/wp\/v2\/users\/1"}],"replies":[{"embeddable":true,"href":"https:\/\/www.cirkuseros.nu\/index.php\/wp-json\/wp\/v2\/comments?post=5499"}],"version-history":[{"count":3,"href":"https:\/\/www.cirkuseros.nu\/index.php\/wp-json\/wp\/v2\/pages\/5499\/revisions"}],"predecessor-version":[{"id":8776,"href":"https:\/\/www.cirkuseros.nu\/index.php\/wp-json\/wp\/v2\/pages\/5499\/revisions\/8776"}],"up":[{"embeddable":true,"href":"https:\/\/www.cirkuseros.nu\/index.php\/wp-json\/wp\/v2\/pages\/1229"}],"wp:attachment":[{"href":"https:\/\/www.cirkuseros.nu\/index.php\/wp-json\/wp\/v2\/media?parent=5499"}],"curies":[{"name":"wp","href":"https:\/\/api.w.org\/{rel}","templated":true}]}}