{"id":5505,"date":"2017-01-29T16:09:05","date_gmt":"2017-01-29T15:09:05","guid":{"rendered":"https:\/\/cirkuseros.wordpress.com\/?page_id=5505"},"modified":"2017-10-23T16:59:56","modified_gmt":"2017-10-23T14:59:56","slug":"miss-softie-recension-skona-grejer","status":"publish","type":"page","link":"https:\/\/www.cirkuseros.nu\/index.php\/recensioner\/skona-grejer-sexleksaker\/miss-softie-recension-skona-grejer\/","title":{"rendered":"Miss Softie"},"content":{"rendered":"<p><img decoding=\"async\" loading=\"lazy\" src=\"https:\/\/i0.wp.com\/www.cirkuseros.nu\/app\/uploads\/2016\/10\/banner_skonagrejer_584x90.jpg?resize=584%2C90&#038;ssl=1\" alt=\"Sk\u00f6na Grejer\" data-recalc-dims=\"1\" \/><br \/>\n<a href=\"https:\/\/www.cirkuseros.nu\/index.php\/text\/recensioner\/\"><strong>Tillbaka till Sk\u00f6na grejer \u00bb<\/strong><\/a><br \/>\n<a href=\"https:\/\/www.cirkuseros.nu\/index.php\/text\/recensioner\/skona-grejer-sexleksaker\/\"><strong>Tillbaka till Sk\u00f6na grejer \u2022 sexleksaker \u00bb<\/strong><\/a><br \/>\n<img decoding=\"async\" loading=\"lazy\" src=\"https:\/\/cirkuseros.files.wordpress.com\/2016\/11\/tunnlinjeoriginal_584.gif?resize=584%2C8\" alt=\"linje\" data-recalc-dims=\"1\" \/><br \/>\n<span style=\"color:#800000;\"><strong><span style=\"font-family:Verdana, Geneva, Arial, Helvetica, Sans serif;font-size:large;\">Miss Softie<br \/>\n<\/span><\/strong><\/span><strong>En fantastisk sexleksak f\u00f6r m\u00e4n!<\/strong><\/p>\n<p><img decoding=\"async\" loading=\"lazy\" src=\"https:\/\/i1.wp.com\/www.cirkuseros.nu\/app\/uploads\/2017\/01\/miss_softie_3.gif?resize=400%2C266&#038;ssl=1\" alt=\"Miss Softie\" data-recalc-dims=\"1\" \/><\/p>\n<p><strong>Miss Softie \u00e4r ett riktigt bra onanihj\u00e4lpmedel<\/strong> och njutningsf\u00f6rh\u00f6jare f\u00f6r m\u00e4n! Miss Softie \u00e4r en fantastisk liten sak &#8211; f\u00f6rst och fr\u00e4mst f\u00f6r att den \u00e4r s\u00e5 enkel, och \u00e4nd\u00e5 s\u00e5 enormt njutbar. Dessutom \u00e4r den hygienisk, l\u00e4ttanv\u00e4nd och billig.<\/p>\n<p><strong>Miss Softie \u00e4r en svensk uppfinning<\/strong>, och sannerligen en ov\u00e4ntat h\u00e4ftig upplevelse! Man tycker kanske att fr\u00f6ken H\u00f6ger (eller V\u00e4nster) borde r\u00e4cka alldeles utm\u00e4rkt f\u00f6r att ge en fullgod onaniupplevelse \u2013 men Miss Softie \u00e4r verkligen n\u00e5got extra.<\/p>\n<p><strong>Gl\u00f6m dyra apparater som m\u00e5ste tv\u00e4ttas<\/strong>, meloner och bl\u00e5b\u00e4rspajer, makaronp\u00e5sar och dammsugare &#8211; eller vad helst killar hittar p\u00e5 f\u00f6r att f\u00f6rh\u00f6ja sina onaniupplevelser&#8230;<br \/>\nMiss Softie \u00e4r enkel, prisv\u00e4rd, hygienisk och otroligt sk\u00f6n!<\/p>\n<p><strong>Miss Softie \u00e4r en oerh\u00f6rt enkel konstruktion<\/strong>, men d\u00e4rmed inte sj\u00e4lvklart finessl\u00f6s. Mycket tid och arbete har lagts ned p\u00e5 att utveckla r\u00e4tt plastkvalitet, r\u00e4tt form m.m.<\/p>\n<p><strong><img data-attachment-id=\"5556\" data-permalink=\"https:\/\/www.cirkuseros.nu\/index.php\/recensioner\/skona-grejer-sexleksaker\/miss-softie-recension-skona-grejer\/miss_softie_2\/\" data-orig-file=\"https:\/\/i0.wp.com\/www.cirkuseros.nu\/app\/uploads\/2017\/01\/miss_softie_2.gif?fit=200%2C299&amp;ssl=1\" data-orig-size=\"200,299\" data-comments-opened=\"1\" data-image-meta=\"{&quot;aperture&quot;:&quot;0&quot;,&quot;credit&quot;:&quot;&quot;,&quot;camera&quot;:&quot;&quot;,&quot;caption&quot;:&quot;&quot;,&quot;created_timestamp&quot;:&quot;0&quot;,&quot;copyright&quot;:&quot;&quot;,&quot;focal_length&quot;:&quot;0&quot;,&quot;iso&quot;:&quot;0&quot;,&quot;shutter_speed&quot;:&quot;0&quot;,&quot;title&quot;:&quot;&quot;,&quot;orientation&quot;:&quot;0&quot;}\" data-image-title=\"miss_softie_2\" data-image-description=\"\" data-medium-file=\"https:\/\/i0.wp.com\/www.cirkuseros.nu\/app\/uploads\/2017\/01\/miss_softie_2.gif?fit=200%2C299&amp;ssl=1\" data-large-file=\"https:\/\/i0.wp.com\/www.cirkuseros.nu\/app\/uploads\/2017\/01\/miss_softie_2.gif?fit=200%2C299&amp;ssl=1\" decoding=\"async\" loading=\"lazy\" class=\"alignright size-full wp-image-5556\" src=\"https:\/\/i0.wp.com\/www.cirkuseros.nu\/app\/uploads\/2017\/01\/miss_softie_2.gif?resize=200%2C299&#038;ssl=1\" alt=\"miss_softie_2\" data-recalc-dims=\"1\" \/>Grundkonstruktionen \u00e4r i all enkelhet<\/strong> tv\u00e5 l\u00e5ngsmala plastp\u00e5sar som \u00e4r ihopsvetsade i sidorna. Man fyller de tv\u00e5 beh\u00e5llarna med varmt vatten, knyter ihop, l\u00e4gger p\u00e5 glidmedel &#8211; klart att anv\u00e4nda! Miss Softie \u00e4r en eng\u00e5ngspryl, och beh\u00f6ver d\u00e4rf\u00f6r inte tv\u00e4ttas eller decinficeras. Man klipper upp den och h\u00e4ller ut vattnet efter anv\u00e4ndning, och sl\u00e4nger plasten. Enkelt och hygieniskt.<\/p>\n<p><strong>S\u00e5v\u00e4l kvinnor som m\u00e4n som har k\u00e4nt<\/strong> med fingrarna kan intyga att den k\u00e4nns enormt lik en riktig fitta, Kroppsvarmt vatten, glidmedel och perfekt yta p\u00e5 p\u00e5sen g\u00f6r att den blir n\u00e4stan skr\u00e4mmande lik en riktig fitta runt kuken.<\/p>\n<p><strong>Sj\u00e4lv fick jag en dunderorgasm<\/strong> redan f\u00f6rsta testet! B\u00e4sta onaniorgasmen jag n\u00e5nsin f\u00e5tt, tror jag. Och inget tyder p\u00e5 att upplevelsen mattas efter hand. Man f\u00e5r f\u00f6rst\u00e5s bortse fr\u00e5n att man h\u00e5ller i en plastp\u00e5se med tryckta instruktioner, och att det kan uppst\u00e5 ett l\u00e4tt skvalpande ljud, alternativt prasslande, om man k\u00f6r utan vatten. Ja, det g\u00e5r \u00e4ven att bl\u00e5sa upp Miss Softie som en ballong, om man saknar varmt vatten. Det fungerade faktiskt ov\u00e4ntat bra. Man f\u00e5r vara extra noggrann n\u00e4r man knyter ihop den bara, s\u00e5 att den inte blir sladdrig.<\/p>\n<p><img decoding=\"async\" loading=\"lazy\" src=\"https:\/\/i2.wp.com\/www.cirkuseros.nu\/app\/uploads\/2017\/01\/miss_softie_4.gif?resize=400%2C285&#038;ssl=1\" alt=\"Miss Softie\" data-recalc-dims=\"1\" \/><\/p>\n<p><strong>Nu finns den ocks\u00e5 att f\u00e5 i hudf\u00e4rg<\/strong> utan tryck (efter att man har anv\u00e4nt Miss Softie ett par g\u00e5nger beh\u00f6ver man inte l\u00e4ngre n\u00e5gra tryckta instruktioner), samt i svart. S\u00e5 det g\u00e5r att v\u00e4lja en favorit!<\/p>\n<p><img decoding=\"async\" loading=\"lazy\" src=\"https:\/\/i0.wp.com\/www.cirkuseros.nu\/app\/uploads\/2017\/01\/miss_softie_collage.jpg?resize=584%2C665&#038;ssl=1\" alt=\"Miss Softie\" data-recalc-dims=\"1\" \/><\/p>\n<p><a href=\"http:\/\/www.shop.sexsak.se\/index.php\/affiliate.php?id=35\" target=\"_blank\"><strong>Finns att k\u00f6pa p\u00e5 Miss Softies egen hemsida.\u00a0\u00bb<\/strong><\/a><\/p>\n<p><img decoding=\"async\" loading=\"lazy\" src=\"https:\/\/cirkuseros.files.wordpress.com\/2016\/11\/tunnlinjeoriginal_584.gif?resize=584%2C8\" alt=\"linje\" data-recalc-dims=\"1\" \/><br \/>\n<a href=\"https:\/\/www.cirkuseros.nu\/index.php\/text\/recensioner\/\"><strong>Tillbaka till Sk\u00f6na grejer \u00bb<\/strong><\/a><br \/>\n<a href=\"https:\/\/www.cirkuseros.nu\/index.php\/text\/recensioner\/skona-grejer-sexleksaker\/\"><strong>Tillbaka till Sk\u00f6na grejer \u2022 sexleksaker \u00bb<\/strong><\/a><br \/>\n<img decoding=\"async\" loading=\"lazy\" src=\"https:\/\/i0.wp.com\/www.cirkuseros.nu\/app\/uploads\/2017\/01\/heartline_584.gif?resize=584%2C20&#038;ssl=1\" alt=\"Heartline\" data-recalc-dims=\"1\" \/><\/p>\n<p><img decoding=\"async\" loading=\"lazy\" src=\"https:\/\/cirkuseros.files.wordpress.com\/2016\/10\/fri_kursbanner_ani.gif?resize=584%2C140\" alt=\"Cirkus Eros - erotik f\u00f6r finsmakare\" data-recalc-dims=\"1\" \/><\/p>\n","protected":false},"excerpt":{"rendered":"<p>Tillbaka till Sk\u00f6na grejer \u00bb Tillbaka till Sk\u00f6na grejer \u2022 sexleksaker \u00bb Miss Softie En fantastisk sexleksak f\u00f6r m\u00e4n! Miss Softie \u00e4r ett riktigt bra onanihj\u00e4lpmedel och njutningsf\u00f6rh\u00f6jare f\u00f6r m\u00e4n! Miss Softie \u00e4r en fantastisk liten sak &#8211; f\u00f6rst och &hellip; <a href=\"https:\/\/www.cirkuseros.nu\/index.php\/recensioner\/skona-grejer-sexleksaker\/miss-softie-recension-skona-grejer\/\">Forts\u00e4tt l\u00e4sa <span class=\"meta-nav\">&rarr;<\/span><\/a><\/p>\n","protected":false},"author":1,"featured_media":0,"parent":1229,"menu_order":3,"comment_status":"closed","ping_status":"closed","template":"sidebar-page.php","meta":[],"_links":{"self":[{"href":"https:\/\/www.cirkuseros.nu\/index.php\/wp-json\/wp\/v2\/pages\/5505"}],"collection":[{"href":"https:\/\/www.cirkuseros.nu\/index.php\/wp-json\/wp\/v2\/pages"}],"about":[{"href":"https:\/\/www.cirkuseros.nu\/index.php\/wp-json\/wp\/v2\/types\/page"}],"author":[{"embeddable":true,"href":"https:\/\/www.cirkuseros.nu\/index.php\/wp-json\/wp\/v2\/users\/1"}],"replies":[{"embeddable":true,"href":"https:\/\/www.cirkuseros.nu\/index.php\/wp-json\/wp\/v2\/comments?post=5505"}],"version-history":[{"count":3,"href":"https:\/\/www.cirkuseros.nu\/index.php\/wp-json\/wp\/v2\/pages\/5505\/revisions"}],"predecessor-version":[{"id":8778,"href":"https:\/\/www.cirkuseros.nu\/index.php\/wp-json\/wp\/v2\/pages\/5505\/revisions\/8778"}],"up":[{"embeddable":true,"href":"https:\/\/www.cirkuseros.nu\/index.php\/wp-json\/wp\/v2\/pages\/1229"}],"wp:attachment":[{"href":"https:\/\/www.cirkuseros.nu\/index.php\/wp-json\/wp\/v2\/media?parent=5505"}],"curies":[{"name":"wp","href":"https:\/\/api.w.org\/{rel}","templated":true}]}}