{"id":5507,"date":"2017-01-29T16:10:15","date_gmt":"2017-01-29T15:10:15","guid":{"rendered":"https:\/\/cirkuseros.wordpress.com\/?page_id=5507"},"modified":"2017-10-23T17:00:42","modified_gmt":"2017-10-23T15:00:42","slug":"gelerattan-recension-skona-grejer","status":"publish","type":"page","link":"https:\/\/www.cirkuseros.nu\/index.php\/recensioner\/skona-grejer-sexleksaker\/gelerattan-recension-skona-grejer\/","title":{"rendered":"Gel\u00e9r\u00e5ttan"},"content":{"rendered":"<p><img decoding=\"async\" loading=\"lazy\" src=\"https:\/\/i0.wp.com\/www.cirkuseros.nu\/app\/uploads\/2016\/10\/banner_skonagrejer_584x90.jpg?resize=584%2C90&#038;ssl=1\" alt=\"Sk\u00f6na Grejer\" data-recalc-dims=\"1\" \/><br \/>\n<a href=\"https:\/\/www.cirkuseros.nu\/index.php\/text\/recensioner\/\"><strong>Tillbaka till Sk\u00f6na grejer \u00bb<\/strong><\/a><br \/>\n<a href=\"https:\/\/www.cirkuseros.nu\/index.php\/text\/recensioner\/skona-grejer-sexleksaker\/\"><strong>Tillbaka till Sk\u00f6na grejer \u2022 sexleksaker \u00bb<\/strong><\/a><br \/>\n<img decoding=\"async\" loading=\"lazy\" src=\"https:\/\/cirkuseros.files.wordpress.com\/2016\/11\/tunnlinjeoriginal_584.gif?resize=584%2C8\" alt=\"linje\" data-recalc-dims=\"1\" \/><br \/>\n<span style=\"color:#800000;\"><strong><span style=\"font-family:Verdana, Geneva, Arial, Helvetica, Sans serif;font-size:large;\">&#8221;Gel\u00e9r\u00e5ttan&#8221;<\/span><\/strong><\/span><\/p>\n<p><img data-attachment-id=\"5562\" data-permalink=\"https:\/\/www.cirkuseros.nu\/index.php\/recensioner\/skona-grejer-sexleksaker\/gelerattan-recension-skona-grejer\/gelerattan\/\" data-orig-file=\"https:\/\/i0.wp.com\/www.cirkuseros.nu\/app\/uploads\/2017\/01\/gelerattan.gif?fit=287%2C214&amp;ssl=1\" data-orig-size=\"287,214\" data-comments-opened=\"1\" data-image-meta=\"{&quot;aperture&quot;:&quot;0&quot;,&quot;credit&quot;:&quot;&quot;,&quot;camera&quot;:&quot;&quot;,&quot;caption&quot;:&quot;&quot;,&quot;created_timestamp&quot;:&quot;0&quot;,&quot;copyright&quot;:&quot;&quot;,&quot;focal_length&quot;:&quot;0&quot;,&quot;iso&quot;:&quot;0&quot;,&quot;shutter_speed&quot;:&quot;0&quot;,&quot;title&quot;:&quot;&quot;,&quot;orientation&quot;:&quot;0&quot;}\" data-image-title=\"gelerattan\" data-image-description=\"&lt;p&gt;Gel\u00e9r\u00e5ttan&lt;\/p&gt;\n\" data-medium-file=\"https:\/\/i0.wp.com\/www.cirkuseros.nu\/app\/uploads\/2017\/01\/gelerattan.gif?fit=287%2C214&amp;ssl=1\" data-large-file=\"https:\/\/i0.wp.com\/www.cirkuseros.nu\/app\/uploads\/2017\/01\/gelerattan.gif?fit=287%2C214&amp;ssl=1\" decoding=\"async\" loading=\"lazy\" class=\"alignright size-full wp-image-5562\" src=\"https:\/\/i0.wp.com\/www.cirkuseros.nu\/app\/uploads\/2017\/01\/gelerattan.gif?resize=287%2C214&#038;ssl=1\" alt=\"Gel\u00e9r\u00e5ttan\" data-recalc-dims=\"1\" \/><\/p>\n<p><strong>Fr\u00e5n Afrodites Apotek har vi f\u00e5tt<\/strong> en liten, liten vibrator som \u00e4r instoppad i en liten mjuk och sladdrig pryl som ser ut som en gel\u00e9r\u00e5tta &#8211; d\u00e4rav smeknamnet. Gel\u00e9r\u00e5ttan funkar f\u00e5r s\u00e5v\u00e4l m\u00e4n som f\u00f6r kvinnor, och \u00e4ven i m\u00f6tet med en partner, oavsett k\u00f6n. Den \u00e4r n\u00e4mligen \u00e5 ena sidan en bibrator, men den har \u00e4ven en \u00f6ppning som g\u00f6r att man kan anv\u00e4nda den som en kukring. Beroende p\u00e5 vilket h\u00e5ll man har den p\u00e5 sig kan man stimulera ovansidan av kuken eller pungen, vilket man vill. Under samlag kan man d\u00e5 \u00e4ven stimulera kvinnans klitoris samtidigt. Elller s\u00e5 kan kvinnan ann\u00e4nda den som en helt vanlig vibrator, kanske tillsammans med en G-fl\u00e4cksstav.<\/p>\n<p><strong>Den h\u00e4r lilla grejen \u00e4r otroligt flexibel<\/strong>, och kan som sagt anv\u00e4ndas som ren vibrator, som kukring och pungstimulator, och den kan \u00e4ven under samlag stimulera s\u00e5v\u00e4l mannen som kvinnan samtidigt. Min egen reaktion p\u00e5 den h\u00e4r \u00e4r att den har en v\u00e4ldigt intensiv vibratoreffekt &#8211; man f\u00e5r snabbare orgasm. M\u00f6jligen n\u00e5got svagare \u00e4n om man jobbar sig fram till den p\u00e5 egen hand, om man s\u00e4ger s\u00e5.<\/p>\n<p><img decoding=\"async\" loading=\"lazy\" src=\"https:\/\/i1.wp.com\/www.cirkuseros.nu\/app\/uploads\/2017\/01\/kuk-med-geleratta.gif?resize=450%2C352&#038;ssl=1\" alt=\"Gel\u00e9r\u00e5ttan\" data-recalc-dims=\"1\" \/><\/p>\n<p><strong>Jag skulle varmt rekommendera denna vibrator<\/strong> till gamla eller av annan anledning r\u00f6relsehindrade personer, eftersom s\u00e5v\u00e4l mannen som kvinnan, utan att r\u00f6ra sig s\u00e4rskilt mycket, och utan st\u00f6rre anstr\u00e4ngning, kan f\u00e5 orgasm under samlaget.<\/p>\n<p><img decoding=\"async\" loading=\"lazy\" src=\"https:\/\/cirkuseros.files.wordpress.com\/2016\/11\/tunnlinjeoriginal_584.gif?resize=584%2C8\" alt=\"linje\" data-recalc-dims=\"1\" \/><br \/>\n<a href=\"https:\/\/www.cirkuseros.nu\/index.php\/text\/recensioner\/\"><strong>Tillbaka till Sk\u00f6na grejer \u00bb<\/strong><\/a><br \/>\n<a href=\"https:\/\/www.cirkuseros.nu\/index.php\/text\/recensioner\/skona-grejer-sexleksaker\/\"><strong>Tillbaka till Sk\u00f6na grejer \u2022 sexleksaker \u00bb<\/strong><\/a><br \/>\n<img decoding=\"async\" loading=\"lazy\" src=\"https:\/\/i0.wp.com\/www.cirkuseros.nu\/app\/uploads\/2017\/01\/heartline_584.gif?resize=584%2C20&#038;ssl=1\" alt=\"Heartline\" data-recalc-dims=\"1\" \/><\/p>\n<p><img decoding=\"async\" loading=\"lazy\" src=\"https:\/\/cirkuseros.files.wordpress.com\/2016\/10\/fri_kursbanner_ani.gif?resize=584%2C140\" alt=\"Cirkus Eros - erotik f\u00f6r finsmakare\" data-recalc-dims=\"1\" \/><\/p>\n","protected":false},"excerpt":{"rendered":"<p>Tillbaka till Sk\u00f6na grejer \u00bb Tillbaka till Sk\u00f6na grejer \u2022 sexleksaker \u00bb &#8221;Gel\u00e9r\u00e5ttan&#8221; Fr\u00e5n Afrodites Apotek har vi f\u00e5tt en liten, liten vibrator som \u00e4r instoppad i en liten mjuk och sladdrig pryl som ser ut som en gel\u00e9r\u00e5tta &#8211; &hellip; <a href=\"https:\/\/www.cirkuseros.nu\/index.php\/recensioner\/skona-grejer-sexleksaker\/gelerattan-recension-skona-grejer\/\">Forts\u00e4tt l\u00e4sa <span class=\"meta-nav\">&rarr;<\/span><\/a><\/p>\n","protected":false},"author":1,"featured_media":0,"parent":1229,"menu_order":4,"comment_status":"closed","ping_status":"closed","template":"sidebar-page.php","meta":[],"_links":{"self":[{"href":"https:\/\/www.cirkuseros.nu\/index.php\/wp-json\/wp\/v2\/pages\/5507"}],"collection":[{"href":"https:\/\/www.cirkuseros.nu\/index.php\/wp-json\/wp\/v2\/pages"}],"about":[{"href":"https:\/\/www.cirkuseros.nu\/index.php\/wp-json\/wp\/v2\/types\/page"}],"author":[{"embeddable":true,"href":"https:\/\/www.cirkuseros.nu\/index.php\/wp-json\/wp\/v2\/users\/1"}],"replies":[{"embeddable":true,"href":"https:\/\/www.cirkuseros.nu\/index.php\/wp-json\/wp\/v2\/comments?post=5507"}],"version-history":[{"count":3,"href":"https:\/\/www.cirkuseros.nu\/index.php\/wp-json\/wp\/v2\/pages\/5507\/revisions"}],"predecessor-version":[{"id":8779,"href":"https:\/\/www.cirkuseros.nu\/index.php\/wp-json\/wp\/v2\/pages\/5507\/revisions\/8779"}],"up":[{"embeddable":true,"href":"https:\/\/www.cirkuseros.nu\/index.php\/wp-json\/wp\/v2\/pages\/1229"}],"wp:attachment":[{"href":"https:\/\/www.cirkuseros.nu\/index.php\/wp-json\/wp\/v2\/media?parent=5507"}],"curies":[{"name":"wp","href":"https:\/\/api.w.org\/{rel}","templated":true}]}}