{"id":5619,"date":"2017-01-30T12:53:17","date_gmt":"2017-01-30T11:53:17","guid":{"rendered":"https:\/\/cirkuseros.wordpress.com\/?page_id=5619"},"modified":"2017-10-23T16:50:19","modified_gmt":"2017-10-23T14:50:19","slug":"shortbus-recension-skona-grejer","status":"publish","type":"page","link":"https:\/\/www.cirkuseros.nu\/index.php\/recensioner\/skona-grejer-film\/shortbus-recension-skona-grejer\/","title":{"rendered":"Shortbus"},"content":{"rendered":"<p><img decoding=\"async\" loading=\"lazy\" src=\"https:\/\/i0.wp.com\/www.cirkuseros.nu\/app\/uploads\/2016\/10\/banner_skonagrejer_584x90.jpg?resize=584%2C90&#038;ssl=1\" alt=\"Sk\u00f6na Grejer\" data-recalc-dims=\"1\" \/><br \/>\n<a href=\"https:\/\/www.cirkuseros.nu\/index.php\/text\/recensioner\/\"><strong>Tillbaka till Sk\u00f6na grejer \u00bb<\/strong><\/a><br \/>\n<a href=\"https:\/\/www.cirkuseros.nu\/index.php\/text\/recensioner\/skona-grejer-film\/\"><strong>Tillbaka till Sk\u00f6na grejer \u2022 film \u00bb<\/strong><\/a><br \/>\n<img decoding=\"async\" loading=\"lazy\" src=\"https:\/\/cirkuseros.files.wordpress.com\/2016\/11\/tunnlinjeoriginal_584.gif?resize=584%2C8\" alt=\"linje\" data-recalc-dims=\"1\" \/><br \/>\n<span style=\"color: #800000;\"><strong><span style=\"font-family: Verdana, Geneva, Arial, Helvetica, Sans serif; font-size: large;\">Recension: Shortbus<\/span><\/strong><\/span><\/p>\n<p><strong><strong>John Cameron Mitchell 2006<\/strong><\/strong><\/p>\n<p><img decoding=\"async\" loading=\"lazy\" src=\"https:\/\/i0.wp.com\/www.cirkuseros.nu\/app\/uploads\/2017\/01\/shortbus_poster1.jpg?resize=584%2C438&#038;ssl=1\" alt=\"Shortbus\" data-recalc-dims=\"1\" \/><\/p>\n<p><strong>Det h\u00e4r \u00e4r filmen som jag l\u00e4nge hade \u00f6nskat mig<\/strong>, men som jag aldrig trodde att jag skulle f\u00e5 se. En spelfilm om k\u00e4rlek och relationer, med en bra story, bra manus, bra regi, goda sk\u00e5despelarinsatser, intressanta karakt\u00e4rer \u2013 OCH i vilken man faktiskt f\u00e5r se allt, och som tar sex p\u00e5 b\u00e5de allvar och lek, d\u00e4r man inte tonar bort s\u00e5 fort det ska knullas.<\/p>\n<p><strong>John Cameron Mitchell<\/strong> regisserade denna varma, roliga, fascinerande och k\u00e4rleksfulla historia om n\u00e5gra olika personer och deras k\u00e4rleksliv 2006, och jag \u00f6nskar verkligen att den ska bli sedd av m\u00e5nga, och inte bortgl\u00f6md.<\/p>\n<p><img decoding=\"async\" loading=\"lazy\" src=\"https:\/\/i1.wp.com\/www.cirkuseros.nu\/app\/uploads\/2017\/01\/shortbus_crowdshot.jpg?resize=584%2C329&#038;ssl=1\" alt=\"SHORTBUS\" data-recalc-dims=\"1\" \/><\/p>\n<p><strong>Det \u00e4r ytterligt fascinerande<\/strong> att denna film ses som s\u00e5 kontroversiell \u2013 jag tycker bara att den \u00e4r sn\u00e4ll, varm, k\u00e4rleksfull och mysig. En riktigt underbar feelgood-film om olika m\u00e4nniskor och deras livs\u00f6den. Och den \u00e4r dessutom v\u00e4ldigt rolig! Det \u00e4r l\u00e4tt att k\u00e4nna sympati med de olika rollfigurerna \u2013 det k\u00e4nns snart som att man k\u00e4nner dem personligen allihop. En av orsakerna till att st\u00e4mningen \u00e4r s\u00e5 god \u00e4r f\u00f6rmodligen f\u00f6r att regiss\u00f6ren h\u00f6ll workshops med g\u00e4nget i tv\u00e5 och ett halvt \u00e5r innan de b\u00f6rjade filma, s\u00e5 de k\u00e4nde varandra v\u00e4ldigt bra. Baserat p\u00e5 erfarenheten av dessa workshops kunde m\u00e5nga scener improviseras fram, vilket lett till en ovanlig, n\u00e4stan dokument\u00e4r h\u00e4r- och nuk\u00e4nsla.<\/p>\n<blockquote><p>\u201dRemember dear, that voyeurism is also participation\u2026\u201d<\/p><\/blockquote>\n<p><strong>Det som anses som kontroversiellt<\/strong> \u00e4r f\u00f6rst\u00e5s att det \u00e4r s\u00e5 mycket sex i filmen \u2013 och det \u00e4r verkligen sex p\u00e5 riktigt! Det knullas, runkas, sugs och slickas s\u00e5 det st\u00e5r h\u00e4rliga till. Men det blir ALDRIG porrigt, spekulativt, ytligt eller poserande. Det k\u00e4nns precis s\u00e5 n\u00e4ra och \u00e4kta som i verkligheten, och det tar aldrig \u00f6ver. Personernas livs\u00f6den \u00e4r alltid i f\u00f6rgrunden. Och den har till och med ett lyckligt slut, n\u00e5got ovanligt i en film som s\u00e5 p\u00e5tagligt k\u00e4nnetecknas av rollfigurernas sexliv.<\/p>\n<p><img decoding=\"async\" loading=\"lazy\" src=\"https:\/\/i2.wp.com\/www.cirkuseros.nu\/app\/uploads\/2017\/01\/shortbus_in_bed.jpg?resize=584%2C367&#038;ssl=1\" alt=\"SHORTBUS\" data-recalc-dims=\"1\" \/><\/p>\n<p><strong>Amerikanska filmer med sex som tema<\/strong> \u00e4r annars extremt neurotiska, spekulativa eller kissn\u00f6digt P.K. Alla som \u00e4r l\u00e4ttf\u00e4rdiga skall straffas, och s\u00e4rskilt kvinnor. Om en kvinna \u00e4r l\u00e4ttkl\u00e4dd och sexuellt \u00f6ppen kan man ge sig den p\u00e5 att hon kommer att slaktas av n\u00e5gon galning med machete, eller n\u00e5got annat bisarrt. Den amerikanska synen p\u00e5 sex \u00e4r t.o.m. \u00e4nnu mer skruvad och skr\u00e4ckladdad \u00e4n v\u00e5r svenska, lutheranska lagompuritanism, vilket f\u00f6rst\u00e5s g\u00f6r att alla skildringar av sex pr\u00e4glas av skam, stigma, synd och skuld \u2013 eller s\u00e5 \u00e4r det gelehallon i motljus och br\u00f6llopsklockor \u2013 den ultraromantiserade varianten med sedesamt hudpussande utan minsta antydan till k\u00f6nsh\u00e5r. Och \u00e4lskande par (som knullat vilt hela natten) har \u00e4nd\u00e5 en massa underkl\u00e4der p\u00e5 sig n\u00e4r de vaknar p\u00e5 morgonen. Yeah, right.<\/p>\n<blockquote><p>\u201dNew York is the town where everyone comes to get screwed\u2026\u201d<\/p><\/blockquote>\n<p><strong>Nej, tacka vet jag lite \u00e4kta erotik!<\/strong> och det f\u00e5r man i Shortbus. Ordentligt. Inget \u00e4r f\u00f6r sk\u00e4mmigt f\u00f6r att visa \u2013 fr\u00e5n hela katalogen av samlagsst\u00e4llningar, onanistunder och kiss\u00f6vningar p\u00e5 toaletten f\u00f6r att tr\u00e4na PC-muskeln, till b\u00f6gtrekant. Och \u00e4nd\u00e5 k\u00e4nns det aldrig f\u00f6r mycket. bara naturligt och sj\u00e4lvklart. Denna sj\u00e4lvklarhet, denna insikt om att sex faktiskt \u00e4r n\u00e5got h\u00e4rligt, nyttigt och sk\u00f6nt, ett trevligt s\u00e4tt att umg\u00e5s och komma n\u00e4ra, och att sex inte \u00e4r farligt, \u00e4r v\u00e4ldigt befriande att se gestaltad p\u00e5 film.<\/p>\n<p><img decoding=\"async\" loading=\"lazy\" src=\"https:\/\/i1.wp.com\/www.cirkuseros.nu\/app\/uploads\/2017\/01\/shortbus_orgie.jpg?resize=584%2C329&#038;ssl=1\" alt=\"SHORTBUS\" data-recalc-dims=\"1\" \/><\/p>\n<blockquote><p>\u201dI\u2019m preorgasmic\u201d<br \/>\n\u201dDoes that mean that you\u2019re just about to have one\u2026?\u201d<br \/>\n\u201dNo, I never had one\u201d<\/p><\/blockquote>\n<p><strong>En av de allra starkaste personligheterna<\/strong> i Shortbus \u00e4r klubbinnehavaren Justin Bond (som spelar sig sj\u00e4lv), den moderna motsvarigheten till konferencieren i Cabaret \u2013 en manierad, sjungande showman, men med mycket mer personlighet och medk\u00e4nsla \u00e4n Joel Greys maniska och cyniska estradmarionett (genialisk rolltolkning, javisst, men kolla in Justin Bond \u2013 mannen \u00e4ger!). Annars \u00e4r det v\u00e4ldigt fina rollfigurer, och v\u00e4l valda sk\u00e5disar hela v\u00e4gen. Alla k\u00e4nns v\u00e4ldigt r\u00e4tt i sina roller, sig sj\u00e4lva, och ingen k\u00e4nns som en spelad rollfigur. Det gulliga b\u00f6gparet Jamie och James, relationsterapeuten Sofia och hennes man, den skruvade dominatrixtjejen Severin \u2013 alla k\u00e4nns helt organiska i sina roller, och fullt trov\u00e4rdiga.<\/p>\n<p><img decoding=\"async\" loading=\"lazy\" src=\"https:\/\/i1.wp.com\/www.cirkuseros.nu\/app\/uploads\/2017\/01\/shortbus_guys_2.jpg?resize=584%2C353&#038;ssl=1\" alt=\"SHORTBUS\" data-recalc-dims=\"1\" \/><\/p>\n<p><strong>Allt \u00e4r inte bara skoj, f\u00f6rst\u00e5s.<\/strong> En av huvudpersonerna \u00e4r starkt sj\u00e4lvmordsben\u00e4gen, och en annan \u00e4r sexuellt frustrerad eftersom hon inte kan f\u00e5 orgasm (vilket \u00e4r lite kul, eftersom hon \u00e4r relationsterapeut) \u2013 men det \u00e4r allm\u00e4nm\u00e4nskliga problem, som f\u00e5r sin l\u00f6sning, vilket \u00e4r vackert. Jag har h\u00f6rt somliga bli st\u00f6rda p\u00e5 att filmen har ett lyckligt slut, men det tycker jag l\u00e5ter on\u00f6digt cyniskt. Det \u00e4r v\u00e4l h\u00e4rligt med lyckliga slut? I alla fall ibland?<\/p>\n<blockquote><p>\u201dWhen I was young, I wanted to change the world. Now I just want to leave the room with some dignity left. Excuse me when I crawl out of here\u2026\u201d<\/p><\/blockquote>\n<p><strong>Jag \u00c4LSKAR den h\u00e4r filmen<\/strong>, och g\u00e5r nu runt h\u00e4r hemma och nynnar p\u00e5 Justin Bonds teatraliska s\u00e5ng i slutet av filmen \u201dAnd we all get it in the end\u2026\u201d<\/p>\n<p>Hyr den, k\u00f6p den, l\u00e5na den, sno den \u2013 men f\u00f6r tusan \u2013 se den!<\/p>\n<p>Carl Johan Rehbinder 2008<\/p>\n<p><img decoding=\"async\" loading=\"lazy\" src=\"https:\/\/i2.wp.com\/www.cirkuseros.nu\/app\/uploads\/2017\/01\/shortbus_orgie2.jpg?resize=584%2C309&#038;ssl=1\" alt=\"SHORTBUS\" data-recalc-dims=\"1\" \/><\/p>\n<p><img decoding=\"async\" loading=\"lazy\" src=\"https:\/\/cirkuseros.files.wordpress.com\/2016\/11\/tunnlinjeoriginal_584.gif?resize=584%2C8\" alt=\"linje\" data-recalc-dims=\"1\" \/><br \/>\n<a href=\"https:\/\/www.cirkuseros.nu\/index.php\/text\/recensioner\/\"><strong>Tillbaka till Sk\u00f6na grejer \u00bb<\/strong><\/a><br \/>\n<a href=\"https:\/\/www.cirkuseros.nu\/index.php\/text\/recensioner\/skona-grejer-film\/\"><strong>Tillbaka till Sk\u00f6na grejer \u2022 film \u00bb<\/strong><\/a><br \/>\n<img decoding=\"async\" loading=\"lazy\" src=\"https:\/\/i0.wp.com\/www.cirkuseros.nu\/app\/uploads\/2017\/01\/heartline_584.gif?resize=584%2C20&#038;ssl=1\" alt=\"Heartline\" data-recalc-dims=\"1\" \/><\/p>\n<p><img decoding=\"async\" loading=\"lazy\" src=\"https:\/\/cirkuseros.files.wordpress.com\/2016\/10\/fri_kursbanner_ani.gif?resize=584%2C140\" alt=\"Cirkus Eros - erotik f\u00f6r finsmakare\" data-recalc-dims=\"1\" \/><\/p>\n","protected":false},"excerpt":{"rendered":"<p>Tillbaka till Sk\u00f6na grejer \u00bb Tillbaka till Sk\u00f6na grejer \u2022 film \u00bb Recension: Shortbus John Cameron Mitchell 2006 Det h\u00e4r \u00e4r filmen som jag l\u00e4nge hade \u00f6nskat mig, men som jag aldrig trodde att jag skulle f\u00e5 se. En spelfilm &hellip; <a href=\"https:\/\/www.cirkuseros.nu\/index.php\/recensioner\/skona-grejer-film\/shortbus-recension-skona-grejer\/\">Forts\u00e4tt l\u00e4sa <span class=\"meta-nav\">&rarr;<\/span><\/a><\/p>\n","protected":false},"author":1,"featured_media":0,"parent":1249,"menu_order":1,"comment_status":"closed","ping_status":"closed","template":"sidebar-page.php","meta":[],"_links":{"self":[{"href":"https:\/\/www.cirkuseros.nu\/index.php\/wp-json\/wp\/v2\/pages\/5619"}],"collection":[{"href":"https:\/\/www.cirkuseros.nu\/index.php\/wp-json\/wp\/v2\/pages"}],"about":[{"href":"https:\/\/www.cirkuseros.nu\/index.php\/wp-json\/wp\/v2\/types\/page"}],"author":[{"embeddable":true,"href":"https:\/\/www.cirkuseros.nu\/index.php\/wp-json\/wp\/v2\/users\/1"}],"replies":[{"embeddable":true,"href":"https:\/\/www.cirkuseros.nu\/index.php\/wp-json\/wp\/v2\/comments?post=5619"}],"version-history":[{"count":7,"href":"https:\/\/www.cirkuseros.nu\/index.php\/wp-json\/wp\/v2\/pages\/5619\/revisions"}],"predecessor-version":[{"id":8764,"href":"https:\/\/www.cirkuseros.nu\/index.php\/wp-json\/wp\/v2\/pages\/5619\/revisions\/8764"}],"up":[{"embeddable":true,"href":"https:\/\/www.cirkuseros.nu\/index.php\/wp-json\/wp\/v2\/pages\/1249"}],"wp:attachment":[{"href":"https:\/\/www.cirkuseros.nu\/index.php\/wp-json\/wp\/v2\/media?parent=5619"}],"curies":[{"name":"wp","href":"https:\/\/api.w.org\/{rel}","templated":true}]}}