{"id":57,"date":"2016-10-10T21:05:51","date_gmt":"2016-10-10T19:05:51","guid":{"rendered":"https:\/\/cirkuseros.wordpress.com\/?page_id=57"},"modified":"2021-05-04T21:53:55","modified_gmt":"2021-05-04T19:53:55","slug":"tjanster","status":"publish","type":"page","link":"https:\/\/www.cirkuseros.nu\/index.php\/tjanster\/","title":{"rendered":"Tj\u00e4nster"},"content":{"rendered":"<p><img decoding=\"async\" loading=\"lazy\" src=\"https:\/\/i0.wp.com\/www.cirkuseros.nu\/app\/uploads\/2017\/01\/sidtoppvinjett_tjanster.jpg?resize=584%2C94&#038;ssl=1\" alt=\"Tj\u00e4nster\" data-recalc-dims=\"1\" \/><\/p>\n<p><strong>Vi erbjuder mer \u00e4n kurser.<\/strong> Vi h\u00e5ller ocks\u00e5 f\u00f6redrag om \u00e4mnen som har med k\u00e4rlek, relationer, sex, tantra m.m., n\u00e5got vi har gjort i en m\u00e4ngd sammanhang, som exempelvis Stockholm Pride, gymnasieskolor, l\u00e4karutbildningar, konferenser, festivaler m.m.<\/p>\n<p><strong>Vi kan specialdesigna evenemang<\/strong> f\u00f6r flera olika behov. Det kan vara ett f\u00f6redrag p\u00e5 en konferens, det kan vara en gruppaktivitet p\u00e5 ett f\u00f6retagsevent, eller en kul aktivitet p\u00e5 en m\u00f6hippa eller svensexa. Vi \u00e4r kreativa och flexibla.<\/p>\n<p><strong>Vi arrangerar fester<\/strong> \u2013 framf\u00f6r allt erotiska fester f\u00f6r njutningslystna!<\/p>\n<p><strong>Vi erbjuder \u00e4ven coaching<\/strong> \u2013 f\u00f6r s\u00e5v\u00e4l enskilda som par, mestadels samtal, men \u00e4ven praktisk coaching.<\/p>\n<p><strong>Vi erbjuder \u00e4ven kroppsbehanding<\/strong> \u2013 Jennie \u00e4r ber\u00f6ringspedagog och erbjuder taktil ber\u00f6ring, en mjuk och avstressande form av kroppsterapi som stimulerar oxytocinuts\u00f6ndringen i blodet.<\/p>\n<p><strong>Du kan anlita oss f\u00f6r fotouppdrag.<\/strong> Vi \u00e4r b\u00e5da fotografer, och kan erbjuda v\u00e5ra tj\u00e4nster f\u00f6r s\u00e5v\u00e4l privata som andra uppdrag. L\u00e4s mer om det p\u00e5 sidan <a href=\"https:\/\/www.cirkuseros.nu\/index.php\/bild\/uppdrag\/\"><strong>Fotouppdrag<\/strong><\/a>.<\/p>\n<p><img decoding=\"async\" loading=\"lazy\" src=\"https:\/\/i0.wp.com\/www.cirkuseros.nu\/app\/uploads\/2017\/01\/heartline_584.gif?resize=584%2C20&#038;ssl=1\" alt=\"Heartline\" data-recalc-dims=\"1\" \/><\/p>\n<ul>\n<li><a href=\"https:\/\/www.cirkuseros.nu\/index.php\/tjanster\/foredrag\/\"><strong>F\u00f6redrag \u00bb<\/strong><\/a><\/li>\n<li><a href=\"https:\/\/www.cirkuseros.nu\/index.php\/tjanster\/coaching\/\"><strong>R\u00e5dgivning &amp; Coaching \u00bb<\/strong><\/a><\/li>\n<li><a href=\"https:\/\/www.cirkuseros.nu\/index.php\/tjanster\/taktil-stimulering\/\"><strong>Taktil stimulering \u00bb<\/strong><\/a><strong><br \/>\n<\/strong><\/li>\n<li><a href=\"https:\/\/www.cirkuseros.nu\/index.php\/tjanster\/fester\/\"><strong>Fester \u00bb<\/strong><\/a><\/li>\n<\/ul>\n<p><img decoding=\"async\" loading=\"lazy\" src=\"https:\/\/i0.wp.com\/www.cirkuseros.nu\/app\/uploads\/2017\/01\/heartline_584.gif?resize=584%2C20&#038;ssl=1\" alt=\"Heartline\" data-recalc-dims=\"1\" \/><\/p>\n<p><img decoding=\"async\" loading=\"lazy\" src=\"https:\/\/i2.wp.com\/www.cirkuseros.nu\/app\/uploads\/2016\/10\/fri_kursbanner_ani.gif?resize=584%2C140&#038;ssl=1\" alt=\"Cirkus Eros - erotik f\u00f6r finsmakare\" data-recalc-dims=\"1\" \/><\/p>\n","protected":false},"excerpt":{"rendered":"<p>Vi erbjuder mer \u00e4n kurser. Vi h\u00e5ller ocks\u00e5 f\u00f6redrag om \u00e4mnen som har med k\u00e4rlek, relationer, sex, tantra m.m., n\u00e5got vi har gjort i en m\u00e4ngd sammanhang, som exempelvis Stockholm Pride, gymnasieskolor, l\u00e4karutbildningar, konferenser, festivaler m.m. Vi kan specialdesigna evenemang &hellip; <a href=\"https:\/\/www.cirkuseros.nu\/index.php\/tjanster\/\">Forts\u00e4tt l\u00e4sa <span class=\"meta-nav\">&rarr;<\/span><\/a><\/p>\n","protected":false},"author":2,"featured_media":0,"parent":0,"menu_order":7,"comment_status":"closed","ping_status":"closed","template":"sidebar-page.php","meta":[],"_links":{"self":[{"href":"https:\/\/www.cirkuseros.nu\/index.php\/wp-json\/wp\/v2\/pages\/57"}],"collection":[{"href":"https:\/\/www.cirkuseros.nu\/index.php\/wp-json\/wp\/v2\/pages"}],"about":[{"href":"https:\/\/www.cirkuseros.nu\/index.php\/wp-json\/wp\/v2\/types\/page"}],"author":[{"embeddable":true,"href":"https:\/\/www.cirkuseros.nu\/index.php\/wp-json\/wp\/v2\/users\/2"}],"replies":[{"embeddable":true,"href":"https:\/\/www.cirkuseros.nu\/index.php\/wp-json\/wp\/v2\/comments?post=57"}],"version-history":[{"count":6,"href":"https:\/\/www.cirkuseros.nu\/index.php\/wp-json\/wp\/v2\/pages\/57\/revisions"}],"predecessor-version":[{"id":11872,"href":"https:\/\/www.cirkuseros.nu\/index.php\/wp-json\/wp\/v2\/pages\/57\/revisions\/11872"}],"wp:attachment":[{"href":"https:\/\/www.cirkuseros.nu\/index.php\/wp-json\/wp\/v2\/media?parent=57"}],"curies":[{"name":"wp","href":"https:\/\/api.w.org\/{rel}","templated":true}]}}