{"id":5734,"date":"2017-02-01T03:45:09","date_gmt":"2017-02-01T02:45:09","guid":{"rendered":"https:\/\/cirkuseros.wordpress.com\/?page_id=5734"},"modified":"2023-09-27T11:17:44","modified_gmt":"2023-09-27T09:17:44","slug":"nakenhet-ar-tabu-i-var-kroppsfientliga-kultur","status":"publish","type":"page","link":"https:\/\/www.cirkuseros.nu\/index.php\/text\/artiklar\/artiklar-av-calle-rehbinder\/nakenhet-ar-tabu-i-var-kroppsfientliga-kultur\/","title":{"rendered":"Nakenhet \u00e4r tabu i v\u00e5r kroppsfientliga kultur"},"content":{"rendered":"<p><img decoding=\"async\" loading=\"lazy\" src=\"https:\/\/i0.wp.com\/www.cirkuseros.nu\/app\/uploads\/2017\/02\/expressenartikel_150716_x2.jpg?resize=584%2C216&#038;ssl=1\" alt=\"Expressen 2015\" data-recalc-dims=\"1\" \/><\/p>\n<p><strong>Expressen Debatt best\u00e4llde<\/strong> en artikel av mig, som skulle handla om den alltmer puritanska synen p\u00e5 sex och naket i det offentliga rummet.<\/p>\n<p><strong>Min artikel delades friskt<\/strong> (n\u00e4stan 2.000 delningar p\u00e5 Facebook p\u00e5 nio dagar), var ett par-tre dagar en av Expressens tv\u00e5-tre mest l\u00e4sta debattartiklar, och ledde till en v\u00e4ldig massa intressanta diskussioner h\u00e4r och d\u00e4r. Jag tror inte att jag n\u00e5gonsin f\u00e5tt s\u00e5 mycket ber\u00f6m och uppskattning f\u00f6r en artikel tidigare, s\u00e5 den var v\u00e4l r\u00e4tt bra, antar jag.<\/p>\n<p><strong><a href=\"http:\/\/www.expressen.se\/debatt\/nakenhet-ar-tabu-i-var-kroppsfientliga-kultur\/\">Min originalartikel med replik hittar du p\u00e5 Expressens hemsida<\/a><\/strong>, men du kan ocks\u00e5 l\u00e4sa den h\u00e4r p\u00e5 Cirkus Eros.<\/p>\n<p><img decoding=\"async\" loading=\"lazy\" src=\"https:\/\/i0.wp.com\/www.cirkuseros.nu\/app\/uploads\/2017\/01\/heartline_584.gif?resize=584%2C20&#038;ssl=1\" alt=\"Heartline\" data-recalc-dims=\"1\" \/><\/p>\n<p><span style=\"color: #800000;\"><strong>Rationaliteten har flytt sin kos: V\u00e5rt samh\u00e4lle har drabbats av viktoriansk nakenskr\u00e4ck. Trots att ingen m\u00e4nniska n\u00e5gonsin har tagit skada av att se en annan m\u00e4nniska naken, skriver Carl Johan Rehbinder.<\/strong><\/span><\/p>\n<p><strong>Det finns mycket h\u00e4r i v\u00e4rlden som vi m\u00e4nniskor skr\u00e4ms av<\/strong>, och som v\u00e4cker v\u00e5r motvilja. Krig, sv\u00e4lt, st\u00f6ld, vandalism, hot, v\u00e5ld eller f\u00f6rnedring \u2013 s\u00e5dant som man i de allra flesta samh\u00e4llen stiftar lagar mot. Lagars fr\u00e4msta syfte \u00e4r att skydda m\u00e4nniskor fr\u00e5n att bli skadade av andra m\u00e4nniskor, och det \u00e4r ju vettigt.<\/p>\n<p><strong>Men s\u00e5 finns det vissa omr\u00e5den d\u00e4r allt f\u00f6rnuft har flugit sin kos<\/strong>, allt rationellt t\u00e4nkande \u00e4r borta, och k\u00e4nslorna f\u00e5tt kortslutning. Ett s\u00e5dant omr\u00e5de \u00e4r den nakna m\u00e4nniskokroppen. Att vara naken i det offentliga rummet betraktas \u00e4ven i \u201dfrigjorda\u201d Sverige som ett brott, och rubriceras numera som sexuellt ofredande. F\u00f6rargelsev\u00e4ckande beteende \u00e4r tydligen inte starkt nog.<\/p>\n<p><strong>Fysisk nakenhet verkar skr\u00e4mma och uppr\u00f6ra<\/strong> s\u00e5 pass att det anses vara n\u00e5got som vi alla borde skyddas fr\u00e5n. S\u00e4rskilt barnen \u2013 som vore nakenheten i sig n\u00e5got oerh\u00f6rt farligt och skadligt. Ur detta perspektiv torde barn som v\u00e4xer upp i naturistfamiljer som tillbringar sommarsemestern p\u00e5 nakencamping vara alldeles s\u00e4rskilt traumatiserade. S\u00e5 \u00e4r det naturligtvis inte. Alla som n\u00e5gon g\u00e5ng varit p\u00e5 en nakenbadstrand vet att det \u00e4r mindre sexualiserat \u00e4n p\u00e5 en ordin\u00e4r badstrand \u2013 men den nyviktorianska skam som sprider sig alltmer, talar inte med f\u00f6rnuftets r\u00f6st.<\/p>\n<p><strong>P\u00e5 v\u00e5ra badhus har unga killar kalsongerna p\u00e5<\/strong> under badbyxorna, nakna bastubadare betraktas med misst\u00e4nksamhet \u2013 och s\u00e5 ovanp\u00e5 det den uppenbara k\u00f6nsdiskrimineringen av kvinnor som i motsats till m\u00e4n tvingas t\u00e4cka sina br\u00f6st. Amerikaniseringen av kulturen g\u00f6r att \u00e5synen av kvinnliga br\u00f6stv\u00e5rtor ses som st\u00f6rre hot mot moralen \u00e4n bilder av d\u00f6da kroppar och avhuggna huvuden. Skammen \u00f6ver den egna kroppen programmeras in tidigt. Och vi sv\u00e4ljer det, okritiskt, eftersom sociala medier p\u00e5 n\u00e4tet har blivit en del av det dagliga umg\u00e4nget.<\/p>\n<p><strong>Vad blir d\u00e5 effekterna av att leva i en alltmer kroppsfientlig kultur?<\/strong> Denna fobi skapar i sj\u00e4lva verket mer \u00e5ngest, s\u00e4mre sj\u00e4lvbild, mer distans \u2013 kort sagt, en s\u00e4mre livskvalitet. Sm\u00e5 barn \u00e4lskar att springa runt nakna, men s\u00e5 l\u00e4r vi dem att sk\u00e4mmas f\u00f6r sina kroppar, och s\u00e5 krymper de som m\u00e4nniskor. De blir r\u00e4dda. Varf\u00f6r g\u00f6r vi detta mot v\u00e5ra barn?<\/p>\n<p><strong>M\u00e5nga tycks tro att den moral som \u00e4r r\u00e5dande just nu<\/strong> \u00e4r den enda sanningen &#8211; s\u00e5 har det minsann alltid varit. Det st\u00e4mmer inte. F\u00f6r 30-40 \u00e5r sedan var det fullt normalt f\u00f6r s\u00e5v\u00e4l kvinnor som m\u00e4n att vara barbr\u00f6stade i parker, p\u00e5 badstr\u00e4nder och i badhus. Att sola och bada naken var ocks\u00e5 vanligt, och inte s\u00e4rskilt uppseendev\u00e4ckande alls. Hela L\u00e5ngholmen i centrala Stockholm var spontant nakenbadst\u00e4lle \u2013 n\u00e5got som kan vara sv\u00e5rt att f\u00f6rest\u00e4lla sig i dag, n\u00e4r det \u00e4r f\u00f6rbjudet \u00e4ven f\u00f6r sm\u00e5barn att bada nakna p\u00e5 L\u00e5ngholmen.<\/p>\n<p><strong>Denna nakenskr\u00e4ck tillf\u00f6r inget av v\u00e4rde.<\/strong> Ingen m\u00e4nniska har n\u00e5gonsin tagit skada av att se en annan m\u00e4nniska naken. Tv\u00e4rtom kan det vara befriande, och till och med r\u00e4tt kul. \u00c4nd\u00e5 skyddar vi oss fr\u00e5n \u201ddetta hemska\u201d, med lagstiftning och d\u00f6mande attityder, s\u00e5 till den grad att det \u00e4r l\u00e4ttare att hitta v\u00e5lds- och krigsskildringar i medierna \u00e4n nakna kroppar.<\/p>\n<p><strong>Det vore onekligen h\u00e4lsosammare<\/strong> om vi m\u00e4nniskor kunde slappna av lite mer, l\u00e4ra oss att tycka om v\u00e5ra fantastiska kroppar, njuta av dem s\u00e5 l\u00e4nge vi nu har dem, i st\u00e4llet f\u00f6r att dela denna kollektiva neuros. Avskaffa f\u00f6rbuden mot fysisk nakenhet i det offentliga rummet. Danskarna \u00e4r bra f\u00f6rebilder \u2013 d\u00e4r \u00e4r det, till skillnad fr\u00e5n Sverige, uttryckligen till\u00e5tet att bada naken p\u00e5 alla badstr\u00e4nder. Livet blir nog mycket roligare s\u00e5, f\u00f6r de allra flesta.<\/p>\n<p><strong>Carl Johan Rehbinder 2015<br \/>\n<\/strong>relationscoach och sexpedagog<\/p>\n<p><img decoding=\"async\" loading=\"lazy\" src=\"https:\/\/i1.wp.com\/www.cirkuseros.nu\/app\/uploads\/2016\/11\/tunnlinjeoriginal_584.gif?resize=584%2C8&#038;ssl=1\" alt=\"\" data-recalc-dims=\"1\" \/><a href=\"https:\/\/www.cirkuseros.nu\/index.php\/text\/artiklar\/artiklar-av-calle-rehbinder\/\"><strong>Tillbaka till Artiklar \u2022 Politik &amp; debatt \u00bb<\/strong><\/a><\/p>\n<p><img decoding=\"async\" loading=\"lazy\" src=\"https:\/\/i0.wp.com\/www.cirkuseros.nu\/app\/uploads\/2017\/01\/heartline_584.gif?resize=584%2C20&#038;ssl=1\" alt=\"Heartline\" data-recalc-dims=\"1\" \/><\/p>\n<p><img decoding=\"async\" loading=\"lazy\" src=\"https:\/\/i2.wp.com\/www.cirkuseros.nu\/app\/uploads\/2016\/10\/fri_kursbanner_ani.gif?resize=584%2C140&#038;ssl=1\" alt=\"\" data-recalc-dims=\"1\" \/><\/p>\n","protected":false},"excerpt":{"rendered":"<p>Expressen Debatt best\u00e4llde en artikel av mig, som skulle handla om den alltmer puritanska synen p\u00e5 sex och naket i det offentliga rummet. Min artikel delades friskt (n\u00e4stan 2.000 delningar p\u00e5 Facebook p\u00e5 nio dagar), var ett par-tre dagar en &hellip; <a href=\"https:\/\/www.cirkuseros.nu\/index.php\/text\/artiklar\/artiklar-av-calle-rehbinder\/nakenhet-ar-tabu-i-var-kroppsfientliga-kultur\/\">Forts\u00e4tt l\u00e4sa <span class=\"meta-nav\">&rarr;<\/span><\/a><\/p>\n","protected":false},"author":1,"featured_media":0,"parent":1021,"menu_order":22,"comment_status":"closed","ping_status":"closed","template":"sidebar-page.php","meta":[],"_links":{"self":[{"href":"https:\/\/www.cirkuseros.nu\/index.php\/wp-json\/wp\/v2\/pages\/5734"}],"collection":[{"href":"https:\/\/www.cirkuseros.nu\/index.php\/wp-json\/wp\/v2\/pages"}],"about":[{"href":"https:\/\/www.cirkuseros.nu\/index.php\/wp-json\/wp\/v2\/types\/page"}],"author":[{"embeddable":true,"href":"https:\/\/www.cirkuseros.nu\/index.php\/wp-json\/wp\/v2\/users\/1"}],"replies":[{"embeddable":true,"href":"https:\/\/www.cirkuseros.nu\/index.php\/wp-json\/wp\/v2\/comments?post=5734"}],"version-history":[{"count":6,"href":"https:\/\/www.cirkuseros.nu\/index.php\/wp-json\/wp\/v2\/pages\/5734\/revisions"}],"predecessor-version":[{"id":13373,"href":"https:\/\/www.cirkuseros.nu\/index.php\/wp-json\/wp\/v2\/pages\/5734\/revisions\/13373"}],"up":[{"embeddable":true,"href":"https:\/\/www.cirkuseros.nu\/index.php\/wp-json\/wp\/v2\/pages\/1021"}],"wp:attachment":[{"href":"https:\/\/www.cirkuseros.nu\/index.php\/wp-json\/wp\/v2\/media?parent=5734"}],"curies":[{"name":"wp","href":"https:\/\/api.w.org\/{rel}","templated":true}]}}