{"id":7076,"date":"2017-02-09T01:56:40","date_gmt":"2017-02-09T00:56:40","guid":{"rendered":"http:\/\/www.cirkuseros.nu\/?page_id=7076"},"modified":"2017-02-09T02:01:55","modified_gmt":"2017-02-09T01:01:55","slug":"konsumentmakt-och-kommersiell-sex","status":"publish","type":"page","link":"https:\/\/www.cirkuseros.nu\/index.php\/text\/artiklar\/artiklar-av-gastartister-andra-skribenter\/konsumentmakt-och-kommersiell-sex\/","title":{"rendered":"Konsumentmakt och kommersiell sex?"},"content":{"rendered":"<p><strong>Av Morgan A., tidigare publicerad p\u00e5 <a href=\"https:\/\/safeblogg.blogspot.se\/2009\/09\/konsumentmakt-och-kommersiell-sex.html\" target=\"_blank\">SAFEBLOGGEN<\/a>.<\/strong><\/p>\n<p><em>Om destruktiva sexualnormer och hur de kan f\u00f6r\u00e4ndras<\/em><\/p>\n<p>Nyligen s\u00e5g jag ett teveprogram om hur man bryter silver och andra dyra metaller i Peru. Arbetarna lever under fruktansv\u00e4rda f\u00f6rh\u00e5llanden; gruvorna \u00e4r fyllda av giftig cyanidgas och lodr\u00e4ta schakt medf\u00f6r stor rasrisk. Ett femtiotal m\u00e4n dog i arbetet bara f\u00f6rra \u00e5ret \u2013 jag vet inte om det g\u00e4llde hela landet eller bara den region man bes\u00f6kte i programmet.<\/p>\n<p>Dessutom var arbetet s\u00e5 h\u00e5rt att arbetarna tuggade kokablad f\u00f6r att orka.<\/p>\n<p>Silver anv\u00e4nds mest i tekniska och kemiska till\u00e4mpningar; elektronik, fotografi, framst\u00e4llning av mynt \u2013 men ocks\u00e5 i smycken och bestick. N\u00e4r jag s\u00e5g programmet t\u00e4nkte jag omedelbart att jag borde f\u00f6rs\u00f6ka hitta r\u00e4ttvisem\u00e4rkta smycken n\u00e4sta g\u00e5ng jag k\u00f6per. Kanske finns det n\u00e5gon ursprungs- eller r\u00e4ttvisem\u00e4rkning som garanterar att handeln och gruvbrytningen har g\u00e5tt r\u00e4tt till? I alla fall borde det finnas s\u00e5dan m\u00e4rkning, s\u00e5 att vi konsumenter kan ut\u00f6va v\u00e5r konsumentmakt.<\/p>\n<p>Som andra tanke slog det mig, att om vi alla skulle g\u00f6ra s\u00e5, s\u00e5 skulle det g\u00e5 ganska illa f\u00f6r de familjer som lever av att m\u00e4nnen jobbar i de peruanska silvergruvorna &#8211; i alla fall p\u00e5 kort sikt. P\u00e5 l\u00e4ngre sikt s\u00e5 kanske konsumentinflytande skulle g\u00f6ra att de stora silverhandelsbolagen (om de nu finns) blir tvungna att investera i b\u00e4ttre utrustning och s\u00e4kerhet f\u00f6r arbetarna. Jag vill g\u00e4rna att just mina pengar ska g\u00e5 till en bra silverproduktion \u2013 inte s\u00e5dan som g\u00f6r att m\u00e4nniskor lider och f\u00f6rolyckas.<\/p>\n<p>Kommer ni ih\u00e5g debatten om hur barn syr fotbollar i Kina och i fattiga l\u00e4nder i sydostasien? Har ni sett debatten om leksaksproduktion som sker under ganska hemska arbetsf\u00f6rh\u00e5llanden i samma l\u00e4nder? Ikeas rottingm\u00f6bler? \u00c4kta handknutna mattor fr\u00e5n \u201dPersien\u201d &#8211; de d\u00e4r som vanligen kommer fr\u00e5n Pakistan? Kaffe och bananer och afrikanska arbetare som skadas av bek\u00e4mpningsmedel?<\/p>\n<p>I alla dessa fall, s\u00e5 har vi medvetna konsumenter och v\u00e5ra handg\u00e5ngna politiker reagerat genom att st\u00e4lla krav p\u00e5 att l\u00e4nder och f\u00f6retag ska b\u00f6rja ta b\u00e4ttre hand om sina anst\u00e4llda. Folk ska kunna f\u00e5 en sk\u00e4lig l\u00f6n. De ska inte tvingas till arbete genom att l\u00e5sas in. De ska inte l\u00f6pa on\u00f6dig risk f\u00f6r skada eller sjukdom. De ska inte beh\u00f6va ta droger f\u00f6r att st\u00e5 ut med arbetsf\u00f6rh\u00e5llandena. Vi har ocks\u00e5 agerat som konsumenter genom att fr\u00e5ga efter r\u00e4ttvisem\u00e4rkning, fair-trade, milj\u00f6m\u00e4rkt, kravm\u00e4rkt, etc.<\/p>\n<p><strong>Men notera nu ett par saker:<\/strong> Vi har <em>inte<\/em> st\u00e4llt krav p\u00e5 att k\u00f6p av kaffe, bananer, fotbollar eller leksaker ska kriminaliseras. Vi l\u00e5ter inte det faktum att vissa \u201dbananarbetare\u201d f\u00e5r sv\u00e5ra skador av fr\u00e4tande och giftigt bek\u00e4mpningsmedel &#8211; eller det faktum att vissa leksakstillverkare h\u00e5lls inl\u00e5sta &#8211; eller det faktum att vissa gruvarbetare tar droger f\u00f6r att orka sitt tunga och farliga arbete \u2013 p\u00e5verka oss att tycka att det \u00e4r n\u00e5gonting <em>inneboende fel<\/em> i att k\u00f6pa bananer, leksaker eller silverprodukter. Vi klarar av att se <em>nyanserat<\/em> p\u00e5 \u201dbananindustrin, leksaksindustrin och silverindustrin\u201d och betecknar dem inte kollektivt som ondskefulla industrier som m\u00e5ste bek\u00e4mpas. Vi <em>stigmatiserar inte<\/em> arbetarna, och vi stigmatiserar inte k\u00f6parna.<\/p>\n<p>Nu anar ni f\u00f6rst\u00e5s varth\u00e4n jag vill komma, men innan jag b\u00f6rjar tala om sexarbete s\u00e5 ska jag g\u00f6ra ett par p\u00e5pekanden till:<\/p>\n<p>Vi lever i en v\u00e4rld d\u00e4r man \u00e4r tvungen att arbeta f\u00f6r att \u00f6verleva. Det \u00e4r ett ganska okontroversiellt p\u00e5st\u00e5ende. Vissa jobb \u00e4r dessutom s\u00e5 beskaffade att de \u00e4r \u00e4ckliga, trista, farliga, psykiskt p\u00e5frestande, stressiga, slitiga f\u00f6r ryggen, och s\u00e5 vidare. Jag jobbar exempelvis som l\u00e4rare \u2013 ett av de yrken d\u00e4r flest anst\u00e4llda l\u00f6per risk f\u00f6r stressrelaterade besv\u00e4r; och jag har jobbat som st\u00e4dare \u2013 ett ohyggligt trist och ensamt arbete; och inom \u00e4ldre- och handikappomsorgen \u2013 ett arbete d\u00e4r jag ibland utsattes f\u00f6r v\u00e5ld och hot av psykiskt sjuka personer, d\u00e4r jag tvingades torka upp allehanda kroppsv\u00e4tskor och umg\u00e5s mycket med d\u00e5liga lukter, samt s\u00e5g stort lidande p\u00e5 n\u00e4ra h\u00e5ll, vilket var psykiskt kr\u00e4vande. Likv\u00e4l tycker jag inte att mina klienter eller arbetsgivare i dessa serviceyrken gjorde n\u00e5got fel mot mig. Jag erbj\u00f6d mina tj\u00e4nster, b\u00e5de fysiskt och psykiskt, p\u00e5 en marknad d\u00e4r arbetsgivare och kunder betalar f\u00f6r dem. Inget konstigt med det. Jag skulle givetvis hellre suttit hemma och surfat p\u00e5 internet \u00e4n att jobba, och jag skulle helt klart hellre haft andra yrken om det hade erbjudits mig p\u00e5 arbetsmarknaden, men detta till trots var det inget moraliskt fel n\u00e5gonstans i denna beskrivning av mitt yrkesliv. Ingen ifr\u00e5gas\u00e4tter ifall jag \u201dfrivilligt\u201d valt att jobba som st\u00e4dare, i v\u00e5rden eller som l\u00e4rare. <em>Mycket f\u00e5 personer jobbar n\u00e4mligen helt frivilligt med sitt yrke. Man g\u00f6r det f\u00f6r att tj\u00e4na pengar, och det r\u00e4cker s\u00e5. Gott nog!<\/em><\/p>\n<p><strong>Varf\u00f6r<\/strong> resonerar man i Sverige inte likadant n\u00e4r det g\u00e4ller sexarbete? Varf\u00f6r t\u00e4nker man genast, n\u00e4r man ser den som jobbar med erotisk dans, sexuell posering, s\u00e4ljande av sexuella tj\u00e4nster, porrfilmsproduktion eller andra former av sexarbete, p\u00e5 offer, exploatering, ofrivillighet, \u201dk\u00f6nsmaktordning\u201d, trafficking, en ond sexindustri, och s\u00e5 vidare? Varf\u00f6r ser man inte saken lika nyktert som n\u00e4r man betraktar andra yrken och f\u00f6reteelser, d\u00e4r vi kan se hela komplexiteten?<\/p>\n<p><strong>Givetvis<\/strong> \u00e4r det fel att k\u00f6pa sex av minder\u00e5riga. Givetvis \u00e4r det fel att k\u00f6pa sexuella tj\u00e4nster av n\u00e5gon som s\u00e4ljer sex mot sin vilja, n\u00e5gon som h\u00e5lls inl\u00e5st i fr\u00e4mmande land, n\u00e5gon som blir utsatt f\u00f6r utpressning eller v\u00e5ld, eller n\u00e5gon som bara m\u00e5r s\u00e5 d\u00e5ligt av att s\u00e4lja sex att den m\u00e5ste ta droger f\u00f6r att orka med.<\/p>\n<p><strong>Men p\u00e5 samma s\u00e4tt<\/strong> som inte <em>alla<\/em> leksaksk\u00f6p blir fel f\u00f6r att vissa leksaker tillverkas av barn eller av arbetare som f\u00e5r osk\u00e4ligt lite betalt och h\u00e5lls inl\u00e5sta, s\u00e5 blir inte alla sexk\u00f6p fel bara f\u00f6r att vissa som s\u00e4ljer sex \u00e4r minder\u00e5riga, eller f\u00f6rslavade eller f\u00e5r osk\u00e4ligt lite betalt. P\u00e5 samma s\u00e4tt som inte <em>all<\/em> anv\u00e4ndning av varor som inneh\u00e5ller silver blir fel bara f\u00f6r att vissa som arbetar i silverindustrin tvingas tugga kokablad f\u00f6r att orka och l\u00f6per stora risker, blir inte <em>all<\/em> anv\u00e4ndning av pornografi fel f\u00f6r att vissa porrstj\u00e4rnor m\u00e5r d\u00e5ligt av att medverka eller missbrukar kokain. P\u00e5 samma s\u00e4tt som hela omsorgsbranschen inte \u00e4r fel f\u00f6r att d\u00e4r jobbar fler kvinnor \u00e4n m\u00e4n, att man l\u00f6per risk att bli utsatt f\u00f6r v\u00e5ld och hot i yrket, att det ibland \u00e4r stressigt eller \u00e4ckligt och att de flesta som jobbar med det nog hellre hade jobbat med n\u00e5got annat om de haft m\u00f6jlighet, eller att de flesta nog skulle avr\u00e5da sina d\u00f6ttrar fr\u00e5n att s\u00f6ka sig till branschen, \u00e4r inte hela den kommersiella sexbranschen suspekt bara f\u00f6r att samma saker eventuellt g\u00e4ller i vissa delar av den.<\/p>\n<p>Nej, jag tycker att den svenska debatten om den kommersiella sexbranschen pr\u00e4glas av moralism och en of\u00f6rm\u00e5ga fr\u00e5n m\u00e5nga politikers och debatt\u00f6rers h\u00e5ll att se nyktert och utan f\u00f6rd\u00f6mande p\u00e5 saker som de inte sj\u00e4lva k\u00e4nslom\u00e4ssigt kan relatera till. Och jag vet f\u00f6rst\u00e5s varf\u00f6r det \u00e4r s\u00e5; det handlar om vissa normer om och v\u00e4rderingar av \u201ddet sexuella\u201d: mononormativitet, heteronormativitet, en hierarkisk v\u00e4rdeskala f\u00f6r sexuella handlingar, sexnegativitet, f\u00f6rest\u00e4llningar om m\u00e4ns och kvinnors olika sexualiteter, och en dominoteori om sexuell fara. Den som l\u00e4st sin Petra \u00d6stergren vet f\u00f6rst\u00e5s redan varth\u00e4n jag \u00e4r p\u00e5 v\u00e4g:<\/p>\n<p>Tage Danielsson formulerade det fyndigt i sin <em>Postilla: 52 profana predikningar och betraktelser:<\/em><br \/>\n<strong>\u201dDet \u00e4r n\u00e5gonting fult med det sexuella. Ingen vet vad det \u00e4r, men n\u00e5gonting \u00e4r det\u201d.<\/strong><\/p>\n<p><strong>I v\u00e5r kultur<\/strong> har vi ett mycket kluvet f\u00f6rh\u00e5llande till det sexuella; dels \u00e4r vi fixerade vid det; dels sk\u00e4ms vi \u00f6ver det. Sex \u00e4r samtidigt n\u00e5gonting heligt, underbart, <em>vackert<\/em> och n\u00e5gonting suspekt, hotfullt och smutsigt: Det \u00e4r vackert n\u00e4r det sker mellan en man och en kvinna som lever tillsammans i en monogam k\u00e4rleksbaserad relation av l\u00e4ngre varaktighet. Helst b\u00f6r det vara sex av \u201dfortplantningstyp\u201d, dvs. penetrerande penis-vaginalt samlag, men nu f\u00f6r tiden har ocks\u00e5 oralsex b\u00f6rjat uppfattas som \u201dnormalt\u201d. Helst b\u00f6r b\u00e5da parter njuta lika mycket och h\u00f6jden av lycka \u00e4r n\u00e4r b\u00e5da parter f\u00e5r simultan orgasm (en tanke som lanserades av 1800-talssexologen Richard von Krafft-Ebing och som sedan dess upprepats av or\u00e4kneliga sexr\u00e5dgivare). Sex \u00e4r \u00e5 andra sidan <em>d\u00e5ligt<\/em> om det involverar stor \u00e5ldersskillnad mellan parterna, parter av samma k\u00f6n, fler eller f\u00e4rre deltagare \u00e4n bara tv\u00e5, s\u00e5dant sex som sker utan k\u00e4rlek, s\u00e5dant som sker mot ekonomisk ers\u00e4ttning, som involverar fetischer av exempelvis sadomasochistisk typ, eller d\u00e4r n\u00e5gon part \u00e4r ful eller fet, eller n\u00e4r penetrerationen sker analt &#8211; listan p\u00e5 suspekt, hotfullt eller smutsigt sex kan g\u00f6ras l\u00e5ng!<\/p>\n<p>I sj\u00e4lva verket kan man g\u00f6ra en slags sexuell v\u00e4rdeskala eller hierarki d\u00e4r man h\u00f6gst upp hittar ett gift par som har fortplantningssex av vaniljtyp, och under dessa finner vi andra heterosexuella par och m\u00f6jligen det senaste decenniet ocks\u00e5 homosexuella par som lever i varaktiga relationer. D\u00e4r under hittar man dem som har promisku\u00f6sa eller tillf\u00e4lliga sexuella kontakter, fetischister, sexarbetare, transsexuella och dem vars sexuella attraktion bryter generationsbarri\u00e4rer.<\/p>\n<p>Denna sexuella v\u00e4rdeskala har inte sett likadan ut i alla tider, men dess k\u00e4rna g\u00e5r tillbaka p\u00e5 tv\u00e5 f\u00f6rest\u00e4llningar vill jag h\u00e4vda. F\u00f6r det f\u00f6rsta tanken om \u201ddet kroppsliga\u201d som n\u00e5gonting fult, och f\u00f6r det andra tanken om \u201ddet naturliga\u201d som kriterium f\u00f6r vad som \u00e4r bra:<\/p>\n<p>Tanken om att \u201ddet kroppsliga\u201d \u00e4r d\u00e5ligt kan man sp\u00e5ra \u00e4nda tillbaka till antikens h\u00f6gkulturer kring medelhavet. D\u00e4r betraktade man kroppsarbete som slavg\u00f6ra p\u00e5 samma s\u00e4tt som man i Indien idag betraktar vissa yrken som smutsiga bara f\u00f6r att de har med v\u00e5ra kroppsliga funktioner att g\u00f6ra. Att vara fris\u00f6r, varvid man tvingas r\u00f6ra vid andra m\u00e4nniskors h\u00e5r, ses i Indien som ett mycket f\u00f6rnedrande yrke som uteslutande kan innehas av Shudra-kasten och de kastl\u00f6sa. Denna f\u00f6rest\u00e4llning har levt kvar i den v\u00e4sterl\u00e4ndska kulturen, men allra starkast f\u00f6rknippar vi nu det kroppsliga stigmat med v\u00e5ra k\u00f6nsorgan. Att ber\u00f6ra en annan m\u00e4nniskas k\u00f6nsorgan mot betalning \u00e4r h\u00f6jden av f\u00f6rnedring, medan det inte \u00e4r alls lika illa att syssla med fotv\u00e5rd eller ens att torka andra m\u00e4nniskor i baken!<\/p>\n<p>Tanken om \u201ddet naturliga\u201d som v\u00e4rdekriterium beh\u00f6ver man inte se l\u00e4ngre \u00e4n till reklamen f\u00f6r att f\u00e5 syn p\u00e5; t\u00e4nk bara p\u00e5 alla schampon med naturliga oljor och aromer! \u00c4ven denna tanke g\u00e5r tillbaka \u00e4nda till de gamla antika h\u00f6gkulturerna och den har f\u00f6rvaltats av kristen tradition, d\u00e4r man har betraktat skapelsen som mycket \u00e4ndam\u00e5lsenligt inr\u00e4ttad. Syftet med v\u00e5ra k\u00f6nsorgan \u00e4r att de skall anv\u00e4ndas f\u00f6r att alstra barn, och n\u00e4r de anv\u00e4nds i enlighet med detta syfte s\u00e5 \u201dfelanv\u00e4nds\u201d de inte. Vid onani, oralsex eller anal penetration anv\u00e4nds de d\u00e4remot p\u00e5 fel s\u00e4tt och det \u00e4r omoraliskt eller p\u00e5 annat vis (estetiskt kanske?) felaktigt.<\/p>\n<p>Under tidigt 1800-tal gick skiljelinjen mellan bra och d\u00e5ligt sex mellan fertilt sex och sterilt sex. Det f\u00e5ngar k\u00e4rnan i uppdelningen mellan naturligt och onaturligt sex: Fertilt sex, allts\u00e5 heterosexuella penis-vaginala samlag, var det enda som ans\u00e5gs bra. Och inte f\u00f6rbeh\u00e5llsl\u00f6st bra, f\u00f6r om man hade f\u00f6r m\u00e5nga barn redan, eller om man inte var \u00e4kta makar, d\u00e5 d\u00f6g det inte! Endast \u201dk\u00e4rnfamiljssex\u201d var tolerabelt! Sterilt sex, exempelvis oral- och analsex, homosexuellt sex, preventivmedelsanv\u00e4ndning eller sex utanf\u00f6r k\u00e4rnfamiljens ramar, det s\u00e5gs som rent samh\u00e4llsskadligt! Men i takt med att samh\u00e4llets mer privilegierade medborgare b\u00f6rjade anv\u00e4nda sig av preventivmedel s\u00e5 suddades distinktionen mellan fertilt sex och sterilt sex ut, och ersattes av en ny uppdelning: heterosex och homosex (eller helt enkelt bara: normalt sex och perversioner). Ovan n\u00e4mnda Richard von Krafft-Ebing var en av de sexologer som l\u00e4rde oss att g\u00f6ra den nya uppdelningen: heterosexuellt fortplantningsh\u00e4rmande sex \u00e4r naturligt och friskt, medan homosex och andra s\u00e5 kallade perversioner \u00e4r onaturliga och skall betraktas som sjuka.<\/p>\n<p>Det h\u00e4r \u00e4r k\u00e4rnan i den dolda norm, det tankedrag, som kallas f\u00f6r &#8221;<strong>sexnegativitet<\/strong>&#8221;: Alla sexuella yttringar som g\u00e5r utanf\u00f6r den sn\u00e4va ram av \u201dnormalitet och naturlighet\u201d som v\u00e5r kultur s\u00e4tter upp betraktas som syndiga, skadliga eller negativa. Normbrytande sex beskrivs st\u00e4ndigt utifr\u00e5n sitt v\u00e4rsta m\u00f6jliga uttryck. N\u00e4r media skriver om att allt fler ungdomar nu f\u00f6r tiden provar att ha analsex (inspirerade av porrfilm, f\u00f6rst\u00e5s), s\u00e5 \u00e4r det i termer av att detta \u00e4r ett sexuellt riskbeteende, att unga kvinnor uts\u00e4tts f\u00f6r p\u00e5tryckningar av de p\u00e5verkbara unga m\u00e4nnen, att det \u00e4r en negativ trend. Vaf\u00f6r v\u00e4ljer man inte att skriva att allt fler ungdomar nu f\u00f6r tiden, inspirerade av porrfilmer, v\u00e5gar prova p\u00e5 nya s\u00e4tt att ha sk\u00f6nt sex och utforskar sina kroppars sexuella m\u00f6jligheter? Varf\u00f6r exemplifierar man trenden bara med personer som upplevt sm\u00e4rta eller obehag av analsex? Varf\u00f6r ber\u00e4ttar man inte ocks\u00e5 om alla som upplevt det som positivt, och f\u00f6rklarar hur man ska g\u00e5 till v\u00e4ga f\u00f6r att undvika obehag? Svaret: Sexnegativitet! Man reagerar med ryggm\u00e4rgen; allt normbrytande sex skall misst\u00e4nkligg\u00f6ras.<\/p>\n<p>Sexnegativiteten g\u00f6r att prostitution diskuteras utifr\u00e5n helt andra premisser \u00e4n andra branscher. Man v\u00e4ljer de v\u00e4rsta formerna som exempel. T\u00e4nk om man skulle g\u00f6ra detsamma med bananbranschen, leksaksbranschen, smyckesbranschen?<\/p>\n<p>Ocks\u00e5 pornografi diskuteras utifr\u00e5n de \u201dv\u00e4rsta\u201d exemplen man kan finna. Sadomasochistiskt sex med inslag av verbal f\u00f6rnedring f\u00e5r visa hur porren \u00e4r kvinnof\u00f6rnedrande. Att det finns en hel flora med porrfilmer d\u00e4r <em>m\u00e4n<\/em> blir verbalt och fysiskt f\u00f6rnedrade av kvinnor eller andra m\u00e4n v\u00e4ljer man att bortse ifr\u00e5n &#8211; och man kommer undan med det! Man kommer ocks\u00e5 undan med en l\u00e4sning av porrfilmens inslag av f\u00f6rnedring, som helt bortser fr\u00e5n att sexologer mycket l\u00e4nge k\u00e4nt till att teman av dominans och underkastelse, maktspel och f\u00f6rnedring, \u00e4r vanliga sexuella fantasier hos b\u00e5da k\u00f6nen. M\u00e5nga av oss t\u00e4nder p\u00e5 att fantisera om sexuella maktrelationer. Det g\u00f6r inte att vi \u00e4r d\u00e5liga feminister i vardagen &#8211; snarare tv\u00e4rtom! Varf\u00f6r kommer man undan med dessa missf\u00f6rst\u00e5nd och tendenti\u00f6sa illustrationer? Svaret: Sexnegativitet!<\/p>\n<p>Alla har vi mycket att f\u00f6rlora p\u00e5 denna kulturella sexnegativitet, men fast\u00e4n m\u00e4nnen \u00e4r de som mest blir stigmatiserade \u00e4r nog \u00e4nd\u00e5 kvinnorna de st\u00f6rsta f\u00f6rlorarna. Kvinnor f\u00f6rv\u00e4ntas n\u00e4mligen i v\u00e5r kultur vara lite renare, oskuldsfullare, mer passiva \u00e4n m\u00e4n. M\u00e4n drabbas inte av horstigma om de har promisku\u00f6st sex. Om m\u00e4n haft analsex (med en kvinna, l\u00e4gger jag f\u00f6r s\u00e4kerhets skull till) och ber\u00e4ttar om det i positiva ordalag, s\u00e5 ses de inte som k\u00f6nsf\u00f6rr\u00e4dare. Om m\u00e4n ber\u00e4ttar att de tycker om att se p\u00e5 porrfilm s\u00e5 ses de bara som \u00e4ckliga och misogyna, inte som rent avvikande och konstiga. En man som ber\u00e4ttar att han s\u00e4ljer sex p\u00e5 krogen hamnar inte omedelbart i offerst\u00e4llning. Hans ord kan fortfarande tas p\u00e5 allvar, medan detsamma om\u00f6jligt skulle g\u00e4lla en kvinna. \u201dIngen kvinna kan vilja\u2026\u201d brukar det heta b\u00e5de om analsex, medverkande i porrfilm och om att s\u00e4lja sexuella tj\u00e4nster. Men s\u00e5 formulerar man sig inte om m\u00e4n. F\u00f6r m\u00e4n f\u00e5r lov att k\u00e4nna lust, att vara k\u00e5ta, att t\u00e4nja lite p\u00e5 normerna.<\/p>\n<p><strong>Hur kan vi d\u00e5 f\u00f6r\u00e4ndra<\/strong> denna mycket destruktiva sexnegativa attityd i v\u00e5rt samh\u00e4lle? Jo, l\u00f6sningen heter \u00f6ppenhet och skambefriad kommunikation. Vad vi sysslar med \u00e4r n\u00e4mligen s\u00e5 kallad <strong>preferensf\u00f6rfalskning<\/strong>: Vi vet vad normen s\u00e4ger att vi f\u00e5r lov att yttra om sexuella \u00e4mnen utan att drabbas av sociala konsekvenser. Den som sj\u00e4lv har en normbrytande sexuell preferens &#8211; exempelvis gillar porr, k\u00f6per eller s\u00e4ljer sexuella tj\u00e4nster, gillar analsex, bdsm, sex med \u00e4ldre eller yngre partner, har en stark fetisch eller liknande, drar sig f\u00f6r att s\u00e4ga en s\u00e5dan sak offentligt. Sex \u00e4r ju dels s\u00e5 v\u00e4ldigt privat (ett resultat av sexnegativiteten), dels s\u00e5 stigmatiserat f\u00f6r den som \u00e4r normbrytande (ocks\u00e5 sexnegativiteten), att v\u00e4ldigt f\u00e5 har modet att komma ut ur garderoben.<\/p>\n<p>Men se hur utvecklingen har varit f\u00f6r homosexuellas r\u00e4ttigheter under de senaste 100 \u00e5ren! Fr\u00e5n att ha varit b\u00e5de straffbart och sjukdomsf\u00f6rklarat har homosexualitet f\u00f6rst blivit avkriminaliserat, sedan friskf\u00f6rklarat, sedan allt mer accepterat, och \u00e4r nu p\u00e5 v\u00e4g att bli helt likst\u00e4llt inf\u00f6r lagen. Denna l\u00e5ngsamma f\u00f6r\u00e4ndring av v\u00e4rderingar har skett genom att f\u00f6rst n\u00e5gra f\u00e5 och sedan allt fler personer har \u201dkommit ut\u201d och ber\u00e4ttat om att de \u00e4r normbrytande, pekat p\u00e5 heteronormens skadlighet, visat p\u00e5 det sjuka i de hierarkiska sexuella v\u00e4rderingarna. Samma komma ut-process m\u00e5ste ske ocks\u00e5 p\u00e5 andra sexuella territorier, och det h\u00e5ller p\u00e5 att ske. H\u00e4ng p\u00e5 och kom ut som sexpositiv du ocks\u00e5, k\u00e4ra l\u00e4sare! Say it loud, I\u2019m queer and I\u2019m proud!<\/p>\n<p>I f\u00f6rl\u00e4ngningen hoppas jag att en s\u00e5dan f\u00f6r\u00e4ndring av v\u00e5ra sexuella v\u00e4rderingar ska kunna leda till att vi f\u00e5r fackf\u00f6reningar f\u00f6r sexarbetare; likst\u00e4ller sexarbete med allt annat f\u00f6rv\u00e4rvsarbete enligt lagen, likst\u00e4ller k\u00f6p av sexuella tj\u00e4nster med k\u00f6p av andra liknande tj\u00e4nster (som aromaterapi, massage eller fotv\u00e5rd); f\u00e5r till en vettig konsumentm\u00e4rkning av porrfilm s\u00e5 att porrkonsumenter kan informera sig om att porren producerats p\u00e5 ett bra s\u00e4tt; f\u00e5r till en likadan konsumentm\u00e4rkning av andra sexuella tj\u00e4nster (strip-tease, erotisk posering, prostitution); och kanske viktigast: Jag hoppas att en f\u00f6r\u00e4ndring av de sexuella v\u00e4rderingarna kan g\u00f6ra att man oavsett k\u00f6n kan f\u00e5 lov att arbeta med eller k\u00f6pa sex utan att stigmatiseras, offerg\u00f6ras, reduceras till sitt k\u00f6n, kallas k\u00f6nsf\u00f6r\u00e4dare eller bli betraktad som anti-feminist. Om kvinnor ska f\u00e5 samma sexuella r\u00e4ttigheter som m\u00e4n, s\u00e5 kr\u00e4vs det att vi g\u00f6r upp med hela det sexnegativa id\u00e9komplexet!<\/p>\n<p>L\u00f6sningen \u00e4r i sin k\u00e4rna denna: Sluta upp med att sj\u00e4lv betrakta sex som ett \u201dspecialfall\u201d &#8211; som n\u00e5gonting heligt och speciellt som kr\u00e4ver k\u00e4rlek och monogami f\u00f6r att vara okej. B\u00f6rja snacka mer om normbrytande sex i positiva ordalag. Var s\u00e5 \u00f6ppen du n\u00e5gonsin v\u00e5gar. F\u00f6ruts\u00e4tt inte att alla du m\u00f6ter lever efter de sexuella normerna. Kom ut som normbrytare, s\u00e5 att andra normbrytare ser att det g\u00e5r. F\u00f6rst d\u00e5 kan normerna f\u00f6r\u00e4ndras. Say it loud, I\u2019m queer and I\u2019m proud!<\/p>\n<p>Morgan A., 2009-09-22<\/p>\n<p><img decoding=\"async\" loading=\"lazy\" src=\"https:\/\/i1.wp.com\/www.cirkuseros.nu\/app\/uploads\/2016\/11\/tunnlinjeoriginal_584.gif?resize=584%2C8&#038;ssl=1\" alt=\"linje\" data-recalc-dims=\"1\" \/><br \/>\n<a href=\"https:\/\/www.cirkuseros.nu\/index.php\/text\/artiklar\/artiklar-av-gastartister-andra-skribenter\/\"><strong><span style=\"font-family: Verdana, Geneva, Arial, Helvetica, Sans serif; font-size: small;\">Tillbaka till Artiklar av g\u00e4startister \u00bb<\/span><\/strong><\/a><br \/>\n<img decoding=\"async\" loading=\"lazy\" src=\"https:\/\/i0.wp.com\/www.cirkuseros.nu\/app\/uploads\/2017\/01\/heartline_584.gif?resize=584%2C20&#038;ssl=1\" alt=\"Heartline\" data-recalc-dims=\"1\" \/><\/p>\n<p><img decoding=\"async\" loading=\"lazy\" src=\"https:\/\/i2.wp.com\/www.cirkuseros.nu\/app\/uploads\/2016\/10\/fri_kursbanner_ani.gif?resize=584%2C140&#038;ssl=1\" alt=\"Cirkus Eros - erotik f\u00f6r finsmakare\" data-recalc-dims=\"1\" \/><\/p>\n","protected":false},"excerpt":{"rendered":"<p>Av Morgan A., tidigare publicerad p\u00e5 SAFEBLOGGEN. Om destruktiva sexualnormer och hur de kan f\u00f6r\u00e4ndras Nyligen s\u00e5g jag ett teveprogram om hur man bryter silver och andra dyra metaller i Peru. Arbetarna lever under fruktansv\u00e4rda f\u00f6rh\u00e5llanden; gruvorna \u00e4r fyllda av &hellip; <a href=\"https:\/\/www.cirkuseros.nu\/index.php\/text\/artiklar\/artiklar-av-gastartister-andra-skribenter\/konsumentmakt-och-kommersiell-sex\/\">Forts\u00e4tt l\u00e4sa <span class=\"meta-nav\">&rarr;<\/span><\/a><\/p>\n","protected":false},"author":1,"featured_media":0,"parent":1022,"menu_order":23,"comment_status":"closed","ping_status":"closed","template":"sidebar-page.php","meta":[],"_links":{"self":[{"href":"https:\/\/www.cirkuseros.nu\/index.php\/wp-json\/wp\/v2\/pages\/7076"}],"collection":[{"href":"https:\/\/www.cirkuseros.nu\/index.php\/wp-json\/wp\/v2\/pages"}],"about":[{"href":"https:\/\/www.cirkuseros.nu\/index.php\/wp-json\/wp\/v2\/types\/page"}],"author":[{"embeddable":true,"href":"https:\/\/www.cirkuseros.nu\/index.php\/wp-json\/wp\/v2\/users\/1"}],"replies":[{"embeddable":true,"href":"https:\/\/www.cirkuseros.nu\/index.php\/wp-json\/wp\/v2\/comments?post=7076"}],"version-history":[{"count":2,"href":"https:\/\/www.cirkuseros.nu\/index.php\/wp-json\/wp\/v2\/pages\/7076\/revisions"}],"predecessor-version":[{"id":7081,"href":"https:\/\/www.cirkuseros.nu\/index.php\/wp-json\/wp\/v2\/pages\/7076\/revisions\/7081"}],"up":[{"embeddable":true,"href":"https:\/\/www.cirkuseros.nu\/index.php\/wp-json\/wp\/v2\/pages\/1022"}],"wp:attachment":[{"href":"https:\/\/www.cirkuseros.nu\/index.php\/wp-json\/wp\/v2\/media?parent=7076"}],"curies":[{"name":"wp","href":"https:\/\/api.w.org\/{rel}","templated":true}]}}