{"id":711,"date":"2016-11-08T22:47:19","date_gmt":"2016-11-08T21:47:19","guid":{"rendered":"https:\/\/cirkuseros.wordpress.com\/?page_id=711"},"modified":"2023-09-26T23:42:36","modified_gmt":"2023-09-26T21:42:36","slug":"teaterrepetitionen-romeo-juliet","status":"publish","type":"page","link":"https:\/\/www.cirkuseros.nu\/index.php\/text\/noveller\/noveller-av-calle-rehbinder\/teaterrepetitionen-romeo-juliet\/","title":{"rendered":"Teaterrepetitionen \u2013 Romeo &#038; Juliet"},"content":{"rendered":"<p>&#8211; O.K. &#8211; bryt! S\u00e5 ses vi allihop imorgon samma tid. Magnus! Du m\u00e5ste l\u00e4ra dig ditt manus ordentligt! Du kan inte g\u00e5 och tveka och f\u00e5 sufflering varannan replik.<\/p>\n<p>&#8211; F\u00f6rl\u00e5t, men det har varit mycket den h\u00e4r veckan&#8230;<\/p>\n<p>&#8211; Och f\u00f6rra veckan, och veckan innan&#8230; Jag vill bara att du l\u00e4r dig dina repliker och dina stick, kan du det?<\/p>\n<p>&#8211; Jajaja&#8230;<\/p>\n<p>&#8212;&#8211;<\/p>\n<p>Tre veckor kvar till premi\u00e4r. <em><strong>Teater Garage ger&#8230;<\/strong><\/em> Magnus var f\u00f6rvirrad och ledsen, och visste inte om han skulle ro iland med sin uppgift. Huvudroll i Romeo och Julia, och han kunde fortfarande inte replikerna ordentligt. Han hade massor med l\u00e4xor och tentor, och s\u00e5 hade det tagit slut med Louise. <em><strong>Louise.<\/strong><\/em> S\u00f6ta, sexiga och h\u00e4rliga Louise. Tyv\u00e4rr hade han inte varit ensam om att k\u00e4nna s\u00e5, och tyv\u00e4rr hade han inte heller varit ensam om Louise. S\u00e5 kan det g\u00e5.<\/p>\n<p>&#8211; Jag kan hj\u00e4lpa dig med replikerna om du vill.<\/p>\n<p>Susanne. Hon som bara hade gn\u00e4llt p\u00e5 Magnus, tjatat om oproffsig inst\u00e4llning, suckat vid varenda fels\u00e4gning, och sett lidande ut s\u00e5 fort det var fr\u00e5ga om en romantisk scen. Susanne, som var den Magnus k\u00e4nde minst f\u00f6r. Nej, inte minst &#8211; han var r\u00e4dd f\u00f6r henne. Hon var ju s\u00e5 himla duktig, kunde sina repliker redan p\u00e5 kollationeringen, och s\u00e5 var hon vacker. Fruktansv\u00e4rt, d\u00f6dligt, farligt vacker. Och hon spelade Julia. S\u00e5 erbjuder just hon sig att hj\u00e4lpa honom. F\u00f6rst ville han inte alls, trodde att hon bara j\u00e4vlades med honom som vanligt, men s\u00e5 s\u00e5g han att hon faktiskt menade det, och att hon inte hade sin vanliga h\u00e5nfulla min p\u00e5 sig. Hon s\u00e5g pl\u00f6tsligt n\u00e4stan sn\u00e4ll ut.<\/p>\n<p>&#8211; Jag har inget s\u00e4rskilt f\u00f6r mig den n\u00e4rmaste timmen. Vi skulle kunna \u00f6va nu, om du vill. Jag har lagt m\u00e4rke till att det \u00e4r just i v\u00e5ra scener du har sv\u00e5rast att l\u00e4ra dig replikerna, och d\u00e5 slog det mig att det kanske \u00e4r mitt fel.<\/p>\n<p>&#8211; N\u00e4\u00e4&#8230; jag menar, allts\u00e5&#8230; Jo, fast det \u00e4r inte ditt fel. Du har nog r\u00e4tt i att jag \u00e4r oproffsig. Jag tycker att det \u00e4r sv\u00e5rt att vara romantisk med en person som s\u00e5 uppenbart tycker illa om mig.<\/p>\n<p>&#8211; Men jag tycker inte illa om dig! Jag \u00e4r&#8230; nog bara nerv\u00f6s, helt enkelt.<\/p>\n<p>&#8211; Men&#8230; ja, du f\u00e5r urs\u00e4kta min uppriktighet, men&#8230; att kyssa dig \u00e4r som att kyssa en tr\u00e4bit. Jag kan inte komma ih\u00e5g k\u00e4rleksfulla och romantiska repliker d\u00e5.<\/p>\n<p>&#8211; F\u00f6rl\u00e5t. Det \u00e4r inte du som \u00e4r oproffsig, det \u00e4r jag.<\/p>\n<p>De satt en stund tysta mitt emot varandra. Det var ett v\u00e4ldigt omtumlande samtal. Den relation de hade haft gentemot varandra var i ett slag helt borta, och nu var de p\u00e5 v\u00e4g att bli v\u00e4nner &#8211; eller n\u00e5t.<\/p>\n<p>&#8211; Vi kanske borde \u00f6va p\u00e5 att vara romantiska.<\/p>\n<p>De s\u00e5g varandra i \u00f6gonen, och all h\u00e5nfullhet, all r\u00e4dsla, allt d\u00f6mande var borta. De var pl\u00f6tsligt som nakna inf\u00f6r varandra, utan alla murar och allt pansar. Susanne lyfte tveksamt sin ena hand och smekte Magnus kind. Pl\u00f6tsligt sk\u00f6ljde all sorg \u00f6ver honom, allt det tunga och det svarta han burit p\u00e5 i flera veckor, och han b\u00f6rjade gr\u00e5ta. Han gr\u00e4t i floder, skakade, hulkade och snorade, och Susanne h\u00f6ll om honom, och l\u00e4t hans huvud ligga i hennes kn\u00e4.<\/p>\n<p>&#8211; Det \u00e4r bra, gr\u00e5t p\u00e5 bara.<\/p>\n<p>Han hade slutat gr\u00e5ta, och l\u00e5g i hennes famn. Hon klappade honom p\u00e5 huvudet och nynnade tyst.<\/p>\n<p>&#8211; Din kjol \u00e4r alldeles bl\u00f6t.<\/p>\n<p>&#8211; Det g\u00f6r ingenting. Jag ska \u00e4nd\u00e5 byta om innan vi g\u00e5r. Ska vi \u00f6va lite repliker?<\/p>\n<p>De b\u00f6rjade resa sig fr\u00e5n golvet f\u00f6r att h\u00e4mta sina manus.<\/p>\n<p>&#8211; Oooh&#8230; Ajh&#8230;<\/p>\n<p>&#8211; Har du ont?<\/p>\n<p>&#8211; Ja, jag \u00e4r s\u00e5 sp\u00e4nd.<\/p>\n<p>&#8211; Var d\u00e5? Vill du ha lite massage?<\/p>\n<p>&#8211; Kan du s\u00e5nt?<\/p>\n<p>&#8211; Till husbehov.<\/p>\n<p>&#8211; O.K. D\u00e5 s\u00e4ger vi att vi byter. Jag tr\u00e4nar repliker med dig, s\u00e5 ger du mig en ordentlig massage. Du f\u00e5r b\u00f6rja.<\/p>\n<p>Magnus rullade ut mattan de brukade \u00f6va akrobatik p\u00e5, och lade en stor handduk ovanp\u00e5. Susanne kl\u00e4dde av sig, och lade sig p\u00e5 mattan i bara trosorna.<\/p>\n<p>&#8211; Jag har olja, om du tittar i min necess\u00e4r som ligger i v\u00e4skan d\u00e4r.<\/p>\n<p>Han var inte beredd p\u00e5 att hon s\u00e5 l\u00e4tt bara skulle kl\u00e4 av sig s\u00e5d\u00e4r, och l\u00e4tt distraherad av hennes nakna uppenbarelse rotade han runt i hennes v\u00e4ska.<\/p>\n<p>&#8211; Kama Sutra? Oil of Love?<\/p>\n<p>&#8211; Ja&#8230; eh&#8230; den \u00e4r faktiskt sk\u00f6n till vanlig massage ocks\u00e5, eller allts\u00e5&#8230; jag menar att man inte m\u00e5ste liksom&#8230;<\/p>\n<p>&#8211; Jag f\u00f6rst\u00e5r.<\/p>\n<p>Otroligt. F\u00f6r en timme sen var Magnus deprimerad, f\u00e4rdig att l\u00e4gga av med teater f\u00f6r all framtid, och det sista han skulle ha kunnat t\u00e4nka sig var att han nu skulle sitta p\u00e5 en madrass med en n\u00e4stan naken Susanne under sina h\u00e4nder. Gud finns nog, t\u00e4nkte han n\u00e4r han mjukt kn\u00e5dade Susannes nacke.<\/p>\n<p>&#8211; Jaa&#8230; d\u00e4r. Aaahj&#8230; vad ont det g\u00f6r, men va&#8230; hmmm&#8230; aj&#8230; sk\u00f6nt det \u00e4r.<\/p>\n<p>&#8211; Jag tar inte i f\u00f6r h\u00e5rt va?<\/p>\n<p>&#8211; Nej, det \u00e4r perfekt &#8211; Ahahajajaj &#8211; \u00c5hhh&#8230; Du, lite l\u00e4ngre ner.<\/p>\n<p>Magnus nj\u00f6t. S\u00e4kert minst lika mycket som Susanne. Hon hade ju en helt perfekt kropp. Hon var l\u00e4skigt vacker. Han masserade hennes ryggslut, och flyttade ner kanten p\u00e5 trosorna en liten bit.<\/p>\n<p>&#8211; Jag kan ta av dem om de \u00e4r i v\u00e4gen.<\/p>\n<p>Hon v\u00e4ntade inte p\u00e5 hans svar utan vr\u00e4ngde dem av sig direkt, och s\u00e5 l\u00e5g hon pl\u00f6tsligt helt naken p\u00e5 golvet framf\u00f6r honom. Han fick en kort k\u00e4nsla av handlingsf\u00f6rlamning.<\/p>\n<p>&#8211; Forts\u00e4tt! Du har helt underbara h\u00e4nder, vet du det?<\/p>\n<p>Det var s\u00e5 konstigt alltihop. De hade varit som hund och katt, och s\u00e5 var de pl\u00f6tsligt enormt intima med varandra. Det hade g\u00e5tt s\u00e5 fort, att Magnus inte kunde hj\u00e4lpa att han saknade n\u00e5got slags mellansteg h\u00e4r. Hon hade v\u00e4nt p\u00e5 sig, och l\u00e5g p\u00e5 rygg, helt ogenerad, helt naken. Han masserade hennes l\u00e5r, hennes skuldror, nacke och ansikte. Han v\u00e5gade inte komma f\u00f6r n\u00e4ra hennes br\u00f6st, \u00e4n mindre hennes k\u00f6n.<\/p>\n<p>&#8211; S\u00e5! Hur k\u00e4nns det?<\/p>\n<p>&#8211; Mmmmm&#8230; helt&#8230; under&#8230; bart&#8230;<\/p>\n<p>Hon str\u00e4ckte p\u00e5 sig, som en katt, och slog upp \u00f6gonen.<\/p>\n<p>&#8211; Du \u00e4r ju bra p\u00e5 s\u00e5nt h\u00e4r. Att jag inte visste det tidigare. Men nu \u00e4r det din tur. Av med paltorna!<\/p>\n<p>Hon k\u00e4nde att han tvekade.<\/p>\n<p>&#8211; \u00c4r du blyg?<\/p>\n<p>&#8211; N\u00e4\u00e4! Jo&#8230;<\/p>\n<p>&#8211; Du kan ha kalsongerna p\u00e5 dig om du vill.<\/p>\n<p>&#8211; N\u00e4, kan du s\u00e5 kan jag.<\/p>\n<p>Magnus hade haft en mer eller mindre kronisk erektion s\u00e5 l\u00e4nge han masserat Susanne, och den visade inga tecken p\u00e5 att avta. Men med kl\u00e4der syns det \u00e5tminstone inte. Han kl\u00e4dde av sig \u00e4nd\u00e5, gjorde s\u00e5 gott han kunde f\u00f6r att d\u00f6lja sin kraftigt utst\u00e5ende kroppsdel, och lade sig raskt p\u00e5 mage med benen ihop.<\/p>\n<p>Hon b\u00f6rjade v\u00e4rma upp olja i sina h\u00e4nder, och smetade sen ut en rej\u00e4l dos \u00f6ver hans rygg. Hon kunde verkligen det h\u00e4r. Hennes h\u00e4nder var fasta och h\u00e5rda, men \u00e4nd\u00e5 mjuka och f\u00f6ljsamma. Hon verkade hitta varenda skrymsle och vr\u00e5 d\u00e4r en sp\u00e4nd muskel m\u00f6jligen kunde g\u00f6mma sig, och Magnus fick verkligen en totalbehandling.<\/p>\n<p>&#8211; Slappna av lite, h\u00f6rdu&#8230;<\/p>\n<p>Hon skakade p\u00e5 hans skinkor, och s\u00e4rade mjukt men best\u00e4mt p\u00e5 hans l\u00e5r. Erektionen hade inte lagt sig, och det var om\u00f6jligt att hon inte skulle se det. Hon l\u00e5tsades emellertid inte om det, utan fortsatte i lugn och ro med sin massage.<\/p>\n<p>En sak som gjorde massagen n\u00e4stan outh\u00e4rdlig, var att Susanne inte hade brytt sig om att kl\u00e4 p\u00e5 sig. Hon var fortfarande naken, blank och gl\u00e4nsande av massageolja, och n\u00e4r hon kl\u00e4ttrade runt honom och satt grensle \u00f6ver honom borstade hon ibland till hans nakna kropp med sin h\u00e5rbuske, som av en ren slump. N\u00e5gon g\u00e5ng studsade ett br\u00f6st mot hans rygg, eller stj\u00e4rt, och hade han sp\u00e4nningar i kroppen blev de garanterat inte mindre av hennes behandling, s\u00e4rskilt inte p\u00e5 ett visst st\u00e4lle. Men v\u00e4rre skulle det bli.<\/p>\n<p>&#8211; V\u00e4nd p\u00e5 dig!<\/p>\n<p>Magnus tvekade. P\u00e5 mage kunde han i alla fall l\u00e5tsas som att inget s\u00e4rskilt h\u00e4nde, men p\u00e5 rygg blev somliga saker bara f\u00f6r tydliga.<\/p>\n<p>&#8211; Kom igen &#8211; v\u00e4nd p\u00e5 dig!<\/p>\n<p>Han v\u00e4nde p\u00e5 sig, om \u00e4n en smula motvilligt.<\/p>\n<p>&#8211; Hmmm&#8230; L\u00e5t se&#8230; h\u00e4r har vi en muskel som verkar v\u00e4ldigt sp\u00e4nd, tycker jag.<\/p>\n<p>Hon lekte med honom. Magnus visste inte hur han skulle ta det h\u00e4r, om han skulle bli arg, eller s\u00e5rad, eller bara leka med. Men n\u00e4r hon med h\u00e4nderna fulla av massageolja tog ett rej\u00e4lt grepp om hans kraftigt erigerade lem, fanns det pl\u00f6tsligt inga andra v\u00e4gar \u00e4n att spela med.<\/p>\n<p>Gud! Hon \u00e4r bara f\u00f6r mycket! Hon verkade veta precis hur hon skulle behandla hans lem, precis hur h\u00e5rt hon skulle ta f\u00f6r att f\u00e5 b\u00e4sta m\u00f6jliga resultat. Hon l\u00e4t sina h\u00e4nder spela \u00f6ver honom, \u00f6msom h\u00e5rt, \u00f6msom mjukt, och hon drog hans f\u00f6rhud s\u00e5 l\u00e5ngt bak\u00e5t som det gick utan att det gjorde ont, smekte och masserade bakkanten av ollonet med sina tummar &#8211; hon <em><strong>masserade<\/strong><\/em> verkligen hans lem.<\/p>\n<p>Hon kramade mjukt hans pung med ena handen och runkade kraftigt hans stenh\u00e5rda lem med den andra handen, ibland l\u00e5ngsamt, ibland snabbare. Hon l\u00e4t ett finger stimulera omr\u00e5det kring anus, och pl\u00f6tsligt gled hon in.<\/p>\n<p>Han hade aldrig upplevt n\u00e5got liknande. Hon l\u00e4t sitt finger l\u00e5ngsamt massera honom inifr\u00e5n, och allt som h\u00e4nde i och omkring hans stenh\u00e5rda lem k\u00e4ndes pl\u00f6tsligt dubbelt s\u00e5 intensivt. Det tog inte s\u00e4rskilt l\u00e5ng tid innan han f\u00f6rvandlades. Till en font\u00e4n. Det sprutade och sprutade, och han st\u00f6nade och gurglade obeh\u00e4rskat f\u00f6r varje puls. Otroligt. Det var nog det sk\u00f6naste han hade varit med om n\u00e5gonsin &#8211; och d\u00e5 hade de inte l\u00f6pt hela linan ut \u00e4nnu. Han \u00f6ppnade f\u00f6rsiktigt \u00f6gonen, och d\u00e4r satt hon och log mot honom.<\/p>\n<p>&#8211; S\u00e5. Hur k\u00e4nns det?<\/p>\n<p>&#8211; Mmmm&#8230;<\/p>\n<p>Och s\u00e5 lutade hon sig \u00f6ver honom och kysste mjukt hans mun. De omfamnade varandra, och rullade runt p\u00e5 golvet i en l\u00e5ng, gr\u00e4nsl\u00f6s kyss.<\/p>\n<p>&#8211; Du&#8230; f\u00e5r inte komma in i mig, f\u00f6r&#8230; jag har mens.<\/p>\n<p>Magnus, som var utmattad av &#8221;behandlingen&#8221; hade inte v\u00e4ntat sig ett dugg av den h\u00e4r kv\u00e4llen, men var \u00e4nd\u00e5 mer \u00e4n tillfredst\u00e4lld. Och det h\u00e4r med Suzanne verkade s\u00e5 lovande f\u00f6r framtiden, att han inte p\u00e5 n\u00e5got s\u00e4tt k\u00e4nde att han beh\u00f6vde ha &#8221;br\u00e5ttom in&#8221;, s\u00e5 att s\u00e4ga.<\/p>\n<p>De duschade tillsammans, t\u00e4tt intill varandra, satt i varandras kn\u00e4 p\u00e5 bussen, intensivt och stilla kyssandes, och skildes h\u00f6gst motvilligt \u00e5t n\u00e4r Susanne skulle byta buss f\u00f6r att komma hem till sig.<\/p>\n<p>&#8212;&#8211;<\/p>\n<p>&#8211; Otroligt, Magnus! Vad har h\u00e4nt? Det \u00e4r helt kanon! Ig\u00e5r kunde du inte h\u00e4lften av dina repliker, och idag sitter allt som berget! Och Susanne &#8211; allts\u00e5, nu sl\u00e5r det pl\u00f6tsligt gnistor mellan er tv\u00e5! N\u00e5got s\u00e5 passionerat trodde jag inte var m\u00f6jligt p\u00e5 en scen, allra minst mellan er tv\u00e5 &#8211; Vad har h\u00e4nt? Jag begriper inte det h\u00e4r&#8230;<\/p>\n<p>Carl Johan Rehbinder 1995<\/p>\n<p><img decoding=\"async\" loading=\"lazy\" src=\"https:\/\/i1.wp.com\/www.cirkuseros.nu\/app\/uploads\/2016\/11\/tunnlinjeoriginal_584.gif?resize=584%2C8&#038;ssl=1\" alt=\"\" data-recalc-dims=\"1\" \/><a href=\"https:\/\/www.cirkuseros.nu\/index.php\/text\/noveller\/noveller-av-calle-rehbinder\/\"><strong>Tillbaka till Noveller av Calle Rehbinder \u00bb<\/strong><\/a><\/p>\n<p><img decoding=\"async\" loading=\"lazy\" src=\"https:\/\/i0.wp.com\/www.cirkuseros.nu\/app\/uploads\/2017\/01\/heartline_584.gif?resize=584%2C20&#038;ssl=1\" alt=\"Heartline\" data-recalc-dims=\"1\" \/><\/p>\n<p><img decoding=\"async\" loading=\"lazy\" src=\"https:\/\/i2.wp.com\/www.cirkuseros.nu\/app\/uploads\/2016\/10\/fri_kursbanner_ani.gif?resize=584%2C140&#038;ssl=1\" alt=\"\" data-recalc-dims=\"1\" \/><\/p>\n","protected":false},"excerpt":{"rendered":"<p>&#8211; O.K. &#8211; bryt! S\u00e5 ses vi allihop imorgon samma tid. Magnus! Du m\u00e5ste l\u00e4ra dig ditt manus ordentligt! Du kan inte g\u00e5 och tveka och f\u00e5 sufflering varannan replik. &#8211; F\u00f6rl\u00e5t, men det har varit mycket den h\u00e4r veckan&#8230; &hellip; <a href=\"https:\/\/www.cirkuseros.nu\/index.php\/text\/noveller\/noveller-av-calle-rehbinder\/teaterrepetitionen-romeo-juliet\/\">Forts\u00e4tt l\u00e4sa <span class=\"meta-nav\">&rarr;<\/span><\/a><\/p>\n","protected":false},"author":2,"featured_media":0,"parent":497,"menu_order":8,"comment_status":"closed","ping_status":"closed","template":"sidebar-page.php","meta":[],"_links":{"self":[{"href":"https:\/\/www.cirkuseros.nu\/index.php\/wp-json\/wp\/v2\/pages\/711"}],"collection":[{"href":"https:\/\/www.cirkuseros.nu\/index.php\/wp-json\/wp\/v2\/pages"}],"about":[{"href":"https:\/\/www.cirkuseros.nu\/index.php\/wp-json\/wp\/v2\/types\/page"}],"author":[{"embeddable":true,"href":"https:\/\/www.cirkuseros.nu\/index.php\/wp-json\/wp\/v2\/users\/2"}],"replies":[{"embeddable":true,"href":"https:\/\/www.cirkuseros.nu\/index.php\/wp-json\/wp\/v2\/comments?post=711"}],"version-history":[{"count":2,"href":"https:\/\/www.cirkuseros.nu\/index.php\/wp-json\/wp\/v2\/pages\/711\/revisions"}],"predecessor-version":[{"id":13308,"href":"https:\/\/www.cirkuseros.nu\/index.php\/wp-json\/wp\/v2\/pages\/711\/revisions\/13308"}],"up":[{"embeddable":true,"href":"https:\/\/www.cirkuseros.nu\/index.php\/wp-json\/wp\/v2\/pages\/497"}],"wp:attachment":[{"href":"https:\/\/www.cirkuseros.nu\/index.php\/wp-json\/wp\/v2\/media?parent=711"}],"curies":[{"name":"wp","href":"https:\/\/api.w.org\/{rel}","templated":true}]}}