{"id":7137,"date":"2017-02-09T11:28:10","date_gmt":"2017-02-09T10:28:10","guid":{"rendered":"http:\/\/www.cirkuseros.nu\/?page_id=7137"},"modified":"2017-02-09T11:29:25","modified_gmt":"2017-02-09T10:29:25","slug":"svensk-aegtepar-lever-af-at-dyrke-sex","status":"publish","type":"page","link":"https:\/\/www.cirkuseros.nu\/index.php\/text\/artiklar\/artiklar-av-calle-rehbinder\/sexmoralism-att-pasta-att-overgreppen-ar-porrens-fel\/svensk-aegtepar-lever-af-at-dyrke-sex\/","title":{"rendered":"Svensk \u00e6gtepar lever af at dyrke sex"},"content":{"rendered":"<p><span style=\"font-family: Garamond, AGaramond, Times, serif; font-size: x-large;\"><b><b>av Sara Skaarup<br \/>\n<\/b><\/b><\/span><\/p>\n<p><strong>Publicerad i<\/strong><b><b> danska Tidens Kvinder och Ekstrabladet 2014<br \/>\n<\/b><\/b><\/p>\n<p><span style=\"color: #800000;\"><strong><em>Carl og Jennie lever og \u00e5nder for sex og erotik<\/em><\/strong><\/span><\/p>\n<p><img data-attachment-id=\"7127\" data-permalink=\"https:\/\/www.cirkuseros.nu\/index.php\/press-media\/cirkus-eros-i-media\/ekstrabladet_140922\/\" data-orig-file=\"https:\/\/i0.wp.com\/www.cirkuseros.nu\/app\/uploads\/2016\/10\/ekstrabladet_140922.jpg?fit=584%2C459&amp;ssl=1\" data-orig-size=\"584,459\" data-comments-opened=\"1\" data-image-meta=\"{&quot;aperture&quot;:&quot;0&quot;,&quot;credit&quot;:&quot;&quot;,&quot;camera&quot;:&quot;&quot;,&quot;caption&quot;:&quot;&quot;,&quot;created_timestamp&quot;:&quot;0&quot;,&quot;copyright&quot;:&quot;&quot;,&quot;focal_length&quot;:&quot;0&quot;,&quot;iso&quot;:&quot;0&quot;,&quot;shutter_speed&quot;:&quot;0&quot;,&quot;title&quot;:&quot;&quot;,&quot;orientation&quot;:&quot;0&quot;}\" data-image-title=\"ekstrabladet_140922\" data-image-description=\"&lt;p&gt;Ekstrabladet 2014&lt;\/p&gt;\n\" data-medium-file=\"https:\/\/i0.wp.com\/www.cirkuseros.nu\/app\/uploads\/2016\/10\/ekstrabladet_140922.jpg?fit=300%2C236&amp;ssl=1\" data-large-file=\"https:\/\/i0.wp.com\/www.cirkuseros.nu\/app\/uploads\/2016\/10\/ekstrabladet_140922.jpg?fit=584%2C459&amp;ssl=1\" decoding=\"async\" loading=\"lazy\" class=\"alignright size-full wp-image-7127\" src=\"https:\/\/i0.wp.com\/www.cirkuseros.nu\/app\/uploads\/2016\/10\/ekstrabladet_140922.jpg?resize=584%2C459&#038;ssl=1\" alt=\"Ekstrabladet 2014\" data-recalc-dims=\"1\" \/><\/p>\n<p>Erotik er en vigtig del af de fleste forhold &#8211; men for enkelte par er sex mere end det. Her kan du m\u00f8de det svenske \u00e6gtepar Carl Johan og Jennie, der besk\u00e6ftiger sig med seksualitet b\u00e5de i deres private liv og i arbejdet &#8211; og intet bedre kan forestille sig.<\/p>\n<p>Ville du kunne holde ud at dyrke sex dagligt OG arbejde med sex? Calle og Jennie kan \u2013 de elsker det faktisk. De sidste 9 \u00e5r har de to levet af at guide andre i at f\u00e5 det bedre med deres seksualitet. De g\u00f8r det via inspirationsopl\u00e6g, private sessioner og ikke mindst workshops. At der er et b\u00e5nd mellem dem og en afslappethed ud over det s\u00e6dvanlige er tydeligt.<\/p>\n<p>Tidens Kvinder er p\u00e5 bes\u00f8g i Stockholm, hvor \u00e6gteparret Calle og Jennie Rehbinder bor i et k\u00e6mpe hus i udkanten af byen. Engang holdt ogs\u00e5 Calles tre voksne b\u00f8rn til her, nu er kun den yngste s\u00f8n hjemme, og der er rigelig plads til b\u00e5de at dyrke Calles kunstneriske udfoldelser med skriverier og fotografi og til Jennies arbejdsrum, hvor hun tilbyder en form for blid massage kaldet taktil ber\u00f8ring til klienter.<\/p>\n<p><strong>Erotik som levebr\u00f8d<\/strong><br \/>\nDe fleste mennesker kan godt lide sex. Men hvordan kommer man derhen, hvor man ligefrem dedikerer sin karriere til seksualiteten?<\/p>\n<p>&#8211; Som 15-\u00e5rig \u00f8nskede jeg mig at f\u00f8le et kald, at v\u00e5gne op om morgenen og kende mit form\u00e5l, fort\u00e6ller Jennie, 35 \u00e5r, som i dag er gravid med parrets f\u00f8rste f\u00e6lles barn og lyser af ro.<\/p>\n<p>&#8211; Det skete bare ikke, s\u00e5 jeg begyndte at l\u00e6se datalogi, uden at br\u00e6nde for det. Men s\u00e5 brast IT-boblen, og jeg kunne ikke f\u00e5 et arbejde. Jeg besluttede mig for at fokusere p\u00e5 det sjove frem for det fornuftige, k\u00f8bte et kamera, oprettede min egen fotohjemmeside og fik meget ros. Jeg har ogs\u00e5 arbejdet en del tid i Ylva Franz\u00e9ns (svensk erotikp\u00e6dagog, red.) erotiske butik for kvinder. Der inds\u00e5 jeg min gave: Jeg kan nemt tale om sex og k\u00e6rlighed p\u00e5 m\u00e5der, der inspirerer folk.<\/p>\n<p>Calle opdagede ogs\u00e5 sin fascination for seksualitet ret tidligt.<\/p>\n<p>&#8211; Jeg har altid haft en st\u00e6rk tiltr\u00e6kning til emnet, som jeg tror stammer fra min fascination af alt, hvad der er tabu, skjult og forbudt. Der ligger en enorm kraft i at afsl\u00f8re hemmeligheder og bryde tabuer, siger Calle, der i dag er 50 \u00e5r men kun var 19, da han tog sine f\u00f8rste kunstneriske n\u00f8genbilleder &#8211; en interesse han stadig dyrker.<\/p>\n<p><strong>Skabte det de savnede<\/strong><br \/>\nDa Jennie og Calle fandt sammen, opdagede de straks nogle st\u00e6rke f\u00e6llestr\u00e6k. De ville gerne p\u00e5 workshops, men kunne ikke finde nogen. S\u00e5 de lavede deres egen i stedet. Det er nu 9 \u00e5r siden.<\/p>\n<p>&#8211; Vores st\u00f8rste hit er stadig vores oprindelige workshop, Guddommelig Nydelse. Det er en basal k\u00e6rligheds- og sexworkshop for par. Vi har nu afholdt n\u00e6sten 60 af dem, og flere af de samme mennesker deltager hvert \u00e5r, fort\u00e6ller Calle.<\/p>\n<p>Form\u00e5let er at inspirere folk til mere intime forbindelser og udvidede seksuelle oplevelser. Men hvad foreg\u00e5r der egentlig?<\/p>\n<p>&#8211; Fokus er p\u00e5 k\u00e6rlighed, n\u00e6rv\u00e6r og leg. For at opn\u00e5 det, skaber vi en tryg ramme &#8211; et magisk rum, hvori alle f\u00e5r lov til at udforske sig selv i deres eget tempo, p\u00e5 deres egne betingelser. Vi udfordrer ikke folk &#8211; vi skaber tid og rum til, at folk udfordrer sig selv, fort\u00e6ller han og forts\u00e6tter:<\/p>\n<p>&#8211; Vi fort\u00e6ller om, hvad vi selv oplever og mener, og s\u00e5 laver vi \u00f8velser og rollespil med folk. Det kan v\u00e6re inspireret af tantra, shamanisme, meditation, kama sutra, drama, moderne psykologi og videnskab. Vi sammens\u00e6tter tingene p\u00e5 nye m\u00e5der, s\u00e5 det f\u00e5r vores egen personlige stil.<\/p>\n<p><strong>L\u00e6rere uden t\u00f8j p\u00e5<\/strong><br \/>\nP\u00e5 kursus l\u00e6rer deltagerne blandt andet nye m\u00e5der at elske p\u00e5 med fokus p\u00e5 kontakt mellem de elskende frem for pr\u00e6station.<\/p>\n<p>&#8211; I starten forklarede vi det rent teknisk. Uden at have sex rigtigt. Men s\u00e5 bestemte vi os for at g\u00e5 &#8217;all in&#8217;, som man siger, og simpelthen vise, hvordan man elsker med n\u00e6rv\u00e6r, \u00e5ndedr\u00e6t, kontakt, lyd og alt det, vi fort\u00e6ller om p\u00e5 kurset. Det fungerer rent p\u00e6dagogisk v\u00e6ldigt godt &#8211; og det er h\u00f8jt v\u00e6rdsat af deltagerne, hvilket er grunden til, at vi g\u00f8r det p\u00e5 den m\u00e5de, fort\u00e6ller Calle.<\/p>\n<p>Ikke mange undervisere p\u00e5 verdensplan kan tilbyde denne direkte tilgang, men for de to er valget blot en manifestation af deres generelle undervisningsstil.<\/p>\n<p>&#8211; Jeg tror, det folk kan lide er, at vi er nede p\u00e5 jorden og meget gener\u00f8se med os selv, siger Jennie. Vi kan kun l\u00e6re fra os om det som vi selv kender til og integrerer alle niveauer af i livet, b\u00e5de krop, f\u00f8lelser og tanker. Det giver en helhed.<\/p>\n<p><strong>At skabe en boble med sin partner<\/strong><br \/>\nJennie fort\u00e6ller videre om en af de \u00f8velser, kursisterne pr\u00e6senteres for:<\/p>\n<p>&#8211; En af mine favoritter er en tantrisk position, hvor parret sidder p\u00e5 sk\u00f8det af hinanden og \u00e5nder ind i hinandens mund. N\u00e5r din partner ud\u00e5nder, inhalerer du hans eller hendes \u00e5nde og vice versa. Det er s\u00e5dan en kraftfuld m\u00e5de at blive \u00e9t p\u00e5, at v\u00e6re i en boble, komplet tilsluttet. En anden af de \u00f8velser, som parret bruger til at \u00e5bne op for k\u00e6rlighed og kommunikation i gruppen, stammer fra, da Calle for 20 \u00e5r siden arbejdede som direkt\u00f8r i en teatergruppe.<\/p>\n<p>&#8211; Der var en masse sp\u00e6ndinger og fjendtlighed i gruppen, s\u00e5 jeg m\u00e5tte finde en m\u00e5de at f\u00e5 alle til at v\u00e6rds\u00e6tte hinanden p\u00e5. I legen vi kalder &#8217;cocktailparty,&#8217; lader vi gruppen blandes, s\u00e5 hver deltager m\u00f8der s\u00e5 mange andre som muligt og udveksler p\u00e5sk\u00f8nnelse og komplimenter, undertiden ogs\u00e5 bekr\u00e6fter komplimentet ved at gentage, hvad den anden lige har sagt om dig. Det er s\u00e5 simpelt, det er n\u00e6rmest latterligt, hvor godt det virker.<\/p>\n<p><strong>Sex som springbr\u00e6t til v\u00e6kst<\/strong><br \/>\nAt Calle og Jennie arbejder med seksualitet, er i deres \u00f8jne det samme som personlig udvikling. Som Jennie siger:<\/p>\n<p>&#8211; Uden seksualitet er du aldrig totalt hel som person. Den seksuelle energi er forbundet til din livskraft og din essens. Tilslutning og str\u00f8mmen af seksuel energi er afg\u00f8rende, hvis du skal v\u00e6re mere af dig, at v\u00e6re mere levende, v\u00e6re mere kreativ og v\u00e6re i flow.<\/p>\n<p>Calle samtykker:<\/p>\n<p>&#8211; At udvikle din seksualitet er en af de mest effektive m\u00e5der at opn\u00e5 personlig og spirituel v\u00e6kst. Og du kan ikke vokse uden den. Sex er s\u00e5 magtfuld en drivkraft, s\u00e5 n\u00e5r du for alvor inkluderer din seksualitet i dit liv, s\u00e5 vil det p\u00e5virke alle dele af dit liv. Den stigende interesse for seksuelle workshops findes b\u00e5de i Danmark som i Sverige. Men at samle flere og flere mennesker gennem \u00e5rene til det samme kursus er alligevel exceptionelt.<\/p>\n<p>Hvad mener parret selv g\u00f8r dem til egnede som guides p\u00e5 dette felt? Jennie er ikke sen til at svare:<\/p>\n<p>&#8211; Vi er \u00e6gte, vi elsker det, vi laver, og vi er gode til at skabe en magisk plads til folk til at f\u00f8le sig sikker.<\/p>\n<p>&#8211; Og s\u00e5 er vi meget nysgerrige &#8211; og meget gode til at g\u00f8re turen sjov og behagelig, tilf\u00f8jer Calle.<\/p>\n<p><strong>Lystdrevet v\u00e6rk<\/strong><br \/>\nIngen tvivl om, at det er lysten, der driver v\u00e6rket. Og kr\u00e6fterne mener de ikke selv l\u00f8ber ud lige forel\u00f8big &#8211; om end Jennies forest\u00e5ende f\u00f8dsel vil kr\u00e6ve, at de oml\u00e6gger aktiviteterne lidt for en tid.<\/p>\n<p>&#8211; Ligesom vi er ved at \u00e5bne for at arbejde mere hver for sig, er vi ogs\u00e5 ved at \u00e5bne for at samarbejde med andre l\u00e6rere. Det handler om at undervise, blive ved med at udvikle sig og blive bedre til det, vi g\u00f8r, siger Calle. Samtidig er andre nye ting under opsejling: Som n\u00e6ste professionelle m\u00e5l har Rehbinders-parret planer om at skabe et k\u00e6rlighedsretreat for par &#8217;et dejligt workshopsted ude p\u00e5 landet.&#8217;<\/p>\n<p>En del mennesker ville nok betakke sig for at tilbringe arbejdsdagen sammen med \u00e6gtef\u00e6llen, men ikke de to.<\/p>\n<p>&#8211; Det er fantastisk! Jeg arbejder med den person, jeg elsker, og som elsker mig! Jeg l\u00e6rer s\u00e5 meget om mig selv ved at v\u00e6re sammen med Calle. Vi hj\u00e6lper hinanden til at n\u00e5 vores dr\u00f8mme og m\u00e5l, og det er lettere at tro p\u00e5 dig selv, n\u00e5r nogen elsker dig s\u00e5 meget.<\/p>\n<p>Ogs\u00e5 Calle er glad for samarbejdet:<\/p>\n<p>\u2013 Jeg kan faktisk ikke t\u00e6nke p\u00e5 noget, jeg elsker mere. Min kone er min prim\u00e6re kilde til inspiration, k\u00e6rlighed og gl\u00e6de. Vi er bedste venner og kolleger, og jeg ser ingen ende p\u00e5 det. Vi inspirerer hinanden konstant, og den k\u00e6rlighed, som vi allerede har, vokser og vokser bare hver dag &#8211; is\u00e6r n\u00e5r vi arbejder sammen.<\/p>\n<p>Den eneste ulempe er if\u00f8lge parret, at de er blevet meget afh\u00e6ngige af hinanden, hvilket ikke er s\u00e5 heldigt, hvis den ene skulle g\u00e5 hen og blive uarbejdsdygtig. De har dog ogs\u00e5 hver deres sm\u00e5 indt\u00e6gtskilder ved siden af og er ved at udvikle workshops, som de kan holde hver for sig, s\u00e5 de til en vis grad kompenserer for det.<\/p>\n<p><strong>Livet ud over sex<\/strong><br \/>\nNu lyder det m\u00e5ske som om at \u00e6gteparret ikke laver andet end at elske og at holde workshops p\u00e5 en lyser\u00f8d sky. S\u00e5 nemt g\u00e5r det dog ikke. Meget tid g\u00e5r med forberedelse til workshops, markedsf\u00f8ring via nyhedsbreve, hjemmesider, tryksager og netv\u00e6rk.<\/p>\n<p>Derudover nyder de to livet s\u00e5 meget, de kan &#8211; og p\u00e5 ganske s\u00e6dvanlig vis.<\/p>\n<p>&#8211; Jeg kan godt lide at v\u00e6re hjemme. Vores hjem er smukt, og jeg elsker at v\u00e6re der. Jeg laver keramik, l\u00e6ser, ser film og motionerer, tilbringer tid sammen med venner og min familie, fort\u00e6ller Jennie.<\/p>\n<p>&#8211; Vi elsker alt, der g\u00f8r livet mere lystbetonet, som at g\u00e5 til kunstudstillinger, lange g\u00e5ture, spise p\u00e5 en god restaurant. Vi bliver aldrig tr\u00e6t af hinandens selskab. Og selvf\u00f8lgelig elsker vi ogs\u00e5. Efter 12 \u00e5r sammen elsker jeg Jennie mere end nogensinde \u2013 i h\u00e5b om at forts\u00e6tte med det resten af mit liv. Hun er den bedste ven, jeg nogensinde har haft, lyder det fra Calle.<\/p>\n<p>Se ogs\u00e5: Her kan du fort\u00e6lle dine intime hemmeligheder<\/p>\n<p>Spiritualitet og tantra er vigtige elementer i parrets liv. (Foto: cirkuseros.nu)<\/p>\n<p><strong>Lysten d\u00f8r aldrig<\/strong><br \/>\nSom udenforst\u00e5ende kan man godt blive lidt misundelig p\u00e5 parrets n\u00e6re forbindelse. Den t\u00e6tte tilknytning, de har til hinanden. Og til sidst stiller jeg sp\u00f8rgsm\u00e5let som br\u00e6nder p\u00e5 tungen: Bliver I aldrig tr\u00e6tte af sex?<\/p>\n<p>&#8211; Nej! Jeg er t\u00e6t p\u00e5 min egen seksualitet, og det er temmelig nemt for mig at nyde sex. Men min seksualdrift er naturligvis svingende som for mange mennesker, siger Jennie.<\/p>\n<p>Calle ser ud som om sp\u00f8rgsm\u00e5let n\u00e6rmest er gakgak for ham.<\/p>\n<p>&#8211; Bliver jeg tr\u00e6t af at tr\u00e6kke vejret? At spise og drikke? Bliver jeg tr\u00e6t af at spille og lytte til musik? Bliver jeg tr\u00e6t af at g\u00f8re det, jeg elsker, med den person jeg elsker, at g\u00e5 dybere og dybere ind i forholdet? Det enkle svar: Nej!<\/p>\n<p><strong>Retten til at v\u00e6re dig selv<\/strong><br \/>\nIngen tvivl om, at den seksuelle gl\u00e6de er en livsmission for de to. Men hvad er det, at de allerhelst vil give videre?<\/p>\n<p>&#8211; For mig er det nok tilladelse og accept. Det er okay at nyde og have forn\u00f8jelse. Det er okay at v\u00e6re den, du virkelig er. Det er en del af din f\u00f8dselsret at v\u00e6re seksuel, og du bestemmer over din egen krop, siger Jennie.<\/p>\n<p>&#8211; Jeg \u00f8nsker at inspirere folk til at v\u00e6lge k\u00e6rlighed. Til at v\u00e6lge gl\u00e6de, til at v\u00e6lge at v\u00e6re god mod sig selv og hinanden. Det er virkelig s\u00e5 simpelt, siger hendes mand, som forts\u00e6tter:<\/p>\n<p>&#8211; Det er slet ikke s\u00e5 kompliceret. Du kan foretage et valg hvert \u00f8jeblik. \u00d8nsker du at opleve og udstr\u00e5le k\u00e6rlighed og gl\u00e6de, eller \u00f8nsker du at opleve og udstr\u00e5le frygt og had? Du har valget. Det har vi alle.<\/p>\n<p><em>Danskere er velkomne p\u00e5 kursus hos Jennie og Calle Rehbinder. Se mere om parrets tilbud her: <strong>www.cirkuseros.nu<\/strong><\/em><\/p>\n<p>Sara Skaarup 2014<\/p>\n<p><img decoding=\"async\" loading=\"lazy\" src=\"https:\/\/i1.wp.com\/www.cirkuseros.nu\/app\/uploads\/2016\/11\/tunnlinjeoriginal_584.gif?resize=584%2C8&#038;ssl=1\" alt=\"linje\" data-recalc-dims=\"1\" \/><br \/>\n<a href=\"https:\/\/www.cirkuseros.nu\/index.php\/text\/artiklar\/artiklar-av-gastartister-andra-skribenter\/\"><strong><span style=\"font-family: Verdana, Geneva, Arial, Helvetica, Sans serif; font-size: small;\">Tillbaka till Artiklar av g\u00e4startister \u00bb<\/span><\/strong><\/a><br \/>\n<img decoding=\"async\" loading=\"lazy\" src=\"https:\/\/i0.wp.com\/www.cirkuseros.nu\/app\/uploads\/2017\/01\/heartline_584.gif?resize=584%2C20&#038;ssl=1\" alt=\"Heartline\" data-recalc-dims=\"1\" \/><\/p>\n<p><img decoding=\"async\" loading=\"lazy\" src=\"https:\/\/i2.wp.com\/www.cirkuseros.nu\/app\/uploads\/2016\/10\/fri_kursbanner_ani.gif?resize=584%2C140&#038;ssl=1\" alt=\"Cirkus Eros - erotik f\u00f6r finsmakare\" data-recalc-dims=\"1\" \/><\/p>\n","protected":false},"excerpt":{"rendered":"<p>av Sara Skaarup Publicerad i danska Tidens Kvinder och Ekstrabladet 2014 Carl og Jennie lever og \u00e5nder for sex og erotik Erotik er en vigtig del af de fleste forhold &#8211; men for enkelte par er sex mere end det. &hellip; <a href=\"https:\/\/www.cirkuseros.nu\/index.php\/text\/artiklar\/artiklar-av-calle-rehbinder\/sexmoralism-att-pasta-att-overgreppen-ar-porrens-fel\/svensk-aegtepar-lever-af-at-dyrke-sex\/\">Forts\u00e4tt l\u00e4sa <span class=\"meta-nav\">&rarr;<\/span><\/a><\/p>\n","protected":false},"author":1,"featured_media":0,"parent":5026,"menu_order":22,"comment_status":"closed","ping_status":"closed","template":"sidebar-page.php","meta":[],"_links":{"self":[{"href":"https:\/\/www.cirkuseros.nu\/index.php\/wp-json\/wp\/v2\/pages\/7137"}],"collection":[{"href":"https:\/\/www.cirkuseros.nu\/index.php\/wp-json\/wp\/v2\/pages"}],"about":[{"href":"https:\/\/www.cirkuseros.nu\/index.php\/wp-json\/wp\/v2\/types\/page"}],"author":[{"embeddable":true,"href":"https:\/\/www.cirkuseros.nu\/index.php\/wp-json\/wp\/v2\/users\/1"}],"replies":[{"embeddable":true,"href":"https:\/\/www.cirkuseros.nu\/index.php\/wp-json\/wp\/v2\/comments?post=7137"}],"version-history":[{"count":3,"href":"https:\/\/www.cirkuseros.nu\/index.php\/wp-json\/wp\/v2\/pages\/7137\/revisions"}],"predecessor-version":[{"id":7141,"href":"https:\/\/www.cirkuseros.nu\/index.php\/wp-json\/wp\/v2\/pages\/7137\/revisions\/7141"}],"up":[{"embeddable":true,"href":"https:\/\/www.cirkuseros.nu\/index.php\/wp-json\/wp\/v2\/pages\/5026"}],"wp:attachment":[{"href":"https:\/\/www.cirkuseros.nu\/index.php\/wp-json\/wp\/v2\/media?parent=7137"}],"curies":[{"name":"wp","href":"https:\/\/api.w.org\/{rel}","templated":true}]}}