{"id":72,"date":"2016-10-10T21:29:27","date_gmt":"2016-10-10T19:29:27","guid":{"rendered":"https:\/\/cirkuseros.wordpress.com\/?page_id=72"},"modified":"2023-09-28T16:04:06","modified_gmt":"2023-09-28T14:04:06","slug":"lankar","status":"publish","type":"page","link":"https:\/\/www.cirkuseros.nu\/index.php\/lankar\/","title":{"rendered":"L\u00e4nkar"},"content":{"rendered":"<p><img decoding=\"async\" loading=\"lazy\" src=\"https:\/\/i2.wp.com\/www.cirkuseros.nu\/app\/uploads\/2016\/12\/sidtoppvinjett_lanksidor_notext.jpg?resize=584%2C86&#038;ssl=1\" alt=\"sidotoppbanner l\u00e4nksidor\" data-recalc-dims=\"1\" \/><br \/>\n<strong>H\u00e4r kan du hitta l\u00e4nkar till andra hemsidor<\/strong> med intressant erotiskt material.<br \/>\nJag har delat upp l\u00e4nkarna i olika kategorier, s\u00e5 att du hittar det du \u00e4r intresserad av.<\/p>\n<p><strong>Om du har n\u00e5gra egna favoriter<\/strong>,\u00a0bra erotiska sajter som du tycker att jag borde l\u00e4nka till, s\u00e5 f\u00e5r du g\u00e4rna tipsa mig g\u00e4rna om dem. Skriv till mig: <strong><a href=\"mailto:info@cirkuseros.nu\">info@cirkuseros.nu<\/a><\/strong>.<\/p>\n<p><img decoding=\"async\" loading=\"lazy\" src=\"https:\/\/i0.wp.com\/www.cirkuseros.nu\/app\/uploads\/2017\/01\/heartline_584.gif?resize=584%2C20&#038;ssl=1\" alt=\"Heartline\" data-recalc-dims=\"1\" \/><\/p>\n<ul>\n<li><a href=\"https:\/\/www.cirkuseros.nu\/index.php\/lankar\/erotisk-konst-kroppsmalning-foto-film\/\"><strong>Erotisk konst, kroppsm\u00e5lning, foto, film \u00bb<\/strong><\/a><\/li>\n<li><a href=\"https:\/\/www.cirkuseros.nu\/index.php\/lankar\/information\/\"><strong>Information, terapi &amp; kurser \u00bb<\/strong><\/a><\/li>\n<li><a href=\"&quot;https:\/\/www.cirkuseros.nu\/index.php\/lankar\/kroppsterapeuter-med-tantrisk-inriktning\/\"><strong>Kroppsterapeuter med tantrisk inriktning<\/strong><\/a><\/li>\n<li><a href=\"&quot;https:\/\/www.cirkuseros.nu\/index.php\/lankar\/tidningar-tidskrifter-bocker-forlag\/\"><strong>Tidningar, b\u00f6cker, f\u00f6rlag \u00bb<\/strong><\/a><\/li>\n<li><a href=\"https:\/\/www.cirkuseros.nu\/index.php\/lankar\/butiker-webshopping-annat-kommersiellt\/\"><strong>Butiker, webshopping &amp; annat kommersiellt \u00bb<\/strong><\/a><\/li>\n<li><a href=\"https:\/\/www.cirkuseros.nu\/index.php\/lankar\/communities-klubbar-sociala-natverk\/\"><strong>Communities, klubbar, sociala n\u00e4tverk \u00bb<\/strong><\/a><\/li>\n<li><a href=\"https:\/\/www.cirkuseros.nu\/index.php\/lankar\/erotiska-noveller\/\"><strong>Erotiska noveller \u00bb<\/strong><\/a><\/li>\n<li><a href=\"https:\/\/www.cirkuseros.nu\/index.php\/lankar\/personliga-bloggar-hemsidor\/\"><strong>Personliga bloggar &amp; hemsidor \u00bb<\/strong><\/a><\/li>\n<li><a href=\"https:\/\/www.cirkuseros.nu\/index.php\/lankar\/bannerlankar\/\"><strong>Bannerl\u00e4nkar \u00bb<\/strong><\/a><\/li>\n<li><a href=\"https:\/\/www.cirkuseros.nu\/index.php\/lankar\/vara-egna-banners\/\"><strong>V\u00e5ra egna banners \u00bb<\/strong><\/a><\/li>\n<\/ul>\n<p><img decoding=\"async\" loading=\"lazy\" src=\"https:\/\/i0.wp.com\/www.cirkuseros.nu\/app\/uploads\/2017\/01\/heartline_584.gif?resize=584%2C20&#038;ssl=1\" alt=\"Heartline\" data-recalc-dims=\"1\" \/><\/p>\n<p><img decoding=\"async\" loading=\"lazy\" title=\"fri_kursbanner_ani\" src=\"https:\/\/gudomligextas.files.wordpress.com\/2012\/10\/fri_kursbanner_ani.gif?resize=584%2C140\" alt=\"Cirkus Eros - erotik f\u00f6r finsmakare\" data-recalc-dims=\"1\" \/><\/p>\n","protected":false},"excerpt":{"rendered":"<p>H\u00e4r kan du hitta l\u00e4nkar till andra hemsidor med intressant erotiskt material. Jag har delat upp l\u00e4nkarna i olika kategorier, s\u00e5 att du hittar det du \u00e4r intresserad av. Om du har n\u00e5gra egna favoriter,\u00a0bra erotiska sajter som du tycker &hellip; <a href=\"https:\/\/www.cirkuseros.nu\/index.php\/lankar\/\">Forts\u00e4tt l\u00e4sa <span class=\"meta-nav\">&rarr;<\/span><\/a><\/p>\n","protected":false},"author":2,"featured_media":0,"parent":0,"menu_order":9,"comment_status":"closed","ping_status":"closed","template":"sidebar-page.php","meta":[],"_links":{"self":[{"href":"https:\/\/www.cirkuseros.nu\/index.php\/wp-json\/wp\/v2\/pages\/72"}],"collection":[{"href":"https:\/\/www.cirkuseros.nu\/index.php\/wp-json\/wp\/v2\/pages"}],"about":[{"href":"https:\/\/www.cirkuseros.nu\/index.php\/wp-json\/wp\/v2\/types\/page"}],"author":[{"embeddable":true,"href":"https:\/\/www.cirkuseros.nu\/index.php\/wp-json\/wp\/v2\/users\/2"}],"replies":[{"embeddable":true,"href":"https:\/\/www.cirkuseros.nu\/index.php\/wp-json\/wp\/v2\/comments?post=72"}],"version-history":[{"count":11,"href":"https:\/\/www.cirkuseros.nu\/index.php\/wp-json\/wp\/v2\/pages\/72\/revisions"}],"predecessor-version":[{"id":13517,"href":"https:\/\/www.cirkuseros.nu\/index.php\/wp-json\/wp\/v2\/pages\/72\/revisions\/13517"}],"wp:attachment":[{"href":"https:\/\/www.cirkuseros.nu\/index.php\/wp-json\/wp\/v2\/media?parent=72"}],"curies":[{"name":"wp","href":"https:\/\/api.w.org\/{rel}","templated":true}]}}