{"id":7368,"date":"2017-02-16T13:21:30","date_gmt":"2017-02-16T12:21:30","guid":{"rendered":"http:\/\/www.cirkuseros.nu\/?page_id=7368"},"modified":"2017-10-23T16:57:39","modified_gmt":"2017-10-23T14:57:39","slug":"phonephucker-recension-skona-grejer","status":"publish","type":"page","link":"https:\/\/www.cirkuseros.nu\/index.php\/recensioner\/skona-grejer-bocker\/phonephucker-recension-skona-grejer\/","title":{"rendered":"Phonephucker"},"content":{"rendered":"<p><img decoding=\"async\" loading=\"lazy\" src=\"https:\/\/i0.wp.com\/www.cirkuseros.nu\/app\/uploads\/2016\/10\/banner_skonagrejer_584x90.jpg?resize=584%2C90&#038;ssl=1\" alt=\"Sk\u00f6na Grejer\" data-recalc-dims=\"1\" \/><br \/>\n<a href=\"https:\/\/www.cirkuseros.nu\/index.php\/text\/recensioner\/\"><strong>Tillbaka till Sk\u00f6na grejer \u00bb<\/strong><\/a><br \/>\n<a href=\"https:\/\/www.cirkuseros.nu\/index.php\/text\/recensioner\/skona-grejer-bocker\/\"><strong>Tillbaka till Sk\u00f6na grejer \u2022 b\u00f6cker \u00bb<\/strong><\/a><br \/>\n<img decoding=\"async\" loading=\"lazy\" src=\"https:\/\/cirkuseros.files.wordpress.com\/2016\/11\/tunnlinjeoriginal_584.gif?resize=584%2C8\" alt=\"linje\" data-recalc-dims=\"1\" \/><br \/>\n<span style=\"color: #800000;\"><strong><span style=\"font-family: Verdana, Geneva, Arial, Helvetica, Sans serif; font-size: large;\">Recension: Telefonsex som litteratur<\/span><\/strong><\/span><\/p>\n<p><strong><strong><img data-attachment-id=\"7371\" data-permalink=\"https:\/\/www.cirkuseros.nu\/index.php\/recensioner\/skona-grejer-bocker\/phonephucker-recension-skona-grejer\/phonephucker\/\" data-orig-file=\"https:\/\/i0.wp.com\/www.cirkuseros.nu\/app\/uploads\/2017\/02\/phonephucker.jpg?fit=260%2C395&amp;ssl=1\" data-orig-size=\"260,395\" data-comments-opened=\"1\" data-image-meta=\"{&quot;aperture&quot;:&quot;0&quot;,&quot;credit&quot;:&quot;&quot;,&quot;camera&quot;:&quot;&quot;,&quot;caption&quot;:&quot;&quot;,&quot;created_timestamp&quot;:&quot;0&quot;,&quot;copyright&quot;:&quot;&quot;,&quot;focal_length&quot;:&quot;0&quot;,&quot;iso&quot;:&quot;0&quot;,&quot;shutter_speed&quot;:&quot;0&quot;,&quot;title&quot;:&quot;&quot;,&quot;orientation&quot;:&quot;0&quot;}\" data-image-title=\"phonephucker\" data-image-description=\"&lt;p&gt;Phonephucker&lt;\/p&gt;\n\" data-medium-file=\"https:\/\/i0.wp.com\/www.cirkuseros.nu\/app\/uploads\/2017\/02\/phonephucker.jpg?fit=197%2C300&amp;ssl=1\" data-large-file=\"https:\/\/i0.wp.com\/www.cirkuseros.nu\/app\/uploads\/2017\/02\/phonephucker.jpg?fit=260%2C395&amp;ssl=1\" decoding=\"async\" loading=\"lazy\" class=\"alignright size-full wp-image-7371\" src=\"https:\/\/i0.wp.com\/www.cirkuseros.nu\/app\/uploads\/2017\/02\/phonephucker.jpg?resize=260%2C395&#038;ssl=1\" alt=\"Phonephucker\" data-recalc-dims=\"1\" \/>Tanja Suhinina<br \/>\nHydra F\u00f6rlag 2007 <\/strong><\/strong><\/p>\n<p><strong>En rysk telefonhora med Tourettes syndrom<\/strong> \u2013 just s\u00e5 beskrivs f\u00f6rfattarinnan av \u201dPhonephucker\u201d, av hennes egen f\u00f6rl\u00e4ggare, och det \u00e4r ju r\u00e4tt s\u00e5 pikant redan det. Undertiteln till boken \u00e4r \u201den telefonhoras bek\u00e4nnelser\u201d, och det \u00e4r i stort sett vad denna bok \u00e4r. En ung kvinna s\u00e4ljer telefonsex, och detta \u00e4r ber\u00e4ttelsen om henne.<\/p>\n<p><strong>Det l\u00e5ter minst sagt bisarrt<\/strong>, och egentligen helt vansinnigt, att publicera en bok som i praktiken \u00e4r en manual f\u00f6r hur att arbeta professionellt med telefonsex. Man t\u00e4nker att Hydra F\u00f6rlag m\u00e5ste vara ett osedvanligt dumdristigt f\u00f6retag med d\u00f6dsl\u00e4ngtan \u2013 till dess att man faktiskt l\u00e4ser Tanja Suhininas underbart galna bok. Texterna i boken bygger p\u00e5 inl\u00e4gg p\u00e5 Tanjas fram till f\u00f6rra \u00e5ret aktiva blogg om telefonsex, och beskriver allt fr\u00e5n hur man bem\u00f6ter de uppringande till minst sagt absurda situationer som kan uppst\u00e5 n\u00e4r man ska l\u00e5ta k\u00e5t i telefonen vid tillf\u00e4llen som inte alltid passar med omgivningens f\u00f6rv\u00e4ntningar.<\/p>\n<p><strong>Vi f\u00e5r f\u00f6lja Tanja<\/strong> i hennes minst sagt oortodoxa vardagsliv, i vilket telefonen kan ringa n\u00e4rsomhelst (som t.ex. n\u00e4r man har middagsg\u00e4ster), och det blir dags att snacka \u201ddirty\u201d. Att det \u00e4r hennes jobb \u00e4r liksom inte s\u00e5 l\u00e4tt f\u00f6r alla att begripa. Men det som \u00e4r det vinnande konceptet med denna bok \u00e4r nog \u00e4nd\u00e5 Tanjas totala, skaml\u00f6sa \u00f6ppenhet om precis allt i sitt liv. Hon bangar inte f\u00f6r n\u00e5got. Vi blir bokstavligen insl\u00e4ppta i hennes innersta, i det som f\u00f6r de flesta skulle vara fredad, privat zon, sk\u00e4mmigt och g\u00f6mt. Allt kommer p\u00e5 bordet.<\/p>\n<p><strong>Phonephucker har ocks\u00e5 en politisk udd<\/strong> \u2013 n\u00e5got som med stor sannolikhet inte var syftet med denna bok, men som finns d\u00e4r \u00e4nd\u00e5. I dessa tidevarv, med sexk\u00f6pslagar och stigmatisering av allt som har med sex att g\u00f6ra, ger Tanja begreppet sexarbetare en helt ny twist. Man kan jobba med att s\u00e4lja sex, och samtidigt vara precis en s\u00e5 egensinnig, sj\u00e4lvst\u00e4ndig och sj\u00e4lvklar person som Tanja \u00e4r. Ingenstans i sin bok framst\u00e4ller Tanja sig som ett offer. Det finns helt enkelt inte. Visst, jobbiga situationer uppst\u00e5r, men bara som utg\u00e5ngspunkt f\u00f6r hur hon l\u00f6ser situationen och g\u00e5r vidare \u2013 g\u00e4rna med ett garv.<\/p>\n<p><strong>Jag \u00e4r svag f\u00f6r bra \u00f6ppningsrepliker.<\/strong> F\u00f6rsta meningen sl\u00e5r liksom an en ton f\u00f6r hela boken. Jan Guillou \u00e4r en m\u00e4stare p\u00e5 detta \u2013 favoriten \u00e4r \u201dD\u00f6den kom med \u00f6lbil.\u201d \u2013 men Tanja \u00e4r inte l\u00e5ngt efter. F\u00f6rsta kapitlet heter \u201d\u2013 Det vore sk\u00f6nt om du s\u00f6g av mig\u2026\u201d, och den allra f\u00f6rsta meningen i boken lyder \u201dFan i helvetes j\u00e4velkuken!\u201d Om det inte \u00e4r att s\u00e4tta tonen, s\u00e5 vet jag inte vad det inneb\u00e4r\u2026 Sen \u00e4r boken en orgie i allt fr\u00e5n husmoderliga tefefonhoretips till imagin\u00e4r kukstorleksstatistik, ber\u00e4ttelser om omgivningens reaktioner, beskrivningar av hennes olika alter egon, rollspel och absurda situationer.<\/p>\n<p><strong>Det \u00e4r f\u00f6rst\u00e5s v\u00e4ldigt l\u00e4tt att g\u00f6ra sig l\u00f6jlig<\/strong> \u00f6ver de stackars m\u00e4nnen som ringer telefonhoran, eftersom de ofta framst\u00e5r i oerh\u00f6rt pinsam dager \u2013 de \u00e4r sittande h\u00f6ns, l\u00e4tta att skjuta p\u00e5, i all sin el\u00e4ndiga s\u00e5rbarhet. Men s\u00e5 blir det uppenbart att Tanja k\u00e4nner respekt f\u00f6r sina kunder, att det finns n\u00e5got mjukt, sk\u00f6rt och svagt i den manliga sexualiteten, som efter en viss tillv\u00e4njning faktiskt ter sig mer r\u00f6rande \u00e4n l\u00f6jev\u00e4ckande, en k\u00e4nslighet som f\u00e5 m\u00e4n v\u00e5gar visa i andra sammanhang.<\/p>\n<p><strong>Boken \u00e4r illustrerad<\/strong> med f\u00f6r sammanhanget helt perfekta tuschteckningar av Elin Jonsson, som verkligen f\u00e5ngat den fr\u00e4cka humorn och det ungdomliga sinnet i Tanjas texter. Kombinationen \u00e4r klockren.<\/p>\n<p><strong>Det \u00e4r helt enkelt en vansinnigt rolig bok<\/strong> \u2013 och visst kan man l\u00e4ra sig ett och annat matnyttigt. Inte bara om telefonsex, men om m\u00e4nskligt beteende, om sexualitet och telefonpratande, om sexuella preferenser och hur man tillfredsst\u00e4ller vissa lustar. Denna bok \u00e4r n\u00e5got l\u00e5ngt bortom det vanliga, allt annat \u00e4n f\u00f6ruts\u00e4gbar. S\u00e5 vill du skratta mycket, och samtidigt l\u00e4ra dig n\u00e5got du inte visste att du beh\u00f6vde l\u00e4ra dig \u2013 l\u00e4s Phonephucker.<\/p>\n<p><img decoding=\"async\" loading=\"lazy\" src=\"https:\/\/i0.wp.com\/www.cirkuseros.nu\/app\/uploads\/2017\/02\/illustration-gurka.gif?resize=444%2C420&#038;ssl=1\" alt=\"L\u00e5tsasfellatio\" align=\"middle\" data-recalc-dims=\"1\" \/><\/p>\n<p><strong>Carl Johan Rehbinder 2008<\/strong><\/p>\n<p><span style=\"font-size: small;\"><strong>Denna recension publicerades f\u00f6rst p\u00e5 <a href=\"https:\/\/tantrikblog.wordpress.com\/2008\/10\/04\/telefonsex-som-litteratur\/\/\">TantraBlog 2008<\/a><\/strong><\/span><\/p>\n<p><img decoding=\"async\" loading=\"lazy\" src=\"https:\/\/cirkuseros.files.wordpress.com\/2016\/11\/tunnlinjeoriginal_584.gif?resize=584%2C8\" alt=\"linje\" data-recalc-dims=\"1\" \/><br \/>\n<a href=\"https:\/\/www.cirkuseros.nu\/index.php\/text\/recensioner\/\"><strong>Tillbaka till Sk\u00f6na grejer \u00bb<\/strong><\/a><br \/>\n<a href=\"https:\/\/www.cirkuseros.nu\/index.php\/text\/recensioner\/skona-grejer-bocker\/\"><strong>Tillbaka till Sk\u00f6na grejer \u2022 b\u00f6cker \u00bb<\/strong><\/a><br \/>\n<img decoding=\"async\" loading=\"lazy\" src=\"https:\/\/i0.wp.com\/www.cirkuseros.nu\/app\/uploads\/2017\/01\/heartline_584.gif?resize=584%2C20&#038;ssl=1\" alt=\"Heartline\" data-recalc-dims=\"1\" \/><\/p>\n<p><img decoding=\"async\" loading=\"lazy\" src=\"https:\/\/cirkuseros.files.wordpress.com\/2016\/10\/fri_kursbanner_ani.gif?resize=584%2C140\" alt=\"Cirkus Eros - erotik f\u00f6r finsmakare\" data-recalc-dims=\"1\" \/><\/p>\n","protected":false},"excerpt":{"rendered":"<p>Tillbaka till Sk\u00f6na grejer \u00bb Tillbaka till Sk\u00f6na grejer \u2022 b\u00f6cker \u00bb Recension: Telefonsex som litteratur Tanja Suhinina Hydra F\u00f6rlag 2007 En rysk telefonhora med Tourettes syndrom \u2013 just s\u00e5 beskrivs f\u00f6rfattarinnan av \u201dPhonephucker\u201d, av hennes egen f\u00f6rl\u00e4ggare, och det &hellip; <a href=\"https:\/\/www.cirkuseros.nu\/index.php\/recensioner\/skona-grejer-bocker\/phonephucker-recension-skona-grejer\/\">Forts\u00e4tt l\u00e4sa <span class=\"meta-nav\">&rarr;<\/span><\/a><\/p>\n","protected":false},"author":1,"featured_media":0,"parent":1260,"menu_order":6,"comment_status":"closed","ping_status":"closed","template":"sidebar-page.php","meta":[],"_links":{"self":[{"href":"https:\/\/www.cirkuseros.nu\/index.php\/wp-json\/wp\/v2\/pages\/7368"}],"collection":[{"href":"https:\/\/www.cirkuseros.nu\/index.php\/wp-json\/wp\/v2\/pages"}],"about":[{"href":"https:\/\/www.cirkuseros.nu\/index.php\/wp-json\/wp\/v2\/types\/page"}],"author":[{"embeddable":true,"href":"https:\/\/www.cirkuseros.nu\/index.php\/wp-json\/wp\/v2\/users\/1"}],"replies":[{"embeddable":true,"href":"https:\/\/www.cirkuseros.nu\/index.php\/wp-json\/wp\/v2\/comments?post=7368"}],"version-history":[{"count":6,"href":"https:\/\/www.cirkuseros.nu\/index.php\/wp-json\/wp\/v2\/pages\/7368\/revisions"}],"predecessor-version":[{"id":8774,"href":"https:\/\/www.cirkuseros.nu\/index.php\/wp-json\/wp\/v2\/pages\/7368\/revisions\/8774"}],"up":[{"embeddable":true,"href":"https:\/\/www.cirkuseros.nu\/index.php\/wp-json\/wp\/v2\/pages\/1260"}],"wp:attachment":[{"href":"https:\/\/www.cirkuseros.nu\/index.php\/wp-json\/wp\/v2\/media?parent=7368"}],"curies":[{"name":"wp","href":"https:\/\/api.w.org\/{rel}","templated":true}]}}