{"id":7472,"date":"2017-02-27T02:07:24","date_gmt":"2017-02-27T01:07:24","guid":{"rendered":"http:\/\/www.cirkuseros.nu\/?page_id=7472"},"modified":"2023-09-25T03:59:14","modified_gmt":"2023-09-25T01:59:14","slug":"gastgalleri-paul-harmon_4","status":"publish","type":"page","link":"https:\/\/www.cirkuseros.nu\/index.php\/bild\/andras-bilder\/gastgalleri-paul-harmon_4\/","title":{"rendered":"G\u00e4stgalleri \u2022 Paul Harmon"},"content":{"rendered":"<p><span style=\"font-family: AGaramond, Garamond, Jenson, serif; font-size: x-large;\"><span style=\"color: #800000;\"><strong>Vulnerability &amp; Trust<\/strong><\/span><\/span><br \/>\n<span style=\"font-family: Verdana, Geneva, Arial, Helvetica, Sans serif; font-size: small;\"><strong>Paul Harmon var en av mina f\u00f6rsta g\u00e4startister<\/strong> p\u00e5 Cirkus Eros. Paul Harmons har en mycket speciell och helt unik stil p\u00e5 sitt m\u00e5leri, inte minst hans erotiska bilder.<\/span><br \/>\n<img decoding=\"async\" loading=\"lazy\" src=\"https:\/\/i1.wp.com\/www.cirkuseros.nu\/app\/uploads\/2016\/11\/tunnlinjeoriginal_584.gif?resize=584%2C8&#038;ssl=1\" alt=\"linje\" data-recalc-dims=\"1\" \/><br \/>\n<a href=\"https:\/\/www.cirkuseros.nu\/index.php\/bild\/andras-bilder\/\"><strong><span style=\"font-family: Verdana, Geneva, Arial, Helvetica, Sans serif; font-size: small;\">Tillbaka till Andras bilder \u2013 g\u00e4startister \u00bb<\/span><\/strong><\/a><\/p>\n<div class=\"tiled-gallery type-rectangular tiled-gallery-unresized\" data-original-width=\"584\" data-carousel-extra='{&quot;blog_id&quot;:1,&quot;permalink&quot;:&quot;https:\\\/\\\/www.cirkuseros.nu\\\/index.php\\\/bild\\\/andras-bilder\\\/gastgalleri-paul-harmon_4\\\/&quot;,&quot;likes_blog_id&quot;:124287572}' itemscope itemtype=\"http:\/\/schema.org\/ImageGallery\" > <div class=\"gallery-row\" style=\"width: 584px; height: 196px;\" data-original-width=\"584\" data-original-height=\"196\" > <div class=\"gallery-group images-1\" style=\"width: 147px; height: 196px;\" data-original-width=\"147\" data-original-height=\"196\" > <div class=\"tiled-gallery-item tiled-gallery-item-small\" itemprop=\"associatedMedia\" itemscope itemtype=\"http:\/\/schema.org\/ImageObject\"> <a href=\"https:\/\/www.cirkuseros.nu\/index.php\/bild\/andras-bilder\/gastgalleri-paul-harmon_4\/vulnerability_trust_01\/\" border=\"0\" itemprop=\"url\"> <meta itemprop=\"width\" content=\"143\"> <meta itemprop=\"height\" content=\"192\"> <img data-attachment-id=\"7505\" data-orig-file=\"https:\/\/www.cirkuseros.nu\/app\/uploads\/2017\/02\/vulnerability_trust_01.jpg\" data-orig-size=\"1188,1600\" data-comments-opened=\"1\" data-image-meta=\"{&quot;aperture&quot;:&quot;3.4&quot;,&quot;credit&quot;:&quot;&quot;,&quot;camera&quot;:&quot;E775&quot;,&quot;caption&quot;:&quot;&quot;,&quot;created_timestamp&quot;:&quot;0&quot;,&quot;copyright&quot;:&quot;&quot;,&quot;focal_length&quot;:&quot;9.1&quot;,&quot;iso&quot;:&quot;100&quot;,&quot;shutter_speed&quot;:&quot;0.028571428571429&quot;,&quot;title&quot;:&quot;&quot;,&quot;orientation&quot;:&quot;0&quot;}\" data-image-title=\"vulnerability_trust_01\" data-image-description=\"\" data-medium-file=\"https:\/\/i1.wp.com\/www.cirkuseros.nu\/app\/uploads\/2017\/02\/vulnerability_trust_01.jpg?fit=223%2C300&#038;ssl=1\" data-large-file=\"https:\/\/i1.wp.com\/www.cirkuseros.nu\/app\/uploads\/2017\/02\/vulnerability_trust_01.jpg?fit=584%2C787&#038;ssl=1\" src=\"https:\/\/i1.wp.com\/www.cirkuseros.nu\/app\/uploads\/2017\/02\/vulnerability_trust_01.jpg?resize=143%2C192&#038;ssl=1\" width=\"143\" height=\"192\" data-original-width=\"143\" data-original-height=\"192\" itemprop=\"http:\/\/schema.org\/image\" title=\"vulnerability_trust_01\" alt=\"vulnerability_trust_01\" style=\"width: 143px; height: 192px;\" \/> <\/a> <\/div> <\/div> <!-- close group --> <div class=\"gallery-group images-1\" style=\"width: 146px; height: 196px;\" data-original-width=\"146\" data-original-height=\"196\" > <div class=\"tiled-gallery-item tiled-gallery-item-small\" itemprop=\"associatedMedia\" itemscope itemtype=\"http:\/\/schema.org\/ImageObject\"> <a href=\"https:\/\/www.cirkuseros.nu\/index.php\/bild\/andras-bilder\/gastgalleri-paul-harmon_4\/vulnerability_trust_02\/\" border=\"0\" itemprop=\"url\"> <meta itemprop=\"width\" content=\"142\"> <meta itemprop=\"height\" content=\"192\"> <img data-attachment-id=\"7506\" data-orig-file=\"https:\/\/www.cirkuseros.nu\/app\/uploads\/2017\/02\/vulnerability_trust_02.jpg\" data-orig-size=\"1183,1600\" data-comments-opened=\"1\" data-image-meta=\"{&quot;aperture&quot;:&quot;3.4&quot;,&quot;credit&quot;:&quot;&quot;,&quot;camera&quot;:&quot;E775&quot;,&quot;caption&quot;:&quot;&quot;,&quot;created_timestamp&quot;:&quot;0&quot;,&quot;copyright&quot;:&quot;&quot;,&quot;focal_length&quot;:&quot;9.1&quot;,&quot;iso&quot;:&quot;100&quot;,&quot;shutter_speed&quot;:&quot;0.033333333333333&quot;,&quot;title&quot;:&quot;&quot;,&quot;orientation&quot;:&quot;0&quot;}\" data-image-title=\"vulnerability_trust_02\" data-image-description=\"\" data-medium-file=\"https:\/\/i1.wp.com\/www.cirkuseros.nu\/app\/uploads\/2017\/02\/vulnerability_trust_02.jpg?fit=222%2C300&#038;ssl=1\" data-large-file=\"https:\/\/i1.wp.com\/www.cirkuseros.nu\/app\/uploads\/2017\/02\/vulnerability_trust_02.jpg?fit=584%2C790&#038;ssl=1\" src=\"https:\/\/i1.wp.com\/www.cirkuseros.nu\/app\/uploads\/2017\/02\/vulnerability_trust_02.jpg?resize=142%2C192&#038;ssl=1\" width=\"142\" height=\"192\" data-original-width=\"142\" data-original-height=\"192\" itemprop=\"http:\/\/schema.org\/image\" title=\"vulnerability_trust_02\" alt=\"vulnerability_trust_02\" style=\"width: 142px; height: 192px;\" \/> <\/a> <\/div> <\/div> <!-- close group --> <div class=\"gallery-group images-1\" style=\"width: 146px; height: 196px;\" data-original-width=\"146\" data-original-height=\"196\" > <div class=\"tiled-gallery-item tiled-gallery-item-small\" itemprop=\"associatedMedia\" itemscope itemtype=\"http:\/\/schema.org\/ImageObject\"> <a href=\"https:\/\/www.cirkuseros.nu\/index.php\/bild\/andras-bilder\/gastgalleri-paul-harmon_4\/vulnerability_trust_03\/\" border=\"0\" itemprop=\"url\"> <meta itemprop=\"width\" content=\"142\"> <meta itemprop=\"height\" content=\"192\"> <img data-attachment-id=\"7507\" data-orig-file=\"https:\/\/www.cirkuseros.nu\/app\/uploads\/2017\/02\/vulnerability_trust_03.jpg\" data-orig-size=\"1183,1600\" data-comments-opened=\"1\" data-image-meta=\"{&quot;aperture&quot;:&quot;3.4&quot;,&quot;credit&quot;:&quot;&quot;,&quot;camera&quot;:&quot;E775&quot;,&quot;caption&quot;:&quot;&quot;,&quot;created_timestamp&quot;:&quot;0&quot;,&quot;copyright&quot;:&quot;&quot;,&quot;focal_length&quot;:&quot;9.1&quot;,&quot;iso&quot;:&quot;100&quot;,&quot;shutter_speed&quot;:&quot;0.028571428571429&quot;,&quot;title&quot;:&quot;&quot;,&quot;orientation&quot;:&quot;0&quot;}\" data-image-title=\"vulnerability_trust_03\" data-image-description=\"\" data-medium-file=\"https:\/\/i2.wp.com\/www.cirkuseros.nu\/app\/uploads\/2017\/02\/vulnerability_trust_03.jpg?fit=222%2C300&#038;ssl=1\" data-large-file=\"https:\/\/i2.wp.com\/www.cirkuseros.nu\/app\/uploads\/2017\/02\/vulnerability_trust_03.jpg?fit=584%2C790&#038;ssl=1\" src=\"https:\/\/i2.wp.com\/www.cirkuseros.nu\/app\/uploads\/2017\/02\/vulnerability_trust_03.jpg?resize=142%2C192&#038;ssl=1\" width=\"142\" height=\"192\" data-original-width=\"142\" data-original-height=\"192\" itemprop=\"http:\/\/schema.org\/image\" title=\"vulnerability_trust_03\" alt=\"vulnerability_trust_03\" style=\"width: 142px; height: 192px;\" \/> <\/a> <\/div> <\/div> <!-- close group --> <div class=\"gallery-group images-1\" style=\"width: 145px; height: 196px;\" data-original-width=\"145\" data-original-height=\"196\" > <div class=\"tiled-gallery-item tiled-gallery-item-small\" itemprop=\"associatedMedia\" itemscope itemtype=\"http:\/\/schema.org\/ImageObject\"> <a href=\"https:\/\/www.cirkuseros.nu\/index.php\/bild\/andras-bilder\/gastgalleri-paul-harmon_4\/vulnerability_trust_04\/\" border=\"0\" itemprop=\"url\"> <meta itemprop=\"width\" content=\"141\"> <meta itemprop=\"height\" content=\"192\"> <img data-attachment-id=\"7508\" data-orig-file=\"https:\/\/www.cirkuseros.nu\/app\/uploads\/2017\/02\/vulnerability_trust_04.jpg\" data-orig-size=\"1170,1600\" data-comments-opened=\"1\" data-image-meta=\"{&quot;aperture&quot;:&quot;3.4&quot;,&quot;credit&quot;:&quot;&quot;,&quot;camera&quot;:&quot;E775&quot;,&quot;caption&quot;:&quot;&quot;,&quot;created_timestamp&quot;:&quot;0&quot;,&quot;copyright&quot;:&quot;&quot;,&quot;focal_length&quot;:&quot;9.1&quot;,&quot;iso&quot;:&quot;100&quot;,&quot;shutter_speed&quot;:&quot;0.028571428571429&quot;,&quot;title&quot;:&quot;&quot;,&quot;orientation&quot;:&quot;0&quot;}\" data-image-title=\"vulnerability_trust_04\" data-image-description=\"\" data-medium-file=\"https:\/\/i2.wp.com\/www.cirkuseros.nu\/app\/uploads\/2017\/02\/vulnerability_trust_04.jpg?fit=219%2C300&#038;ssl=1\" data-large-file=\"https:\/\/i2.wp.com\/www.cirkuseros.nu\/app\/uploads\/2017\/02\/vulnerability_trust_04.jpg?fit=584%2C799&#038;ssl=1\" src=\"https:\/\/i2.wp.com\/www.cirkuseros.nu\/app\/uploads\/2017\/02\/vulnerability_trust_04.jpg?resize=141%2C192&#038;ssl=1\" width=\"141\" height=\"192\" data-original-width=\"141\" data-original-height=\"192\" itemprop=\"http:\/\/schema.org\/image\" title=\"vulnerability_trust_04\" alt=\"vulnerability_trust_04\" style=\"width: 141px; height: 192px;\" \/> <\/a> <\/div> <\/div> <!-- close group --> <\/div> <!-- close row --> <div class=\"gallery-row\" style=\"width: 584px; height: 394px;\" data-original-width=\"584\" data-original-height=\"394\" > <div class=\"gallery-group images-1\" style=\"width: 292px; height: 394px;\" data-original-width=\"292\" data-original-height=\"394\" > <div class=\"tiled-gallery-item tiled-gallery-item-large\" itemprop=\"associatedMedia\" itemscope itemtype=\"http:\/\/schema.org\/ImageObject\"> <a href=\"https:\/\/www.cirkuseros.nu\/index.php\/bild\/andras-bilder\/gastgalleri-paul-harmon_4\/vulnerability_trust_05\/\" border=\"0\" itemprop=\"url\"> <meta itemprop=\"width\" content=\"288\"> <meta itemprop=\"height\" content=\"390\"> <img data-attachment-id=\"7509\" data-orig-file=\"https:\/\/www.cirkuseros.nu\/app\/uploads\/2017\/02\/vulnerability_trust_05.jpg\" data-orig-size=\"1183,1600\" data-comments-opened=\"1\" data-image-meta=\"{&quot;aperture&quot;:&quot;3.4&quot;,&quot;credit&quot;:&quot;&quot;,&quot;camera&quot;:&quot;E775&quot;,&quot;caption&quot;:&quot;&quot;,&quot;created_timestamp&quot;:&quot;0&quot;,&quot;copyright&quot;:&quot;&quot;,&quot;focal_length&quot;:&quot;9.1&quot;,&quot;iso&quot;:&quot;100&quot;,&quot;shutter_speed&quot;:&quot;0.028571428571429&quot;,&quot;title&quot;:&quot;&quot;,&quot;orientation&quot;:&quot;0&quot;}\" data-image-title=\"vulnerability_trust_05\" data-image-description=\"\" data-medium-file=\"https:\/\/i0.wp.com\/www.cirkuseros.nu\/app\/uploads\/2017\/02\/vulnerability_trust_05.jpg?fit=222%2C300&#038;ssl=1\" data-large-file=\"https:\/\/i0.wp.com\/www.cirkuseros.nu\/app\/uploads\/2017\/02\/vulnerability_trust_05.jpg?fit=584%2C790&#038;ssl=1\" src=\"https:\/\/i0.wp.com\/www.cirkuseros.nu\/app\/uploads\/2017\/02\/vulnerability_trust_05.jpg?resize=288%2C390&#038;ssl=1\" width=\"288\" height=\"390\" data-original-width=\"288\" data-original-height=\"390\" itemprop=\"http:\/\/schema.org\/image\" title=\"vulnerability_trust_05\" alt=\"vulnerability_trust_05\" style=\"width: 288px; height: 390px;\" \/> <\/a> <\/div> <\/div> <!-- close group --> <div class=\"gallery-group images-1\" style=\"width: 292px; height: 394px;\" data-original-width=\"292\" data-original-height=\"394\" > <div class=\"tiled-gallery-item tiled-gallery-item-large\" itemprop=\"associatedMedia\" itemscope itemtype=\"http:\/\/schema.org\/ImageObject\"> <a href=\"https:\/\/www.cirkuseros.nu\/index.php\/bild\/andras-bilder\/gastgalleri-paul-harmon_4\/vulnerability_trust_06\/\" border=\"0\" itemprop=\"url\"> <meta itemprop=\"width\" content=\"288\"> <meta itemprop=\"height\" content=\"390\"> <img data-attachment-id=\"7510\" data-orig-file=\"https:\/\/www.cirkuseros.nu\/app\/uploads\/2017\/02\/vulnerability_trust_06.jpg\" data-orig-size=\"1181,1600\" data-comments-opened=\"1\" data-image-meta=\"{&quot;aperture&quot;:&quot;3.4&quot;,&quot;credit&quot;:&quot;&quot;,&quot;camera&quot;:&quot;E775&quot;,&quot;caption&quot;:&quot;&quot;,&quot;created_timestamp&quot;:&quot;0&quot;,&quot;copyright&quot;:&quot;&quot;,&quot;focal_length&quot;:&quot;9.1&quot;,&quot;iso&quot;:&quot;100&quot;,&quot;shutter_speed&quot;:&quot;0.033333333333333&quot;,&quot;title&quot;:&quot;&quot;,&quot;orientation&quot;:&quot;0&quot;}\" data-image-title=\"vulnerability_trust_06\" data-image-description=\"\" data-medium-file=\"https:\/\/i1.wp.com\/www.cirkuseros.nu\/app\/uploads\/2017\/02\/vulnerability_trust_06.jpg?fit=221%2C300&#038;ssl=1\" data-large-file=\"https:\/\/i1.wp.com\/www.cirkuseros.nu\/app\/uploads\/2017\/02\/vulnerability_trust_06.jpg?fit=584%2C791&#038;ssl=1\" src=\"https:\/\/i1.wp.com\/www.cirkuseros.nu\/app\/uploads\/2017\/02\/vulnerability_trust_06.jpg?resize=288%2C390&#038;ssl=1\" width=\"288\" height=\"390\" data-original-width=\"288\" data-original-height=\"390\" itemprop=\"http:\/\/schema.org\/image\" title=\"vulnerability_trust_06\" alt=\"vulnerability_trust_06\" style=\"width: 288px; height: 390px;\" \/> <\/a> <\/div> <\/div> <!-- close group --> <\/div> <!-- close row --> <div class=\"gallery-row\" style=\"width: 584px; height: 196px;\" data-original-width=\"584\" data-original-height=\"196\" > <div class=\"gallery-group images-1\" style=\"width: 145px; height: 196px;\" data-original-width=\"145\" data-original-height=\"196\" > <div class=\"tiled-gallery-item tiled-gallery-item-small\" itemprop=\"associatedMedia\" itemscope itemtype=\"http:\/\/schema.org\/ImageObject\"> <a href=\"https:\/\/www.cirkuseros.nu\/index.php\/bild\/andras-bilder\/gastgalleri-paul-harmon_4\/vulnerability_trust_07\/\" border=\"0\" itemprop=\"url\"> <meta itemprop=\"width\" content=\"141\"> <meta itemprop=\"height\" content=\"192\"> <img data-attachment-id=\"7511\" data-orig-file=\"https:\/\/www.cirkuseros.nu\/app\/uploads\/2017\/02\/vulnerability_trust_07.jpg\" data-orig-size=\"1176,1600\" data-comments-opened=\"1\" data-image-meta=\"{&quot;aperture&quot;:&quot;3.4&quot;,&quot;credit&quot;:&quot;&quot;,&quot;camera&quot;:&quot;E775&quot;,&quot;caption&quot;:&quot;&quot;,&quot;created_timestamp&quot;:&quot;0&quot;,&quot;copyright&quot;:&quot;&quot;,&quot;focal_length&quot;:&quot;9.1&quot;,&quot;iso&quot;:&quot;100&quot;,&quot;shutter_speed&quot;:&quot;0.028571428571429&quot;,&quot;title&quot;:&quot;&quot;,&quot;orientation&quot;:&quot;0&quot;}\" data-image-title=\"vulnerability_trust_07\" data-image-description=\"\" data-medium-file=\"https:\/\/i0.wp.com\/www.cirkuseros.nu\/app\/uploads\/2017\/02\/vulnerability_trust_07.jpg?fit=221%2C300&#038;ssl=1\" data-large-file=\"https:\/\/i0.wp.com\/www.cirkuseros.nu\/app\/uploads\/2017\/02\/vulnerability_trust_07.jpg?fit=584%2C795&#038;ssl=1\" src=\"https:\/\/i0.wp.com\/www.cirkuseros.nu\/app\/uploads\/2017\/02\/vulnerability_trust_07.jpg?resize=141%2C192&#038;ssl=1\" width=\"141\" height=\"192\" data-original-width=\"141\" data-original-height=\"192\" itemprop=\"http:\/\/schema.org\/image\" title=\"vulnerability_trust_07\" alt=\"vulnerability_trust_07\" style=\"width: 141px; height: 192px;\" \/> <\/a> <\/div> <\/div> <!-- close group --> <div class=\"gallery-group images-1\" style=\"width: 148px; height: 196px;\" data-original-width=\"148\" data-original-height=\"196\" > <div class=\"tiled-gallery-item tiled-gallery-item-small\" itemprop=\"associatedMedia\" itemscope itemtype=\"http:\/\/schema.org\/ImageObject\"> <a href=\"https:\/\/www.cirkuseros.nu\/index.php\/bild\/andras-bilder\/gastgalleri-paul-harmon_4\/vulnerability_trust_08\/\" border=\"0\" itemprop=\"url\"> <meta itemprop=\"width\" content=\"144\"> <meta itemprop=\"height\" content=\"192\"> <img data-attachment-id=\"7512\" data-orig-file=\"https:\/\/www.cirkuseros.nu\/app\/uploads\/2017\/02\/vulnerability_trust_08.jpg\" data-orig-size=\"1194,1600\" data-comments-opened=\"1\" data-image-meta=\"{&quot;aperture&quot;:&quot;3.4&quot;,&quot;credit&quot;:&quot;&quot;,&quot;camera&quot;:&quot;E775&quot;,&quot;caption&quot;:&quot;&quot;,&quot;created_timestamp&quot;:&quot;0&quot;,&quot;copyright&quot;:&quot;&quot;,&quot;focal_length&quot;:&quot;9.1&quot;,&quot;iso&quot;:&quot;100&quot;,&quot;shutter_speed&quot;:&quot;0.028571428571429&quot;,&quot;title&quot;:&quot;&quot;,&quot;orientation&quot;:&quot;0&quot;}\" data-image-title=\"vulnerability_trust_08\" data-image-description=\"\" data-medium-file=\"https:\/\/i1.wp.com\/www.cirkuseros.nu\/app\/uploads\/2017\/02\/vulnerability_trust_08.jpg?fit=224%2C300&#038;ssl=1\" data-large-file=\"https:\/\/i1.wp.com\/www.cirkuseros.nu\/app\/uploads\/2017\/02\/vulnerability_trust_08.jpg?fit=584%2C783&#038;ssl=1\" src=\"https:\/\/i1.wp.com\/www.cirkuseros.nu\/app\/uploads\/2017\/02\/vulnerability_trust_08.jpg?resize=144%2C192&#038;ssl=1\" width=\"144\" height=\"192\" data-original-width=\"144\" data-original-height=\"192\" itemprop=\"http:\/\/schema.org\/image\" title=\"vulnerability_trust_08\" alt=\"vulnerability_trust_08\" style=\"width: 144px; height: 192px;\" \/> <\/a> <\/div> <\/div> <!-- close group --> <div class=\"gallery-group images-1\" style=\"width: 145px; height: 196px;\" data-original-width=\"145\" data-original-height=\"196\" > <div class=\"tiled-gallery-item tiled-gallery-item-small\" itemprop=\"associatedMedia\" itemscope itemtype=\"http:\/\/schema.org\/ImageObject\"> <a href=\"https:\/\/www.cirkuseros.nu\/index.php\/bild\/andras-bilder\/gastgalleri-paul-harmon_4\/vulnerability_trust_09\/\" border=\"0\" itemprop=\"url\"> <meta itemprop=\"width\" content=\"141\"> <meta itemprop=\"height\" content=\"192\"> <img data-attachment-id=\"7513\" data-orig-file=\"https:\/\/www.cirkuseros.nu\/app\/uploads\/2017\/02\/vulnerability_trust_09.jpg\" data-orig-size=\"1176,1600\" data-comments-opened=\"1\" data-image-meta=\"{&quot;aperture&quot;:&quot;3.4&quot;,&quot;credit&quot;:&quot;&quot;,&quot;camera&quot;:&quot;E775&quot;,&quot;caption&quot;:&quot;&quot;,&quot;created_timestamp&quot;:&quot;0&quot;,&quot;copyright&quot;:&quot;&quot;,&quot;focal_length&quot;:&quot;9.1&quot;,&quot;iso&quot;:&quot;100&quot;,&quot;shutter_speed&quot;:&quot;0.028571428571429&quot;,&quot;title&quot;:&quot;&quot;,&quot;orientation&quot;:&quot;0&quot;}\" data-image-title=\"vulnerability_trust_09\" data-image-description=\"\" data-medium-file=\"https:\/\/i2.wp.com\/www.cirkuseros.nu\/app\/uploads\/2017\/02\/vulnerability_trust_09.jpg?fit=221%2C300&#038;ssl=1\" data-large-file=\"https:\/\/i2.wp.com\/www.cirkuseros.nu\/app\/uploads\/2017\/02\/vulnerability_trust_09.jpg?fit=584%2C795&#038;ssl=1\" src=\"https:\/\/i2.wp.com\/www.cirkuseros.nu\/app\/uploads\/2017\/02\/vulnerability_trust_09.jpg?resize=141%2C192&#038;ssl=1\" width=\"141\" height=\"192\" data-original-width=\"141\" data-original-height=\"192\" itemprop=\"http:\/\/schema.org\/image\" title=\"vulnerability_trust_09\" alt=\"vulnerability_trust_09\" style=\"width: 141px; height: 192px;\" \/> <\/a> <\/div> <\/div> <!-- close group --> <div class=\"gallery-group images-1\" style=\"width: 146px; height: 196px;\" data-original-width=\"146\" data-original-height=\"196\" > <div class=\"tiled-gallery-item tiled-gallery-item-small\" itemprop=\"associatedMedia\" itemscope itemtype=\"http:\/\/schema.org\/ImageObject\"> <a href=\"https:\/\/www.cirkuseros.nu\/index.php\/bild\/andras-bilder\/gastgalleri-paul-harmon_4\/vulnerability_trust_10\/\" border=\"0\" itemprop=\"url\"> <meta itemprop=\"width\" content=\"142\"> <meta itemprop=\"height\" content=\"192\"> <img data-attachment-id=\"7514\" data-orig-file=\"https:\/\/www.cirkuseros.nu\/app\/uploads\/2017\/02\/vulnerability_trust_10.jpg\" data-orig-size=\"1177,1600\" data-comments-opened=\"1\" data-image-meta=\"{&quot;aperture&quot;:&quot;3.4&quot;,&quot;credit&quot;:&quot;&quot;,&quot;camera&quot;:&quot;E775&quot;,&quot;caption&quot;:&quot;&quot;,&quot;created_timestamp&quot;:&quot;0&quot;,&quot;copyright&quot;:&quot;&quot;,&quot;focal_length&quot;:&quot;9.1&quot;,&quot;iso&quot;:&quot;100&quot;,&quot;shutter_speed&quot;:&quot;0.028571428571429&quot;,&quot;title&quot;:&quot;&quot;,&quot;orientation&quot;:&quot;0&quot;}\" data-image-title=\"vulnerability_trust_10\" data-image-description=\"\" data-medium-file=\"https:\/\/i2.wp.com\/www.cirkuseros.nu\/app\/uploads\/2017\/02\/vulnerability_trust_10.jpg?fit=221%2C300&#038;ssl=1\" data-large-file=\"https:\/\/i2.wp.com\/www.cirkuseros.nu\/app\/uploads\/2017\/02\/vulnerability_trust_10.jpg?fit=584%2C794&#038;ssl=1\" src=\"https:\/\/i2.wp.com\/www.cirkuseros.nu\/app\/uploads\/2017\/02\/vulnerability_trust_10.jpg?resize=142%2C192&#038;ssl=1\" width=\"142\" height=\"192\" data-original-width=\"142\" data-original-height=\"192\" itemprop=\"http:\/\/schema.org\/image\" title=\"vulnerability_trust_10\" alt=\"vulnerability_trust_10\" style=\"width: 142px; height: 192px;\" \/> <\/a> <\/div> <\/div> <!-- close group --> <\/div> <!-- close row --> <\/div>\n<p><img decoding=\"async\" loading=\"lazy\" src=\"https:\/\/i1.wp.com\/www.cirkuseros.nu\/app\/uploads\/2016\/11\/tunnlinjeoriginal_584.gif?resize=584%2C8&#038;ssl=1\" alt=\"linje\" data-recalc-dims=\"1\" \/><br \/>\n<a href=\"https:\/\/www.cirkuseros.nu\/index.php\/bild\/andras-bilder\/\"><strong><span style=\"font-family: Verdana, Geneva, Arial, Helvetica, Sans serif; font-size: small;\">Tillbaka till Andras bilder \u2013 g\u00e4startister \u00bb<\/span><\/strong><\/a><br \/>\n<img decoding=\"async\" loading=\"lazy\" src=\"https:\/\/i0.wp.com\/www.cirkuseros.nu\/app\/uploads\/2017\/01\/heartline_584.gif?resize=584%2C20&#038;ssl=1\" alt=\"Heartline\" data-recalc-dims=\"1\" \/><\/p>\n<p><img decoding=\"async\" loading=\"lazy\" src=\"https:\/\/i2.wp.com\/www.cirkuseros.nu\/app\/uploads\/2016\/10\/fri_kursbanner_ani.gif?resize=584%2C140&#038;ssl=1\" alt=\"Cirkus Eros - erotik f\u00f6r finsmakare\" data-recalc-dims=\"1\" \/><\/p>\n","protected":false},"excerpt":{"rendered":"<p>Vulnerability &amp; Trust Paul Harmon var en av mina f\u00f6rsta g\u00e4startister p\u00e5 Cirkus Eros. Paul Harmons har en mycket speciell och helt unik stil p\u00e5 sitt m\u00e5leri, inte minst hans erotiska bilder. Tillbaka till Andras bilder \u2013 g\u00e4startister \u00bb Tillbaka &hellip; <a href=\"https:\/\/www.cirkuseros.nu\/index.php\/bild\/andras-bilder\/gastgalleri-paul-harmon_4\/\">Forts\u00e4tt l\u00e4sa <span class=\"meta-nav\">&rarr;<\/span><\/a><\/p>\n","protected":false},"author":1,"featured_media":0,"parent":42,"menu_order":10,"comment_status":"closed","ping_status":"closed","template":"sidebar-page.php","meta":[],"_links":{"self":[{"href":"https:\/\/www.cirkuseros.nu\/index.php\/wp-json\/wp\/v2\/pages\/7472"}],"collection":[{"href":"https:\/\/www.cirkuseros.nu\/index.php\/wp-json\/wp\/v2\/pages"}],"about":[{"href":"https:\/\/www.cirkuseros.nu\/index.php\/wp-json\/wp\/v2\/types\/page"}],"author":[{"embeddable":true,"href":"https:\/\/www.cirkuseros.nu\/index.php\/wp-json\/wp\/v2\/users\/1"}],"replies":[{"embeddable":true,"href":"https:\/\/www.cirkuseros.nu\/index.php\/wp-json\/wp\/v2\/comments?post=7472"}],"version-history":[{"count":2,"href":"https:\/\/www.cirkuseros.nu\/index.php\/wp-json\/wp\/v2\/pages\/7472\/revisions"}],"predecessor-version":[{"id":13226,"href":"https:\/\/www.cirkuseros.nu\/index.php\/wp-json\/wp\/v2\/pages\/7472\/revisions\/13226"}],"up":[{"embeddable":true,"href":"https:\/\/www.cirkuseros.nu\/index.php\/wp-json\/wp\/v2\/pages\/42"}],"wp:attachment":[{"href":"https:\/\/www.cirkuseros.nu\/index.php\/wp-json\/wp\/v2\/media?parent=7472"}],"curies":[{"name":"wp","href":"https:\/\/api.w.org\/{rel}","templated":true}]}}