{"id":7585,"date":"2017-02-28T00:06:11","date_gmt":"2017-02-27T23:06:11","guid":{"rendered":"http:\/\/www.cirkuseros.nu\/?page_id=7585"},"modified":"2023-09-27T11:17:05","modified_gmt":"2023-09-27T09:17:05","slug":"porr-ar-sjalvklar-mansklig-kultur","status":"publish","type":"page","link":"https:\/\/www.cirkuseros.nu\/index.php\/text\/artiklar\/artiklar-av-calle-rehbinder\/porr-ar-sjalvklar-mansklig-kultur\/","title":{"rendered":"Porr \u00e4r sj\u00e4lvklar m\u00e4nsklig kultur"},"content":{"rendered":"<p><strong>Det verkar hagla av korkad porrmoralism<\/strong> i media just nu. I <a href=\"http:\/\/www.metro.se\/metro-debatt\/kolla-aldrig-pa-porr-det-kan-vara-valdtakter-fangat-pa-film\/EVHpgl!xitnesdH0OVEQ\/\" target=\"_blank\">Metro den 12 juli uppmanar hj\u00e4lparbetaren Jonatan Alv\u00e9n l\u00e4sarna att aldrig titta p\u00e5 porr<\/a> \u2013 f\u00f6r det kan vara \u201dv\u00e5ldt\u00e4kter f\u00e5ngade p\u00e5 film\u201d. Och jag tar mig f\u00f6r pannan. Det \u00e4r s\u00e5 osannolikt korkat. Ytterligare en av alla dessa desperata f\u00f6rs\u00f6k att framst\u00e5 som en av &#8221;De Goda&#8221;, en av &#8221;De Ansvarstagande&#8221;.<\/p>\n<p><img decoding=\"async\" loading=\"lazy\" src=\"https:\/\/i0.wp.com\/www.cirkuseros.nu\/app\/uploads\/2017\/02\/kolla_aldrig_pa_porr.jpg?resize=584%2C443&#038;ssl=1\" alt=\"Kolla aldrig p\u00e5 porr - Metro\" data-recalc-dims=\"1\" \/><\/p>\n<p><strong>Jonatan Alv\u00e9ns uppmaning<\/strong> \u00e4r ungef\u00e4r lika logisk som att uppmana till bojkott mot alla mattor \u2013 f\u00f6r det finns barn i Pakistan som tvingas att slavarbeta som mattv\u00e4vare. Eller att vi alla borde undvika sex helt och h\u00e5llet, f\u00f6r det finns m\u00e4nniskor som uts\u00e4tts f\u00f6r \u00f6vergrepp. Och s\u00e5 m\u00e5ste jag \u00e5terigen p\u00e5peka att det finns inget som tyder p\u00e5 att porr skulle \u00f6ka frekvensen av sexuella \u00f6vergrepp. Inget alls, n\u00e5gonstans.<\/p>\n<p><strong>Jag skickade en replik<\/strong> till Metroredaktionen, men den kom inte in. S\u00e5 jag publicerade den <a href=\"https:\/\/tantrikblog.wordpress.com\/2016\/07\/16\/porr-ar-sjalvklar-mansklig-kultur\/\" target=\"_blank\">p\u00e5 min blogg<\/a>, och nu \u00e4ven h\u00e4r p\u00e5 Cirkus Eros:<\/p>\n<p><img decoding=\"async\" loading=\"lazy\" src=\"https:\/\/i0.wp.com\/www.cirkuseros.nu\/app\/uploads\/2017\/01\/heartline_584.gif?resize=584%2C20&#038;ssl=1\" alt=\"Heartline\" data-recalc-dims=\"1\" \/><\/p>\n<p><span style=\"font-family: AGaramond, Garamond, Jenson, serif; font-size: x-large;\"><span style=\"color: #800000;\"><strong>Porr \u00e4r sj\u00e4lvklar m\u00e4nsklig kultur<\/strong><\/span><\/span><\/p>\n<p><img decoding=\"async\" loading=\"lazy\" src=\"https:\/\/i1.wp.com\/www.cirkuseros.nu\/app\/uploads\/2017\/02\/Sex-in-Pompeii.jpg?resize=584%2C402&#038;ssl=1\" alt=\"Erotisk fresk fr\u00e5n Pompeii\" data-recalc-dims=\"1\" \/><\/p>\n<p><strong>Vi m\u00e4nniskor njuter av sex.<\/strong> Det \u00e4r v\u00e5r natur. Det skulle inte bli mycket till liv annars. Vi njuter ocks\u00e5 av att bli sedda som sexuella varelser, och somliga njuter intensivt av att bli betraktade under en sexakt. Somliga g\u00f6r det \u00e4ven professionellt \u2013 som t.ex. p\u00e5 film. Det v\u00e4ldigt l\u00e4ttk\u00f6pt att d\u00f6ma ut porr \u2013 men det \u00e4r i praktiken att moralisera \u00f6ver sex. Det finns inget som tyder p\u00e5 att filmat sex skulle vara i h\u00f6gre grad ofrivilligt \u00e4n annat sex.<\/p>\n<p><strong>M\u00e4nniskan \u00e4r en primat.<\/strong> Vi h\u00e4rstammar inte fr\u00e5n aporna \u2013 vi \u00c4R apor. Bara med en unikt h\u00f6g intelligens i djurv\u00e4rlden. Vi och flera andra primater har den i djurv\u00e4rlden unika egenskapen att honorna har dold \u00e4gglossning \u2013 de kan bli k\u00e5ta och ha sex n\u00e4r som helst. Man kan undra varf\u00f6r, men det f\u00f6rklaras med att det fr\u00e4msta syftet med sex inte \u00e4r att alstra avkomma, evolution\u00e4rt sett, \u00e4ven om det givetvis \u00e4r viktigt. Det prim\u00e4ra syftet med sex \u00e4r social anknytning. D\u00e4rf\u00f6r utl\u00f6ses hormonet oxytocin i v\u00e5ra hj\u00e4rnor vid sensuell ber\u00f6ring, och i mycket h\u00f6ga doser vid orgasm. En av de viktigaste funktionerna med oxytocin \u00e4r att det st\u00e4rker emotionella band. Att sex \u00e4r viktigt f\u00f6r anknytning st\u00e4rks \u00e4ven av att honor som ej \u00e4r fertila g\u00e4rna forts\u00e4tter att ha ett aktivt sexliv. Barnalstrandet \u00e4r helt enkelt sekund\u00e4rt.<\/p>\n<p><strong>I v\u00e5ra fascinerande hj\u00e4rnor<\/strong> finns \u00e4ven spegelneuroner. Det \u00e4r dessa nervceller som g\u00f6r att vi kan rycka till av sm\u00e4rta n\u00e4r vi ser n\u00e5gon annan sl\u00e5 sig p\u00e5 tummen eller ramla av en cykel. Spegelneuronerna g\u00f6r oss naturligt empatiska. Det \u00e4r ocks\u00e5 denna funktion som g\u00f6r att vi njuter av att se andra njuta, att vi skrattar n\u00e4r andra skrattar \u2013 \u00e4ven om vi inte vet vad de skrattar \u00e5t. Om du ser en m\u00e4nniska njuta av ber\u00f6ring, s\u00e5 kommer oxytocin \u00e4ven att utl\u00f6sas i din hj\u00e4rna.<\/p>\n<p><strong>Det \u00e4r d\u00e4rf\u00f6r porr fungerar.<\/strong> Vi tycker om att se andra njuta, g\u00e4rna av sex, f\u00f6r det g\u00f6r oss sj\u00e4lva mer ben\u00e4gna att ha sex. Av kulturella sk\u00e4l \u00e4r det nuf\u00f6rtiden mer ovanligt att vi f\u00e5r se andra ha sex i verkligheten, och d\u00e4rf\u00f6r kompenserar vi g\u00e4rna det med sex i text eller bild \u2013 sj\u00e4lva betydelsen av begreppet pornografi. Och det \u00e4r inget nytt. I hela m\u00e4nsklighetens historia har vi avbildat varandra \u2013 allt fr\u00e5n jaktscener till ceremoniella sammanhang, och sj\u00e4lvklart \u00e4ven sex.<\/p>\n<blockquote><p><strong>\u201dEn generation av renhet \u00e4r p\u00e5 v\u00e4g\u201d<\/strong><\/p><\/blockquote>\n<p><strong>Syftet med puritanism \u00e4r att styra \u00f6ver andra<\/strong> med skam, samt att framst\u00e4lla sig sj\u00e4lv som moraliskt mer h\u00f6gtst\u00e5ende \u00e4n omgivningen. Jonatan Alv\u00e9n har uppenbart valt puritanism som sitt m\u00e5l, och det blir extremt tydligt i slutrepliken \u2013 \u201dEn generation av renhet \u00e4r p\u00e5 v\u00e4g\u201d. Det \u00e4r sv\u00e5rt att inte dra historiska paralleller. N\u00e5gra som hyllade puritanska ideal var nazisterna. Allt \u201dorent\u201d skulle st\u00e4das bort, allt \u201ddegenererat\u201d, som t.ex. porr och f\u00f6r den delen modern konst (Entartete Kunst), och fram tr\u00e4der det rena ariska idealet, med h\u00f6gresta, blonda, bl\u00e5\u00f6gda unga m\u00e4n och kvinnor, allt f\u00e5ngat p\u00e5 film av Leni Riefenstahl.<\/p>\n<p><strong>\u00c4r det den generationen av renhet vi ska str\u00e4va efter?<\/strong><\/p>\n<p><img decoding=\"async\" loading=\"lazy\" src=\"https:\/\/i1.wp.com\/www.cirkuseros.nu\/app\/uploads\/2017\/02\/hitlerjugend.jpg?resize=584%2C346&#038;ssl=1\" alt=\"Hitlerjugend\" data-recalc-dims=\"1\" \/><\/p>\n<p><strong>Carl Johan Rehbinder 2016<br \/>\n<\/strong>relationscoach och sexpedagog<\/p>\n<p><img decoding=\"async\" loading=\"lazy\" src=\"https:\/\/i1.wp.com\/www.cirkuseros.nu\/app\/uploads\/2016\/11\/tunnlinjeoriginal_584.gif?resize=584%2C8&#038;ssl=1\" alt=\"\" data-recalc-dims=\"1\" \/><a href=\"https:\/\/www.cirkuseros.nu\/index.php\/text\/artiklar\/artiklar-av-calle-rehbinder\/\"><strong>Tillbaka till Artiklar \u2022 Politik &amp; debatt \u00bb<\/strong><\/a><\/p>\n<p><img decoding=\"async\" loading=\"lazy\" src=\"https:\/\/i0.wp.com\/www.cirkuseros.nu\/app\/uploads\/2017\/01\/heartline_584.gif?resize=584%2C20&#038;ssl=1\" alt=\"Heartline\" data-recalc-dims=\"1\" \/><\/p>\n<p><img decoding=\"async\" loading=\"lazy\" src=\"https:\/\/i2.wp.com\/www.cirkuseros.nu\/app\/uploads\/2016\/10\/fri_kursbanner_ani.gif?resize=584%2C140&#038;ssl=1\" alt=\"\" data-recalc-dims=\"1\" \/><\/p>\n","protected":false},"excerpt":{"rendered":"<p>Det verkar hagla av korkad porrmoralism i media just nu. I Metro den 12 juli uppmanar hj\u00e4lparbetaren Jonatan Alv\u00e9n l\u00e4sarna att aldrig titta p\u00e5 porr \u2013 f\u00f6r det kan vara \u201dv\u00e5ldt\u00e4kter f\u00e5ngade p\u00e5 film\u201d. Och jag tar mig f\u00f6r pannan. &hellip; <a href=\"https:\/\/www.cirkuseros.nu\/index.php\/text\/artiklar\/artiklar-av-calle-rehbinder\/porr-ar-sjalvklar-mansklig-kultur\/\">Forts\u00e4tt l\u00e4sa <span class=\"meta-nav\">&rarr;<\/span><\/a><\/p>\n","protected":false},"author":1,"featured_media":0,"parent":1021,"menu_order":20,"comment_status":"closed","ping_status":"closed","template":"sidebar-page.php","meta":[],"_links":{"self":[{"href":"https:\/\/www.cirkuseros.nu\/index.php\/wp-json\/wp\/v2\/pages\/7585"}],"collection":[{"href":"https:\/\/www.cirkuseros.nu\/index.php\/wp-json\/wp\/v2\/pages"}],"about":[{"href":"https:\/\/www.cirkuseros.nu\/index.php\/wp-json\/wp\/v2\/types\/page"}],"author":[{"embeddable":true,"href":"https:\/\/www.cirkuseros.nu\/index.php\/wp-json\/wp\/v2\/users\/1"}],"replies":[{"embeddable":true,"href":"https:\/\/www.cirkuseros.nu\/index.php\/wp-json\/wp\/v2\/comments?post=7585"}],"version-history":[{"count":6,"href":"https:\/\/www.cirkuseros.nu\/index.php\/wp-json\/wp\/v2\/pages\/7585\/revisions"}],"predecessor-version":[{"id":13372,"href":"https:\/\/www.cirkuseros.nu\/index.php\/wp-json\/wp\/v2\/pages\/7585\/revisions\/13372"}],"up":[{"embeddable":true,"href":"https:\/\/www.cirkuseros.nu\/index.php\/wp-json\/wp\/v2\/pages\/1021"}],"wp:attachment":[{"href":"https:\/\/www.cirkuseros.nu\/index.php\/wp-json\/wp\/v2\/media?parent=7585"}],"curies":[{"name":"wp","href":"https:\/\/api.w.org\/{rel}","templated":true}]}}