{"id":779,"date":"2016-11-18T21:49:03","date_gmt":"2016-11-18T20:49:03","guid":{"rendered":"https:\/\/cirkuseros.wordpress.com\/?page_id=779"},"modified":"2023-09-27T00:02:56","modified_gmt":"2023-09-26T22:02:56","slug":"naken-hud","status":"publish","type":"page","link":"https:\/\/www.cirkuseros.nu\/index.php\/text\/noveller\/noveller-av-calle-rehbinder\/naken-hud\/","title":{"rendered":"Naken Hud"},"content":{"rendered":"<p><img decoding=\"async\" loading=\"lazy\" src=\"https:\/\/i0.wp.com\/www.cirkuseros.nu\/app\/uploads\/2016\/11\/j_framedpussy_gray_col.jpg?resize=584%2C417&#038;ssl=1\" alt=\"j_framedpussy_gray_col\" data-recalc-dims=\"1\" \/><\/p>\n<p>Det b\u00f6rjade n\u00e5gon g\u00e5ng i ton\u00e5ren. Jag hade sett bilder i en porrtidning, av en kvinna som var rakad mellan benen. Jag tyckte att det var lite \u00e4ckligt, eftersom hon p\u00e5 n\u00e5got s\u00e4tt s\u00e5g ut som ett barn, och samtidigt attraherade det mig p\u00e5 n\u00e5got outgrundligt s\u00e4tt. Det var s\u00e5 rent, s\u00e5 otroligt naket, och man s\u00e5g ju verkligen allt.<\/p>\n<p>Jag utbildade mig i min ungdom till dansare, och p\u00e5 min skola var det vanligt att \u00e4ven manliga dansare rakade sig under armarna, av estetiska sk\u00e4l. S\u00e5 jag b\u00f6rjade g\u00f6ra det ocks\u00e5. En g\u00e5ng rakade jag av lite grann fr\u00e5n ena benet, mest p\u00e5 kul, f\u00f6r att k\u00e4nna hur det k\u00e4nns. Jag blev helt fascinerad n\u00e4r jag ins\u00e5g att det ocks\u00e5 gjorde huden mycket k\u00e4nsligare f\u00f6r ber\u00f6ring. S\u00e5 sinnligt, s\u00e5 sensuellt. Och med ens f\u00f6rstod jag varf\u00f6r kvinnor rakar benen &#8211; inte bara av estetiska sk\u00e4l, utan ocks\u00e5 f\u00f6r att varje smekning k\u00e4nns tiofalt. Tanken p\u00e5 att \u00e4ven k\u00f6nsorganen m\u00e5ste bli minst lika mycket k\u00e4nsligare om de \u00e4r rakade var svindlande, och bilden fr\u00e5n den gamla porrtidningen d\u00f6k \u00e5terigen upp i mitt medvetande. Mer \u00e4n n\u00e5gonsin l\u00e4ngtade jag efter att tr\u00e4ffa en kvinna med rakat k\u00f6n.<\/p>\n<p>Jag har s\u00e4llskapat med m\u00e5nga olika flickor genom \u00e5ren, men jag lyckades aldrig tr\u00e4ffa n\u00e5gon som var rakad. Om jag n\u00e5gon g\u00e5ng f\u00f6reslog n\u00e5gon av mina flickbekanta en annan &#8221;frisyr&#8221;, s\u00e5 fick jag f\u00f6r det mesta negativ respons, och en av mina gamla flickv\u00e4nner tyckte konstigt nog att jag var direkt pervers. Sen kom Helle in i mitt liv.<\/p>\n<p>Helle var en dansk flicka som jag nyligen tr\u00e4ffat. Hon var vacker, rolig, sexig, intelligent &#8211; kort sagt en riktig dr\u00f6mtjej. Dessutom var hon mer intresserad av sex \u00e4n mina tidigare bekantskaper. Hon tyckte om att leka och experimentera, och det verkliga genombrottet kom efter en mindre fest vi varit p\u00e5, tillsammans med n\u00e5gra av mina dansarv\u00e4nner.<\/p>\n<p>Vi satt p\u00e5 gammalt sedvanligt festmaner runt ett l\u00e5gt bord, n\u00e5gra i en soffa, n\u00e5gra p\u00e5 golvet, och diskuterade sex och kroppar, rakning, tatueringar, intimsmycken, parfym, sexiga underkl\u00e4der, fetischer och annat &#8211; erotiskt eller inte? En av flickorna, Anne, ber\u00e4ttade att hon minsann b\u00e5de var rakad och hade ringar i blygdl\u00e4pparna. Det gjorde flera av oss mycket f\u00f6rv\u00e5nade, eftersom hon inte direkt motsvarade bilden av de &#8221;vulgodrottningar&#8221; vi trodde var de enda som faktiskt gjorde s\u00e5dana ingrepp. Snarare verkade hon n\u00e4stan l\u00f6jligt pr\u00e4ktig och ordentlig; en riktig familjeflicka, helt enkelt. Var hon rakad? Och hade hon intimsmycken? Otroligt! Efter mycket prat &#8211; jag menar mycket prat, om hennes s\u00e4tt att dekorera sitt k\u00f6n, tr\u00f6ttnade Anne p\u00e5 all otillfredsst\u00e4lld nyfikenhet och st\u00e4llde sig upp.<\/p>\n<p>&#8221;- Gud va&#8217; mycke&#8217; snack! S\u00e5 h\u00e4r ser det ut.&#8221; Hon drog av sig trosorna, st\u00e4llde ena foten p\u00e5 en stolskarm och lyfte upp kl\u00e4nningen. Hon visade verkligen allt. Min upphetsning k\u00e4nde inga gr\u00e4nser &#8211; det var ju just detta jag alltid hade dr\u00f6mt om. Hon hade rakat sig helt ren, f\u00f6rutom en liten avsmalnande rektangel ovanf\u00f6r blygden, och i hennes ena blygdl\u00e4pp h\u00e4ngde tre, eller fyra sm\u00e5 guldringar. St\u00e4mningen i rummet f\u00f6r\u00e4ndrades som av ett blixtnedslag. Det blev tv\u00e4rtyst, och allas blickar fastnade koncentrerat p\u00e5 Annes blottade k\u00f6n. Alla eventuella k\u00e4nslor av pinsamhet och blygsel f\u00f6rsvann, nedk\u00e4mpade av den l\u00e5ngt starkare nyfikenheten, och dessutom var Anne s\u00e5 oblyg, och l\u00e5ngt ifr\u00e5n pinsam som en m\u00e4nniska kan vara.<\/p>\n<p><img decoding=\"async\" loading=\"lazy\" src=\"https:\/\/i0.wp.com\/www.cirkuseros.nu\/app\/uploads\/2016\/11\/j_hipstapussy_3.jpg?resize=584%2C584&#038;ssl=1\" alt=\"j_hipstapussy_3\" data-recalc-dims=\"1\" \/><\/p>\n<p>Hon smekte sig helt l\u00e4tt p\u00e5 insidan av l\u00e5ret och drog lite i en av ringarna. &#8221;Det var inte alls s\u00e5 farligt att s\u00e4tta dit dem, men det kliade ganska rej\u00e4lt ett tag efter\u00e5t.&#8221; Alla i rummet stirrade and\u00e4ktigt, och man kunde h\u00f6ra en och annan djup suck. Anne log, och nj\u00f6t av uppm\u00e4rksamheten, det m\u00e4rktes. &#8221;Ja, titta nu, n\u00e4r ni har chansen. Och n\u00e4r vi \u00e4nd\u00e5 h\u00e5ller p\u00e5 och avsl\u00f6jar alla intima hemligheter, s\u00e5 ska vi vara riktigt pedagogiska &#8211; flickor, kom hit och k\u00e4nn!&#8221; Flickorna i rummet blev alla mycket os\u00e4kra, och b\u00f6rjade flacka med blicken &#8211; vi pojkar blev alla djupt besvikna eftersom det tydligen bara var flickorna som skulle f\u00e5 komma fram och k\u00e4nna p\u00e5 underverket. &#8221;Det \u00e4r bara sk\u00f6nt f\u00f6r mig att bli smekt d\u00e4rnere &#8211; sk\u00f6nare \u00e4n n\u00e5gonsin faktiskt &#8211; s\u00e5 var inte blyga, kom fram och k\u00e4nn &#8211; den bits faktiskt inte.&#8221;<\/p>\n<p>Det blev Helle som tog initiativet, n\u00e5got som gjorde mig hoppfull mitt i besvikelsen \u00f6ver att inte f\u00e5 dra Anne i blygdl\u00e4pparna. Hon l\u00e4t sina fingertoppar nudda vid huden runt Annes k\u00f6n, och ringarna. Anne nj\u00f6t av ber\u00f6ringen, och jag s\u00e5g Helles \u00f6gon lysa av fascination inf\u00f6r detta f\u00f6rbjudna, som pl\u00f6tsligt blivit till\u00e5tet. \u00c5terigen d\u00f6k den d\u00e4r gamla porrbilden upp i mitt medvetande &#8211; blir Helle n\u00e4ste man, eller kanske jag borde s\u00e4ga kvinna, till rakning?<\/p>\n<p>De andra flickorna kom sakta fram, och upprepade ritualen. Anne f\u00f6rs\u00f6kte spela cool s\u00e5 gott hon kunde och dolde sin upphetsning. &#8221;Ni anar inte hur sk\u00f6nt det \u00e4r, flickor. Ni borde alla pr\u00f6va n\u00e5gon g\u00e5ng.&#8221; Det var inte alldeles s\u00e4kert om hon menade ringarna och rakningen, eller om det var denna form av exhibitionism kombinerad med att bli smekt av m\u00e5nga h\u00e4nder samtidigt.<\/p>\n<p>Graden av kollektiv upphetsning hade stadigt \u00f6kat, och flera av oss var p\u00e5 bristningsgr\u00e4nsen till vad vi klarade av. Helle hade krupit in i min famn, n\u00f6jd och spinnande som en m\u00e4tt katt, och jag anade att det skulle bli en het natt, n\u00e4r vi v\u00e4l kommit hem. Anne var fortfarande inte helt tillfredsst\u00e4lld, och s\u00e5g att vi pojkar definitivt inte heller var det, s\u00e5 hon blickade ut \u00f6ver oss, spjuveraktigt, och bj\u00f6d in oss.<\/p>\n<p>&#8221;Det vore v\u00e4l grymt och om\u00e4nskligt att inte l\u00e5ta pojkarna f\u00e5 k\u00e4nna lite ocks\u00e5, eller vad s\u00e4ger ni, flickor? V\u00e4l medveten om att de flesta var d\u00e4r i par, s\u00e5 bad hon om flickornas &#8221;v\u00e4lsignelse&#8221; att l\u00e5ta pojkarna f\u00e5 k\u00e4nna ocks\u00e5. Flickorna tittade p\u00e5 varandra, sm\u00e5leende, och f\u00f6rstod att de bara inte kunde v\u00e4gra sina pojkv\u00e4nner, med mindre \u00e4n att det skulle bli revolt.<\/p>\n<p><img decoding=\"async\" loading=\"lazy\" src=\"https:\/\/i0.wp.com\/www.cirkuseros.nu\/app\/uploads\/2016\/11\/j_split_2.jpg?resize=584%2C443&#038;ssl=1\" alt=\"j_split_2\" data-recalc-dims=\"1\" \/><\/p>\n<p>Vi var betydligt snabbare fram, och slogs n\u00e4stan om att f\u00e5 delta i Annes &#8221;pedagogiska undervisning&#8221;. &#8221;- Lugn, pojkar &#8211; en i taget.&#8221; Det blev min tur, och jag var som f\u00f6rh\u00e4xad. Jag drog lite l\u00e4tt i ringarna, en efter en, och smekte \u00f6verallt, mjukt. &#8221;Gud vilka h\u00e4nder &#8211; Helle m\u00e5ste verkligen vara en lycklig kvinna i din s\u00e4ng&#8230;&#8221; viskade Anne tyst, liksom f\u00f6r att p\u00e5minna mig om att vi faktiskt inte var ensamma. Jag l\u00e4t ett finger glida \u00f6ver hennes blygdl\u00e4ppar, och k\u00e4nde hur bl\u00f6t hon var. Fingret &#8221;r\u00e5kade&#8221; sakta glida in en bit mellan l\u00e4pparna i hennes nedre mun, och m\u00f6tte inget motst\u00e5nd alls. Anne drog hastigt in andan, tog tag i min hand, drog ut mitt finger och harklade sig. &#8221;Nu r\u00e4cker det. De andra har inte f\u00e5tt k\u00e4nna \u00e4n.&#8221;<\/p>\n<p>N\u00e4r alla f\u00e5tt unders\u00f6ka Annes version av k\u00f6nsdekorerandets hemligheter, sl\u00e4ppte hon ner sin kl\u00e4nning och satte sig, men brydde sig inte om att s\u00e4tta p\u00e5 sig trosorna. Hon skrattade, liksom l\u00e4ttat. &#8221;Jag m\u00e5ste erk\u00e4nna att ni just nu har hj\u00e4lpt mig att leva ut en erotisk dr\u00f6m jag haft, in i minsta detalj&#8221;<\/p>\n<p>Vi andra deltog i hennes munterhet, skrattade l\u00e4ttat, och ins\u00e5g att vi alla varit villiga verktyg i f\u00f6rverkligandet av denna hennes fantasi. Med ens blev hon allvarlig.<\/p>\n<p>&#8221;Jag hoppas verkligen att ni f\u00f6rst\u00e5r att detta \u00e4r ett f\u00f6rtroende, n\u00e5got som inte l\u00e4mnar detta rum &#8211; jag vill inte att det pl\u00f6tsligt ska g\u00e5 konstiga rykten om mig p\u00e5 stan, det begriper ni v\u00e4l? Jag menar, att det r\u00e4cker att en av er har blivit s\u00e5 generad av det h\u00e4r, att en av er sk\u00e4ms och skyller den skammen p\u00e5 mig, och s\u00e5 pl\u00f6tsligt \u00e4r jag degraderad till hora eller n\u00e5got annat mindre hederv\u00e4rt.&#8221;<\/p>\n<p>Hennes uttryck av dominans och njutning hade totalt f\u00f6rbytts i r\u00e4dsla och sp\u00e4ndhet, och hon var mycket uppfordrande i sin beg\u00e4ran om diskretion. Alla f\u00f6rs\u00e4krade henne om att de inte skulle ber\u00e4tta f\u00f6r n\u00e5gon om detta, eller \u00e5tminstone inte att det var just henne det handlade om, och s\u00e5 blev st\u00e4mningen i rummet avsp\u00e4nd och fnissig igen.<\/p>\n<p>Festen k\u00e4ndes ganska slut (vad g\u00f6r man sedan), s\u00e5 efter lite sm\u00e5prat och musik s\u00e5 b\u00f6rjade de flesta att g\u00e5 hem. (Jag kan kanske till\u00e4gga att de som kom i par hade ganska br\u00e5ttom hem, och Anne beh\u00f6vde inte g\u00e5 hem ensam.)<\/p>\n<p><img decoding=\"async\" loading=\"lazy\" src=\"https:\/\/i1.wp.com\/www.cirkuseros.nu\/app\/uploads\/2016\/11\/j_pelvis.jpg?resize=584%2C358&#038;ssl=1\" alt=\"j_pelvis\" data-recalc-dims=\"1\" \/><\/p>\n<p>Jag f\u00f6ljde med Helle hem. Vi gick fort och koncentrerat, och var kn\u00e4pptysta hela v\u00e4gen. S\u00e5 fort vi kommit innanf\u00f6r d\u00f6rren, s\u00e5 slet vi av varandra kl\u00e4derna och formligen kastade oss \u00f6ver varandras heta kroppar. Vi kysstes frenetiskt, och b\u00e5da fick vi nog minst ett par bl\u00e5m\u00e4rken d\u00e4r i hallen. Jag bar in Helle till s\u00e4ngen, en enorm gammal j\u00e4rns\u00e4ng med m\u00e4ssingsknoppar och allt, och s\u00e5 knullade vi.<\/p>\n<p>Vi knullade verkligen. Vanligtvis brukar jag inte tycka om det ordet, f\u00f6r det k\u00e4nns s\u00e5 grovt och ok\u00e4nsligt, men jag kan inte beskriva det vi gjorde p\u00e5 ett b\u00e4ttre s\u00e4tt. Vi knullade. Jag tog henne h\u00e5rt, h\u00e4nsynsl\u00f6st och intensivt, och det dr\u00f6jde inte l\u00e4nge f\u00f6rr\u00e4n det gick f\u00f6r mig, och det svartnade framf\u00f6r \u00f6gonen. Det gick tydligen f\u00f6r henne ocks\u00e5, men just d\u00e5 spelade det faktiskt ingen roll f\u00f6r mig. Vi var b\u00e5da som k\u00e5ta, egoistiska djur; vi rev och bet, st\u00f6nade och vr\u00e5lade, och det skulle inte f\u00f6rv\u00e5na mig om en och annan granne vaknade ur sin sk\u00f6nhetss\u00f6mn.<\/p>\n<p>Detta var dock bara f\u00f6rsta halvlek, eller snarare f\u00f6rspel. N\u00e4r vi l\u00e5g stilla, sammanfl\u00e4tade p\u00e5 varandra, svettiga och fl\u00e4mtande, d\u00f6k \u00e5terigen bilden av ett rakat k\u00f6n upp i mitt huvud. Denna g\u00e5ng hade dock den gamla porrbilden ersatts av den l\u00e5ngt mer aktuella, och verkliga, Anne.<\/p>\n<p>&#8221;- Jag vill binda dig.&#8221; Vi hade gjort det flera g\u00e5nger f\u00f6rut, och jag letade fram tygremsor under kuddarna, speciellt \u00e4mnade f\u00f6r s\u00e5dana \u00f6vningar. Helle spelade ovillig (jag visste n\u00e4r hon spelade), och jag tvingade henne till underkastelse. N\u00e4r hon v\u00e4l var bunden till h\u00e4nder och f\u00f6tter, med en tygremsa i varje h\u00f6rn av s\u00e4ngen, s\u00e5 satte jag ocks\u00e5 p\u00e5 henne en \u00f6gonbindel.<\/p>\n<p>Jag brukar alltid hitta p\u00e5 sm\u00e5 hyss, smeka henne med olika saker, och s\u00e5 \u00e4r hon tvungen att gissa vad jag smeker henne med. Gissar hon r\u00e4tt, s\u00e5 f\u00e5r hon en bel\u00f6ning, som en karamell eller n\u00e5got annat, men gissar hon fel, s\u00e5 m\u00e5ste hon straffas, p\u00e5 ett eller annat s\u00e4tt. Ibland tror jag att hon gissar fel med avsikt, eftersom straffen f\u00f6rmodligen \u00e4r mer upphetsande \u00e4n bel\u00f6ningarna; strategiskt placerade isbitar, sm\u00e5 l\u00e4tta piskrapp och andra tv\u00e5ngs\u00e5tg\u00e4rder av olika slag.<\/p>\n<p>Denna natt hade jag emellertid en annan lek i tankarna. Jag gick till badrummet f\u00f6r att h\u00e4mta alla uppt\u00e4nkliga rakgrejor; rakapparat, l\u00f6dder, rakhyvel, sax, handduk m.m. Sen lade jag en kudde och handduken under hennes stj\u00e4rt. Helle f\u00f6rstod vad som komma skulle, och r\u00f6s av v\u00e4llust. Hon log brett och f\u00f6rv\u00e4ntansfullt och str\u00e4ckte ut sig s\u00e5 gott hon kunde, fj\u00e4ttrad som hon var. Sen fnittrade hon till, och viskade att hon nog inte var den enda som varit p\u00e5 denna fest, som just nu f\u00e5r en liknande behandling.<\/p>\n<p>Jag h\u00e4mtade en golvlampa och riktade den mot s\u00e4ngen, rakt mot hennes blygd. Sen satte jag mig mellan hennes utsp\u00e4rrade ben och b\u00f6rjade mitt arbete. Jag kunde inte l\u00e5ta bli att f\u00f6rst bara titta, att i den starka belysningen bara unders\u00f6ka och besk\u00e5da, och sen smeka henne, lagom mycket f\u00f6r att hon skulle bli lite fuktig, och l\u00e5ta henne vrida sig och kvida under mina h\u00e4nder. Sen tog jag fram saxen.<\/p>\n<p>Det \u00e4r en svindlande k\u00e4nsla att ha en kvinna s\u00e5 totalt i sin makt, att ha henne b\u00e5de bunden, och f\u00f6rblindad. Jag kan g\u00f6ra precis vad som helst, och hon kan inte hindra mig. Det \u00e4r otroligt upphetsande. Som tur var, var det minst lika upphetsande f\u00f6r Helle att vara bunden och totalt i min makt.<\/p>\n<p>Jag klippte hennes k\u00f6nsh\u00e5r s\u00e5 kort jag kunde, och h\u00e5rtuss efter h\u00e5rtuss f\u00f6ll till golvet. Liksom p\u00e5 Anne, s\u00e5 l\u00e4mnade jag en liten trekant av h\u00e5r ovanf\u00f6r hennes ljuva blomma, men allt annat skulle bli renrakat, mjukt och lent. Efter att ha klippt s\u00e5 gott jag kunnat, och jag tog gott om tid p\u00e5 mig att g\u00f6ra det ordentligt, s\u00e5 tog jag fram rakapparaten. Jag ville under inga omst\u00e4ndigheter g\u00f6ra Helle illa, s\u00e5 allt gjordes under st\u00f6rsta f\u00f6rsiktighet. Rakapparaten b\u00e5de surrade och vibrerade, och det var alldeles uppenbart v\u00e4ldigt sk\u00f6nt f\u00f6r Helle, som verkligen fick k\u00e4mpa f\u00f6r att ligga still. N\u00e4r det var klart, s\u00e5 rakade jag med rakhyvel p\u00e5 de j\u00e4mnare st\u00e4llena, f\u00f6r att f\u00e5 henne s\u00e5 ren och naken, och sl\u00e4t som m\u00f6jligt. Som avslutning smorde jag hela hennes nedre regioner med en svalkande hudbalsam.<\/p>\n<p><img decoding=\"async\" loading=\"lazy\" src=\"https:\/\/i2.wp.com\/www.cirkuseros.nu\/app\/uploads\/2016\/11\/j_blotfitta_3.jpg?resize=584%2C462&#038;ssl=1\" alt=\"j_blotfitta_3\" data-recalc-dims=\"1\" \/><\/p>\n<p>Gud s\u00e5 vackert! Hennes k\u00f6n var som ett landskap. Hur kan man bara l\u00e5ta detta f\u00f6rbli dolt bakom en massa h\u00e5r? Eller kl\u00e4der? Hennes blygdl\u00e4ppar, yttre som inre, skiftade i f\u00e4rg fr\u00e5n m\u00f6rkare brunt till ljust rosa, hennes klitoris var mer synlig och aptitlig \u00e4n n\u00e5gonsin, som en tropisk frukt, och n\u00e5got vildare, friskare, naknare och s\u00e5rbarare kunde jag inte f\u00f6rest\u00e4lla mig. Och allt detta var mitt. Mitt att njuta av, h\u00e4rska \u00f6ver och \u00e4ga. Mitt. Denna tanke skickade en rysning genom min kropp, och jag best\u00e4mde mig f\u00f6r att omedelbart exploatera mina \u00e4gor, egoistiskt och h\u00e4nsynsl\u00f6st.<\/p>\n<p>Det f\u00f6rsta jag m\u00e5ste g\u00f6ra var att f\u00f6reviga mitt konstverk. Jag sprang ut i hallen och h\u00e4mtade ur min v\u00e4ska en liten kamera, som jag alltid har med mig. Jag riktade lampan \u00e4nnu n\u00e4rmare, och b\u00f6rjade pl\u00e5ta. Jag tog n\u00e4rbilder, extrema n\u00e4rbilder och ett f\u00e5tal helbilder. Jag kl\u00e4ttrade \u00f6ver henne kors och tv\u00e4rs i s\u00e4ngen, och l\u00e4t min kamera noggrant dokumentera resultatet av mitt avsl\u00f6jande arbete. Jag slutade f\u00f6rst n\u00e4r filmen tog slut. Sedan lade jag ifr\u00e5n mig kameran, och utan att l\u00e5ta n\u00e5gon annan del av mig r\u00f6ra vid henne, l\u00e4t jag min tunga nudda vid hennes ljumske, och ner mot den smala remsan av hud mellan hennes l\u00e5r och hennes k\u00f6n. D\u00e4r jag tidigare f\u00f6rbannat all h\u00e5rv\u00e4xt, och &#8221;h\u00e5r i maten&#8221;, var det nu helt fritt fram f\u00f6r min tunga att &#8221;\u00e4ta&#8221; av hennes vackra, och fantastiskt aptitretande kropp.<\/p>\n<p>Och jag \u00e5t. Glupskt l\u00e4t jag mig smaka av alla hennes delikatesser, och jag kunde inte f\u00e5 nog. Det smakade godare \u00e4n n\u00e5gonsin, renare, bl\u00f6tare och kryddigare. Jag slickade, nafsade, kysste och svalde. Ibland hade jag hela hennes nakna venusberg i min vid\u00f6ppna mun, och tungan &#8211; ibland djupt inne i henne, ibland vilt och mjukt lekande och dansande med hennes lilla kittlare, den tropiska frukten. Jag kunde inte f\u00e5 nog. Helle \u00e5 andra sidan, slet och drog i de tygremsor hon var fj\u00e4ttrad, s\u00e5 till den milda grad att jag trodde att hon skulle slita hela s\u00e4ngen i bitar. Hon st\u00f6nade och vred sig, bet sig i l\u00e4ppen, gr\u00e4t och hulkade, och exploderade slutligen, i n\u00e5got som gav begreppet orgasm en helt ny dimension. Hade inte grannarna vaknat tidigare, s\u00e5 gjorde de det nu. Definitivt. Helle var som en levande mistlur, med varenda muskel sp\u00e4nd och skakande till bristningsgr\u00e4nsen, och jag hade aldrig sett eller upplevt n\u00e5got liknande.<\/p>\n<p>Jag l\u00f6sgjorde henne ur hennes f\u00e4ngsel, och hon kr\u00f6p upp i min famn, fortfarande hulkande och fl\u00e4mtande. Hon gr\u00e4t. Jag f\u00f6rstod f\u00f6rst inte varf\u00f6r, och undrade om jag gjort n\u00e5got fel, men hon hyssjade mig, och hulkade vidare, f\u00f6r att samtidigt fl\u00e4mtande viska i mitt \u00f6ra &#8221; &#8211; Jag \u00e4r s\u00e5 lycklig&#8230; &#8211; du har gjort mig lycklig&#8230;&#8221;<\/p>\n<p>Det blev faktiskt \u00e4nnu sk\u00f6nare vid fler tillf\u00e4llen, s\u00e4rskilt sedan jag sj\u00e4lv blivit rakad p\u00e5 samma s\u00e4tt av Helle. Uppenbarligen lyckades jag dock inte med att forts\u00e4tta g\u00f6ra henne lycklig, eftersom hon numera hittat en annan, och vi \u00e4r inte l\u00e4ngre tillsammans. Men jag har fortfarande kvar de bilder jag tog av henne den natten, och om jag n\u00e5gonsin k\u00e4nner ett behov av erotiska bilder, s\u00e5 beh\u00f6ver jag aldrig k\u00f6pa n\u00e5gon porrtidning &#8211; inga bilder \u00e4r f\u00f6r mig s\u00e5 upphetsande som dessa.<\/p>\n<p>Och den d\u00e4r gamla porrbilden fr\u00e5n ton\u00e5ren &#8211; den har numera f\u00f6rbleknat som ett nostalgiskt minne, men jag m\u00e5ste f\u00f6rst\u00e5s erk\u00e4nna att den onekligen har haft en viss betydelse f\u00f6r min personliga utveckling, \u00e5tminstone vad betr\u00e4ffar det sexuella&#8230;<\/p>\n<p>&nbsp;<\/p>\n<p>\u00a9 Carl Johan Rehbinder 1994<\/p>\n<p><img decoding=\"async\" loading=\"lazy\" src=\"https:\/\/i1.wp.com\/www.cirkuseros.nu\/app\/uploads\/2016\/11\/tunnlinjeoriginal_584.gif?resize=584%2C8&#038;ssl=1\" alt=\"\" data-recalc-dims=\"1\" \/><a href=\"https:\/\/www.cirkuseros.nu\/index.php\/text\/noveller\/noveller-av-calle-rehbinder\/\"><strong>Tillbaka till Noveller av Calle Rehbinder \u00bb<\/strong><\/a><\/p>\n<p><img decoding=\"async\" loading=\"lazy\" src=\"https:\/\/i0.wp.com\/www.cirkuseros.nu\/app\/uploads\/2017\/01\/heartline_584.gif?resize=584%2C20&#038;ssl=1\" alt=\"Heartline\" data-recalc-dims=\"1\" \/><\/p>\n<p><img decoding=\"async\" loading=\"lazy\" src=\"https:\/\/i2.wp.com\/www.cirkuseros.nu\/app\/uploads\/2016\/10\/fri_kursbanner_ani.gif?resize=584%2C140&#038;ssl=1\" alt=\"\" data-recalc-dims=\"1\" \/><\/p>\n","protected":false},"excerpt":{"rendered":"<p>Det b\u00f6rjade n\u00e5gon g\u00e5ng i ton\u00e5ren. Jag hade sett bilder i en porrtidning, av en kvinna som var rakad mellan benen. Jag tyckte att det var lite \u00e4ckligt, eftersom hon p\u00e5 n\u00e5got s\u00e4tt s\u00e5g ut som ett barn, och samtidigt &hellip; <a href=\"https:\/\/www.cirkuseros.nu\/index.php\/text\/noveller\/noveller-av-calle-rehbinder\/naken-hud\/\">Forts\u00e4tt l\u00e4sa <span class=\"meta-nav\">&rarr;<\/span><\/a><\/p>\n","protected":false},"author":2,"featured_media":0,"parent":497,"menu_order":14,"comment_status":"closed","ping_status":"closed","template":"sidebar-page.php","meta":[],"_links":{"self":[{"href":"https:\/\/www.cirkuseros.nu\/index.php\/wp-json\/wp\/v2\/pages\/779"}],"collection":[{"href":"https:\/\/www.cirkuseros.nu\/index.php\/wp-json\/wp\/v2\/pages"}],"about":[{"href":"https:\/\/www.cirkuseros.nu\/index.php\/wp-json\/wp\/v2\/types\/page"}],"author":[{"embeddable":true,"href":"https:\/\/www.cirkuseros.nu\/index.php\/wp-json\/wp\/v2\/users\/2"}],"replies":[{"embeddable":true,"href":"https:\/\/www.cirkuseros.nu\/index.php\/wp-json\/wp\/v2\/comments?post=779"}],"version-history":[{"count":3,"href":"https:\/\/www.cirkuseros.nu\/index.php\/wp-json\/wp\/v2\/pages\/779\/revisions"}],"predecessor-version":[{"id":13314,"href":"https:\/\/www.cirkuseros.nu\/index.php\/wp-json\/wp\/v2\/pages\/779\/revisions\/13314"}],"up":[{"embeddable":true,"href":"https:\/\/www.cirkuseros.nu\/index.php\/wp-json\/wp\/v2\/pages\/497"}],"wp:attachment":[{"href":"https:\/\/www.cirkuseros.nu\/index.php\/wp-json\/wp\/v2\/media?parent=779"}],"curies":[{"name":"wp","href":"https:\/\/api.w.org\/{rel}","templated":true}]}}