{"id":7880,"date":"2017-03-13T14:15:37","date_gmt":"2017-03-13T13:15:37","guid":{"rendered":"http:\/\/www.cirkuseros.nu\/?page_id=7880"},"modified":"2026-04-16T15:28:09","modified_gmt":"2026-04-16T13:28:09","slug":"nyhetsarkiv","status":"publish","type":"page","link":"https:\/\/www.cirkuseros.nu\/index.php\/nytt\/nyhetsarkiv\/","title":{"rendered":"Nyhetsarkiv"},"content":{"rendered":"<p><img decoding=\"async\" loading=\"lazy\" src=\"https:\/\/i2.wp.com\/www.cirkuseros.nu\/app\/uploads\/2017\/01\/framsidesvinjett.jpg?resize=584%2C107&#038;ssl=1\" alt=\"Cirkus Eros - toppbanner\" data-recalc-dims=\"1\" \/><\/p>\n<p><strong>Detta \u00e4r Cirkus Eros nyhetsarkiv,<\/strong> med alla nyhetsinl\u00e4gg som publicerats h\u00e4r sedan den stora uppdateringen av hemsidan under \u00e5rsskiftet 2016-2017. Hemsidan har funnits sedan 1999, men nyhetssidan kom till f\u00f6rst 2017, n\u00e4r Cirkus Eros uppgraderades fr\u00e5n HTML till WordPress. D\u00e4rav den korta historiken.<\/p>\n<p><img decoding=\"async\" loading=\"lazy\" src=\"https:\/\/i0.wp.com\/www.cirkuseros.nu\/app\/uploads\/2026\/01\/2026_banner_584.jpg?resize=584%2C45&#038;ssl=1\" alt=\"\" data-recalc-dims=\"1\" \/><br \/>\n<img decoding=\"async\" loading=\"lazy\" src=\"https:\/\/i2.wp.com\/www.cirkuseros.nu\/app\/uploads\/2026\/04\/190725_callejennie_floden_12_low.jpg?resize=584%2C301&#038;ssl=1\" alt=\"\" data-recalc-dims=\"1\" \/><\/p>\n<p>\u2022 <a href=\"https:\/\/www.cirkuseros.nu\/index.php\/2026\/03\/15\/forandringarnas-tidevarv\/\"><strong>2026-03-15\u00a0F\u00f6r\u00e4ndringarnas tidevarv\u2026 \u00bb<\/strong><\/a><br \/>\n\u2022 <a href=\"https:\/\/www.cirkuseros.nu\/index.php\/2026\/02\/15\/paradiset-i-sodra-frankrike\/\"><strong>2026-02-15 Paradiset i s\u00f6dra Frankrike! \u00bb<\/strong><\/a><\/p>\n<p><img decoding=\"async\" loading=\"lazy\" src=\"https:\/\/i0.wp.com\/www.cirkuseros.nu\/app\/uploads\/2024\/09\/2025_banner_584.jpg?resize=584%2C45&#038;ssl=1\" alt=\"\" data-recalc-dims=\"1\" \/><img decoding=\"async\" loading=\"lazy\" src=\"https:\/\/i1.wp.com\/www.cirkuseros.nu\/app\/uploads\/2025\/02\/kurser_2025.jpg?resize=584%2C350&#038;ssl=1\" alt=\"\" data-recalc-dims=\"1\" \/><\/p>\n<p>\u2022 <a href=\"https:\/\/www.cirkuseros.nu\/index.php\/2025\/11\/19\/kurser-under-varen-2026\/\"><strong>2025-11-19\u00a0Kurser under v\u00e5ren 2026: \u00bb<\/strong><\/a><br \/>\n\u2022 <a href=\"https:\/\/www.cirkuseros.nu\/index.php\/2025\/07\/14\/bli-forevigad-av-calle\/\"><strong>2025-07-14 Bli f\u00f6revigad av Calle! \u00bb<\/strong><\/a><br \/>\n\u2022 <a href=\"https:\/\/www.cirkuseros.nu\/index.php\/2025\/06\/21\/ga-pa-kurs-i-sommar\/\"><strong>2025-06-21\u00a0G\u00e5 p\u00e5 kurs i sommar! \u00bb<\/strong><\/a><br \/>\n\u2022 <a href=\"https:\/\/www.cirkuseros.nu\/index.php\/2025\/03\/18\/holy-fuck-om-tantra-som-gick-vilse\/\"><strong>2025-03-18 Holy Fuck \u2013 om Tantra som gick vilse \u00bb<\/strong><\/a><br \/>\n\u2022 <a href=\"https:\/\/www.cirkuseros.nu\/index.php\/2025\/02\/02\/calle-i-mediumpodden\/\"><strong>2025-02-02 Calle i Mediumpodden \u00bb<\/strong><\/a><br \/>\n\u2022 <a href=\"https:\/\/www.cirkuseros.nu\/index.php\/2025\/02\/01\/kurser-under-varen-2025\/\"><strong>2025-02-01 Kurser under v\u00e5ren 2025 \u00bb<\/strong><\/a><\/p>\n<p><img decoding=\"async\" loading=\"lazy\" src=\"https:\/\/i0.wp.com\/www.cirkuseros.nu\/app\/uploads\/2016\/10\/2024_banner_584.jpg?resize=584%2C45&#038;ssl=1\" alt=\"2024\" data-recalc-dims=\"1\" \/><br \/>\n<img decoding=\"async\" loading=\"lazy\" src=\"https:\/\/i2.wp.com\/www.cirkuseros.nu\/app\/uploads\/2017\/03\/lg_header_2024.jpg?resize=584%2C248&#038;ssl=1\" alt=\"\" data-recalc-dims=\"1\" \/><\/p>\n<p>\u2022 <a href=\"https:\/\/www.cirkuseros.nu\/index.php\/2024\/12\/29\/nya-gastgallerier\/\"><strong>2024-12-29 Nya g\u00e4stgallerier! \u00bb<\/strong><\/a><br \/>\n\u2022 <a href=\"https:\/\/www.cirkuseros.nu\/index.php\/2024\/08\/16\/hostens-kurser-och-festivaler\/\"><strong>2024-08-16 H\u00f6stens kurser och festivaler \u00bb<\/strong><\/a><br \/>\n\u2022 <a href=\"https:\/\/www.cirkuseros.nu\/index.php\/2024\/03\/12\/tillbaka-till-frankrike-livets-goda-igen\/\"><strong>2024-03-12 Tillbaka till Frankrike &amp; Livets Goda igen! \u00bb<\/strong><\/a><br \/>\n\u2022 <a href=\"https:\/\/www.cirkuseros.nu\/index.php\/2024\/01\/02\/arets-kurser-2024\/\"><strong>2024-01-02 \u00c5rets kurser 2024! \u00bb<br \/>\n<\/strong><\/a><br \/>\n<img decoding=\"async\" loading=\"lazy\" src=\"https:\/\/i1.wp.com\/www.cirkuseros.nu\/app\/uploads\/2016\/10\/2023_header.jpg?resize=584%2C45&#038;ssl=1\" alt=\"\" data-recalc-dims=\"1\" \/><br \/>\n<img decoding=\"async\" loading=\"lazy\" src=\"https:\/\/i2.wp.com\/www.cirkuseros.nu\/app\/uploads\/2024\/01\/festivalcollage_2023_vit.jpg?resize=584%2C127&#038;ssl=1\" alt=\"\" data-recalc-dims=\"1\" \/><\/p>\n<p>\u2022 <a href=\"https:\/\/www.cirkuseros.nu\/index.php\/2023\/12\/14\/tva-veckor-kvar-till-jul\/\"><strong>2023-12-14 Tv\u00e5 veckor kvar till jul! \u00bb<\/strong><\/a><br \/>\n\u2022 <a href=\"https:\/\/www.cirkuseros.nu\/index.php\/2023\/10\/22\/podcast-calle-pratar-med-nakna-coachen\/\"><strong>2023-10-22 Podcast \u2013 Calle pratar med Nakna Coachen \u00bb<br \/>\n<\/strong><\/a>\u2022 <a href=\"https:\/\/www.cirkuseros.nu\/index.php\/2023\/09\/26\/fantastisk-uppskattning-for-cirkus-eros\/\"><strong>2023-09-26 Enorm uppskattning f\u00f6r Cirkus Eros! \u00bb<br \/>\n<\/strong><\/a>\u2022 <a href=\"https:\/\/www.cirkuseros.nu\/index.php\/2023\/09\/05\/13063\/\"><strong>2023-09-05 Kommande kurser h\u00f6sten 2023! \u00bb<br \/>\n<\/strong><\/a>\u2022 <a href=\"https:\/\/www.cirkuseros.nu\/index.php\/2023\/04\/06\/mina-noveller-nu-ocksa-pa-finska\/\"><strong>2023-04-06 Mina noveller \u2013 nu ocks\u00e5 p\u00e5 finska! \u00bb<br \/>\n<\/strong><\/a><br \/>\n<img decoding=\"async\" loading=\"lazy\" src=\"https:\/\/i2.wp.com\/www.cirkuseros.nu\/app\/uploads\/2016\/10\/2022_header.jpg?resize=584%2C45&#038;ssl=1\" alt=\"\" data-recalc-dims=\"1\" \/><br \/>\n<img decoding=\"async\" loading=\"lazy\" src=\"https:\/\/i1.wp.com\/www.cirkuseros.nu\/app\/uploads\/2022\/12\/gallerivinjett_nytt_2203_vit.jpg?resize=584%2C205&#038;ssl=1\" alt=\"\" data-recalc-dims=\"1\" \/><\/p>\n<p>\u2022 <a href=\"https:\/\/www.cirkuseros.nu\/index.php\/2022\/12\/31\/gott-nytt-ar-%e2%80%a2-kurser-2023\/\"><strong>2022-12-31 Gott Nytt \u00c5r! \u2022 Kurser 2023! \u00bb<\/strong><\/a><br \/>\n\u2022 <a href=\"https:\/\/www.cirkuseros.nu\/index.php\/2022\/12\/20\/stort-jubileum-bilder\/\"><strong>2022-12-20 Stort Jubileum! Bilder! \u00bb<br \/>\n<\/strong><\/a><br \/>\n<img decoding=\"async\" loading=\"lazy\" src=\"https:\/\/i2.wp.com\/www.cirkuseros.nu\/app\/uploads\/2017\/03\/2021_header.jpg?resize=584%2C45&#038;ssl=1\" alt=\"\" data-recalc-dims=\"1\" \/><br \/>\n<img decoding=\"async\" loading=\"lazy\" src=\"https:\/\/i0.wp.com\/www.cirkuseros.nu\/app\/uploads\/2017\/03\/5_par_deepdream.jpg?resize=584%2C180&#038;ssl=1\" alt=\"\" data-recalc-dims=\"1\" \/><\/p>\n<p>\u2022 <a href=\"https:\/\/www.cirkuseros.nu\/index.php\/2021\/12\/29\/mitt-mote-med-tantra\/\"><strong>2021-12-29 Ny artikel: Mitt m\u00f6te med Tantra \u00bb<\/strong><\/a><br \/>\n\u2022 <a href=\"https:\/\/www.cirkuseros.nu\/index.php\/2021\/11\/06\/kommande-kurser-vintervar-2022\/\"><strong>2021-11-06 Kommande kurser vinter\/v\u00e5r 2022 \u00bb<\/strong><\/a><br \/>\n\u2022 <a href=\"https:\/\/www.cirkuseros.nu\/index.php\/2021\/08\/23\/sista-chansen-for-magisk-alskogslek-utomhus\/\"><strong>2021-08-23 Sista chansen f\u00f6r magisk \u00e4lskogslek utomhus\u2026 \u00bb<\/strong><\/a><br \/>\n\u2022 <a href=\"https:\/\/www.cirkuseros.nu\/index.php\/2021\/08\/21\/nygammal-artikel-om-sexkopslagen\/\"><strong>2021-08-21 Nygammal artikel om Sexk\u00f6pslagen \u00bb<\/strong><\/a><br \/>\n\u2022 <a href=\"https:\/\/www.cirkuseros.nu\/index.php\/2021\/07\/18\/ny-gastartist-hanna-karin-grensman\/\"><strong>2021-05-21 Ny g\u00e4startist \u2013 Hanna-Karin Grensman! \u00bb<\/strong><\/a><br \/>\n\u2022 <a href=\"https:\/\/www.cirkuseros.nu\/index.php\/2021\/05\/21\/nya-kursdatum-hosten-2021\/\"><strong>2021-05-21 Nya kursdatum h\u00f6sten 2021! \u00bb<\/strong><\/a><br \/>\n\u2022 <a href=\"https:\/\/www.cirkuseros.nu\/index.php\/2021\/02\/26\/nygamla-gastartister-i-bildgalleriet\/\"><strong>2021-02-27 Nygamla g\u00e4startister i bildgalleriet! \u00bb<\/strong><\/a><br \/>\n\u2022 <a href=\"https:\/\/www.cirkuseros.nu\/index.php\/2021\/02\/23\/ny-kursledarkonstellation-pa-gudomlig-extas\/\"><strong>2021-02-23 Ny kursledarkonstellation p\u00e5 Gudomlig Extas! \u00bb<\/strong><\/a><br \/>\n\u2022 <a href=\"https:\/\/www.cirkuseros.nu\/index.php\/2021\/01\/18\/tre-nya-bildgallerier-med-bilder-fran-forr\/\"><strong>2021-01-18 Tre nya bildgallerier \u2013 med bilder fr\u00e5n f\u00f6rr! \u00bb<\/strong><\/a><br \/>\n\u2022 <strong><a href=\"https:\/\/www.cirkuseros.nu\/index.php\/2021\/01\/16\/andringar-i-kursschemat-2021\/\">2021-01-16 \u00c4ndringar i kursschemat 2021! \u00bb<\/a><\/strong><\/p>\n<p><img decoding=\"async\" loading=\"lazy\" src=\"https:\/\/i1.wp.com\/www.cirkuseros.nu\/app\/uploads\/2016\/10\/2020_header.gif?resize=584%2C45&#038;ssl=1\" alt=\"2020\" data-recalc-dims=\"1\" \/><br \/>\n<img decoding=\"async\" loading=\"lazy\" src=\"https:\/\/i2.wp.com\/www.cirkuseros.nu\/app\/uploads\/2017\/03\/vinjett_nyhetsarkiv_2020.jpg?resize=584%2C191&#038;ssl=1\" alt=\"\" data-recalc-dims=\"1\" \/><\/p>\n<p>\u2022 <strong><a href=\"https:\/\/www.cirkuseros.nu\/index.php\/2020\/10\/28\/gudomlig-njutning-nya-kursdatum-i-var\/\">2020-10-28 Gudomlig Njutning \u2013 nya kursdatum i v\u00e5r! \u00bb<\/a><\/strong><br \/>\n\u2022 <strong><a href=\"https:\/\/www.cirkuseros.nu\/index.php\/2020\/08\/10\/om-var-grundkurs-for-par-i-amelia\/\">2020-08-10 Om v\u00e5r grundkurs f\u00f6r par i Amelia! \u00bb<\/a><\/strong><br \/>\n\u2022 <strong><a href=\"https:\/\/www.cirkuseros.nu\/index.php\/2020\/07\/10\/omtumlande-tider\/\">2020-07-10 Omtumlande tider\u2026 \u00bb<\/a><\/strong><br \/>\n\u2022 <strong><a href=\"https:\/\/www.cirkuseros.nu\/index.php\/2020\/02\/06\/problem-med-e-post-i-spamfilter\/\">2020-02-06 Problem med e-post i spamfilter \u00bb<\/a><\/strong><\/p>\n<p><img decoding=\"async\" loading=\"lazy\" src=\"https:\/\/i2.wp.com\/www.cirkuseros.nu\/app\/uploads\/2016\/10\/2019_header.gif?resize=584%2C45&#038;ssl=1\" alt=\"2019\" data-recalc-dims=\"1\" \/><strong><img decoding=\"async\" loading=\"lazy\" src=\"https:\/\/i2.wp.com\/www.cirkuseros.nu\/app\/uploads\/2019\/01\/slider_20_ar-1.jpg?resize=584%2C220&#038;ssl=1\" alt=\"Cirkus Eros 20 \u00e5r\" data-recalc-dims=\"1\" \/><\/strong><br \/>\n<strong><br \/>\n\u2022\u00a0<a href=\"https:\/\/www.cirkuseros.nu\/index.php\/2019\/12\/23\/grundkurser-for-par-vintervar-2020\/\">2019-12-23 Grundkurser f\u00f6r par vinter\/v\u00e5r 2020: \u00bb<\/a><br \/>\n\u2022\u00a0<a href=\"https:\/\/www.cirkuseros.nu\/index.php\/2019\/12\/16\/arets-basta-julklapp\/\">2019-12-16 \u00c5rets b\u00e4sta julklapp! \u00bb<\/a><br \/>\n\u2022\u00a0<a href=\"https:\/\/www.cirkuseros.nu\/index.php\/2019\/11\/18\/sexig-lucia-play-party-i-fullmanenatten\/\">2019-11-18 Sexig Lucia \u2013 Play Party i Fullm\u00e5nenatten \u00bb<\/a><br \/>\n\u2022\u00a0<a href=\"https:\/\/www.cirkuseros.nu\/index.php\/2019\/11\/16\/stockholm-tantra-festival-och-vi-ar-med\/\">2019-11-16 Stockholm Tantra Festival \u2013 och vi \u00e4r med! \u00bb<\/a><br \/>\n\u2022\u00a0<a href=\"https:\/\/www.cirkuseros.nu\/index.php\/2019\/09\/26\/kroppskonst-var-mest-populara-festivalworkshop\/\">2019-09-26 Kroppskonst \u2013 v\u00e5r mest popul\u00e4ra festivalworkshop \u00bb<\/a><br \/>\n\u2022\u00a0<a href=\"https:\/\/www.cirkuseros.nu\/index.php\/2019\/09\/16\/ett-tantriskt-paradis-i-sodra-frankrike\/\">2019-09-16 Ett tantriskt paradis i s\u00f6dra Frankrike \u00bb<\/a><br \/>\n\u2022\u00a0<a href=\"https:\/\/www.cirkuseros.nu\/index.php\/2019\/09\/15\/over-5-000-000-sidvisningar-pa-2-ar\/\">2019-09-15 \u00d6ver 5.000.000 sidvisningar p\u00e5 2 \u00e5r! \u00bb<\/a><br \/>\n\u2022\u00a0<a href=\"https:\/\/www.cirkuseros.nu\/index.php\/2019\/09\/10\/nytt-galleri-med-harliga-bilder\/\">2019-09-10 Nytt galleri med h\u00e4rliga bilder! \u00bb<\/a><br \/>\n\u2022\u00a0<a href=\"https:\/\/www.cirkuseros.nu\/index.php\/2019\/09\/05\/tva-nya-artiklar-av-gastskribenter\/\">2019-09-05\u00a0Tv\u00e5 nya artiklar av g\u00e4stskribenter! \u00bb<\/a><br \/>\n\u2022\u00a0<a href=\"https:\/\/www.cirkuseros.nu\/index.php\/2019\/08\/22\/nya-kursdatum-for-gudomlig-njutning\/\">2019-08-22 Nya kursdatum f\u00f6r Gudomlig Njutning! \u00bb<\/a><br \/>\n\u2022\u00a0<a href=\"https:\/\/www.cirkuseros.nu\/index.php\/ljud\/\">2019-03-04 Ny sida p\u00e5 Cirkus Eros \u2013 Ljud \u00bb<\/a><br \/>\n\u2022\u00a0<a href=\"https:\/\/www.cirkuseros.nu\/index.php\/2019\/03\/03\/18-ar-av-vidunderlig-karlek\/\">2019-03-03\u00a018 \u00e5r av vidunderlig k\u00e4rlek! \u00bb<\/a><br \/>\n\u2022\u00a0<a href=\"https:\/\/www.cirkuseros.nu\/index.php\/2019\/03\/01\/goda-och-daliga-nyheter\/\">2019-03-01 Goda och d\u00e5liga nyheter \u00bb<\/a><br \/>\n\u2022\u00a0<a href=\"https:\/\/www.cirkuseros.nu\/index.php\/2019\/03\/01\/intervju-med-calle\/\">2019-03-01 Intervju med Calle \u00bb<\/a><br \/>\n\u2022\u00a0<a href=\"https:\/\/www.cirkuseros.nu\/index.php\/2019\/02\/19\/ett-nytt-bildgalleri\/\">2019-01-19 Ett nytt bildgalleri! \u00bb<\/a><br \/>\n\u2022\u00a0<a href=\"https:\/\/www.cirkuseros.nu\/index.php\/2019\/02\/09\/ny-hemsida-for-var-karleksretreat\/\">2019-01-09\u00a0Ny hemsida f\u00f6r v\u00e5r K\u00e4rleksretreat! \u00bb<\/a><br \/>\n\u2022\u00a0<a href=\"https:\/\/www.cirkuseros.nu\/index.php\/2019\/01\/09\/cirkus-eros-20-ar-pa-natet\/\">2019-01-09\u00a0Cirkus Eros \u2013 20 \u00e5r p\u00e5 n\u00e4tet! \u00bb<\/a><br \/>\n\u2022\u00a0<a href=\"https:\/\/www.cirkuseros.nu\/index.php\/2019\/01\/03\/ny-artikel-om-nio-satt-att-alska\/\">2019-01-03\u00a0Ny artikel om Nio s\u00e4tt att \u00c4lska!\u00a0\u00bb<\/a><\/strong><\/p>\n<p><strong><img decoding=\"async\" loading=\"lazy\" src=\"https:\/\/i2.wp.com\/www.cirkuseros.nu\/app\/uploads\/2016\/10\/2018_header.gif?resize=584%2C45&#038;ssl=1\" alt=\"2018\" data-recalc-dims=\"1\" \/><\/strong><strong><img decoding=\"async\" loading=\"lazy\" src=\"https:\/\/i1.wp.com\/www.cirkuseros.nu\/app\/uploads\/2018\/03\/festival_workshops.jpg?resize=584%2C129&#038;ssl=1\" alt=\"Festival workshops\" data-recalc-dims=\"1\" \/><br \/>\n<\/strong><\/p>\n<p><strong>\u2022\u00a0<a href=\"https:\/\/www.cirkuseros.nu\/index.php\/2018\/12\/26\/vara-julkort-genom-aren\/\">2018-12-26\u00a0V\u00e5ra julkort genom \u00e5ren\u2026\u00a0\u00bb<\/a><br \/>\n\u2022\u00a0<a href=\"https:\/\/www.cirkuseros.nu\/index.php\/2018\/12\/17\/god-jul-gott-nytt-ar\/\">2018-12-17\u00a0God Jul &amp; Gott Nytt \u00c5r! (&amp; kommande kurser)\u00a0\u00bb<\/a><br \/>\n\u2022\u00a0<a href=\"https:\/\/www.cirkuseros.nu\/index.php\/2018\/12\/10\/100-ganger-gudomlig-njutning-2019\/\">2018-12-10\u00a0100 g\u00e5nger Gudomlig Njutning 2019! \u00bb<\/a><br \/>\n\u2022\u00a0<a href=\"https:\/\/www.cirkuseros.nu\/index.php\/2018\/12\/01\/en-fruktansvart-viktig-dokumentar\/\">2018-12-01\u00a0En fruktansv\u00e4rt viktig dokument\u00e4r\u00a0\u00bb<\/a><br \/>\n\u2022\u00a0<a href=\"https:\/\/www.cirkuseros.nu\/index.php\/2018\/09\/25\/mina-noveller-som-ljudbocker\/\">2018-09-25\u00a0Mina noveller som ljudb\u00f6cker!\u00a0\u00bb<\/a><br \/>\n\u2022\u00a0<a href=\"https:\/\/www.cirkuseros.nu\/index.php\/2018\/09\/24\/lyckad-kurs-i-frankrike\/\">2018-09-24\u00a0Lyckad kurs i Frankrike!\u00a0\u00bb<\/a><br \/>\n\u2022\u00a0<a href=\"https:\/\/www.cirkuseros.nu\/index.php\/2018\/09\/23\/ny-artikel-av-gastskribenten-myra-ahbeck-ohman\/\">2018-09-23\u00a0Ny artikel av g\u00e4stskribenten Myra \u00c5hbeck \u00d6hman!\u00a0\u00bb<\/a><br \/>\n\u2022\u00a0<a href=\"https:\/\/www.cirkuseros.nu\/index.php\/2018\/09\/22\/nytt-pa-sidan-cirkus-eros-i-media\/\">2018-09-22\u00a0Nytt p\u00e5 sidan Cirkus Eros i media!\u00a0\u00bb<\/a><br \/>\n\u2022\u00a0<a href=\"https:\/\/www.cirkuseros.nu\/index.php\/2018\/08\/15\/tva-nya-bildgallerier-framling-pa-spar-och-bergtagen\/\">2018-08-15\u00a0Tv\u00e5 nya bildgallerier!\u00a0\u00bb<\/a><br \/>\n\u2022\u00a0<a href=\"https:\/\/www.cirkuseros.nu\/index.php\/2018\/04\/26\/cirkus-eros-nu-ocksa-pa-twitter\/\">2018-04-26\u00a0Cirkus Eros nu ocks\u00e5 p\u00e5 Twitter!\u00a0\u00bb<\/a><br \/>\n\u2022\u00a0<a href=\"https:\/\/www.cirkuseros.nu\/index.php\/2018\/04\/23\/tva-kurser-i-maj-for-bade-singlar-och-par\/\">2018-04-23\u00a0Tv\u00e5 kurser i maj, f\u00f6r b\u00e5de singlar och par!\u00a0\u00bb<\/a><br \/>\n\u2022\u00a0<a href=\"https:\/\/www.cirkuseros.nu\/index.php\/2018\/04\/20\/nu-finns-calles-bok-att-kopa-pa-natet-igen\/\">2018-04-20\u00a0Calles bok finns att k\u00f6pa p\u00e5 n\u00e4tet igen!\u00a0\u00bb<\/a><br \/>\n\u2022\u00a0<a href=\"https:\/\/www.cirkuseros.nu\/index.php\/2018\/04\/11\/uppdaterade-sidor-for-vara-festivalworkshops\/\">2018-04-11\u00a0Uppdaterade sidor f\u00f6r v\u00e5ra festivalworkshops!\u00a0\u00bb<\/a><br \/>\n\u2022\u00a0<a href=\"https:\/\/www.cirkuseros.nu\/index.php\/2018\/03\/31\/recension-lelo-sona\/\">2018-03-31\u00a0Recension \u2013 LELO Sona\u00a0\u00bb<\/a><br \/>\n\u2022<\/strong>\u00a0<strong><a href=\"https:\/\/www.cirkuseros.nu\/index.php\/2018\/02\/20\/fri-att-alska-en-helt-ny-kurs-i-sodra-frankrike\/\">2018-02-20 Fri att \u00c4lska \u2013 en helt ny kurs i s\u00f6dra Frankrike!\u00a0\u00bb<\/a><br \/>\n\u2022\u00a0<a href=\"https:\/\/www.cirkuseros.nu\/index.php\/2018\/01\/30\/recension-crave-vesper\/\">2018-01-30 Recension \u2013 Crave Vesper\u00a0\u00bb<\/a><br \/>\n\u2022\u00a0<a href=\"https:\/\/www.cirkuseros.nu\/index.php\/2018\/01\/14\/recension-satisfyer-pro-2\/\">2018-01-14\u00a0Recension \u2013 Satisfyer PRO 2\u00a0\u00bb<\/a><br \/>\n\u2022\u00a0<a href=\"https:\/\/www.cirkuseros.nu\/index.php\/2018\/01\/12\/recension-pipedream-extreme\/\">2018-01-12\u00a0Recension \u2013 Pipedream Extreme\u00a0\u00bb<\/a><br \/>\n<\/strong><\/p>\n<p><img decoding=\"async\" loading=\"lazy\" src=\"https:\/\/i2.wp.com\/www.cirkuseros.nu\/app\/uploads\/2016\/10\/2017_header.gif?resize=584%2C45&#038;ssl=1\" alt=\"2017\" data-recalc-dims=\"1\" \/><strong><img decoding=\"async\" loading=\"lazy\" src=\"https:\/\/i1.wp.com\/www.cirkuseros.nu\/app\/uploads\/2016\/10\/nyhet_erotisktriad.jpg?resize=584%2C141&#038;ssl=1\" alt=\"Erotisk Triad\" data-recalc-dims=\"1\" \/><br \/>\n<\/strong><\/p>\n<p><strong>\u2022\u00a0<a href=\"https:\/\/www.cirkuseros.nu\/index.php\/2017\/12\/05\/nya-bildgallerier-pa-cirkus-eros\/\">2017-12-05\u00a0Nya bildgallerier p\u00e5 Cirkus Eros! \u00bb<\/a><br \/>\n\u2022\u00a0<a href=\"https:\/\/www.cirkuseros.nu\/index.php\/2017\/12\/05\/bli-en-mecenat-for-cirkus-eros\/\">2017-12-05\u00a0Bli en mecenat f\u00f6r Cirkus Eros! \u00bb<\/a><br \/>\n\u2022\u00a0<a href=\"https:\/\/www.cirkuseros.nu\/index.php\/2017\/10\/06\/gudomlig-njutning-snart-pa-engelska\/\">2017-10-06\u00a0Gudomlig Njutning \u2013 snart p\u00e5 engelska! \u00bb<\/a><br \/>\n\u2022\u00a0<a href=\"https:\/\/www.cirkuseros.nu\/index.php\/2017\/09\/27\/kinky-passion-en-helt-ny-kurs\/\">2017-07-17\u00a0Kinky Passion \u2013 en helt ny kurs! \u00bb<\/a><br \/>\n\u2022\u00a0<a href=\"https:\/\/www.cirkuseros.nu\/index.php\/2017\/03\/18\/flera-nya-bildgallerier-pa-cirkus-eros\/\">2017-03-18\u00a0Flera nya bildgallerier p\u00e5 Cirkus Eros! \u00bb<\/a><br \/>\n\u2022\u00a0<a href=\"https:\/\/www.cirkuseros.nu\/index.php\/2017\/03\/10\/nytt-karleksbrev-med-info-om-gudomlig-njutning-i-pask\/\">2017-03-10\u00a0Nytt k\u00e4rleksbrev med info om Gudomlig Njutning i p\u00e5sk! \u00bb<\/a><br \/>\n\u2022\u00a0<a href=\"https:\/\/www.cirkuseros.nu\/index.php\/2017\/02\/01\/totalrenovering-av-cirkus-eros\/\">2017-02-01\u00a0Totalrenovering av Cirkus Eros \u00bb<\/a><\/strong><a href=\"https:\/\/www.cirkuseros.nu\/index.php\/2016\/10\/10\/helt-ny-hemsida-for-cirkus-eros-pa-gang\/\"><strong><br \/>\n<\/strong><\/a><\/p>\n<p><img decoding=\"async\" loading=\"lazy\" src=\"https:\/\/i0.wp.com\/www.cirkuseros.nu\/app\/uploads\/2017\/03\/2016_header.gif?resize=584%2C45&#038;ssl=1\" alt=\"2016\" data-recalc-dims=\"1\" \/><\/p>\n<p>\u2022\u00a0<strong><a href=\"https:\/\/www.cirkuseros.nu\/index.php\/2016\/12\/27\/spannande-nakenfoton\/\">2016-12-27 Sp\u00e4nnande nakenfoton \u00bb<\/a><\/strong><a href=\"https:\/\/www.cirkuseros.nu\/index.php\/2016\/10\/10\/helt-ny-hemsida-for-cirkus-eros-pa-gang\/\"><strong><br \/>\n<\/strong><\/a>\u2022\u00a0<strong><a href=\"https:\/\/www.cirkuseros.nu\/index.php\/2016\/10\/10\/helt-ny-hemsida-for-cirkus-eros-pa-gang\/\">2016-10-10\u00a0Helt ny hemsida f\u00f6r Cirkus Eros p\u00e5 g\u00e5ng! \u00bb<\/a><\/strong><\/p>\n<p><img decoding=\"async\" loading=\"lazy\" src=\"https:\/\/i0.wp.com\/www.cirkuseros.nu\/app\/uploads\/2016\/12\/dump_hemsidan_161204.jpg?resize=584%2C337&#038;ssl=1\" alt=\"Hemsidan 161204\" data-recalc-dims=\"1\" \/><br \/>\n<img decoding=\"async\" loading=\"lazy\" src=\"https:\/\/i0.wp.com\/www.cirkuseros.nu\/app\/uploads\/2017\/01\/heartline_584.gif?resize=584%2C20&#038;ssl=1\" alt=\"Heartline\" data-recalc-dims=\"1\" \/><\/p>\n<p><img decoding=\"async\" loading=\"lazy\" src=\"https:\/\/i2.wp.com\/www.cirkuseros.nu\/app\/uploads\/2016\/10\/fri_kursbanner_ani.gif?resize=584%2C140&#038;ssl=1\" alt=\"Cirkus Eros - erotik f\u00f6r finsmakare\" data-recalc-dims=\"1\" \/><\/p>\n","protected":false},"excerpt":{"rendered":"<p>Detta \u00e4r Cirkus Eros nyhetsarkiv, med alla nyhetsinl\u00e4gg som publicerats h\u00e4r sedan den stora uppdateringen av hemsidan under \u00e5rsskiftet 2016-2017. Hemsidan har funnits sedan 1999, men nyhetssidan kom till f\u00f6rst 2017, n\u00e4r Cirkus Eros uppgraderades fr\u00e5n HTML till WordPress. D\u00e4rav &hellip; <a href=\"https:\/\/www.cirkuseros.nu\/index.php\/nytt\/nyhetsarkiv\/\">Forts\u00e4tt l\u00e4sa <span class=\"meta-nav\">&rarr;<\/span><\/a><\/p>\n","protected":false},"author":1,"featured_media":0,"parent":29,"menu_order":1,"comment_status":"closed","ping_status":"closed","template":"sidebar-page.php","meta":[],"_links":{"self":[{"href":"https:\/\/www.cirkuseros.nu\/index.php\/wp-json\/wp\/v2\/pages\/7880"}],"collection":[{"href":"https:\/\/www.cirkuseros.nu\/index.php\/wp-json\/wp\/v2\/pages"}],"about":[{"href":"https:\/\/www.cirkuseros.nu\/index.php\/wp-json\/wp\/v2\/types\/page"}],"author":[{"embeddable":true,"href":"https:\/\/www.cirkuseros.nu\/index.php\/wp-json\/wp\/v2\/users\/1"}],"replies":[{"embeddable":true,"href":"https:\/\/www.cirkuseros.nu\/index.php\/wp-json\/wp\/v2\/comments?post=7880"}],"version-history":[{"count":60,"href":"https:\/\/www.cirkuseros.nu\/index.php\/wp-json\/wp\/v2\/pages\/7880\/revisions"}],"predecessor-version":[{"id":14694,"href":"https:\/\/www.cirkuseros.nu\/index.php\/wp-json\/wp\/v2\/pages\/7880\/revisions\/14694"}],"up":[{"embeddable":true,"href":"https:\/\/www.cirkuseros.nu\/index.php\/wp-json\/wp\/v2\/pages\/29"}],"wp:attachment":[{"href":"https:\/\/www.cirkuseros.nu\/index.php\/wp-json\/wp\/v2\/media?parent=7880"}],"curies":[{"name":"wp","href":"https:\/\/api.w.org\/{rel}","templated":true}]}}