{"id":8033,"date":"2017-04-03T11:39:24","date_gmt":"2017-04-03T09:39:24","guid":{"rendered":"http:\/\/www.cirkuseros.nu\/?page_id=8033"},"modified":"2023-06-19T17:05:18","modified_gmt":"2023-06-19T15:05:18","slug":"kurser-kalendarium-arkiv","status":"publish","type":"page","link":"https:\/\/www.cirkuseros.nu\/index.php\/kurser\/kurser-kalendarium-arkiv\/","title":{"rendered":"Kurser \u2022 Arkiv"},"content":{"rendered":"<p><img decoding=\"async\" loading=\"lazy\" src=\"https:\/\/i2.wp.com\/www.cirkuseros.nu\/app\/uploads\/2017\/01\/sidtoppvinjett_kurser.jpg?resize=584%2C86&#038;ssl=1\" alt=\"Kurser\" data-recalc-dims=\"1\" \/><\/p>\n<p><strong>Detta \u00e4r en arkivsida f\u00f6r dig som vill kolla bak\u00e5t <\/strong>historiskt \u00f6ver tidigare evenemang. Kalendariet vill vi h\u00e5lla aktuellt, och tar d\u00e4rf\u00f6r jag d\u00e4r bort de kurser och evenemang som \u00e4r avklarade. I arkivet spar jag allt, fr\u00e5n februari 2017 och fram\u00e5t.<\/p>\n<p><strong>Vi har anordnat kurser och andra evenemang<\/strong> sedan 2003, men arkivet h\u00e4r p\u00e5 hemsidan str\u00e4cker sig till den stora uppdateringen av Cirkus Eros 2017.<\/p>\n<p><img decoding=\"async\" loading=\"lazy\" src=\"https:\/\/i0.wp.com\/www.cirkuseros.nu\/app\/uploads\/2017\/01\/heartline_584.gif?resize=584%2C20&#038;ssl=1\" alt=\"Heartline\" data-recalc-dims=\"1\" \/><\/p>\n<p style=\"padding-left: 30px;\">\u2022\u00a0<span style=\"font-family: AGaramond,Garamond,Jenson,serif; font-size: x-large;\"><span style=\"color: #800000;\"><strong><a href=\"https:\/\/www.cirkuseros.nu\/index.php\/kurser\/kurser-kalendarium-arkiv\/kurskalendarium-arkiverat-2017\/\">Kurskalendarium \u2022 arkiverat 2017<\/a><br \/>\n\u2022\u00a0<a href=\"https:\/\/www.cirkuseros.nu\/index.php\/kurser\/kurser-kalendarium-arkiv\/kurskalendarium-arkiverat-2018\/\">Kurskalendarium \u2022 arkiverat 2018<\/a><br \/>\n\u2022\u00a0<a href=\"https:\/\/www.cirkuseros.nu\/index.php\/kurser\/kurser-kalendarium-arkiv\/kurskalendarium-arkiverat-2019\/\">Kurskalendarium \u2022 arkiverat 2019<br \/>\n<\/a><\/strong><\/span><\/span><span style=\"font-family: AGaramond,Garamond,Jenson,serif; font-size: x-large;\"><span style=\"color: #800000;\"><strong>\u2022\u00a0<a href=\"https:\/\/www.cirkuseros.nu\/index.php\/kurser\/kurser-kalendarium-arkiv\/kurskalendarium-arkiverat-2020\/\">Kurskalendarium \u2022 arkiverat 2020<\/a><br \/>\n\u2022\u00a0<a href=\"https:\/\/www.cirkuseros.nu\/index.php\/kurser\/kurser-kalendarium-arkiv\/kurskalendarium-arkiverat-2021\/\">Kurskalendarium \u2022 arkiverat 2021<\/a><br \/>\n\u2022\u00a0<a href=\"https:\/\/www.cirkuseros.nu\/index.php\/kurser\/kurser-kalendarium-arkiv\/kurskalendarium-arkiverat-2022\/\">Kurskalendarium \u2022 arkiverat 2022<\/a><br \/>\n\u2022\u00a0<a href=\"https:\/\/www.cirkuseros.nu\/index.php\/kurser\/kurser-kalendarium-arkiv\/kurskalendarium-arkiverat-2023\/\">Kurskalendarium \u2022 arkiverat 2023<\/a><br \/>\n<\/strong><\/span><\/span><\/p>\n<p><img decoding=\"async\" loading=\"lazy\" src=\"https:\/\/i0.wp.com\/www.cirkuseros.nu\/app\/uploads\/2017\/01\/heartline_584.gif?resize=584%2C20&#038;ssl=1\" alt=\"Heartline\" data-recalc-dims=\"1\" \/><\/p>\n<p><img decoding=\"async\" loading=\"lazy\" src=\"https:\/\/i2.wp.com\/www.cirkuseros.nu\/app\/uploads\/2016\/10\/fri_kursbanner_ani.gif?resize=584%2C140&#038;ssl=1\" alt=\"\" data-recalc-dims=\"1\" \/><\/p>\n","protected":false},"excerpt":{"rendered":"<p>Detta \u00e4r en arkivsida f\u00f6r dig som vill kolla bak\u00e5t historiskt \u00f6ver tidigare evenemang. Kalendariet vill vi h\u00e5lla aktuellt, och tar d\u00e4rf\u00f6r jag d\u00e4r bort de kurser och evenemang som \u00e4r avklarade. I arkivet spar jag allt, fr\u00e5n februari 2017 &hellip; <a href=\"https:\/\/www.cirkuseros.nu\/index.php\/kurser\/kurser-kalendarium-arkiv\/\">Forts\u00e4tt l\u00e4sa <span class=\"meta-nav\">&rarr;<\/span><\/a><\/p>\n","protected":false},"author":1,"featured_media":0,"parent":48,"menu_order":8,"comment_status":"closed","ping_status":"closed","template":"sidebar-page.php","meta":[],"_links":{"self":[{"href":"https:\/\/www.cirkuseros.nu\/index.php\/wp-json\/wp\/v2\/pages\/8033"}],"collection":[{"href":"https:\/\/www.cirkuseros.nu\/index.php\/wp-json\/wp\/v2\/pages"}],"about":[{"href":"https:\/\/www.cirkuseros.nu\/index.php\/wp-json\/wp\/v2\/types\/page"}],"author":[{"embeddable":true,"href":"https:\/\/www.cirkuseros.nu\/index.php\/wp-json\/wp\/v2\/users\/1"}],"replies":[{"embeddable":true,"href":"https:\/\/www.cirkuseros.nu\/index.php\/wp-json\/wp\/v2\/comments?post=8033"}],"version-history":[{"count":45,"href":"https:\/\/www.cirkuseros.nu\/index.php\/wp-json\/wp\/v2\/pages\/8033\/revisions"}],"predecessor-version":[{"id":13038,"href":"https:\/\/www.cirkuseros.nu\/index.php\/wp-json\/wp\/v2\/pages\/8033\/revisions\/13038"}],"up":[{"embeddable":true,"href":"https:\/\/www.cirkuseros.nu\/index.php\/wp-json\/wp\/v2\/pages\/48"}],"wp:attachment":[{"href":"https:\/\/www.cirkuseros.nu\/index.php\/wp-json\/wp\/v2\/media?parent=8033"}],"curies":[{"name":"wp","href":"https:\/\/api.w.org\/{rel}","templated":true}]}}