{"id":847,"date":"2016-11-19T12:37:08","date_gmt":"2016-11-19T11:37:08","guid":{"rendered":"https:\/\/cirkuseros.wordpress.com\/?page_id=847"},"modified":"2023-09-26T15:54:13","modified_gmt":"2023-09-26T13:54:13","slug":"kottets-anglar-samuel-badar-isadora","status":"publish","type":"page","link":"https:\/\/www.cirkuseros.nu\/index.php\/text\/noveller\/noveller-av-gastartister\/kottets-anglar-samuel-badar-isadora\/","title":{"rendered":"K\u00f6ttets \u00e4nglar &#8211; Samuel badar Isadora"},"content":{"rendered":"<p>Isadora \u00e4r ners\u00e4nkt som en padda i ett rykande bad och jag st\u00e4nker lavendel, geranium och rosentr\u00e4 i vattnet. Jag masserar sandeltr\u00e4 mot hennes hud och v\u00e4nder p\u00e5 henne som vore hon en omelett och sm\u00f6rjer in br\u00f6sten med citronella och magen med frankincense, sen stryker jag en droppe Bergamott \u00f6ver hennes fj\u00e4lliga giraffhals.<br \/>\nHon reser sig ur badet och jag st\u00e5r beredd som en glad kerub och virar in henne i en handduk av frott\u00e9. Hon biter mig i underl\u00e4ppen och viskar snuskigheter i mitt \u00f6ra. Jag k\u00e4nner hur jag h\u00e5rdnar under sidenpyjamasen.<br \/>\n\u201dG\u00e5 in och l\u00e4gg dig p\u00e5 s\u00e4ngen\u201d, befaller jag med gr\u00e4ddig r\u00f6st. Hon sl\u00e4nger handduken all v\u00e4rldens kos och kryper iv\u00e4g med vickande bakdel.<br \/>\nN\u00e4r hon f\u00f6rsvunnit in i sovgemaket och lagt sig under d\u00f6dsmaskerna rotar jag fram en vitter cd. Jag spelar Haydn, Schubert, Mozart och Rachmaninov och det \u00e4r str\u00e5kar, cellos och fl\u00f6jter som ger mina planer ett h\u00f6gre syfte.<br \/>\nInne i badrummet tappar jag varmt plurr i en afrikansk tr\u00e4sk\u00e5l tills speglarna immar igen, plockar ner rakkniv och l\u00f6dder fr\u00e5n sk\u00e5pet och en vit handduk fr\u00e5n kroken. Jag h\u00e4mtar en svart halsduk i byr\u00e5l\u00e5dan och virar den runt ena knogen.<br \/>\nHon v\u00e4ntar p\u00e5 s\u00e4ngen, en roterande kvinnokraft, Z&#8217;otz som m\u00e5ste dyrkas, visaren p\u00e5 sista klockan, damen av halvv\u00e4rld, Leviatan fr\u00e5n urtidens kaos, musernas lilja, sibyllan Aniena, den behornade Seyfried, styvmoder till de demoniska \u00e4nglarna.<br \/>\nHon har benen l\u00e4tt \u00e5tskilda och det rufsiga venusberget glittrar av nersmutsat badvatten. Huvudh\u00e5ret vilar som en lagerkrans p\u00e5 kudden och hennes leende sl\u00e5r piruetter.<br \/>\nJag binder f\u00f6r tiger\u00f6gonen med halsduken s\u00e5 att hon inte kan se n\u00e5got, sen l\u00f6ddrar jag in bj\u00f6rnb\u00e4rsbusken och b\u00f6rjar raka till tonerna av Vivaldi. Jag rakar t\u00e5lmodigt medan hon fnittrar som en babylonisk soterska. Emellan\u00e5t viskar hon sm\u00e5 ord p\u00e5 ett obegripligt spr\u00e5k. Orden luktar bergamott och blandar djurl\u00e4ten med kinesiska, franska, holl\u00e4ndska och norska.<br \/>\nEfter hand som sv\u00e5len p\u00e5 vulvan avt\u00e4cks blir jag riktigt styv och sk\u00f6n. Jag \u00e4r en mumlande munk utan diadem. Hennes springa \u00f6ppnar sig av sig sj\u00e4lv, som fittblommorna ute i tr\u00e4dg\u00e5rden. Jag r\u00f6r knappt vid henne, men hon st\u00f6nar h\u00f6gt.<br \/>\n\u201dVill du ha fingret, \u00e4lskade?\u201d<br \/>\n\u201dJa, Sam\u201d, gnyr hon. \u201dTryck in det i mig, sn\u00e4lla Sam.\u201d<br \/>\n\u201dVi v\u00e4ntar\u201d, s\u00e4ger jag med objektivt tonfall och forts\u00e4tter raka. Snart \u00e4r hon mjuk som en bebisstj\u00e4rt. Vulvan h\u00f6jer sig och gl\u00e4nser. Jag torkar bort sista l\u00f6ddret och kysser den lena, kalla huden, en v\u00e4nskaplig kyss p\u00e5 kinden, ett ryskt m\u00f6te mellan tv\u00e5 pampar.<br \/>\nMedan jag st\u00e4ller undan sk\u00e5len och tar av mig pyjamasen b\u00f6rjar hon rappa slidan. Hon kan inte v\u00e4nta. Jag s\u00e4rar hennes ben hundra\u00e5ttio grader och slickar ljumskarna. St\u00e5ngen sp\u00e4nner mot s\u00e4ngen. Sk\u00f6tet doftar dask och clementiner. Rachmaninov hamrar p\u00e5 pianot. Jag stryker tungan mot v\u00e4rlden. Nu har hon blivit m\u00e4nniska p\u00e5 gott och ont. Nu m\u00e5ste hon \u00e5terv\u00e4nda till havet.<br \/>\nDet \u00e4r h\u00e4r hon pressar sig mot min t\u00f6rstiga mun, h\u00e4r hon gnuggar h\u00e5let mot mina febersjuka l\u00e4ppar, h\u00e4r hon gurglar av \u00e5skans beg\u00e4r, h\u00e4r jag f\u00e5ngar hennes opiumpipas r\u00f6kslinga, h\u00e4r hon kv\u00e4ver min andedr\u00e4kt.<br \/>\nDet \u00e4r h\u00e4r jag trycker l\u00e5ngfingret l\u00e5ngt in. Tills hon kiknar. Tills hon hulkar. Tills hon b\u00f6lar som en ren. Ljudet \u00e4r ett strupljud, men det kommer fr\u00e5n magen, eller f\u00f6tterna, eller hj\u00e4rtat, fr\u00e5n vitalkraften, fr\u00e5n sj\u00e4lva immunf\u00f6rsvaret, fr\u00e5n energitappen i sj\u00e4lens hals.<br \/>\nJag har henne i \u00f6gonvr\u00e5n. Jag ser hur hullet sp\u00e4nns och \u00e5drorna spr\u00e4ngs. H\u00e5ret faller som det vill. Hon andas som om hon ska f\u00f6da. Bindeln sliter hon av och kastar iv\u00e4g.<br \/>\n\u201dKom in i mig, Sam\u201d, br\u00e4ker hon ot\u00e5ligt. \u201dTa mig nu, f\u00f6r helvete!\u201d<br \/>\nJag l\u00e4gger kropp p\u00e5 kropp i h\u00f6gar, nosar runt i hennes vattenbest\u00e5nd, silar maneter och fiskstim mellan framt\u00e4nderna, juckar mot hennes urtidsenliga yngel, glufsar i mig hennes g\u00e4lar, slukar sk\u00f6ldpaddans \u00e4gg som en rumlande beduin. Hon s\u00e4tter klorna i min stj\u00e4rt, rabblar judiska anekdoter tills hon kommer. Jag forts\u00e4tter knulla. Jag vrider p\u00e5 henne och tar henne st\u00e5endes p\u00e5 kn\u00e4 medan hon ligger platt p\u00e5 sidan, en utomordentlig pl\u00e4tt med lingonsylt. Hennes vackra h\u00e4ngbr\u00f6st skumpar och \u00f6gonen \u00e4r vinkelr\u00e4ta plintar. Jag ser mig sj\u00e4lv glida in och ut i henne. Jag v\u00e4nder henne helt om, hon beh\u00f6ver brynas p\u00e5 pattar och mage. Sen vill jag ha henne ovanp\u00e5. Jag vill att hon rider. Jag vill ha hennes k\u00f6ttiga spenar i mitt ansikte. Bita i dem. F\u00e5 dem att dallra mot mina kinder.<br \/>\nVi \u00e4r \u00e4nglar. Det finns n\u00e5got v\u00e4rldsligt \u00f6ver alla gudar. Isadora f\u00f6rl\u00f6ste mig. Hon visade mig elden. Det var inget minne fr\u00e5n ett tidigare liv, en annan plats, en annan tid. Det var h\u00e4r, p\u00e5 Jorden, efter att raketerna tystnat och ett nytt millennium utropats av tidningspojkarna i varenda slabbigt gath\u00f6rn.<br \/>\nVi sitter i s\u00e4ngen. Hon sitter p\u00e5 mig och galopperar slowfox. N\u00e4r jag skjuter av senapsgr\u00e4dden \u00e4r det mer sm\u00e4rta \u00e4n njutning, mer njutning \u00e4n n\u00e5gonsin. Jag hugger henne i halsen och suger hennes blod. Fan vad jag \u00e4r t\u00f6rstig! Hon sitter still och l\u00e5ter s\u00e4den sk\u00f6lja upp\u00e5t, som ett vattenfall som faller bakl\u00e4nges, som en bakl\u00e4ngesfilm, tjockt, skummande, saltvatten.<br \/>\nEfter\u00e5t slumrar vi en stund, sen badar vi. Jag h\u00e4ller konjak i stor kupa och s\u00e4tter in ett askfat i badrummet. Isadora t\u00e4nder indisk r\u00f6kelse och droppar rosentr\u00e4 i karet. Jag borstar hennes rygg med en str\u00e4v borste och hon lockar min snopp \u00f6ver ytan och jagar den med munnen som vore den en \u00e5l och hennes mun en fiskh\u00e5v.<\/p>\n<p>(Utdrag ur S Whildes roman \u201dK\u00f6tt\u00e4nglar\u201d som utkom h\u00f6sten 2007 p\u00e5 bokf\u00f6rlaget h:str\u00f6m &#8211; Text &amp; Kultur)<\/p>\n<p>Stefan Whilde, f\u00f6rfattare<br \/>\n<strong><a href=\"http:\/\/www.stefanwhilde.se\/\" target=\"_blank\">www.stefanwhilde.se<\/a><\/strong><\/p>\n<p><img decoding=\"async\" loading=\"lazy\" src=\"https:\/\/i1.wp.com\/www.cirkuseros.nu\/app\/uploads\/2016\/11\/tunnlinjeoriginal_584.gif?resize=584%2C8&#038;ssl=1\" alt=\"\" data-recalc-dims=\"1\" \/><a href=\"https:\/\/www.cirkuseros.nu\/index.php\/text\/noveller\/noveller-av-gastartister\/\"><strong>Tillbaka till Noveller av g\u00e4startister \u00bb<\/strong><\/a><\/p>\n<p><img decoding=\"async\" loading=\"lazy\" src=\"https:\/\/i0.wp.com\/www.cirkuseros.nu\/app\/uploads\/2017\/01\/heartline_584.gif?resize=584%2C20&#038;ssl=1\" alt=\"Heartline\" data-recalc-dims=\"1\" \/><\/p>\n<p><img decoding=\"async\" loading=\"lazy\" src=\"https:\/\/i2.wp.com\/www.cirkuseros.nu\/app\/uploads\/2016\/10\/fri_kursbanner_ani.gif?resize=584%2C140&#038;ssl=1\" alt=\"\" data-recalc-dims=\"1\" \/><\/p>\n","protected":false},"excerpt":{"rendered":"<p>Isadora \u00e4r ners\u00e4nkt som en padda i ett rykande bad och jag st\u00e4nker lavendel, geranium och rosentr\u00e4 i vattnet. Jag masserar sandeltr\u00e4 mot hennes hud och v\u00e4nder p\u00e5 henne som vore hon en omelett och sm\u00f6rjer in br\u00f6sten med citronella &hellip; <a href=\"https:\/\/www.cirkuseros.nu\/index.php\/text\/noveller\/noveller-av-gastartister\/kottets-anglar-samuel-badar-isadora\/\">Forts\u00e4tt l\u00e4sa <span class=\"meta-nav\">&rarr;<\/span><\/a><\/p>\n","protected":false},"author":2,"featured_media":0,"parent":501,"menu_order":1,"comment_status":"closed","ping_status":"closed","template":"sidebar-page.php","meta":[],"_links":{"self":[{"href":"https:\/\/www.cirkuseros.nu\/index.php\/wp-json\/wp\/v2\/pages\/847"}],"collection":[{"href":"https:\/\/www.cirkuseros.nu\/index.php\/wp-json\/wp\/v2\/pages"}],"about":[{"href":"https:\/\/www.cirkuseros.nu\/index.php\/wp-json\/wp\/v2\/types\/page"}],"author":[{"embeddable":true,"href":"https:\/\/www.cirkuseros.nu\/index.php\/wp-json\/wp\/v2\/users\/2"}],"replies":[{"embeddable":true,"href":"https:\/\/www.cirkuseros.nu\/index.php\/wp-json\/wp\/v2\/comments?post=847"}],"version-history":[{"count":3,"href":"https:\/\/www.cirkuseros.nu\/index.php\/wp-json\/wp\/v2\/pages\/847\/revisions"}],"predecessor-version":[{"id":13240,"href":"https:\/\/www.cirkuseros.nu\/index.php\/wp-json\/wp\/v2\/pages\/847\/revisions\/13240"}],"up":[{"embeddable":true,"href":"https:\/\/www.cirkuseros.nu\/index.php\/wp-json\/wp\/v2\/pages\/501"}],"wp:attachment":[{"href":"https:\/\/www.cirkuseros.nu\/index.php\/wp-json\/wp\/v2\/media?parent=847"}],"curies":[{"name":"wp","href":"https:\/\/api.w.org\/{rel}","templated":true}]}}