{"id":858,"date":"2016-11-19T12:55:45","date_gmt":"2016-11-19T11:55:45","guid":{"rendered":"https:\/\/cirkuseros.wordpress.com\/?page_id=858"},"modified":"2023-09-26T15:55:50","modified_gmt":"2023-09-26T13:55:50","slug":"doften-av-en-kvinnas-skote","status":"publish","type":"page","link":"https:\/\/www.cirkuseros.nu\/index.php\/text\/noveller\/noveller-av-gastartister\/doften-av-en-kvinnas-skote\/","title":{"rendered":"Doften av en kvinnas sk\u00f6te"},"content":{"rendered":"<p>Som liten pojke brukade jag flyga drake p\u00e5 de vilda \u00e4ngarna utanf\u00f6r Ystad. Ibland fick sommarlyckan mig att snava p\u00e5 en tuva. D\u00e5 f\u00f6ll jag ner med n\u00e4san mellan gr\u00e4set och vallmon, ner i den sydsk\u00e5nska, svartfuktiga myllan. Den doftade precis som en kvinnas sk\u00f6te, men det begrep jag f\u00f6rst senare.<\/p>\n<p>Karin Kruse fr\u00e5gade om jag ville slicka musen. Jag hade fyllt fjorton och bes\u00f6kt biografen Grand tv\u00e5 g\u00e5nger. N\u00e4r jag undrade vilken mus hon menade visade hon mig skatten under den l\u00e5nga, tunna kl\u00e4nningen. Det var bakom de gr\u00e5 h\u00f6ghusen ute p\u00e5 S\u00f6derkulla, v\u00e4rldens sista 60-talsidyll. Karin Kruse hade kanelbrunt h\u00e5r och minst lika kanelbruna \u00f6gon. Hon dansade g\u00e4rna f\u00f6r pojkarna fr\u00e5n sin balkong.<\/p>\n<p>&#8221;H\u00e4r \u00e4r musen&#8221;, sa hon och skrattade sitt porlande mineralvattensskratt. Jag satt p\u00e5 kn\u00e4 framf\u00f6r henne, i mina slitna bl\u00e5jeans, och br\u00e4nde l\u00e4pparna mot s\u00e4ltan.<\/p>\n<p>Samma skymning skrev jag trehundra dikter om smaksensationen. Den satte outpl\u00e5nliga sp\u00e5r i mig. Jag bar den med mig i skolan, p\u00e5 fritidsg\u00e5rden och om natten n\u00e4r m\u00e5nens bergstopp Apenninerna avtecknade sig som en siluett p\u00e5 tapeten.<\/p>\n<p>Kan det vara myrra, mysk eller aprikosk\u00e4rna? \u00c4r det eukalyptus, vinb\u00e4r eller bl\u00e5mussla? Om jag s\u00e4ger att det \u00e4r oliver, hajfena och rapsf\u00e4lt, kontrar du med tomatsoppa, chokladt\u00e5rta och tidvatten fr\u00e5n ok\u00e4nda hav.<\/p>\n<p>En kvinnas sk\u00f6te doftar som solen \u00f6ver Kairo n\u00e4r den gassar mot huden, som skummet fr\u00e5n br\u00e4nningarna nere i Key West, som vinden mellan naturreservaten i Luangwa Valley, som manen p\u00e5 en svettglansig h\u00e4st i full galopp, som natten under kastanjetr\u00e4den d\u00e4r ton\u00e5ringar jagar sina f\u00f6rsta kyssar.<\/p>\n<p>Idag, n\u00e4r jag skriver mina romaner, har jag sk\u00e5nsk jord under naglarna. Jag vill att doften fr\u00e5n mina fingrar ska gnidas in i orden du l\u00e4ser. Genom att sprida tusen kvinnors essens i ett enda nedslag ger jag v\u00e4rlden och m\u00e4nniskorna en kyrka att be och \u00e4lska i, en skog att vila i, ett land att leva i.<\/p>\n<p>Stefan Whilde, f\u00f6rfattare<br \/>\n<strong><a href=\"http:\/\/www.stefanwhilde.se\/\" target=\"_blank\">www.stefanwhilde.se<\/a><\/strong><\/p>\n<p><img decoding=\"async\" loading=\"lazy\" src=\"https:\/\/i1.wp.com\/www.cirkuseros.nu\/app\/uploads\/2016\/11\/tunnlinjeoriginal_584.gif?resize=584%2C8&#038;ssl=1\" alt=\"\" data-recalc-dims=\"1\" \/><a href=\"https:\/\/www.cirkuseros.nu\/index.php\/text\/noveller\/noveller-av-gastartister\/\"><strong>Tillbaka till Noveller av g\u00e4startister \u00bb<\/strong><\/a><\/p>\n<p><img decoding=\"async\" loading=\"lazy\" src=\"https:\/\/i0.wp.com\/www.cirkuseros.nu\/app\/uploads\/2017\/01\/heartline_584.gif?resize=584%2C20&#038;ssl=1\" alt=\"Heartline\" data-recalc-dims=\"1\" \/><\/p>\n<p><img decoding=\"async\" loading=\"lazy\" src=\"https:\/\/i2.wp.com\/www.cirkuseros.nu\/app\/uploads\/2016\/10\/fri_kursbanner_ani.gif?resize=584%2C140&#038;ssl=1\" alt=\"\" data-recalc-dims=\"1\" \/><\/p>\n","protected":false},"excerpt":{"rendered":"<p>Som liten pojke brukade jag flyga drake p\u00e5 de vilda \u00e4ngarna utanf\u00f6r Ystad. Ibland fick sommarlyckan mig att snava p\u00e5 en tuva. D\u00e5 f\u00f6ll jag ner med n\u00e4san mellan gr\u00e4set och vallmon, ner i den sydsk\u00e5nska, svartfuktiga myllan. Den doftade &hellip; <a href=\"https:\/\/www.cirkuseros.nu\/index.php\/text\/noveller\/noveller-av-gastartister\/doften-av-en-kvinnas-skote\/\">Forts\u00e4tt l\u00e4sa <span class=\"meta-nav\">&rarr;<\/span><\/a><\/p>\n","protected":false},"author":2,"featured_media":0,"parent":501,"menu_order":3,"comment_status":"closed","ping_status":"closed","template":"sidebar-page.php","meta":[],"_links":{"self":[{"href":"https:\/\/www.cirkuseros.nu\/index.php\/wp-json\/wp\/v2\/pages\/858"}],"collection":[{"href":"https:\/\/www.cirkuseros.nu\/index.php\/wp-json\/wp\/v2\/pages"}],"about":[{"href":"https:\/\/www.cirkuseros.nu\/index.php\/wp-json\/wp\/v2\/types\/page"}],"author":[{"embeddable":true,"href":"https:\/\/www.cirkuseros.nu\/index.php\/wp-json\/wp\/v2\/users\/2"}],"replies":[{"embeddable":true,"href":"https:\/\/www.cirkuseros.nu\/index.php\/wp-json\/wp\/v2\/comments?post=858"}],"version-history":[{"count":2,"href":"https:\/\/www.cirkuseros.nu\/index.php\/wp-json\/wp\/v2\/pages\/858\/revisions"}],"predecessor-version":[{"id":13242,"href":"https:\/\/www.cirkuseros.nu\/index.php\/wp-json\/wp\/v2\/pages\/858\/revisions\/13242"}],"up":[{"embeddable":true,"href":"https:\/\/www.cirkuseros.nu\/index.php\/wp-json\/wp\/v2\/pages\/501"}],"wp:attachment":[{"href":"https:\/\/www.cirkuseros.nu\/index.php\/wp-json\/wp\/v2\/media?parent=858"}],"curies":[{"name":"wp","href":"https:\/\/api.w.org\/{rel}","templated":true}]}}